{"id":11259,"date":"2025-11-12T15:59:24","date_gmt":"2025-11-12T19:59:24","guid":{"rendered":"https:\/\/neuroid.uprrp.edu\/?page_id=11259"},"modified":"2025-11-12T16:01:56","modified_gmt":"2025-11-12T20:01:56","slug":"keniel-s-carrion-matos-2025-2026","status":"publish","type":"page","link":"https:\/\/neuroid.uprrp.edu\/index.php\/keniel-s-carrion-matos-2025-2026\/","title":{"rendered":"Keniel S. Carri\u00f3n-Matos (2025-2026)"},"content":{"rendered":"\t\t<div data-elementor-type=\"wp-page\" data-elementor-id=\"11259\" class=\"elementor elementor-11259\">\n\t\t\t\t\t\t<section class=\"elementor-section elementor-top-section elementor-element elementor-element-d399a4e elementor-section-boxed elementor-section-height-default elementor-section-height-default\" data-id=\"d399a4e\" data-element_type=\"section\">\n\t\t\t\t\t\t<div class=\"elementor-container elementor-column-gap-default\">\n\t\t\t\t\t<div class=\"elementor-column elementor-col-33 elementor-top-column elementor-element elementor-element-7eae5df\" data-id=\"7eae5df\" data-element_type=\"column\">\n\t\t\t<div class=\"elementor-widget-wrap elementor-element-populated\">\n\t\t\t\t\t\t<div class=\"elementor-element elementor-element-98a85de elementor-invisible elementor-widget elementor-widget-image\" data-id=\"98a85de\" data-element_type=\"widget\" data-settings=\"{&quot;_animation&quot;:&quot;fadeInLeft&quot;}\" data-widget_type=\"image.default\">\n\t\t\t\t<div class=\"elementor-widget-container\">\n\t\t\t\t\t\t\t\t\t\t\t\t\t\t\t<img fetchpriority=\"high\" decoding=\"async\" width=\"462\" height=\"492\" src=\"https:\/\/neuroid.uprrp.edu\/wp-content\/uploads\/2025\/10\/Icon-person-e1761666071916.png\" class=\"attachment-large size-large wp-image-11159\" alt=\"\" srcset=\"https:\/\/neuroid.uprrp.edu\/wp-content\/uploads\/2025\/10\/Icon-person-e1761666071916.png 462w, https:\/\/neuroid.uprrp.edu\/wp-content\/uploads\/2025\/10\/Icon-person-e1761666071916-282x300.png 282w\" sizes=\"100vw\" \/>\t\t\t\t\t\t\t\t\t\t\t\t\t\t\t<\/div>\n\t\t\t\t<\/div>\n\t\t\t\t<div class=\"elementor-element elementor-element-458e532 elementor-widget elementor-widget-spacer\" data-id=\"458e532\" data-element_type=\"widget\" data-widget_type=\"spacer.default\">\n\t\t\t\t<div class=\"elementor-widget-container\">\n\t\t\t\t\t\t\t<div class=\"elementor-spacer\">\n\t\t\t<div class=\"elementor-spacer-inner\"><\/div>\n\t\t<\/div>\n\t\t\t\t\t\t<\/div>\n\t\t\t\t<\/div>\n\t\t\t\t\t<\/div>\n\t\t<\/div>\n\t\t\t\t<div class=\"elementor-column elementor-col-66 elementor-top-column elementor-element elementor-element-b3f92f8\" data-id=\"b3f92f8\" data-element_type=\"column\">\n\t\t\t<div class=\"elementor-widget-wrap elementor-element-populated\">\n\t\t\t\t\t\t<div class=\"elementor-element elementor-element-36d1196 section-title-style-style1 elementor-widget elementor-widget-tpg-section-title\" data-id=\"36d1196\" data-element_type=\"widget\" data-widget_type=\"tpg-section-title.default\">\n\t\t\t\t<div class=\"elementor-widget-container\">\n\t\t\t\t\t\t\t<div class=\"rt-container-fluid rt-tpg-container tpg-el-main-wrapper clearfix  section-title-style-style1\">\n\t\t\t<div class='tpg-header-wrapper'>\n        <div class=\"tpg-widget-heading-wrapper rt-clear heading-style1 \">\n            <span class=\"tpg-widget-heading-line line-left\"><\/span>\n\t\t\t<h2 class='tpg-widget-heading'>\n\t\t\t\n\t\t\t\t                    <span>\n\t\t\t\t\t\tHome Research\t\t\t\t\t<\/span>\n\t\t\t\t\t\n\t\t\t\t\t\t\t<\/h2>            <span class=\"tpg-widget-heading-line line-right\"><\/span>\n\n\t\t\t\n        <\/div>\n\n\t\t\n\t\t<\/div>\t\t<\/div>\n\t\t\t\t\t\t<\/div>\n\t\t\t\t<\/div>\n\t\t\t\t<section class=\"elementor-section elementor-inner-section elementor-element elementor-element-b9e2ffd elementor-section-boxed elementor-section-height-default elementor-section-height-default\" data-id=\"b9e2ffd\" data-element_type=\"section\">\n\t\t\t\t\t\t<div class=\"elementor-container elementor-column-gap-default\">\n\t\t\t\t\t<div class=\"elementor-column elementor-col-50 elementor-inner-column elementor-element elementor-element-8168818\" data-id=\"8168818\" data-element_type=\"column\">\n\t\t\t<div class=\"elementor-widget-wrap elementor-element-populated\">\n\t\t\t\t\t\t<div class=\"elementor-element elementor-element-0ce33ba elementor-widget elementor-widget-text-editor\" data-id=\"0ce33ba\" data-element_type=\"widget\" data-widget_type=\"text-editor.default\">\n\t\t\t\t<div class=\"elementor-widget-container\">\n\t\t\t\t\t\t\t\t\t<p><span class=\"TextRun SCXW180979578 BCX0\" lang=\"EN-US\" xml:lang=\"EN-US\" data-contrast=\"none\"><span class=\"NormalTextRun SCXW180979578 BCX0\">Mentor\/s:<\/span><\/span><span class=\"EOP SCXW180979578 BCX0\" data-ccp-props=\"{&quot;134233117&quot;:false,&quot;134233118&quot;:false,&quot;335551550&quot;:1,&quot;335551620&quot;:1,&quot;335559738&quot;:0,&quot;335559739&quot;:0}\">\u00a0<\/span><\/p>\t\t\t\t\t\t\t\t<\/div>\n\t\t\t\t<\/div>\n\t\t\t\t\t<\/div>\n\t\t<\/div>\n\t\t\t\t<div class=\"elementor-column elementor-col-50 elementor-inner-column elementor-element elementor-element-49a33dd\" data-id=\"49a33dd\" data-element_type=\"column\">\n\t\t\t<div class=\"elementor-widget-wrap elementor-element-populated\">\n\t\t\t\t\t\t<div class=\"elementor-element elementor-element-85ea7f9 elementor-widget elementor-widget-text-editor\" data-id=\"85ea7f9\" data-element_type=\"widget\" data-widget_type=\"text-editor.default\">\n\t\t\t\t<div class=\"elementor-widget-container\">\n\t\t\t\t\t\t\t\t\t<p><span class=\"EOP SCXW121797638 BCX0\" data-ccp-props=\"{&quot;134233117&quot;:false,&quot;134233118&quot;:false,&quot;335551550&quot;:1,&quot;335551620&quot;:1,&quot;335559738&quot;:0,&quot;335559739&quot;:0}\"><span class=\"TextRun SCXW233579039 BCX4\" lang=\"EN-US\" xml:lang=\"EN-US\" data-contrast=\"none\"><span class=\"NormalTextRun SCXW233579039 BCX4\"><span data-olk-copy-source=\"MessageBody\">Jos\u00e9 E. Garc\u00eda Arrar\u00e1s<\/span>, PhD\u00a0<\/span><\/span><\/span><\/p>\t\t\t\t\t\t\t\t<\/div>\n\t\t\t\t<\/div>\n\t\t\t\t\t<\/div>\n\t\t<\/div>\n\t\t\t\t\t<\/div>\n\t\t<\/section>\n\t\t\t\t<section class=\"elementor-section elementor-inner-section elementor-element elementor-element-322c3b3 elementor-section-boxed elementor-section-height-default elementor-section-height-default\" data-id=\"322c3b3\" data-element_type=\"section\">\n\t\t\t\t\t\t<div class=\"elementor-container elementor-column-gap-default\">\n\t\t\t\t\t<div class=\"elementor-column elementor-col-50 elementor-inner-column elementor-element elementor-element-f511810\" data-id=\"f511810\" data-element_type=\"column\">\n\t\t\t<div class=\"elementor-widget-wrap elementor-element-populated\">\n\t\t\t\t\t\t<div class=\"elementor-element elementor-element-3eb294c elementor-widget elementor-widget-text-editor\" data-id=\"3eb294c\" data-element_type=\"widget\" data-widget_type=\"text-editor.default\">\n\t\t\t\t<div class=\"elementor-widget-container\">\n\t\t\t\t\t\t\t\t\t<p><span class=\"TextRun SCXW180979578 BCX0\" lang=\"EN-US\" xml:lang=\"EN-US\" data-contrast=\"none\"><span class=\"NormalTextRun SCXW180979578 BCX0\">Co-Mentor:<\/span><\/span><span class=\"EOP SCXW180979578 BCX0\" data-ccp-props=\"{&quot;134233117&quot;:false,&quot;134233118&quot;:false,&quot;335551550&quot;:1,&quot;335551620&quot;:1,&quot;335559738&quot;:0,&quot;335559739&quot;:0}\">\u00a0<\/span><\/p>\t\t\t\t\t\t\t\t<\/div>\n\t\t\t\t<\/div>\n\t\t\t\t\t<\/div>\n\t\t<\/div>\n\t\t\t\t<div class=\"elementor-column elementor-col-50 elementor-inner-column elementor-element elementor-element-5e089bd\" data-id=\"5e089bd\" data-element_type=\"column\">\n\t\t\t<div class=\"elementor-widget-wrap elementor-element-populated\">\n\t\t\t\t\t\t<div class=\"elementor-element elementor-element-9473016 elementor-widget elementor-widget-text-editor\" data-id=\"9473016\" data-element_type=\"widget\" data-widget_type=\"text-editor.default\">\n\t\t\t\t<div class=\"elementor-widget-container\">\n\t\t\t\t\t\t\t\t\t<p>N\/A<\/p>\t\t\t\t\t\t\t\t<\/div>\n\t\t\t\t<\/div>\n\t\t\t\t\t<\/div>\n\t\t<\/div>\n\t\t\t\t\t<\/div>\n\t\t<\/section>\n\t\t\t\t<section class=\"elementor-section elementor-inner-section elementor-element elementor-element-4f01ea8 elementor-section-boxed elementor-section-height-default elementor-section-height-default\" data-id=\"4f01ea8\" data-element_type=\"section\">\n\t\t\t\t\t\t<div class=\"elementor-container elementor-column-gap-default\">\n\t\t\t\t\t<div class=\"elementor-column elementor-col-50 elementor-inner-column elementor-element elementor-element-f9f38b0\" data-id=\"f9f38b0\" data-element_type=\"column\">\n\t\t\t<div class=\"elementor-widget-wrap elementor-element-populated\">\n\t\t\t\t\t\t<div class=\"elementor-element elementor-element-75d5319 elementor-widget elementor-widget-text-editor\" data-id=\"75d5319\" data-element_type=\"widget\" data-widget_type=\"text-editor.default\">\n\t\t\t\t<div class=\"elementor-widget-container\">\n\t\t\t\t\t\t\t\t\t<p><span class=\"TextRun SCXW95188795 BCX0\" lang=\"EN-US\" xml:lang=\"EN-US\" data-contrast=\"none\"><span class=\"NormalTextRun SCXW95188795 BCX0\">Project Title:<\/span><\/span><span class=\"EOP SCXW95188795 BCX0\" data-ccp-props=\"{&quot;134233117&quot;:false,&quot;134233118&quot;:false,&quot;335551550&quot;:1,&quot;335551620&quot;:1,&quot;335559738&quot;:0,&quot;335559739&quot;:0}\">\u00a0<\/span><\/p>\t\t\t\t\t\t\t\t<\/div>\n\t\t\t\t<\/div>\n\t\t\t\t\t<\/div>\n\t\t<\/div>\n\t\t\t\t<div class=\"elementor-column elementor-col-50 elementor-inner-column elementor-element elementor-element-0dfc01f\" data-id=\"0dfc01f\" data-element_type=\"column\">\n\t\t\t<div class=\"elementor-widget-wrap elementor-element-populated\">\n\t\t\t\t\t\t<div class=\"elementor-element elementor-element-adb0ec6 elementor-widget elementor-widget-text-editor\" data-id=\"adb0ec6\" data-element_type=\"widget\" data-widget_type=\"text-editor.default\">\n\t\t\t\t<div class=\"elementor-widget-container\">\n\t\t\t\t\t\t\t\t\t<p>onic modulation of radial nerve cord explants from <i>Holothuria glaberrima<\/i><\/p>\t\t\t\t\t\t\t\t<\/div>\n\t\t\t\t<\/div>\n\t\t\t\t\t<\/div>\n\t\t<\/div>\n\t\t\t\t\t<\/div>\n\t\t<\/section>\n\t\t\t\t<section class=\"elementor-section elementor-inner-section elementor-element elementor-element-9b188f8 elementor-section-boxed elementor-section-height-default elementor-section-height-default\" data-id=\"9b188f8\" data-element_type=\"section\">\n\t\t\t\t\t\t<div class=\"elementor-container elementor-column-gap-default\">\n\t\t\t\t\t<div class=\"elementor-column elementor-col-50 elementor-inner-column elementor-element elementor-element-cdaefd5\" data-id=\"cdaefd5\" data-element_type=\"column\">\n\t\t\t<div class=\"elementor-widget-wrap elementor-element-populated\">\n\t\t\t\t\t\t<div class=\"elementor-element elementor-element-e6d4f89 elementor-widget elementor-widget-text-editor\" data-id=\"e6d4f89\" data-element_type=\"widget\" data-widget_type=\"text-editor.default\">\n\t\t\t\t<div class=\"elementor-widget-container\">\n\t\t\t\t\t\t\t\t\t<p><span class=\"TextRun SCXW139769249 BCX0\" lang=\"EN-US\" xml:lang=\"EN-US\" data-contrast=\"none\"><span class=\"NormalTextRun SCXW139769249 BCX0\">Project Description:<\/span><\/span><span class=\"EOP SCXW139769249 BCX0\" data-ccp-props=\"{&quot;134233117&quot;:false,&quot;134233118&quot;:false,&quot;335551550&quot;:1,&quot;335551620&quot;:1,&quot;335559738&quot;:0,&quot;335559739&quot;:0}\">\u00a0<\/span><\/p>\t\t\t\t\t\t\t\t<\/div>\n\t\t\t\t<\/div>\n\t\t\t\t\t<\/div>\n\t\t<\/div>\n\t\t\t\t<div class=\"elementor-column elementor-col-50 elementor-inner-column elementor-element elementor-element-6589153\" data-id=\"6589153\" data-element_type=\"column\">\n\t\t\t<div class=\"elementor-widget-wrap elementor-element-populated\">\n\t\t\t\t\t\t<div class=\"elementor-element elementor-element-b52602c elementor-widget elementor-widget-text-editor\" data-id=\"b52602c\" data-element_type=\"widget\" data-widget_type=\"text-editor.default\">\n\t\t\t\t<div class=\"elementor-widget-container\">\n\t\t\t\t\t\t\t\t\t<p>Nervous system regeneration remains one of the major unanswered questions in neuroscience.\u00a0<i>Holothuria glaberrima<\/i>, a species of sea cucumber, is an echinoderm notable for its remarkable regenerative capacity, making it a valuable model for studying the regeneration of nervous tissue. Previous studies demonstrated that the radial nerve cords (RNCs) of <i>H. glaberrima<\/i>\u00a0can remain morphologically stable <i>in vitro<\/i>\u00a0for up to two weeks. In this study, we aimed to extend the viability and structural integrity of isolated RNCs beyond this time frame by modifying the ionic composition of the culture medium, specifically by adjusting sodium (Na\u207a) and potassium (K\u207a) concentrations. We hypothesized that increasing K\u207a\u00a0concentration would help preserve nerve activity and maintain neuronal structure and properties over time. To test this, we dissected sea cucumbers and extracted four of their five RNCs. The nerves were enzymatically treated with collagenase for 24 hours to remove surrounding tissues and were subsequently cultured in L-15 medium containing varying ionic concentrations: [1.5 K\u207a], [2.5 K\u207a], [1.5 Na\u207a], and [2.5 Na\u207a]. The RNCs were monitored periodically to assess morphological stability, cellular integrity, and onset of regenerative events during culture. Preliminary results indicated that elevated K\u207a\u00a0levels prolonged delayed the onset of both regeneration and cellular dedifferentiation, suggesting that ionic composition plays a critical role in maintaining RNC stability and modulating regenerative responses. These findings highlight the importance of ionic changes in sustaining neural tissue viability <i>in vitro <\/i>and provide insight into how extracellular ionic environments influence the regenerative potential of echinoderm nervous tissue. This study advances our understanding of the physiological parameters that affect nervous system regeneration, offering a comparative basis for investigating similar processes in vertebrate systems.<\/p>\t\t\t\t\t\t\t\t<\/div>\n\t\t\t\t<\/div>\n\t\t\t\t\t<\/div>\n\t\t<\/div>\n\t\t\t\t\t<\/div>\n\t\t<\/section>\n\t\t\t\t\t<\/div>\n\t\t<\/div>\n\t\t\t\t\t<\/div>\n\t\t<\/section>\n\t\t\t\t<\/div>\n\t\t","protected":false},"excerpt":{"rendered":"<p>Home Research Mentor\/s:\u00a0 Jos\u00e9 E. Garc\u00eda Arrar\u00e1s, PhD\u00a0 Co-Mentor:\u00a0 N\/A Project Title:\u00a0 onic modulation of radial nerve cord explants from Holothuria glaberrima Project Description:\u00a0 Nervous system regeneration remains one of the major unanswered questions in neuroscience.\u00a0Holothuria glaberrima, a species of sea cucumber, is an echinoderm notable for its remarkable regenerative capacity, making it a valuable &hellip; <\/p>\n<p class=\"link-more\"><a href=\"https:\/\/neuroid.uprrp.edu\/index.php\/keniel-s-carrion-matos-2025-2026\/\" class=\"more-link\">Read more<span class=\"screen-reader-text\"> &#8220;Keniel S. Carri\u00f3n-Matos (2025-2026)&#8221;<\/span><\/a><\/p>\n","protected":false},"author":2,"featured_media":0,"parent":0,"menu_order":0,"comment_status":"closed","ping_status":"closed","template":"","meta":{"footnotes":""},"class_list":["post-11259","page","type-page","status-publish","hentry"],"rttpg_featured_image_url":null,"rttpg_author":{"display_name":"NeuroID Program","author_link":"https:\/\/neuroid.uprrp.edu\/index.php\/author\/neuroid\/"},"rttpg_comment":0,"rttpg_category":null,"rttpg_excerpt":"Home Research Mentor\/s:\u00a0 Jos\u00e9 E. Garc\u00eda Arrar\u00e1s, PhD\u00a0 Co-Mentor:\u00a0 N\/A Project Title:\u00a0 onic modulation of radial nerve cord explants from Holothuria glaberrima Project Description:\u00a0 Nervous system regeneration remains one of the major unanswered questions in neuroscience.\u00a0Holothuria glaberrima, a species of sea cucumber, is an echinoderm notable for its remarkable regenerative capacity, making it a valuable&hellip;","_links":{"self":[{"href":"https:\/\/neuroid.uprrp.edu\/index.php\/wp-json\/wp\/v2\/pages\/11259","targetHints":{"allow":["GET"]}}],"collection":[{"href":"https:\/\/neuroid.uprrp.edu\/index.php\/wp-json\/wp\/v2\/pages"}],"about":[{"href":"https:\/\/neuroid.uprrp.edu\/index.php\/wp-json\/wp\/v2\/types\/page"}],"author":[{"embeddable":true,"href":"https:\/\/neuroid.uprrp.edu\/index.php\/wp-json\/wp\/v2\/users\/2"}],"replies":[{"embeddable":true,"href":"https:\/\/neuroid.uprrp.edu\/index.php\/wp-json\/wp\/v2\/comments?post=11259"}],"version-history":[{"count":4,"href":"https:\/\/neuroid.uprrp.edu\/index.php\/wp-json\/wp\/v2\/pages\/11259\/revisions"}],"predecessor-version":[{"id":11264,"href":"https:\/\/neuroid.uprrp.edu\/index.php\/wp-json\/wp\/v2\/pages\/11259\/revisions\/11264"}],"wp:attachment":[{"href":"https:\/\/neuroid.uprrp.edu\/index.php\/wp-json\/wp\/v2\/media?parent=11259"}],"curies":[{"name":"wp","href":"https:\/\/api.w.org\/{rel}","templated":true}]}}