{"id":1773,"date":"2017-02-13T16:36:19","date_gmt":"2017-02-13T20:36:19","guid":{"rendered":"http:\/\/neuroid.uprrp.edu\/?page_id=1773"},"modified":"2023-10-19T16:15:32","modified_gmt":"2023-10-19T20:15:32","slug":"class-2016-2018","status":"publish","type":"page","link":"https:\/\/neuroid.uprrp.edu\/index.php\/members\/students\/class-2016-2018\/","title":{"rendered":"Class 2016"},"content":{"rendered":"\n<div class=\"wp-block-columns is-layout-flex wp-container-core-columns-is-layout-28f84493 wp-block-columns-is-layout-flex\">\n<div class=\"wp-block-column is-layout-flow wp-block-column-is-layout-flow\">\n<figure class=\"wp-block-image aligncenter size-large is-style-default\"><img fetchpriority=\"high\" decoding=\"async\" width=\"1024\" height=\"1024\" src=\"https:\/\/neuroid.uprrp.edu\/wp-content\/uploads\/2021\/06\/6500d53e-c8d5-4d43-97fd-444dec50fca8-edited-1024x1024.jpg\" alt=\"\" class=\"wp-image-5030\" srcset=\"https:\/\/neuroid.uprrp.edu\/wp-content\/uploads\/2021\/06\/6500d53e-c8d5-4d43-97fd-444dec50fca8-edited-1024x1024.jpg 1024w, https:\/\/neuroid.uprrp.edu\/wp-content\/uploads\/2021\/06\/6500d53e-c8d5-4d43-97fd-444dec50fca8-edited-300x300.jpg 300w, https:\/\/neuroid.uprrp.edu\/wp-content\/uploads\/2021\/06\/6500d53e-c8d5-4d43-97fd-444dec50fca8-edited-150x150.jpg 150w, https:\/\/neuroid.uprrp.edu\/wp-content\/uploads\/2021\/06\/6500d53e-c8d5-4d43-97fd-444dec50fca8-edited-768x769.jpg 768w, https:\/\/neuroid.uprrp.edu\/wp-content\/uploads\/2021\/06\/6500d53e-c8d5-4d43-97fd-444dec50fca8-edited-45x45.jpg 45w, https:\/\/neuroid.uprrp.edu\/wp-content\/uploads\/2021\/06\/6500d53e-c8d5-4d43-97fd-444dec50fca8-edited.jpg 1392w\" sizes=\"(max-width: 1024px) 100vw, 1024px\" \/><\/figure>\n\n\n\n<h3 class=\"wp-block-heading has-text-align-center\"><strong>Abd\u00edas <\/strong><strong>D\u00edaz<\/strong><\/h3>\n<\/div>\n\n\n\n<div class=\"wp-block-column is-layout-flow wp-block-column-is-layout-flow\">\n<figure class=\"wp-block-image aligncenter size-large is-style-default\"><img decoding=\"async\" width=\"792\" height=\"792\" src=\"https:\/\/neuroid.uprrp.edu\/wp-content\/uploads\/2017\/02\/Amanda-V.-Marti-Mendoza.jpg\" alt=\"\" class=\"wp-image-1777\" srcset=\"https:\/\/neuroid.uprrp.edu\/wp-content\/uploads\/2017\/02\/Amanda-V.-Marti-Mendoza.jpg 792w, https:\/\/neuroid.uprrp.edu\/wp-content\/uploads\/2017\/02\/Amanda-V.-Marti-Mendoza-150x150.jpg 150w, https:\/\/neuroid.uprrp.edu\/wp-content\/uploads\/2017\/02\/Amanda-V.-Marti-Mendoza-300x300.jpg 300w, https:\/\/neuroid.uprrp.edu\/wp-content\/uploads\/2017\/02\/Amanda-V.-Marti-Mendoza-45x45.jpg 45w\" sizes=\"(max-width: 792px) 100vw, 792px\" \/><\/figure>\n\n\n\n<h3 class=\"wp-block-heading has-text-align-center\"><strong>Amanda V. Marti<\/strong><\/h3>\n<\/div>\n\n\n\n<div class=\"wp-block-column is-layout-flow wp-block-column-is-layout-flow\">\n<figure class=\"wp-block-image aligncenter size-large is-style-default\"><img decoding=\"async\" width=\"395\" height=\"395\" src=\"https:\/\/neuroid.uprrp.edu\/wp-content\/uploads\/2021\/06\/Screen-Shot-2021-06-04-at-9.47.48-AM.png\" alt=\"\" class=\"wp-image-5042\" srcset=\"https:\/\/neuroid.uprrp.edu\/wp-content\/uploads\/2021\/06\/Screen-Shot-2021-06-04-at-9.47.48-AM.png 395w, https:\/\/neuroid.uprrp.edu\/wp-content\/uploads\/2021\/06\/Screen-Shot-2021-06-04-at-9.47.48-AM-300x300.png 300w, https:\/\/neuroid.uprrp.edu\/wp-content\/uploads\/2021\/06\/Screen-Shot-2021-06-04-at-9.47.48-AM-150x150.png 150w, https:\/\/neuroid.uprrp.edu\/wp-content\/uploads\/2021\/06\/Screen-Shot-2021-06-04-at-9.47.48-AM-45x45.png 45w\" sizes=\"(max-width: 395px) 100vw, 395px\" \/><\/figure>\n\n\n\n<h3 class=\"wp-block-heading has-text-align-center\"><strong>Ana E. Defendini<\/strong><\/h3>\n<\/div>\n\n\n\n<div class=\"wp-block-column is-layout-flow wp-block-column-is-layout-flow\">\n<figure class=\"wp-block-image aligncenter size-large is-style-default\"><img loading=\"lazy\" decoding=\"async\" width=\"792\" height=\"792\" src=\"https:\/\/neuroid.uprrp.edu\/wp-content\/uploads\/2017\/02\/Christian-A.-Avila-Taveras.jpg\" alt=\"\" class=\"wp-image-1779\" srcset=\"https:\/\/neuroid.uprrp.edu\/wp-content\/uploads\/2017\/02\/Christian-A.-Avila-Taveras.jpg 792w, https:\/\/neuroid.uprrp.edu\/wp-content\/uploads\/2017\/02\/Christian-A.-Avila-Taveras-150x150.jpg 150w, https:\/\/neuroid.uprrp.edu\/wp-content\/uploads\/2017\/02\/Christian-A.-Avila-Taveras-300x300.jpg 300w, https:\/\/neuroid.uprrp.edu\/wp-content\/uploads\/2017\/02\/Christian-A.-Avila-Taveras-45x45.jpg 45w\" sizes=\"(max-width: 792px) 100vw, 792px\" \/><\/figure>\n\n\n\n<h3 class=\"wp-block-heading has-text-align-center\">Christian A. Avila<\/h3>\n<\/div>\n<\/div>\n\n\n\n<div class=\"wp-block-columns is-layout-flex wp-container-core-columns-is-layout-28f84493 wp-block-columns-is-layout-flex\">\n<div class=\"wp-block-column is-layout-flow wp-block-column-is-layout-flow\">\n<figure class=\"wp-block-image aligncenter size-large is-style-default\"><img loading=\"lazy\" decoding=\"async\" width=\"395\" height=\"395\" src=\"https:\/\/neuroid.uprrp.edu\/wp-content\/uploads\/2021\/06\/Screen-Shot-2021-06-04-at-9.47.24-AM.png\" alt=\"\" class=\"wp-image-5040\" srcset=\"https:\/\/neuroid.uprrp.edu\/wp-content\/uploads\/2021\/06\/Screen-Shot-2021-06-04-at-9.47.24-AM.png 395w, https:\/\/neuroid.uprrp.edu\/wp-content\/uploads\/2021\/06\/Screen-Shot-2021-06-04-at-9.47.24-AM-300x300.png 300w, https:\/\/neuroid.uprrp.edu\/wp-content\/uploads\/2021\/06\/Screen-Shot-2021-06-04-at-9.47.24-AM-150x150.png 150w, https:\/\/neuroid.uprrp.edu\/wp-content\/uploads\/2021\/06\/Screen-Shot-2021-06-04-at-9.47.24-AM-45x45.png 45w\" sizes=\"(max-width: 395px) 100vw, 395px\" \/><\/figure>\n\n\n\n<h3 class=\"wp-block-heading has-text-align-center\"><strong><strong>Gabriela A. Rodr\u00edguez<\/strong><\/strong><\/h3>\n<\/div>\n\n\n\n<div class=\"wp-block-column is-layout-flow wp-block-column-is-layout-flow\">\n<figure class=\"wp-block-image aligncenter size-large is-style-default\"><img loading=\"lazy\" decoding=\"async\" width=\"792\" height=\"792\" src=\"https:\/\/neuroid.uprrp.edu\/wp-content\/uploads\/2017\/02\/Paola-V.-Figueroa-Delgado.jpg\" alt=\"\" class=\"wp-image-1782\" srcset=\"https:\/\/neuroid.uprrp.edu\/wp-content\/uploads\/2017\/02\/Paola-V.-Figueroa-Delgado.jpg 792w, https:\/\/neuroid.uprrp.edu\/wp-content\/uploads\/2017\/02\/Paola-V.-Figueroa-Delgado-150x150.jpg 150w, https:\/\/neuroid.uprrp.edu\/wp-content\/uploads\/2017\/02\/Paola-V.-Figueroa-Delgado-300x300.jpg 300w, https:\/\/neuroid.uprrp.edu\/wp-content\/uploads\/2017\/02\/Paola-V.-Figueroa-Delgado-45x45.jpg 45w\" sizes=\"(max-width: 792px) 100vw, 792px\" \/><\/figure>\n\n\n\n<h3 class=\"wp-block-heading has-text-align-center\"><strong><strong>Paola V. Figueroa<\/strong><\/strong><\/h3>\n<\/div>\n\n\n\n<div class=\"wp-block-column is-layout-flow wp-block-column-is-layout-flow\">\n<figure class=\"wp-block-image aligncenter size-large is-style-default\"><img loading=\"lazy\" decoding=\"async\" width=\"395\" height=\"395\" src=\"https:\/\/neuroid.uprrp.edu\/wp-content\/uploads\/2021\/06\/Screen-Shot-2021-06-04-at-9.46.52-AM.png\" alt=\"\" class=\"wp-image-5038\" srcset=\"https:\/\/neuroid.uprrp.edu\/wp-content\/uploads\/2021\/06\/Screen-Shot-2021-06-04-at-9.46.52-AM.png 395w, https:\/\/neuroid.uprrp.edu\/wp-content\/uploads\/2021\/06\/Screen-Shot-2021-06-04-at-9.46.52-AM-300x300.png 300w, https:\/\/neuroid.uprrp.edu\/wp-content\/uploads\/2021\/06\/Screen-Shot-2021-06-04-at-9.46.52-AM-150x150.png 150w, https:\/\/neuroid.uprrp.edu\/wp-content\/uploads\/2021\/06\/Screen-Shot-2021-06-04-at-9.46.52-AM-45x45.png 45w\" sizes=\"(max-width: 395px) 100vw, 395px\" \/><\/figure>\n\n\n\n<h3 class=\"wp-block-heading has-text-align-center\"><strong><strong>Ricardo J. Torres<\/strong><\/strong><\/h3>\n<\/div>\n\n\n\n<div class=\"wp-block-column is-layout-flow wp-block-column-is-layout-flow\">\n<figure class=\"wp-block-image aligncenter size-large is-style-default\"><img loading=\"lazy\" decoding=\"async\" width=\"395\" height=\"395\" src=\"https:\/\/neuroid.uprrp.edu\/wp-content\/uploads\/2021\/06\/Screen-Shot-2021-06-04-at-9.47.09-AM.png\" alt=\"\" class=\"wp-image-5039\" srcset=\"https:\/\/neuroid.uprrp.edu\/wp-content\/uploads\/2021\/06\/Screen-Shot-2021-06-04-at-9.47.09-AM.png 395w, https:\/\/neuroid.uprrp.edu\/wp-content\/uploads\/2021\/06\/Screen-Shot-2021-06-04-at-9.47.09-AM-300x300.png 300w, https:\/\/neuroid.uprrp.edu\/wp-content\/uploads\/2021\/06\/Screen-Shot-2021-06-04-at-9.47.09-AM-150x150.png 150w, https:\/\/neuroid.uprrp.edu\/wp-content\/uploads\/2021\/06\/Screen-Shot-2021-06-04-at-9.47.09-AM-45x45.png 45w\" sizes=\"(max-width: 395px) 100vw, 395px\" \/><\/figure>\n\n\n\n<h3 class=\"wp-block-heading has-text-align-center\">Victoria L. Encarnaci\u00f3n<\/h3>\n<\/div>\n<\/div>\n\n\n\n<div style=\"height:68px\" aria-hidden=\"true\" class=\"wp-block-spacer\"><\/div>\n","protected":false},"excerpt":{"rendered":"<p>Abd\u00edas D\u00edaz Amanda V. Marti Ana E. Defendini Christian A. Avila Gabriela A. Rodr\u00edguez Paola V. Figueroa Ricardo J. Torres Victoria L. Encarnaci\u00f3n<\/p>\n","protected":false},"author":2,"featured_media":0,"parent":259,"menu_order":0,"comment_status":"closed","ping_status":"closed","template":"","meta":{"footnotes":""},"class_list":["post-1773","page","type-page","status-publish","hentry"],"rttpg_featured_image_url":null,"rttpg_author":{"display_name":"NeuroID Program","author_link":"https:\/\/neuroid.uprrp.edu\/index.php\/author\/neuroid\/"},"rttpg_comment":0,"rttpg_category":null,"rttpg_excerpt":"Abd\u00edas D\u00edaz Amanda V. Marti Ana E. Defendini Christian A. Avila Gabriela A. Rodr\u00edguez Paola V. Figueroa Ricardo J. Torres Victoria L. Encarnaci\u00f3n","_links":{"self":[{"href":"https:\/\/neuroid.uprrp.edu\/index.php\/wp-json\/wp\/v2\/pages\/1773","targetHints":{"allow":["GET"]}}],"collection":[{"href":"https:\/\/neuroid.uprrp.edu\/index.php\/wp-json\/wp\/v2\/pages"}],"about":[{"href":"https:\/\/neuroid.uprrp.edu\/index.php\/wp-json\/wp\/v2\/types\/page"}],"author":[{"embeddable":true,"href":"https:\/\/neuroid.uprrp.edu\/index.php\/wp-json\/wp\/v2\/users\/2"}],"replies":[{"embeddable":true,"href":"https:\/\/neuroid.uprrp.edu\/index.php\/wp-json\/wp\/v2\/comments?post=1773"}],"version-history":[{"count":23,"href":"https:\/\/neuroid.uprrp.edu\/index.php\/wp-json\/wp\/v2\/pages\/1773\/revisions"}],"predecessor-version":[{"id":9012,"href":"https:\/\/neuroid.uprrp.edu\/index.php\/wp-json\/wp\/v2\/pages\/1773\/revisions\/9012"}],"up":[{"embeddable":true,"href":"https:\/\/neuroid.uprrp.edu\/index.php\/wp-json\/wp\/v2\/pages\/259"}],"wp:attachment":[{"href":"https:\/\/neuroid.uprrp.edu\/index.php\/wp-json\/wp\/v2\/media?parent=1773"}],"curies":[{"name":"wp","href":"https:\/\/api.w.org\/{rel}","templated":true}]}}