{"id":1844,"date":"2018-01-26T15:32:12","date_gmt":"2018-01-26T19:32:12","guid":{"rendered":"http:\/\/neuroid.uprrp.edu\/?page_id=1844"},"modified":"2023-10-19T16:14:45","modified_gmt":"2023-10-19T20:14:45","slug":"class-2017-2019","status":"publish","type":"page","link":"https:\/\/neuroid.uprrp.edu\/index.php\/members\/students\/class-2017-2019\/","title":{"rendered":"Class 2017"},"content":{"rendered":"\n<div class=\"wp-block-columns is-layout-flex wp-container-core-columns-is-layout-28f84493 wp-block-columns-is-layout-flex\">\n<div class=\"wp-block-column is-layout-flow wp-block-column-is-layout-flow\">\n<figure class=\"wp-block-image aligncenter size-large is-style-default\"><img fetchpriority=\"high\" decoding=\"async\" width=\"2557\" height=\"2560\" src=\"https:\/\/neuroid.uprrp.edu\/wp-content\/uploads\/2021\/06\/IMG-9780-edited-scaled.jpg\" alt=\"\" class=\"wp-image-5046\" srcset=\"https:\/\/neuroid.uprrp.edu\/wp-content\/uploads\/2021\/06\/IMG-9780-edited-scaled.jpg 2557w, https:\/\/neuroid.uprrp.edu\/wp-content\/uploads\/2021\/06\/IMG-9780-edited-300x300.jpg 300w, https:\/\/neuroid.uprrp.edu\/wp-content\/uploads\/2021\/06\/IMG-9780-edited-1024x1024.jpg 1024w, https:\/\/neuroid.uprrp.edu\/wp-content\/uploads\/2021\/06\/IMG-9780-edited-150x150.jpg 150w, https:\/\/neuroid.uprrp.edu\/wp-content\/uploads\/2021\/06\/IMG-9780-edited-768x769.jpg 768w, https:\/\/neuroid.uprrp.edu\/wp-content\/uploads\/2021\/06\/IMG-9780-edited-1534x1536.jpg 1534w, https:\/\/neuroid.uprrp.edu\/wp-content\/uploads\/2021\/06\/IMG-9780-edited-2045x2048.jpg 2045w, https:\/\/neuroid.uprrp.edu\/wp-content\/uploads\/2021\/06\/IMG-9780-edited-45x45.jpg 45w\" sizes=\"(max-width: 2557px) 100vw, 2557px\" \/><\/figure>\n\n\n\n<h3 class=\"wp-block-heading has-text-align-center\">Joseph Bloom<\/h3>\n<\/div>\n\n\n\n<div class=\"wp-block-column is-layout-flow wp-block-column-is-layout-flow\">\n<figure class=\"wp-block-image aligncenter size-large is-style-default\"><img decoding=\"async\" width=\"2557\" height=\"2560\" src=\"https:\/\/neuroid.uprrp.edu\/wp-content\/uploads\/2021\/06\/IMG-4786-edited-scaled.jpg\" alt=\"\" class=\"wp-image-5047\" srcset=\"https:\/\/neuroid.uprrp.edu\/wp-content\/uploads\/2021\/06\/IMG-4786-edited-scaled.jpg 2557w, https:\/\/neuroid.uprrp.edu\/wp-content\/uploads\/2021\/06\/IMG-4786-edited-300x300.jpg 300w, https:\/\/neuroid.uprrp.edu\/wp-content\/uploads\/2021\/06\/IMG-4786-edited-1024x1024.jpg 1024w, https:\/\/neuroid.uprrp.edu\/wp-content\/uploads\/2021\/06\/IMG-4786-edited-150x150.jpg 150w, https:\/\/neuroid.uprrp.edu\/wp-content\/uploads\/2021\/06\/IMG-4786-edited-768x769.jpg 768w, https:\/\/neuroid.uprrp.edu\/wp-content\/uploads\/2021\/06\/IMG-4786-edited-1534x1536.jpg 1534w, https:\/\/neuroid.uprrp.edu\/wp-content\/uploads\/2021\/06\/IMG-4786-edited-2045x2048.jpg 2045w, https:\/\/neuroid.uprrp.edu\/wp-content\/uploads\/2021\/06\/IMG-4786-edited-45x45.jpg 45w\" sizes=\"(max-width: 2557px) 100vw, 2557px\" \/><\/figure>\n\n\n\n<h3 class=\"wp-block-heading has-text-align-center\">Sol D. Fonseca<\/h3>\n<\/div>\n\n\n\n<div class=\"wp-block-column is-layout-flow wp-block-column-is-layout-flow\">\n<figure class=\"wp-block-image aligncenter size-large is-style-default\"><img decoding=\"async\" width=\"2557\" height=\"2560\" src=\"https:\/\/neuroid.uprrp.edu\/wp-content\/uploads\/2021\/06\/IMG-9785-1-edited-scaled.jpg\" alt=\"\" class=\"wp-image-5048\" srcset=\"https:\/\/neuroid.uprrp.edu\/wp-content\/uploads\/2021\/06\/IMG-9785-1-edited-scaled.jpg 2557w, https:\/\/neuroid.uprrp.edu\/wp-content\/uploads\/2021\/06\/IMG-9785-1-edited-300x300.jpg 300w, https:\/\/neuroid.uprrp.edu\/wp-content\/uploads\/2021\/06\/IMG-9785-1-edited-1024x1024.jpg 1024w, https:\/\/neuroid.uprrp.edu\/wp-content\/uploads\/2021\/06\/IMG-9785-1-edited-150x150.jpg 150w, https:\/\/neuroid.uprrp.edu\/wp-content\/uploads\/2021\/06\/IMG-9785-1-edited-768x769.jpg 768w, https:\/\/neuroid.uprrp.edu\/wp-content\/uploads\/2021\/06\/IMG-9785-1-edited-1534x1536.jpg 1534w, https:\/\/neuroid.uprrp.edu\/wp-content\/uploads\/2021\/06\/IMG-9785-1-edited-2046x2048.jpg 2046w, https:\/\/neuroid.uprrp.edu\/wp-content\/uploads\/2021\/06\/IMG-9785-1-edited-45x45.jpg 45w\" sizes=\"(max-width: 2557px) 100vw, 2557px\" \/><\/figure>\n\n\n\n<h3 class=\"wp-block-heading has-text-align-center\">Marcelo R. Francia<\/h3>\n<\/div>\n\n\n\n<div class=\"wp-block-column is-layout-flow wp-block-column-is-layout-flow\">\n<figure class=\"wp-block-image aligncenter size-large is-style-default\"><img loading=\"lazy\" decoding=\"async\" width=\"2557\" height=\"2560\" src=\"https:\/\/neuroid.uprrp.edu\/wp-content\/uploads\/2021\/06\/IMG-4779-edited-scaled.jpg\" alt=\"\" class=\"wp-image-5049\" srcset=\"https:\/\/neuroid.uprrp.edu\/wp-content\/uploads\/2021\/06\/IMG-4779-edited-scaled.jpg 2557w, https:\/\/neuroid.uprrp.edu\/wp-content\/uploads\/2021\/06\/IMG-4779-edited-300x300.jpg 300w, https:\/\/neuroid.uprrp.edu\/wp-content\/uploads\/2021\/06\/IMG-4779-edited-1024x1024.jpg 1024w, https:\/\/neuroid.uprrp.edu\/wp-content\/uploads\/2021\/06\/IMG-4779-edited-150x150.jpg 150w, https:\/\/neuroid.uprrp.edu\/wp-content\/uploads\/2021\/06\/IMG-4779-edited-768x769.jpg 768w, https:\/\/neuroid.uprrp.edu\/wp-content\/uploads\/2021\/06\/IMG-4779-edited-1534x1536.jpg 1534w, https:\/\/neuroid.uprrp.edu\/wp-content\/uploads\/2021\/06\/IMG-4779-edited-2045x2048.jpg 2045w, https:\/\/neuroid.uprrp.edu\/wp-content\/uploads\/2021\/06\/IMG-4779-edited-45x45.jpg 45w\" sizes=\"(max-width: 2557px) 100vw, 2557px\" \/><\/figure>\n\n\n\n<h3 class=\"wp-block-heading has-text-align-center\">Rub\u00e9n A. Garc\u00eda<\/h3>\n<\/div>\n<\/div>\n\n\n\n<div class=\"wp-block-columns is-layout-flex wp-container-core-columns-is-layout-28f84493 wp-block-columns-is-layout-flex\">\n<div class=\"wp-block-column is-layout-flow wp-block-column-is-layout-flow\">\n<figure class=\"wp-block-image aligncenter size-large is-style-default\"><img loading=\"lazy\" decoding=\"async\" width=\"2557\" height=\"2560\" src=\"https:\/\/neuroid.uprrp.edu\/wp-content\/uploads\/2021\/06\/IMG-9859-edited-scaled.jpg\" alt=\"\" class=\"wp-image-5050\" srcset=\"https:\/\/neuroid.uprrp.edu\/wp-content\/uploads\/2021\/06\/IMG-9859-edited-scaled.jpg 2557w, https:\/\/neuroid.uprrp.edu\/wp-content\/uploads\/2021\/06\/IMG-9859-edited-300x300.jpg 300w, https:\/\/neuroid.uprrp.edu\/wp-content\/uploads\/2021\/06\/IMG-9859-edited-1024x1024.jpg 1024w, https:\/\/neuroid.uprrp.edu\/wp-content\/uploads\/2021\/06\/IMG-9859-edited-150x150.jpg 150w, https:\/\/neuroid.uprrp.edu\/wp-content\/uploads\/2021\/06\/IMG-9859-edited-768x769.jpg 768w, https:\/\/neuroid.uprrp.edu\/wp-content\/uploads\/2021\/06\/IMG-9859-edited-1534x1536.jpg 1534w, https:\/\/neuroid.uprrp.edu\/wp-content\/uploads\/2021\/06\/IMG-9859-edited-2045x2048.jpg 2045w, https:\/\/neuroid.uprrp.edu\/wp-content\/uploads\/2021\/06\/IMG-9859-edited-45x45.jpg 45w\" sizes=\"(max-width: 2557px) 100vw, 2557px\" \/><\/figure>\n\n\n\n<h3 class=\"wp-block-heading has-text-align-center\">Jorge M. Iravedra<\/h3>\n<\/div>\n\n\n\n<div class=\"wp-block-column is-layout-flow wp-block-column-is-layout-flow\">\n<figure class=\"wp-block-image aligncenter size-large is-style-default\"><img loading=\"lazy\" decoding=\"async\" width=\"2557\" height=\"2560\" src=\"https:\/\/neuroid.uprrp.edu\/wp-content\/uploads\/2021\/06\/IMG-4762-edited-scaled.jpg\" alt=\"\" class=\"wp-image-5051\" srcset=\"https:\/\/neuroid.uprrp.edu\/wp-content\/uploads\/2021\/06\/IMG-4762-edited-scaled.jpg 2557w, https:\/\/neuroid.uprrp.edu\/wp-content\/uploads\/2021\/06\/IMG-4762-edited-300x300.jpg 300w, https:\/\/neuroid.uprrp.edu\/wp-content\/uploads\/2021\/06\/IMG-4762-edited-1024x1024.jpg 1024w, https:\/\/neuroid.uprrp.edu\/wp-content\/uploads\/2021\/06\/IMG-4762-edited-150x150.jpg 150w, https:\/\/neuroid.uprrp.edu\/wp-content\/uploads\/2021\/06\/IMG-4762-edited-768x769.jpg 768w, https:\/\/neuroid.uprrp.edu\/wp-content\/uploads\/2021\/06\/IMG-4762-edited-1534x1536.jpg 1534w, https:\/\/neuroid.uprrp.edu\/wp-content\/uploads\/2021\/06\/IMG-4762-edited-2045x2048.jpg 2045w, https:\/\/neuroid.uprrp.edu\/wp-content\/uploads\/2021\/06\/IMG-4762-edited-45x45.jpg 45w\" sizes=\"(max-width: 2557px) 100vw, 2557px\" \/><\/figure>\n\n\n\n<h3 class=\"wp-block-heading has-text-align-center\">Carlos E. Mart\u00ednez<\/h3>\n<\/div>\n\n\n\n<div class=\"wp-block-column is-layout-flow wp-block-column-is-layout-flow\">\n<figure class=\"wp-block-image aligncenter size-large is-style-default\"><img loading=\"lazy\" decoding=\"async\" width=\"2557\" height=\"2560\" src=\"https:\/\/neuroid.uprrp.edu\/wp-content\/uploads\/2021\/06\/IMG-4788-edited-scaled.jpg\" alt=\"\" class=\"wp-image-5052\" srcset=\"https:\/\/neuroid.uprrp.edu\/wp-content\/uploads\/2021\/06\/IMG-4788-edited-scaled.jpg 2557w, https:\/\/neuroid.uprrp.edu\/wp-content\/uploads\/2021\/06\/IMG-4788-edited-300x300.jpg 300w, https:\/\/neuroid.uprrp.edu\/wp-content\/uploads\/2021\/06\/IMG-4788-edited-1024x1024.jpg 1024w, https:\/\/neuroid.uprrp.edu\/wp-content\/uploads\/2021\/06\/IMG-4788-edited-150x150.jpg 150w, https:\/\/neuroid.uprrp.edu\/wp-content\/uploads\/2021\/06\/IMG-4788-edited-768x769.jpg 768w, https:\/\/neuroid.uprrp.edu\/wp-content\/uploads\/2021\/06\/IMG-4788-edited-1534x1536.jpg 1534w, https:\/\/neuroid.uprrp.edu\/wp-content\/uploads\/2021\/06\/IMG-4788-edited-2045x2048.jpg 2045w, https:\/\/neuroid.uprrp.edu\/wp-content\/uploads\/2021\/06\/IMG-4788-edited-45x45.jpg 45w\" sizes=\"(max-width: 2557px) 100vw, 2557px\" \/><\/figure>\n\n\n\n<h3 class=\"wp-block-heading has-text-align-center\">David M. Ojeda<\/h3>\n<\/div>\n\n\n\n<div class=\"wp-block-column is-layout-flow wp-block-column-is-layout-flow\">\n<figure class=\"wp-block-image aligncenter size-large is-style-default\"><img loading=\"lazy\" decoding=\"async\" width=\"2557\" height=\"2560\" src=\"https:\/\/neuroid.uprrp.edu\/wp-content\/uploads\/2021\/06\/IMG-4784-edited-scaled.jpg\" alt=\"\" class=\"wp-image-5053\" srcset=\"https:\/\/neuroid.uprrp.edu\/wp-content\/uploads\/2021\/06\/IMG-4784-edited-scaled.jpg 2557w, https:\/\/neuroid.uprrp.edu\/wp-content\/uploads\/2021\/06\/IMG-4784-edited-300x300.jpg 300w, https:\/\/neuroid.uprrp.edu\/wp-content\/uploads\/2021\/06\/IMG-4784-edited-1024x1024.jpg 1024w, https:\/\/neuroid.uprrp.edu\/wp-content\/uploads\/2021\/06\/IMG-4784-edited-150x150.jpg 150w, https:\/\/neuroid.uprrp.edu\/wp-content\/uploads\/2021\/06\/IMG-4784-edited-768x769.jpg 768w, https:\/\/neuroid.uprrp.edu\/wp-content\/uploads\/2021\/06\/IMG-4784-edited-1534x1536.jpg 1534w, https:\/\/neuroid.uprrp.edu\/wp-content\/uploads\/2021\/06\/IMG-4784-edited-2045x2048.jpg 2045w, https:\/\/neuroid.uprrp.edu\/wp-content\/uploads\/2021\/06\/IMG-4784-edited-45x45.jpg 45w\" sizes=\"(max-width: 2557px) 100vw, 2557px\" \/><\/figure>\n\n\n\n<h3 class=\"wp-block-heading has-text-align-center\">Adriana Padilla<\/h3>\n<\/div>\n<\/div>\n\n\n\n<div class=\"wp-block-columns is-layout-flex wp-container-core-columns-is-layout-28f84493 wp-block-columns-is-layout-flex\">\n<div class=\"wp-block-column is-layout-flow wp-block-column-is-layout-flow\"><\/div>\n\n\n\n<div class=\"wp-block-column is-layout-flow wp-block-column-is-layout-flow\">\n<figure class=\"wp-block-image aligncenter size-large is-style-default\"><img loading=\"lazy\" decoding=\"async\" width=\"2557\" height=\"2560\" src=\"https:\/\/neuroid.uprrp.edu\/wp-content\/uploads\/2021\/06\/IMG-0056-edited-scaled.jpg\" alt=\"\" class=\"wp-image-5054\" srcset=\"https:\/\/neuroid.uprrp.edu\/wp-content\/uploads\/2021\/06\/IMG-0056-edited-scaled.jpg 2557w, https:\/\/neuroid.uprrp.edu\/wp-content\/uploads\/2021\/06\/IMG-0056-edited-300x300.jpg 300w, https:\/\/neuroid.uprrp.edu\/wp-content\/uploads\/2021\/06\/IMG-0056-edited-1024x1024.jpg 1024w, https:\/\/neuroid.uprrp.edu\/wp-content\/uploads\/2021\/06\/IMG-0056-edited-150x150.jpg 150w, https:\/\/neuroid.uprrp.edu\/wp-content\/uploads\/2021\/06\/IMG-0056-edited-768x769.jpg 768w, https:\/\/neuroid.uprrp.edu\/wp-content\/uploads\/2021\/06\/IMG-0056-edited-1534x1536.jpg 1534w, https:\/\/neuroid.uprrp.edu\/wp-content\/uploads\/2021\/06\/IMG-0056-edited-2045x2048.jpg 2045w, https:\/\/neuroid.uprrp.edu\/wp-content\/uploads\/2021\/06\/IMG-0056-edited-45x45.jpg 45w\" sizes=\"(max-width: 2557px) 100vw, 2557px\" \/><\/figure>\n\n\n\n<h3 class=\"wp-block-heading has-text-align-center\">Efra\u00edn J. Rodr\u00edguez<\/h3>\n<\/div>\n\n\n\n<div class=\"wp-block-column is-layout-flow wp-block-column-is-layout-flow\">\n<figure class=\"wp-block-image aligncenter size-large is-style-default\"><img loading=\"lazy\" decoding=\"async\" width=\"2557\" height=\"2560\" src=\"https:\/\/neuroid.uprrp.edu\/wp-content\/uploads\/2021\/06\/IMG-4760-edited-scaled.jpg\" alt=\"\" class=\"wp-image-5055\" srcset=\"https:\/\/neuroid.uprrp.edu\/wp-content\/uploads\/2021\/06\/IMG-4760-edited-scaled.jpg 2557w, https:\/\/neuroid.uprrp.edu\/wp-content\/uploads\/2021\/06\/IMG-4760-edited-300x300.jpg 300w, https:\/\/neuroid.uprrp.edu\/wp-content\/uploads\/2021\/06\/IMG-4760-edited-1024x1024.jpg 1024w, https:\/\/neuroid.uprrp.edu\/wp-content\/uploads\/2021\/06\/IMG-4760-edited-150x150.jpg 150w, https:\/\/neuroid.uprrp.edu\/wp-content\/uploads\/2021\/06\/IMG-4760-edited-768x769.jpg 768w, https:\/\/neuroid.uprrp.edu\/wp-content\/uploads\/2021\/06\/IMG-4760-edited-1534x1536.jpg 1534w, https:\/\/neuroid.uprrp.edu\/wp-content\/uploads\/2021\/06\/IMG-4760-edited-2045x2048.jpg 2045w, https:\/\/neuroid.uprrp.edu\/wp-content\/uploads\/2021\/06\/IMG-4760-edited-45x45.jpg 45w\" sizes=\"(max-width: 2557px) 100vw, 2557px\" \/><\/figure>\n\n\n\n<h3 class=\"wp-block-heading has-text-align-center\">Marcos J. S\u00e1nchez<\/h3>\n<\/div>\n\n\n\n<div class=\"wp-block-column is-layout-flow wp-block-column-is-layout-flow\"><\/div>\n<\/div>\n\n\n\n<div style=\"height:66px\" aria-hidden=\"true\" class=\"wp-block-spacer\"><\/div>\n","protected":false},"excerpt":{"rendered":"<p>Joseph Bloom Sol D. Fonseca Marcelo R. Francia Rub\u00e9n A. Garc\u00eda Jorge M. Iravedra Carlos E. Mart\u00ednez David M. Ojeda Adriana Padilla Efra\u00edn J. Rodr\u00edguez Marcos J. S\u00e1nchez<\/p>\n","protected":false},"author":2,"featured_media":0,"parent":259,"menu_order":0,"comment_status":"closed","ping_status":"closed","template":"","meta":{"footnotes":""},"class_list":["post-1844","page","type-page","status-publish","hentry"],"rttpg_featured_image_url":null,"rttpg_author":{"display_name":"NeuroID Program","author_link":"https:\/\/neuroid.uprrp.edu\/index.php\/author\/neuroid\/"},"rttpg_comment":0,"rttpg_category":null,"rttpg_excerpt":"Joseph Bloom Sol D. Fonseca Marcelo R. Francia Rub\u00e9n A. Garc\u00eda Jorge M. Iravedra Carlos E. Mart\u00ednez David M. Ojeda Adriana Padilla Efra\u00edn J. Rodr\u00edguez Marcos J. S\u00e1nchez","_links":{"self":[{"href":"https:\/\/neuroid.uprrp.edu\/index.php\/wp-json\/wp\/v2\/pages\/1844","targetHints":{"allow":["GET"]}}],"collection":[{"href":"https:\/\/neuroid.uprrp.edu\/index.php\/wp-json\/wp\/v2\/pages"}],"about":[{"href":"https:\/\/neuroid.uprrp.edu\/index.php\/wp-json\/wp\/v2\/types\/page"}],"author":[{"embeddable":true,"href":"https:\/\/neuroid.uprrp.edu\/index.php\/wp-json\/wp\/v2\/users\/2"}],"replies":[{"embeddable":true,"href":"https:\/\/neuroid.uprrp.edu\/index.php\/wp-json\/wp\/v2\/comments?post=1844"}],"version-history":[{"count":38,"href":"https:\/\/neuroid.uprrp.edu\/index.php\/wp-json\/wp\/v2\/pages\/1844\/revisions"}],"predecessor-version":[{"id":9009,"href":"https:\/\/neuroid.uprrp.edu\/index.php\/wp-json\/wp\/v2\/pages\/1844\/revisions\/9009"}],"up":[{"embeddable":true,"href":"https:\/\/neuroid.uprrp.edu\/index.php\/wp-json\/wp\/v2\/pages\/259"}],"wp:attachment":[{"href":"https:\/\/neuroid.uprrp.edu\/index.php\/wp-json\/wp\/v2\/media?parent=1844"}],"curies":[{"name":"wp","href":"https:\/\/api.w.org\/{rel}","templated":true}]}}