{"id":2042,"date":"2019-01-28T15:41:22","date_gmt":"2019-01-28T19:41:22","guid":{"rendered":"http:\/\/neuroid.uprrp.edu\/?page_id=2042"},"modified":"2023-10-19T16:14:10","modified_gmt":"2023-10-19T20:14:10","slug":"class-2018-2020","status":"publish","type":"page","link":"https:\/\/neuroid.uprrp.edu\/index.php\/members\/students\/class-2018-2020\/","title":{"rendered":"Class 2018"},"content":{"rendered":"\n<div class=\"wp-block-columns is-layout-flex wp-container-core-columns-is-layout-28f84493 wp-block-columns-is-layout-flex\">\n<div class=\"wp-block-column is-layout-flow wp-block-column-is-layout-flow\">\n<figure class=\"wp-block-image aligncenter size-large is-resized is-style-default\"><img fetchpriority=\"high\" decoding=\"async\" width=\"2557\" height=\"2560\" src=\"https:\/\/neuroid.uprrp.edu\/wp-content\/uploads\/2021\/06\/IMG-AMANDA-ANQUEIRA-edited-scaled.jpg\" alt=\"\" class=\"wp-image-5060\" srcset=\"https:\/\/neuroid.uprrp.edu\/wp-content\/uploads\/2021\/06\/IMG-AMANDA-ANQUEIRA-edited-scaled.jpg 2557w, https:\/\/neuroid.uprrp.edu\/wp-content\/uploads\/2021\/06\/IMG-AMANDA-ANQUEIRA-edited-300x300.jpg 300w, https:\/\/neuroid.uprrp.edu\/wp-content\/uploads\/2021\/06\/IMG-AMANDA-ANQUEIRA-edited-1024x1024.jpg 1024w, https:\/\/neuroid.uprrp.edu\/wp-content\/uploads\/2021\/06\/IMG-AMANDA-ANQUEIRA-edited-150x150.jpg 150w, https:\/\/neuroid.uprrp.edu\/wp-content\/uploads\/2021\/06\/IMG-AMANDA-ANQUEIRA-edited-768x769.jpg 768w, https:\/\/neuroid.uprrp.edu\/wp-content\/uploads\/2021\/06\/IMG-AMANDA-ANQUEIRA-edited-1534x1536.jpg 1534w, https:\/\/neuroid.uprrp.edu\/wp-content\/uploads\/2021\/06\/IMG-AMANDA-ANQUEIRA-edited-2045x2048.jpg 2045w, https:\/\/neuroid.uprrp.edu\/wp-content\/uploads\/2021\/06\/IMG-AMANDA-ANQUEIRA-edited-45x45.jpg 45w\" sizes=\"(max-width: 2557px) 100vw, 2557px\" \/><\/figure>\n\n\n\n<h3 class=\"wp-block-heading has-text-align-center\">Amanda Anqueira Gonz\u00e1lez<\/h3>\n<\/div>\n\n\n\n<div class=\"wp-block-column is-layout-flow wp-block-column-is-layout-flow\">\n<figure class=\"wp-block-image aligncenter size-large is-resized is-style-default\"><img decoding=\"async\" width=\"2557\" height=\"2560\" src=\"https:\/\/neuroid.uprrp.edu\/wp-content\/uploads\/2021\/06\/IMG-3196-e1549052702387-edited-scaled.jpg\" alt=\"\" class=\"wp-image-5061\" srcset=\"https:\/\/neuroid.uprrp.edu\/wp-content\/uploads\/2021\/06\/IMG-3196-e1549052702387-edited-scaled.jpg 2557w, https:\/\/neuroid.uprrp.edu\/wp-content\/uploads\/2021\/06\/IMG-3196-e1549052702387-edited-300x300.jpg 300w, https:\/\/neuroid.uprrp.edu\/wp-content\/uploads\/2021\/06\/IMG-3196-e1549052702387-edited-1024x1024.jpg 1024w, https:\/\/neuroid.uprrp.edu\/wp-content\/uploads\/2021\/06\/IMG-3196-e1549052702387-edited-150x150.jpg 150w, https:\/\/neuroid.uprrp.edu\/wp-content\/uploads\/2021\/06\/IMG-3196-e1549052702387-edited-768x769.jpg 768w, https:\/\/neuroid.uprrp.edu\/wp-content\/uploads\/2021\/06\/IMG-3196-e1549052702387-edited-1534x1536.jpg 1534w, https:\/\/neuroid.uprrp.edu\/wp-content\/uploads\/2021\/06\/IMG-3196-e1549052702387-edited-2045x2048.jpg 2045w, https:\/\/neuroid.uprrp.edu\/wp-content\/uploads\/2021\/06\/IMG-3196-e1549052702387-edited-45x45.jpg 45w\" sizes=\"(max-width: 2557px) 100vw, 2557px\" \/><\/figure>\n\n\n\n<h3 class=\"wp-block-heading has-text-align-center\">Shant\u00e9e N. Ayala Rosario<\/h3>\n<\/div>\n\n\n\n<div class=\"wp-block-column is-layout-flow wp-block-column-is-layout-flow\">\n<figure class=\"wp-block-image aligncenter size-large is-resized is-style-default\"><img decoding=\"async\" width=\"2557\" height=\"2560\" src=\"https:\/\/neuroid.uprrp.edu\/wp-content\/uploads\/2021\/06\/IMG-NORELIS-DIAZ-edited-scaled.jpg\" alt=\"\" class=\"wp-image-5066\" srcset=\"https:\/\/neuroid.uprrp.edu\/wp-content\/uploads\/2021\/06\/IMG-NORELIS-DIAZ-edited-scaled.jpg 2557w, https:\/\/neuroid.uprrp.edu\/wp-content\/uploads\/2021\/06\/IMG-NORELIS-DIAZ-edited-300x300.jpg 300w, https:\/\/neuroid.uprrp.edu\/wp-content\/uploads\/2021\/06\/IMG-NORELIS-DIAZ-edited-1024x1024.jpg 1024w, https:\/\/neuroid.uprrp.edu\/wp-content\/uploads\/2021\/06\/IMG-NORELIS-DIAZ-edited-150x150.jpg 150w, https:\/\/neuroid.uprrp.edu\/wp-content\/uploads\/2021\/06\/IMG-NORELIS-DIAZ-edited-768x769.jpg 768w, https:\/\/neuroid.uprrp.edu\/wp-content\/uploads\/2021\/06\/IMG-NORELIS-DIAZ-edited-1534x1536.jpg 1534w, https:\/\/neuroid.uprrp.edu\/wp-content\/uploads\/2021\/06\/IMG-NORELIS-DIAZ-edited-2045x2048.jpg 2045w, https:\/\/neuroid.uprrp.edu\/wp-content\/uploads\/2021\/06\/IMG-NORELIS-DIAZ-edited-45x45.jpg 45w\" sizes=\"(max-width: 2557px) 100vw, 2557px\" \/><\/figure>\n\n\n\n<h3 class=\"wp-block-heading has-text-align-center\">Norelis D\u00edaz Rodr\u00edguez<\/h3>\n<\/div>\n\n\n\n<div class=\"wp-block-column is-layout-flow wp-block-column-is-layout-flow\">\n<figure class=\"wp-block-image aligncenter size-large is-resized is-style-default\"><img loading=\"lazy\" decoding=\"async\" width=\"2557\" height=\"2560\" src=\"https:\/\/neuroid.uprrp.edu\/wp-content\/uploads\/2021\/06\/KEVIN-NIEVES-SANTOS-edited-scaled.jpg\" alt=\"\" class=\"wp-image-5065\" srcset=\"https:\/\/neuroid.uprrp.edu\/wp-content\/uploads\/2021\/06\/KEVIN-NIEVES-SANTOS-edited-scaled.jpg 2557w, https:\/\/neuroid.uprrp.edu\/wp-content\/uploads\/2021\/06\/KEVIN-NIEVES-SANTOS-edited-300x300.jpg 300w, https:\/\/neuroid.uprrp.edu\/wp-content\/uploads\/2021\/06\/KEVIN-NIEVES-SANTOS-edited-1024x1024.jpg 1024w, https:\/\/neuroid.uprrp.edu\/wp-content\/uploads\/2021\/06\/KEVIN-NIEVES-SANTOS-edited-150x150.jpg 150w, https:\/\/neuroid.uprrp.edu\/wp-content\/uploads\/2021\/06\/KEVIN-NIEVES-SANTOS-edited-768x769.jpg 768w, https:\/\/neuroid.uprrp.edu\/wp-content\/uploads\/2021\/06\/KEVIN-NIEVES-SANTOS-edited-1534x1536.jpg 1534w, https:\/\/neuroid.uprrp.edu\/wp-content\/uploads\/2021\/06\/KEVIN-NIEVES-SANTOS-edited-2045x2048.jpg 2045w, https:\/\/neuroid.uprrp.edu\/wp-content\/uploads\/2021\/06\/KEVIN-NIEVES-SANTOS-edited-45x45.jpg 45w\" sizes=\"(max-width: 2557px) 100vw, 2557px\" \/><\/figure>\n\n\n\n<h3 class=\"wp-block-heading has-text-align-center\">Kevin Nieves Santos<\/h3>\n<\/div>\n<\/div>\n\n\n\n<div class=\"wp-block-columns is-layout-flex wp-container-core-columns-is-layout-28f84493 wp-block-columns-is-layout-flex\">\n<div class=\"wp-block-column is-layout-flow wp-block-column-is-layout-flow\">\n<figure class=\"wp-block-image aligncenter size-large is-resized is-style-default\"><img loading=\"lazy\" decoding=\"async\" width=\"2557\" height=\"2560\" src=\"https:\/\/neuroid.uprrp.edu\/wp-content\/uploads\/2021\/06\/IMG-3170-RAMOS-LEONARDO-e1549389171188-edited-scaled.jpg\" alt=\"\" class=\"wp-image-5064\" srcset=\"https:\/\/neuroid.uprrp.edu\/wp-content\/uploads\/2021\/06\/IMG-3170-RAMOS-LEONARDO-e1549389171188-edited-scaled.jpg 2557w, https:\/\/neuroid.uprrp.edu\/wp-content\/uploads\/2021\/06\/IMG-3170-RAMOS-LEONARDO-e1549389171188-edited-300x300.jpg 300w, https:\/\/neuroid.uprrp.edu\/wp-content\/uploads\/2021\/06\/IMG-3170-RAMOS-LEONARDO-e1549389171188-edited-1024x1024.jpg 1024w, https:\/\/neuroid.uprrp.edu\/wp-content\/uploads\/2021\/06\/IMG-3170-RAMOS-LEONARDO-e1549389171188-edited-150x150.jpg 150w, https:\/\/neuroid.uprrp.edu\/wp-content\/uploads\/2021\/06\/IMG-3170-RAMOS-LEONARDO-e1549389171188-edited-768x769.jpg 768w, https:\/\/neuroid.uprrp.edu\/wp-content\/uploads\/2021\/06\/IMG-3170-RAMOS-LEONARDO-e1549389171188-edited-1534x1536.jpg 1534w, https:\/\/neuroid.uprrp.edu\/wp-content\/uploads\/2021\/06\/IMG-3170-RAMOS-LEONARDO-e1549389171188-edited-2046x2048.jpg 2046w, https:\/\/neuroid.uprrp.edu\/wp-content\/uploads\/2021\/06\/IMG-3170-RAMOS-LEONARDO-e1549389171188-edited-45x45.jpg 45w\" sizes=\"(max-width: 2557px) 100vw, 2557px\" \/><\/figure>\n\n\n\n<h3 class=\"wp-block-heading has-text-align-center\">Leonardo Ramos Rodr\u00edguez<\/h3>\n<\/div>\n\n\n\n<div class=\"wp-block-column is-layout-flow wp-block-column-is-layout-flow\">\n<figure class=\"wp-block-image aligncenter size-large is-resized is-style-default\"><img loading=\"lazy\" decoding=\"async\" width=\"2557\" height=\"2560\" src=\"https:\/\/neuroid.uprrp.edu\/wp-content\/uploads\/2021\/06\/IMG-ANGEL-SIRFA-edited-scaled.jpg\" alt=\"\" class=\"wp-image-5063\" srcset=\"https:\/\/neuroid.uprrp.edu\/wp-content\/uploads\/2021\/06\/IMG-ANGEL-SIRFA-edited-scaled.jpg 2557w, https:\/\/neuroid.uprrp.edu\/wp-content\/uploads\/2021\/06\/IMG-ANGEL-SIRFA-edited-300x300.jpg 300w, https:\/\/neuroid.uprrp.edu\/wp-content\/uploads\/2021\/06\/IMG-ANGEL-SIRFA-edited-1024x1024.jpg 1024w, https:\/\/neuroid.uprrp.edu\/wp-content\/uploads\/2021\/06\/IMG-ANGEL-SIRFA-edited-150x150.jpg 150w, https:\/\/neuroid.uprrp.edu\/wp-content\/uploads\/2021\/06\/IMG-ANGEL-SIRFA-edited-768x769.jpg 768w, https:\/\/neuroid.uprrp.edu\/wp-content\/uploads\/2021\/06\/IMG-ANGEL-SIRFA-edited-1534x1536.jpg 1534w, https:\/\/neuroid.uprrp.edu\/wp-content\/uploads\/2021\/06\/IMG-ANGEL-SIRFA-edited-2045x2048.jpg 2045w, https:\/\/neuroid.uprrp.edu\/wp-content\/uploads\/2021\/06\/IMG-ANGEL-SIRFA-edited-45x45.jpg 45w\" sizes=\"(max-width: 2557px) 100vw, 2557px\" \/><\/figure>\n\n\n\n<h3 class=\"wp-block-heading has-text-align-center\">\u00c1ngel J. <br>Sirfa L\u00f3pez<\/h3>\n<\/div>\n\n\n\n<div class=\"wp-block-column is-layout-flow wp-block-column-is-layout-flow\">\n<figure class=\"wp-block-image aligncenter size-large is-resized is-style-default\"><img loading=\"lazy\" decoding=\"async\" width=\"2557\" height=\"2560\" src=\"https:\/\/neuroid.uprrp.edu\/wp-content\/uploads\/2021\/06\/IMG-3201-edited-scaled.jpg\" alt=\"\" class=\"wp-image-5062\" srcset=\"https:\/\/neuroid.uprrp.edu\/wp-content\/uploads\/2021\/06\/IMG-3201-edited-scaled.jpg 2557w, https:\/\/neuroid.uprrp.edu\/wp-content\/uploads\/2021\/06\/IMG-3201-edited-300x300.jpg 300w, https:\/\/neuroid.uprrp.edu\/wp-content\/uploads\/2021\/06\/IMG-3201-edited-1024x1024.jpg 1024w, https:\/\/neuroid.uprrp.edu\/wp-content\/uploads\/2021\/06\/IMG-3201-edited-150x150.jpg 150w, https:\/\/neuroid.uprrp.edu\/wp-content\/uploads\/2021\/06\/IMG-3201-edited-768x769.jpg 768w, https:\/\/neuroid.uprrp.edu\/wp-content\/uploads\/2021\/06\/IMG-3201-edited-1534x1536.jpg 1534w, https:\/\/neuroid.uprrp.edu\/wp-content\/uploads\/2021\/06\/IMG-3201-edited-2045x2048.jpg 2045w, https:\/\/neuroid.uprrp.edu\/wp-content\/uploads\/2021\/06\/IMG-3201-edited-45x45.jpg 45w\" sizes=\"(max-width: 2557px) 100vw, 2557px\" \/><\/figure>\n\n\n\n<h3 class=\"wp-block-heading has-text-align-center\">Yanilka Y. Soto Mu\u00f1iz<\/h3>\n<\/div>\n\n\n\n<div class=\"wp-block-column is-layout-flow wp-block-column-is-layout-flow\"><\/div>\n<\/div>\n\n\n\n<div style=\"height:73px\" aria-hidden=\"true\" class=\"wp-block-spacer\"><\/div>\n","protected":false},"excerpt":{"rendered":"<p>Amanda Anqueira Gonz\u00e1lez Shant\u00e9e N. Ayala Rosario Norelis D\u00edaz Rodr\u00edguez Kevin Nieves Santos Leonardo Ramos Rodr\u00edguez \u00c1ngel J. Sirfa L\u00f3pez Yanilka Y. Soto Mu\u00f1iz<\/p>\n","protected":false},"author":2,"featured_media":0,"parent":259,"menu_order":0,"comment_status":"closed","ping_status":"closed","template":"","meta":{"footnotes":""},"class_list":["post-2042","page","type-page","status-publish","hentry"],"rttpg_featured_image_url":null,"rttpg_author":{"display_name":"NeuroID Program","author_link":"https:\/\/neuroid.uprrp.edu\/index.php\/author\/neuroid\/"},"rttpg_comment":0,"rttpg_category":null,"rttpg_excerpt":"Amanda Anqueira Gonz\u00e1lez Shant\u00e9e N. Ayala Rosario Norelis D\u00edaz Rodr\u00edguez Kevin Nieves Santos Leonardo Ramos Rodr\u00edguez \u00c1ngel J. Sirfa L\u00f3pez Yanilka Y. Soto Mu\u00f1iz","_links":{"self":[{"href":"https:\/\/neuroid.uprrp.edu\/index.php\/wp-json\/wp\/v2\/pages\/2042","targetHints":{"allow":["GET"]}}],"collection":[{"href":"https:\/\/neuroid.uprrp.edu\/index.php\/wp-json\/wp\/v2\/pages"}],"about":[{"href":"https:\/\/neuroid.uprrp.edu\/index.php\/wp-json\/wp\/v2\/types\/page"}],"author":[{"embeddable":true,"href":"https:\/\/neuroid.uprrp.edu\/index.php\/wp-json\/wp\/v2\/users\/2"}],"replies":[{"embeddable":true,"href":"https:\/\/neuroid.uprrp.edu\/index.php\/wp-json\/wp\/v2\/comments?post=2042"}],"version-history":[{"count":27,"href":"https:\/\/neuroid.uprrp.edu\/index.php\/wp-json\/wp\/v2\/pages\/2042\/revisions"}],"predecessor-version":[{"id":9008,"href":"https:\/\/neuroid.uprrp.edu\/index.php\/wp-json\/wp\/v2\/pages\/2042\/revisions\/9008"}],"up":[{"embeddable":true,"href":"https:\/\/neuroid.uprrp.edu\/index.php\/wp-json\/wp\/v2\/pages\/259"}],"wp:attachment":[{"href":"https:\/\/neuroid.uprrp.edu\/index.php\/wp-json\/wp\/v2\/media?parent=2042"}],"curies":[{"name":"wp","href":"https:\/\/api.w.org\/{rel}","templated":true}]}}