{"id":2597,"date":"2020-07-10T13:47:46","date_gmt":"2020-07-10T17:47:46","guid":{"rendered":"http:\/\/neuroid.uprrp.edu\/?page_id=2597"},"modified":"2023-10-19T14:46:40","modified_gmt":"2023-10-19T18:46:40","slug":"bp-endure-summer-virtual-seminars-2","status":"publish","type":"page","link":"https:\/\/neuroid.uprrp.edu\/index.php\/bp-endure-summer-virtual-seminars-2\/","title":{"rendered":"BP-Endure Summer Virtual Seminar"},"content":{"rendered":"\n<div class=\"wp-block-columns is-layout-flex wp-container-core-columns-is-layout-28f84493 wp-block-columns-is-layout-flex\">\n<div class=\"wp-block-column is-layout-flow wp-block-column-is-layout-flow\">\n<figure class=\"wp-block-image aligncenter size-large\"><img fetchpriority=\"high\" decoding=\"async\" width=\"1024\" height=\"529\" src=\"https:\/\/neuroid.uprrp.edu\/wp-content\/uploads\/2015\/07\/FEEBCCAC-C6E6-48D4-B513-BFAA9BD8C6D2-1024x529.png\" alt=\"\" class=\"wp-image-3018\" srcset=\"https:\/\/neuroid.uprrp.edu\/wp-content\/uploads\/2015\/07\/FEEBCCAC-C6E6-48D4-B513-BFAA9BD8C6D2-1024x529.png 1024w, https:\/\/neuroid.uprrp.edu\/wp-content\/uploads\/2015\/07\/FEEBCCAC-C6E6-48D4-B513-BFAA9BD8C6D2-300x155.png 300w\" sizes=\"(max-width: 1024px) 100vw, 1024px\" \/><\/figure>\n\n\n\n<p><\/p>\n<\/div>\n\n\n\n<div class=\"wp-block-column is-vertically-aligned-center is-layout-flow wp-block-column-is-layout-flow\">\n<h2 class=\"wp-block-heading\">What it is about?<\/h2>\n\n\n\n<p><em>Is a special seminar series that will be offered every Wednesday from 5:00pm to 6:00pm (AST), for nine weeks in a row (June &#8211; July).&nbsp;These seminars will be featuring neuroscientists from our institutional network &nbsp;and other institutions from the United States, that are going to share a variety of topics from their investigations with our students and community.<\/em><\/p>\n<\/div>\n<\/div>\n\n\n\n<div style=\"height:34px\" aria-hidden=\"true\" class=\"wp-block-spacer\"><\/div>\n\n\n\n<p class=\"has-text-align-center\" style=\"font-size:clamp(18.959px, 1.185rem + ((1vw - 3.2px) * 0.977), 30px);px\">Presentation Videos from Virtual Seminars<\/p>\n\n\n\n<hr class=\"wp-block-separator has-css-opacity\"\/>\n\n\n\n<div class=\"wp-block-columns is-layout-flex wp-container-core-columns-is-layout-28f84493 wp-block-columns-is-layout-flex\">\n<div class=\"wp-block-column is-layout-flow wp-block-column-is-layout-flow\">\n<figure class=\"wp-block-embed is-type-video is-provider-youtube wp-block-embed-youtube wp-embed-aspect-16-9 wp-has-aspect-ratio\"><div class=\"wp-block-embed__wrapper\">\n<iframe title=\"BP-ENDURE Summer Virtual Seminar ft. Dr. Diego Restrepo - June 24, 2020\" width=\"950\" height=\"534\" src=\"https:\/\/www.youtube.com\/embed\/8w1gXVFnU0k?feature=oembed\" frameborder=\"0\" allow=\"accelerometer; autoplay; clipboard-write; encrypted-media; gyroscope; picture-in-picture; web-share\" allowfullscreen><\/iframe>\n<\/div><figcaption class=\"wp-element-caption\"><strong>Speaker: <a href=\"http:\/\/neuroid.uprrp.edu\/index.php\/speakers\/\">Dr.&nbsp;Diego Restrepo<\/a><\/strong><br><strong>Date: <\/strong>June 24, 2020<\/figcaption><\/figure>\n<\/div>\n\n\n\n<div class=\"wp-block-column is-layout-flow wp-block-column-is-layout-flow\">\n<figure class=\"wp-block-embed is-type-video is-provider-youtube wp-block-embed-youtube wp-embed-aspect-16-9 wp-has-aspect-ratio\"><div class=\"wp-block-embed__wrapper\">\n<iframe title=\"BP-ENDURE SVS ft. Dr. Hamilton Farris from LSU, School of Medicine - JULY 1,2020\" width=\"950\" height=\"534\" src=\"https:\/\/www.youtube.com\/embed\/FGXnaNSQcxc?feature=oembed\" frameborder=\"0\" allow=\"accelerometer; autoplay; clipboard-write; encrypted-media; gyroscope; picture-in-picture; web-share\" allowfullscreen><\/iframe>\n<\/div><figcaption class=\"wp-element-caption\"><strong>Speaker: <a href=\"http:\/\/neuroid.uprrp.edu\/index.php\/speakers\/\">Dr.&nbsp;Hamilton Farris<\/a><\/strong><br><strong>Date<\/strong>: July 1, 2020<\/figcaption><\/figure>\n<\/div>\n\n\n\n<div class=\"wp-block-column is-layout-flow wp-block-column-is-layout-flow\">\n<figure class=\"wp-block-embed is-type-video is-provider-youtube wp-block-embed-youtube wp-embed-aspect-16-9 wp-has-aspect-ratio\"><div class=\"wp-block-embed__wrapper\">\n<iframe title=\"BP-ESVS ft. Dr. William Atchison from Michigan State University\" width=\"950\" height=\"534\" src=\"https:\/\/www.youtube.com\/embed\/ZoQYYXkmbW4?feature=oembed\" frameborder=\"0\" allow=\"accelerometer; autoplay; clipboard-write; encrypted-media; gyroscope; picture-in-picture; web-share\" allowfullscreen><\/iframe>\n<\/div><figcaption class=\"wp-element-caption\"><strong>Speaker: <a href=\"http:\/\/neuroid.uprrp.edu\/index.php\/speakers\/\">Dr.&nbsp;William Atchinson<\/a><\/strong><br><strong>Date: <\/strong>July 8, 2020<\/figcaption><\/figure>\n<\/div>\n<\/div>\n\n\n\n<div class=\"wp-block-columns is-layout-flex wp-container-core-columns-is-layout-28f84493 wp-block-columns-is-layout-flex\">\n<div class=\"wp-block-column is-layout-flow wp-block-column-is-layout-flow\">\n<figure class=\"wp-block-embed is-type-video is-provider-youtube wp-block-embed-youtube wp-embed-aspect-16-9 wp-has-aspect-ratio\"><div class=\"wp-block-embed__wrapper\">\n<iframe title=\"BP ENDURE Summer Virtual Seminars ft. Dr. Yarimar Carrasquillo (National Institution of Health)\" width=\"950\" height=\"534\" src=\"https:\/\/www.youtube.com\/embed\/H_oFNNXMvl4?feature=oembed\" frameborder=\"0\" allow=\"accelerometer; autoplay; clipboard-write; encrypted-media; gyroscope; picture-in-picture; web-share\" allowfullscreen><\/iframe>\n<\/div><figcaption class=\"wp-element-caption\"><strong>Speaker: <a href=\"http:\/\/neuroid.uprrp.edu\/index.php\/speakers\/\"><strong>Dr. Yarimar Carrasquillo<\/strong><\/a><br>Date: <\/strong>July 15, 2020<\/figcaption><\/figure>\n<\/div>\n\n\n\n<div class=\"wp-block-column is-layout-flow wp-block-column-is-layout-flow\">\n<figure class=\"wp-block-embed is-type-video is-provider-youtube wp-block-embed-youtube wp-embed-aspect-16-9 wp-has-aspect-ratio\"><div class=\"wp-block-embed__wrapper\">\n<iframe title=\"BP-ENDURE Summer Virtual Seminars ft. Ketema Paul, PhD from UCLA\" width=\"950\" height=\"534\" src=\"https:\/\/www.youtube.com\/embed\/9nWTdMmcUAs?feature=oembed\" frameborder=\"0\" allow=\"accelerometer; autoplay; clipboard-write; encrypted-media; gyroscope; picture-in-picture; web-share\" allowfullscreen><\/iframe>\n<\/div><figcaption class=\"wp-element-caption\"><strong>Speaker:<\/strong> <strong><a href=\"http:\/\/neuroid.uprrp.edu\/index.php\/team\/dr-jose-e-garcia-arraras\/\">Dr. Ketema Paul<\/a><\/strong><br>Date: July 22, 2020<\/figcaption><\/figure>\n<\/div>\n\n\n\n<div class=\"wp-block-column is-layout-flow wp-block-column-is-layout-flow\">\n<figure class=\"wp-block-embed is-type-video is-provider-youtube wp-block-embed-youtube wp-embed-aspect-16-9 wp-has-aspect-ratio\"><div class=\"wp-block-embed__wrapper\">\n<iframe title=\"BP ENDURE Summer Virtual Seminars 2020 ft. Dr. Jos\u00e9 E. Garc\u00eda Arrar\u00e1s - UPRRP\" width=\"950\" height=\"534\" src=\"https:\/\/www.youtube.com\/embed\/U0b7jCXp5i8?feature=oembed\" frameborder=\"0\" allow=\"accelerometer; autoplay; clipboard-write; encrypted-media; gyroscope; picture-in-picture; web-share\" allowfullscreen><\/iframe>\n<\/div><figcaption class=\"wp-element-caption\"><strong>Speaker: <a href=\"http:\/\/neuroid.uprrp.edu\/index.php\/team\/dr-jose-e-garcia-arraras\/\">Dr. Jose E. Garc\u00eda-Arrar\u00e1s<\/a><\/strong><br>Date: July 29, 2020<\/figcaption><\/figure>\n<\/div>\n<\/div>\n\n\n\n<div class=\"wp-block-columns is-layout-flex wp-container-core-columns-is-layout-28f84493 wp-block-columns-is-layout-flex\">\n<div class=\"wp-block-column is-layout-flow wp-block-column-is-layout-flow\"><\/div>\n\n\n\n<div class=\"wp-block-column is-layout-flow wp-block-column-is-layout-flow\">\n<figure class=\"wp-block-embed is-type-video is-provider-youtube wp-block-embed-youtube wp-embed-aspect-16-9 wp-has-aspect-ratio\"><div class=\"wp-block-embed__wrapper\">\n<iframe title=\"Last BP-ENDURE Summer Virtual Seminar ft. Dr. Yomayra Guzm\u00e1n (Summer 2020)\" width=\"950\" height=\"534\" src=\"https:\/\/www.youtube.com\/embed\/OjwUqHPO2r0?feature=oembed\" frameborder=\"0\" allow=\"accelerometer; autoplay; clipboard-write; encrypted-media; gyroscope; picture-in-picture; web-share\" allowfullscreen><\/iframe>\n<\/div><figcaption class=\"wp-element-caption\"><strong>Speaker: <a href=\"http:\/\/neuroid.uprrp.edu\/index.php\/team\/dr-jose-e-garcia-arraras\/\">Dr. Yomayra Guzm\u00e1n<\/a><\/strong><br>Date: August 5, 2020<\/figcaption><\/figure>\n<\/div>\n\n\n\n<div class=\"wp-block-column is-layout-flow wp-block-column-is-layout-flow\"><\/div>\n<\/div>\n\n\n\n<p><a href=\"http:\/\/neuroid.uprrp.edu\/index.php\/speakers\/\">Get to know our speakers here.<\/a><\/p>\n\n\n\n<div style=\"height:69px\" aria-hidden=\"true\" class=\"wp-block-spacer\"><\/div>\n","protected":false},"excerpt":{"rendered":"<p>What it is about? Is a special seminar series that will be offered every Wednesday from 5:00pm to 6:00pm (AST), for nine weeks in a row (June &#8211; July).&nbsp;These seminars will be featuring neuroscientists from our institutional network &nbsp;and other institutions from the United States, that are going to share a variety of topics from &hellip; <\/p>\n<p class=\"link-more\"><a href=\"https:\/\/neuroid.uprrp.edu\/index.php\/bp-endure-summer-virtual-seminars-2\/\" class=\"more-link\">Read more<span class=\"screen-reader-text\"> &#8220;BP-Endure Summer Virtual Seminar&#8221;<\/span><\/a><\/p>\n","protected":false},"author":2,"featured_media":0,"parent":0,"menu_order":0,"comment_status":"closed","ping_status":"closed","template":"","meta":{"footnotes":""},"class_list":["post-2597","page","type-page","status-publish","hentry"],"rttpg_featured_image_url":null,"rttpg_author":{"display_name":"NeuroID Program","author_link":"https:\/\/neuroid.uprrp.edu\/index.php\/author\/neuroid\/"},"rttpg_comment":0,"rttpg_category":null,"rttpg_excerpt":"What it is about? Is a special seminar series that will be offered every Wednesday from 5:00pm to 6:00pm (AST), for nine weeks in a row (June &#8211; July).&nbsp;These seminars will be featuring neuroscientists from our institutional network &nbsp;and other institutions from the United States, that are going to share a variety of topics from&hellip;","_links":{"self":[{"href":"https:\/\/neuroid.uprrp.edu\/index.php\/wp-json\/wp\/v2\/pages\/2597","targetHints":{"allow":["GET"]}}],"collection":[{"href":"https:\/\/neuroid.uprrp.edu\/index.php\/wp-json\/wp\/v2\/pages"}],"about":[{"href":"https:\/\/neuroid.uprrp.edu\/index.php\/wp-json\/wp\/v2\/types\/page"}],"author":[{"embeddable":true,"href":"https:\/\/neuroid.uprrp.edu\/index.php\/wp-json\/wp\/v2\/users\/2"}],"replies":[{"embeddable":true,"href":"https:\/\/neuroid.uprrp.edu\/index.php\/wp-json\/wp\/v2\/comments?post=2597"}],"version-history":[{"count":48,"href":"https:\/\/neuroid.uprrp.edu\/index.php\/wp-json\/wp\/v2\/pages\/2597\/revisions"}],"predecessor-version":[{"id":8967,"href":"https:\/\/neuroid.uprrp.edu\/index.php\/wp-json\/wp\/v2\/pages\/2597\/revisions\/8967"}],"wp:attachment":[{"href":"https:\/\/neuroid.uprrp.edu\/index.php\/wp-json\/wp\/v2\/media?parent=2597"}],"curies":[{"name":"wp","href":"https:\/\/api.w.org\/{rel}","templated":true}]}}