{"id":2915,"date":"2020-09-10T11:10:31","date_gmt":"2020-09-10T15:10:31","guid":{"rendered":"http:\/\/neuroid.uprrp.edu\/?page_id=2915"},"modified":"2023-10-19T14:47:00","modified_gmt":"2023-10-19T18:47:00","slug":"innovative-neuroscience-and-impactful-networking","status":"publish","type":"page","link":"https:\/\/neuroid.uprrp.edu\/index.php\/innovative-neuroscience-and-impactful-networking\/","title":{"rendered":"Innovative Neuroscience and Impactful Networking"},"content":{"rendered":"\n<div class=\"wp-block-columns is-layout-flex wp-container-core-columns-is-layout-28f84493 wp-block-columns-is-layout-flex\">\n<div class=\"wp-block-column is-layout-flow wp-block-column-is-layout-flow\">\n<figure class=\"wp-block-image size-large\"><img fetchpriority=\"high\" decoding=\"async\" width=\"1024\" height=\"1008\" src=\"https:\/\/neuroid.uprrp.edu\/wp-content\/uploads\/2015\/07\/27337A27-7996-4CA3-856F-32E4BC5198A4-1024x1008.png\" alt=\"\" class=\"wp-image-3027\" srcset=\"https:\/\/neuroid.uprrp.edu\/wp-content\/uploads\/2015\/07\/27337A27-7996-4CA3-856F-32E4BC5198A4-1024x1008.png 1024w, https:\/\/neuroid.uprrp.edu\/wp-content\/uploads\/2015\/07\/27337A27-7996-4CA3-856F-32E4BC5198A4-300x295.png 300w, https:\/\/neuroid.uprrp.edu\/wp-content\/uploads\/2015\/07\/27337A27-7996-4CA3-856F-32E4BC5198A4-45x45.png 45w, https:\/\/neuroid.uprrp.edu\/wp-content\/uploads\/2015\/07\/27337A27-7996-4CA3-856F-32E4BC5198A4.png 1479w\" sizes=\"(max-width: 1024px) 100vw, 1024px\" \/><\/figure>\n<\/div>\n\n\n\n<div class=\"wp-block-column is-vertically-aligned-center is-layout-flow wp-block-column-is-layout-flow\">\n<h2 class=\"wp-block-heading\"><strong>What it is about?<\/strong><\/h2>\n\n\n\n<p><em>Is a series of seminars that will be offered every Wednesday from 5:00 pm to 6:00 pm (AST), during this academic semester.&nbsp;Featuring neuroscientists from our institutional network and other institutions from the United States, that will&nbsp;share a variety of topics from their investigations with our students and community.<\/em><\/p>\n<\/div>\n<\/div>\n\n\n\n<div style=\"height:33px\" aria-hidden=\"true\" class=\"wp-block-spacer\"><\/div>\n\n\n\n<p class=\"has-text-align-center\" style=\"font-size:clamp(20px, 1.25rem + ((1vw - 3.2px) * 1.062), 32px);px\">Presentation videos from virtual seminars<\/p>\n\n\n\n<hr class=\"wp-block-separator has-css-opacity\"\/>\n\n\n\n<div class=\"wp-block-columns is-layout-flex wp-container-core-columns-is-layout-28f84493 wp-block-columns-is-layout-flex\">\n<div class=\"wp-block-column is-layout-flow wp-block-column-is-layout-flow\">\n<figure class=\"wp-block-embed is-type-video is-provider-youtube wp-block-embed-youtube wp-embed-aspect-16-9 wp-has-aspect-ratio\"><div class=\"wp-block-embed__wrapper\">\n<iframe title=\"Speaker: Dr. Amelia Eisch (UPenn) BP-ENDURE VSS: Innovative Neuroscience &amp; Impactful Networking\" width=\"950\" height=\"534\" src=\"https:\/\/www.youtube.com\/embed\/J1JXExLRiIs?feature=oembed\" frameborder=\"0\" allow=\"accelerometer; autoplay; clipboard-write; encrypted-media; gyroscope; picture-in-picture; web-share\" allowfullscreen><\/iframe>\n<\/div><figcaption class=\"wp-element-caption\"><strong>Speaker: <a href=\"http:\/\/neuroid.uprrp.edu\/?page_id=2922&amp;preview=true\">Dr. Amelia J. Eisch<\/a>&nbsp;<\/strong><br><strong>Date: <\/strong>September 2, 2020<\/figcaption><\/figure>\n<\/div>\n\n\n\n<div class=\"wp-block-column is-layout-flow wp-block-column-is-layout-flow\">\n<figure class=\"wp-block-embed is-type-video is-provider-youtube wp-block-embed-youtube wp-embed-aspect-16-9 wp-has-aspect-ratio\"><div class=\"wp-block-embed__wrapper\">\n<iframe title=\"Speaker: Dr. Andrea G\u00f3mez (UC Berkeley) BP-ENDURE VSS:Innovative Neuroscience &amp; Impactful Networking\" width=\"950\" height=\"534\" src=\"https:\/\/www.youtube.com\/embed\/eNlezOayFxA?feature=oembed\" frameborder=\"0\" allow=\"accelerometer; autoplay; clipboard-write; encrypted-media; gyroscope; picture-in-picture; web-share\" allowfullscreen><\/iframe>\n<\/div><figcaption class=\"wp-element-caption\"><strong>Speaker: <a href=\"http:\/\/neuroid.uprrp.edu\/?page_id=2922&amp;preview=true\">Dr. Andrea G\u00f3mez<\/a><\/strong><br><strong>Date: <\/strong>September 9, 2020<\/figcaption><\/figure>\n<\/div>\n\n\n\n<div class=\"wp-block-column is-layout-flow wp-block-column-is-layout-flow\">\n<figure class=\"wp-block-embed is-type-video is-provider-youtube wp-block-embed-youtube wp-embed-aspect-16-9 wp-has-aspect-ratio\"><div class=\"wp-block-embed__wrapper\">\n<iframe title=\"Speaker: Elva D\u00edaz (UC Davis) BP-ENDURE VSS: Innovative Neuroscience &amp; Impactful Networking\" width=\"950\" height=\"534\" src=\"https:\/\/www.youtube.com\/embed\/POSpbMepu8g?feature=oembed\" frameborder=\"0\" allow=\"accelerometer; autoplay; clipboard-write; encrypted-media; gyroscope; picture-in-picture; web-share\" allowfullscreen><\/iframe>\n<\/div><figcaption class=\"wp-element-caption\"><strong>Speaker:&nbsp;<a href=\"http:\/\/neuroid.uprrp.edu\/?page_id=2922&amp;preview=true\">Dr. Elva D\u00edaz<\/a>&nbsp;<\/strong><br><strong>Date:&nbsp;<\/strong>September 16, 2020<\/figcaption><\/figure>\n<\/div>\n<\/div>\n\n\n\n<div class=\"wp-block-columns is-layout-flex wp-container-core-columns-is-layout-28f84493 wp-block-columns-is-layout-flex\">\n<div class=\"wp-block-column is-layout-flow wp-block-column-is-layout-flow\">\n<figure class=\"wp-block-embed is-type-video is-provider-youtube wp-block-embed-youtube wp-embed-aspect-16-9 wp-has-aspect-ratio\"><div class=\"wp-block-embed__wrapper\">\n<iframe title=\"BP-ENDURE VIRTUAL SEMINAR SERIES ft. Dr. Carlos Aizenman from Brown U\" width=\"950\" height=\"534\" src=\"https:\/\/www.youtube.com\/embed\/rM1s8Aambhk?feature=oembed\" frameborder=\"0\" allow=\"accelerometer; autoplay; clipboard-write; encrypted-media; gyroscope; picture-in-picture; web-share\" allowfullscreen><\/iframe>\n<\/div><figcaption class=\"wp-element-caption\"><strong>Speaker:&nbsp;<a href=\"http:\/\/neuroid.uprrp.edu\/?page_id=2922&amp;preview=true\">Dr. Carlos Aizenman<\/a><\/strong><br><strong>Date:&nbsp;<\/strong>September 23, 2020<\/figcaption><\/figure>\n<\/div>\n\n\n\n<div class=\"wp-block-column is-layout-flow wp-block-column-is-layout-flow\">\n<figure class=\"wp-block-embed is-type-video is-provider-youtube wp-block-embed-youtube wp-embed-aspect-16-9 wp-has-aspect-ratio\"><div class=\"wp-block-embed__wrapper\">\n<iframe title=\"BP-ENDURE Virtual Seminar Series ft. Dr. Sandeep Robert Datta from Harvard Medical School\" width=\"950\" height=\"534\" src=\"https:\/\/www.youtube.com\/embed\/tEuwPosOt0I?feature=oembed\" frameborder=\"0\" allow=\"accelerometer; autoplay; clipboard-write; encrypted-media; gyroscope; picture-in-picture; web-share\" allowfullscreen><\/iframe>\n<\/div><figcaption class=\"wp-element-caption\"><strong>Speaker:&nbsp;<a href=\"http:\/\/neuroid.uprrp.edu\/?page_id=2922&amp;preview=true\">Dr. Sandeep Robert Datta<\/a><\/strong><br><strong>Date:&nbsp;<\/strong>September 30, 2020<\/figcaption><\/figure>\n<\/div>\n\n\n\n<div class=\"wp-block-column is-layout-flow wp-block-column-is-layout-flow\">\n<figure class=\"wp-block-embed is-type-video is-provider-youtube wp-block-embed-youtube wp-embed-aspect-16-9 wp-has-aspect-ratio\"><div class=\"wp-block-embed__wrapper\">\n<iframe title=\"BP ENDURE VIRTUAL SEMINAR SERIES ft. Dr. Adrienne Boire (October 7, 2020)\" width=\"950\" height=\"534\" src=\"https:\/\/www.youtube.com\/embed\/YajPOJfpL2U?feature=oembed\" frameborder=\"0\" allow=\"accelerometer; autoplay; clipboard-write; encrypted-media; gyroscope; picture-in-picture; web-share\" allowfullscreen><\/iframe>\n<\/div><figcaption class=\"wp-element-caption\"><strong>Speaker:<\/strong> <a href=\"http:\/\/neuroid.uprrp.edu\/index.php\/speakers-2\/\"><strong>Dr. Adrienne Boire<\/strong><\/a><br><strong>Date:<\/strong> October 7, 2020<\/figcaption><\/figure>\n<\/div>\n<\/div>\n\n\n\n<div class=\"wp-block-columns is-layout-flex wp-container-core-columns-is-layout-28f84493 wp-block-columns-is-layout-flex\">\n<div class=\"wp-block-column is-layout-flow wp-block-column-is-layout-flow\">\n<figure class=\"wp-block-embed is-type-video is-provider-youtube wp-block-embed-youtube wp-embed-aspect-16-9 wp-has-aspect-ratio\"><div class=\"wp-block-embed__wrapper\">\n<iframe title=\"BP ENDURE Virtual Seminar Series ft. Dr. Bill Rebeck from Georgetown University\" width=\"950\" height=\"534\" src=\"https:\/\/www.youtube.com\/embed\/XCcverpzfiY?feature=oembed\" frameborder=\"0\" allow=\"accelerometer; autoplay; clipboard-write; encrypted-media; gyroscope; picture-in-picture; web-share\" allowfullscreen><\/iframe>\n<\/div><figcaption class=\"wp-element-caption\"><strong>Speaker:<\/strong> <a href=\"http:\/\/neuroid.uprrp.edu\/index.php\/speakers-2\/\"><strong>Dr. Bill Rebeck<\/strong><\/a><br><strong>Date:<\/strong> October 14, 2020<\/figcaption><\/figure>\n<\/div>\n\n\n\n<div class=\"wp-block-column is-layout-flow wp-block-column-is-layout-flow\">\n<figure class=\"wp-block-embed is-type-video is-provider-youtube wp-block-embed-youtube wp-embed-aspect-16-9 wp-has-aspect-ratio\"><div class=\"wp-block-embed__wrapper\">\n<iframe title=\"BP ENDURE Virtual Seminar with Dr. Suzana Herculano\" width=\"950\" height=\"534\" src=\"https:\/\/www.youtube.com\/embed\/gnml2fRsFTE?feature=oembed\" frameborder=\"0\" allow=\"accelerometer; autoplay; clipboard-write; encrypted-media; gyroscope; picture-in-picture; web-share\" allowfullscreen><\/iframe>\n<\/div><figcaption class=\"wp-element-caption\"><strong>Speaker:<\/strong> <a href=\"http:\/\/neuroid.uprrp.edu\/index.php\/speakers-2\/\"><strong>Dr. Suzana Herculano<\/strong><\/a><br><strong>Date:<\/strong> October 21, 2020<\/figcaption><\/figure>\n<\/div>\n\n\n\n<div class=\"wp-block-column is-layout-flow wp-block-column-is-layout-flow\">\n<figure class=\"wp-block-embed is-type-video is-provider-youtube wp-block-embed-youtube wp-embed-aspect-16-9 wp-has-aspect-ratio\"><div class=\"wp-block-embed__wrapper\">\n<iframe title=\"BP ENDURE VIRTUAL SEMINAR SERIES ft. Dr. Meaghan Creed\" width=\"950\" height=\"534\" src=\"https:\/\/www.youtube.com\/embed\/vtXJr_f8gus?feature=oembed\" frameborder=\"0\" allow=\"accelerometer; autoplay; clipboard-write; encrypted-media; gyroscope; picture-in-picture; web-share\" allowfullscreen><\/iframe>\n<\/div><figcaption class=\"wp-element-caption\"><strong>Speaker:<\/strong> <a href=\"http:\/\/neuroid.uprrp.edu\/index.php\/speakers-2\/\"><strong>Dr. Meaghan Creed<\/strong><\/a><br><strong>Date:<\/strong> November 4, 2020<\/figcaption><\/figure>\n<\/div>\n<\/div>\n\n\n\n<div class=\"wp-block-columns is-layout-flex wp-container-core-columns-is-layout-28f84493 wp-block-columns-is-layout-flex\">\n<div class=\"wp-block-column is-layout-flow wp-block-column-is-layout-flow\">\n<figure class=\"wp-block-embed is-type-video is-provider-youtube wp-block-embed-youtube wp-embed-aspect-16-9 wp-has-aspect-ratio\"><div class=\"wp-block-embed__wrapper\">\n<iframe title=\"BP ENDURE VIRTUAL SEMINAR SERIES ft. Dr. Yoland Smith from Emory University\" width=\"950\" height=\"534\" src=\"https:\/\/www.youtube.com\/embed\/DkohVvEydsM?feature=oembed\" frameborder=\"0\" allow=\"accelerometer; autoplay; clipboard-write; encrypted-media; gyroscope; picture-in-picture; web-share\" allowfullscreen><\/iframe>\n<\/div><figcaption class=\"wp-element-caption\"><strong>Speaker:<\/strong> <a href=\"http:\/\/neuroid.uprrp.edu\/index.php\/speakers-2\/\"><strong>Dr. Yoland Smith<\/strong><\/a><br><strong>Date:<\/strong> November 11, 2020<\/figcaption><\/figure>\n<\/div>\n\n\n\n<div class=\"wp-block-column is-layout-flow wp-block-column-is-layout-flow\">\n<figure class=\"wp-block-embed is-type-video is-provider-youtube wp-block-embed-youtube wp-embed-aspect-16-9 wp-has-aspect-ratio\"><div class=\"wp-block-embed__wrapper\">\n<iframe title=\"BP ENDURE VIRTUAL SEMINAR SERIES ft. Kelly Monk, PhD\" width=\"950\" height=\"534\" src=\"https:\/\/www.youtube.com\/embed\/BLq1EZzo5u4?feature=oembed\" frameborder=\"0\" allow=\"accelerometer; autoplay; clipboard-write; encrypted-media; gyroscope; picture-in-picture; web-share\" allowfullscreen><\/iframe>\n<\/div><figcaption class=\"wp-element-caption\"><strong>Speaker:<\/strong> <a href=\"http:\/\/neuroid.uprrp.edu\/index.php\/speakers-2\/\"><strong>Dr. Kelly Monk<\/strong><\/a><br><strong>Date:<\/strong> November 18, 2020<\/figcaption><\/figure>\n<\/div>\n\n\n\n<div class=\"wp-block-column is-layout-flow wp-block-column-is-layout-flow\">\n<figure class=\"wp-block-embed is-type-video is-provider-youtube wp-block-embed-youtube wp-embed-aspect-16-9 wp-has-aspect-ratio\"><div class=\"wp-block-embed__wrapper\">\n<iframe title=\"BP ENDURE VIRTUAL SEMINAR SERIES  ft. Dr. H\u00e9ctor De Jes\u00fas from MIT\" width=\"950\" height=\"534\" src=\"https:\/\/www.youtube.com\/embed\/sYAaNjsPjmY?feature=oembed\" frameborder=\"0\" allow=\"accelerometer; autoplay; clipboard-write; encrypted-media; gyroscope; picture-in-picture; web-share\" allowfullscreen><\/iframe>\n<\/div><figcaption class=\"wp-element-caption\"><strong>Speaker:<\/strong> <a href=\"http:\/\/neuroid.uprrp.edu\/index.php\/speakers-2\/\"><strong>Dr. H\u00e9ctor De Jes\u00fas-Cort\u00e9s<\/strong><\/a><br><strong>Date:<\/strong>&nbsp;December 2, 2020<\/figcaption><\/figure>\n<\/div>\n<\/div>\n\n\n\n<div class=\"wp-block-columns is-layout-flex wp-container-core-columns-is-layout-28f84493 wp-block-columns-is-layout-flex\">\n<div class=\"wp-block-column is-layout-flow wp-block-column-is-layout-flow\">\n<figure class=\"wp-block-embed is-type-video is-provider-youtube wp-block-embed-youtube wp-embed-aspect-16-9 wp-has-aspect-ratio\"><div class=\"wp-block-embed__wrapper\">\n<iframe title=\"BP ENDURE VIRTUAL SEMINAR SERIES ft. Dr. Edith Brignoni\" width=\"950\" height=\"534\" src=\"https:\/\/www.youtube.com\/embed\/6-KlVCO0pxc?feature=oembed\" frameborder=\"0\" allow=\"accelerometer; autoplay; clipboard-write; encrypted-media; gyroscope; picture-in-picture; web-share\" allowfullscreen><\/iframe>\n<\/div><figcaption class=\"wp-element-caption\"><strong>Speaker:<\/strong> <a href=\"http:\/\/neuroid.uprrp.edu\/index.php\/speakers-2\/\"><strong>Dr. Edith Brignoni-P\u00e9rez<\/strong><\/a><br><strong>Date:<\/strong>&nbsp;December 9, 2020<\/figcaption><\/figure>\n<\/div>\n\n\n\n<div class=\"wp-block-column is-layout-flow wp-block-column-is-layout-flow\">\n<figure class=\"wp-block-embed is-type-video is-provider-youtube wp-block-embed-youtube wp-embed-aspect-16-9 wp-has-aspect-ratio\"><div class=\"wp-block-embed__wrapper\">\n<iframe title=\"BP-ENDURE VIRTUAL SEMINAR SERIES ft. Dr. Kristina Nielsen\" width=\"950\" height=\"534\" src=\"https:\/\/www.youtube.com\/embed\/g2yzt2XZQso?feature=oembed\" frameborder=\"0\" allow=\"accelerometer; autoplay; clipboard-write; encrypted-media; gyroscope; picture-in-picture; web-share\" allowfullscreen><\/iframe>\n<\/div><figcaption class=\"wp-element-caption\"><strong>Speaker:<\/strong> <a href=\"http:\/\/neuroid.uprrp.edu\/index.php\/speakers-2\/\"><strong>Dr. Kristina Nielsen<\/strong><\/a><br><strong>Date:<\/strong>&nbsp;December 16, 2020<\/figcaption><\/figure>\n<\/div>\n\n\n\n<div class=\"wp-block-column is-layout-flow wp-block-column-is-layout-flow\"><\/div>\n<\/div>\n\n\n\n<p><a href=\"http:\/\/neuroid.uprrp.edu\/?page_id=2922&amp;preview=true\">Get to know our speakers here.<\/a><\/p>\n\n\n\n<div style=\"height:68px\" aria-hidden=\"true\" class=\"wp-block-spacer\"><\/div>\n","protected":false},"excerpt":{"rendered":"<p>What it is about? Is a series of seminars that will be offered every Wednesday from 5:00 pm to 6:00 pm (AST), during this academic semester.&nbsp;Featuring neuroscientists from our institutional network and other institutions from the United States, that will&nbsp;share a variety of topics from their investigations with our students and community. Presentation videos from &hellip; <\/p>\n<p class=\"link-more\"><a href=\"https:\/\/neuroid.uprrp.edu\/index.php\/innovative-neuroscience-and-impactful-networking\/\" class=\"more-link\">Read more<span class=\"screen-reader-text\"> &#8220;Innovative Neuroscience and Impactful Networking&#8221;<\/span><\/a><\/p>\n","protected":false},"author":2,"featured_media":0,"parent":0,"menu_order":0,"comment_status":"closed","ping_status":"closed","template":"","meta":{"footnotes":""},"class_list":["post-2915","page","type-page","status-publish","hentry"],"rttpg_featured_image_url":null,"rttpg_author":{"display_name":"NeuroID Program","author_link":"https:\/\/neuroid.uprrp.edu\/index.php\/author\/neuroid\/"},"rttpg_comment":0,"rttpg_category":null,"rttpg_excerpt":"What it is about? Is a series of seminars that will be offered every Wednesday from 5:00 pm to 6:00 pm (AST), during this academic semester.&nbsp;Featuring neuroscientists from our institutional network and other institutions from the United States, that will&nbsp;share a variety of topics from their investigations with our students and community. Presentation videos from&hellip;","_links":{"self":[{"href":"https:\/\/neuroid.uprrp.edu\/index.php\/wp-json\/wp\/v2\/pages\/2915","targetHints":{"allow":["GET"]}}],"collection":[{"href":"https:\/\/neuroid.uprrp.edu\/index.php\/wp-json\/wp\/v2\/pages"}],"about":[{"href":"https:\/\/neuroid.uprrp.edu\/index.php\/wp-json\/wp\/v2\/types\/page"}],"author":[{"embeddable":true,"href":"https:\/\/neuroid.uprrp.edu\/index.php\/wp-json\/wp\/v2\/users\/2"}],"replies":[{"embeddable":true,"href":"https:\/\/neuroid.uprrp.edu\/index.php\/wp-json\/wp\/v2\/comments?post=2915"}],"version-history":[{"count":40,"href":"https:\/\/neuroid.uprrp.edu\/index.php\/wp-json\/wp\/v2\/pages\/2915\/revisions"}],"predecessor-version":[{"id":8968,"href":"https:\/\/neuroid.uprrp.edu\/index.php\/wp-json\/wp\/v2\/pages\/2915\/revisions\/8968"}],"wp:attachment":[{"href":"https:\/\/neuroid.uprrp.edu\/index.php\/wp-json\/wp\/v2\/media?parent=2915"}],"curies":[{"name":"wp","href":"https:\/\/api.w.org\/{rel}","templated":true}]}}