{"id":3183,"date":"2020-10-08T14:30:29","date_gmt":"2020-10-08T18:30:29","guid":{"rendered":"http:\/\/neuroid.uprrp.edu\/?page_id=3183"},"modified":"2023-10-19T16:13:38","modified_gmt":"2023-10-19T20:13:38","slug":"2020-2022","status":"publish","type":"page","link":"https:\/\/neuroid.uprrp.edu\/index.php\/2020-2022\/","title":{"rendered":"Class 2020"},"content":{"rendered":"\n<div class=\"wp-block-columns is-layout-flex wp-container-core-columns-is-layout-28f84493 wp-block-columns-is-layout-flex\">\n<div class=\"wp-block-column is-layout-flow wp-block-column-is-layout-flow\">\n<figure class=\"wp-block-image aligncenter size-large is-resized is-style-default\"><img fetchpriority=\"high\" decoding=\"async\" width=\"1223\" height=\"1222\" src=\"https:\/\/neuroid.uprrp.edu\/wp-content\/uploads\/2021\/06\/2A41A826-77A2-47C6-B9DE-92561DBF3FCC-edited.jpeg\" alt=\"\" class=\"wp-image-5100\" srcset=\"https:\/\/neuroid.uprrp.edu\/wp-content\/uploads\/2021\/06\/2A41A826-77A2-47C6-B9DE-92561DBF3FCC-edited.jpeg 1223w, https:\/\/neuroid.uprrp.edu\/wp-content\/uploads\/2021\/06\/2A41A826-77A2-47C6-B9DE-92561DBF3FCC-edited-300x300.jpeg 300w, https:\/\/neuroid.uprrp.edu\/wp-content\/uploads\/2021\/06\/2A41A826-77A2-47C6-B9DE-92561DBF3FCC-edited-1024x1024.jpeg 1024w, https:\/\/neuroid.uprrp.edu\/wp-content\/uploads\/2021\/06\/2A41A826-77A2-47C6-B9DE-92561DBF3FCC-edited-150x150.jpeg 150w, https:\/\/neuroid.uprrp.edu\/wp-content\/uploads\/2021\/06\/2A41A826-77A2-47C6-B9DE-92561DBF3FCC-edited-768x767.jpeg 768w, https:\/\/neuroid.uprrp.edu\/wp-content\/uploads\/2021\/06\/2A41A826-77A2-47C6-B9DE-92561DBF3FCC-edited-45x45.jpeg 45w\" sizes=\"(max-width: 1223px) 100vw, 1223px\" \/><\/figure>\n\n\n\n<h3 class=\"wp-block-heading has-text-align-center\"><a href=\"http:\/\/neuroid.uprrp.edu\/index.php\/ian-diaz-nieves\/\">Ian D\u00edaz <\/a><\/h3>\n<\/div>\n\n\n\n<div class=\"wp-block-column is-layout-flow wp-block-column-is-layout-flow\">\n<figure class=\"wp-block-image aligncenter size-large is-resized is-style-default\"><img decoding=\"async\" width=\"503\" height=\"503\" src=\"https:\/\/neuroid.uprrp.edu\/wp-content\/uploads\/2021\/06\/Screen-Shot-2020-10-26-at-11.11.27-AM-edited.png\" alt=\"\" class=\"wp-image-5101\" srcset=\"https:\/\/neuroid.uprrp.edu\/wp-content\/uploads\/2021\/06\/Screen-Shot-2020-10-26-at-11.11.27-AM-edited.png 503w, https:\/\/neuroid.uprrp.edu\/wp-content\/uploads\/2021\/06\/Screen-Shot-2020-10-26-at-11.11.27-AM-edited-300x300.png 300w, https:\/\/neuroid.uprrp.edu\/wp-content\/uploads\/2021\/06\/Screen-Shot-2020-10-26-at-11.11.27-AM-edited-150x150.png 150w, https:\/\/neuroid.uprrp.edu\/wp-content\/uploads\/2021\/06\/Screen-Shot-2020-10-26-at-11.11.27-AM-edited-45x45.png 45w\" sizes=\"(max-width: 503px) 100vw, 503px\" \/><\/figure>\n\n\n\n<h3 class=\"wp-block-heading has-text-align-center\"><a href=\"http:\/\/neuroid.uprrp.edu\/index.php\/paola-morales-carvajal\/\">Paola Morales <\/a><\/h3>\n<\/div>\n\n\n\n<div class=\"wp-block-column is-layout-flow wp-block-column-is-layout-flow\">\n<figure class=\"wp-block-image aligncenter size-large is-resized is-style-default\"><img decoding=\"async\" width=\"1126\" height=\"1123\" src=\"https:\/\/neuroid.uprrp.edu\/wp-content\/uploads\/2021\/06\/9876F951-3FEB-4EA9-AE2D-254AF931E6A4-edited.jpeg\" alt=\"\" class=\"wp-image-5102\" srcset=\"https:\/\/neuroid.uprrp.edu\/wp-content\/uploads\/2021\/06\/9876F951-3FEB-4EA9-AE2D-254AF931E6A4-edited.jpeg 1126w, https:\/\/neuroid.uprrp.edu\/wp-content\/uploads\/2021\/06\/9876F951-3FEB-4EA9-AE2D-254AF931E6A4-edited-300x300.jpeg 300w, https:\/\/neuroid.uprrp.edu\/wp-content\/uploads\/2021\/06\/9876F951-3FEB-4EA9-AE2D-254AF931E6A4-edited-1024x1021.jpeg 1024w, https:\/\/neuroid.uprrp.edu\/wp-content\/uploads\/2021\/06\/9876F951-3FEB-4EA9-AE2D-254AF931E6A4-edited-150x150.jpeg 150w, https:\/\/neuroid.uprrp.edu\/wp-content\/uploads\/2021\/06\/9876F951-3FEB-4EA9-AE2D-254AF931E6A4-edited-768x766.jpeg 768w, https:\/\/neuroid.uprrp.edu\/wp-content\/uploads\/2021\/06\/9876F951-3FEB-4EA9-AE2D-254AF931E6A4-edited-45x45.jpeg 45w\" sizes=\"(max-width: 1126px) 100vw, 1126px\" \/><\/figure>\n\n\n\n<h3 class=\"wp-block-heading has-text-align-center\"><a href=\"http:\/\/neuroid.uprrp.edu\/index.php\/paula-munoz-rodriguez-2\/\">Paula Mu\u00f1oz <\/a><\/h3>\n<\/div>\n\n\n\n<div class=\"wp-block-column is-layout-flow wp-block-column-is-layout-flow\">\n<figure class=\"wp-block-image aligncenter size-large is-resized is-style-default\"><img loading=\"lazy\" decoding=\"async\" width=\"225\" height=\"225\" src=\"https:\/\/neuroid.uprrp.edu\/wp-content\/uploads\/2021\/06\/Screen-Shot-2020-12-16-at-2.50.38-PM-edited.png\" alt=\"\" class=\"wp-image-5103\" srcset=\"https:\/\/neuroid.uprrp.edu\/wp-content\/uploads\/2021\/06\/Screen-Shot-2020-12-16-at-2.50.38-PM-edited.png 225w, https:\/\/neuroid.uprrp.edu\/wp-content\/uploads\/2021\/06\/Screen-Shot-2020-12-16-at-2.50.38-PM-edited-150x150.png 150w, https:\/\/neuroid.uprrp.edu\/wp-content\/uploads\/2021\/06\/Screen-Shot-2020-12-16-at-2.50.38-PM-edited-45x45.png 45w\" sizes=\"(max-width: 225px) 100vw, 225px\" \/><\/figure>\n\n\n\n<h3 class=\"wp-block-heading has-text-align-center\"><a href=\"http:\/\/neuroid.uprrp.edu\/index.php\/luisa-paris-ramirez\/\">Luisa Par\u00eds<\/a><\/h3>\n<\/div>\n<\/div>\n\n\n\n<div class=\"wp-block-columns is-layout-flex wp-container-core-columns-is-layout-28f84493 wp-block-columns-is-layout-flex\">\n<div class=\"wp-block-column is-layout-flow wp-block-column-is-layout-flow\">\n<figure class=\"wp-block-image aligncenter size-large is-resized is-style-default\"><img loading=\"lazy\" decoding=\"async\" width=\"862\" height=\"860\" src=\"https:\/\/neuroid.uprrp.edu\/wp-content\/uploads\/2021\/06\/C31A6CC1-FF88-4629-BF19-A4754814DF2F-edited.jpeg\" alt=\"\" class=\"wp-image-5104\" srcset=\"https:\/\/neuroid.uprrp.edu\/wp-content\/uploads\/2021\/06\/C31A6CC1-FF88-4629-BF19-A4754814DF2F-edited.jpeg 862w, https:\/\/neuroid.uprrp.edu\/wp-content\/uploads\/2021\/06\/C31A6CC1-FF88-4629-BF19-A4754814DF2F-edited-300x300.jpeg 300w, https:\/\/neuroid.uprrp.edu\/wp-content\/uploads\/2021\/06\/C31A6CC1-FF88-4629-BF19-A4754814DF2F-edited-150x150.jpeg 150w, https:\/\/neuroid.uprrp.edu\/wp-content\/uploads\/2021\/06\/C31A6CC1-FF88-4629-BF19-A4754814DF2F-edited-768x766.jpeg 768w, https:\/\/neuroid.uprrp.edu\/wp-content\/uploads\/2021\/06\/C31A6CC1-FF88-4629-BF19-A4754814DF2F-edited-45x45.jpeg 45w\" sizes=\"(max-width: 862px) 100vw, 862px\" \/><\/figure>\n\n\n\n<h3 class=\"wp-block-heading has-text-align-center\"><a href=\"http:\/\/neuroid.uprrp.edu\/index.php\/hector-haddock-martinez\/\">Hector Haddock<\/a><\/h3>\n<\/div>\n\n\n\n<div class=\"wp-block-column is-layout-flow wp-block-column-is-layout-flow\">\n<figure class=\"wp-block-image aligncenter size-large is-resized is-style-default\"><img loading=\"lazy\" decoding=\"async\" width=\"215\" height=\"215\" src=\"https:\/\/neuroid.uprrp.edu\/wp-content\/uploads\/2021\/06\/Screen-Shot-2020-12-16-at-2.52.03-PM-edited.png\" alt=\"\" class=\"wp-image-5105\" srcset=\"https:\/\/neuroid.uprrp.edu\/wp-content\/uploads\/2021\/06\/Screen-Shot-2020-12-16-at-2.52.03-PM-edited.png 215w, https:\/\/neuroid.uprrp.edu\/wp-content\/uploads\/2021\/06\/Screen-Shot-2020-12-16-at-2.52.03-PM-edited-150x150.png 150w, https:\/\/neuroid.uprrp.edu\/wp-content\/uploads\/2021\/06\/Screen-Shot-2020-12-16-at-2.52.03-PM-edited-45x45.png 45w\" sizes=\"(max-width: 215px) 100vw, 215px\" \/><\/figure>\n\n\n\n<h3 class=\"wp-block-heading has-text-align-center\"><a href=\"http:\/\/neuroid.uprrp.edu\/index.php\/claudia-irrizary-hernandez\/\">Claudia Irrizary <\/a><\/h3>\n<\/div>\n\n\n\n<div class=\"wp-block-column is-layout-flow wp-block-column-is-layout-flow\">\n<figure class=\"wp-block-image aligncenter size-large is-resized is-style-default\"><img loading=\"lazy\" decoding=\"async\" width=\"573\" height=\"573\" src=\"https:\/\/neuroid.uprrp.edu\/wp-content\/uploads\/2021\/06\/Screen-Shot-2020-10-27-at-9.55.14-AM-edited.png\" alt=\"\" class=\"wp-image-5106\" srcset=\"https:\/\/neuroid.uprrp.edu\/wp-content\/uploads\/2021\/06\/Screen-Shot-2020-10-27-at-9.55.14-AM-edited.png 573w, https:\/\/neuroid.uprrp.edu\/wp-content\/uploads\/2021\/06\/Screen-Shot-2020-10-27-at-9.55.14-AM-edited-300x300.png 300w, https:\/\/neuroid.uprrp.edu\/wp-content\/uploads\/2021\/06\/Screen-Shot-2020-10-27-at-9.55.14-AM-edited-150x150.png 150w, https:\/\/neuroid.uprrp.edu\/wp-content\/uploads\/2021\/06\/Screen-Shot-2020-10-27-at-9.55.14-AM-edited-45x45.png 45w\" sizes=\"(max-width: 573px) 100vw, 573px\" \/><\/figure>\n\n\n\n<h3 class=\"wp-block-heading has-text-align-center\"><a href=\"https:\/\/neuroid.uprrp.edu\/index.php\/omaris-velez-acevedo\/\">Omaris V\u00e9lez <\/a><\/h3>\n<\/div>\n\n\n\n<div class=\"wp-block-column is-layout-flow wp-block-column-is-layout-flow\"><\/div>\n<\/div>\n\n\n\n<div style=\"height:25px\" aria-hidden=\"true\" class=\"wp-block-spacer\"><\/div>\n\n\n\n<p class=\"has-text-align-left has-large-font-size\">Elevator Pitches<\/p>\n\n\n\n<div class=\"wp-block-columns is-layout-flex wp-container-core-columns-is-layout-28f84493 wp-block-columns-is-layout-flex\">\n<div class=\"wp-block-column is-layout-flow wp-block-column-is-layout-flow\" style=\"flex-basis:100%\">\n<div class=\"wp-block-columns is-layout-flex wp-container-core-columns-is-layout-28f84493 wp-block-columns-is-layout-flex\">\n<div class=\"wp-block-column is-layout-flow wp-block-column-is-layout-flow\">\n<figure class=\"wp-block-embed is-type-video is-provider-youtube wp-block-embed-youtube wp-embed-aspect-16-9 wp-has-aspect-ratio\"><div class=\"wp-block-embed__wrapper\">\n<iframe title=\"Elevator Pitch by Ian D\u00edaz-Nieves\" width=\"950\" height=\"534\" src=\"https:\/\/www.youtube.com\/embed\/xExPv2fLrCU?feature=oembed\" frameborder=\"0\" allow=\"accelerometer; autoplay; clipboard-write; encrypted-media; gyroscope; picture-in-picture; web-share\" allowfullscreen><\/iframe>\n<\/div><\/figure>\n<\/div>\n\n\n\n<div class=\"wp-block-column is-layout-flow wp-block-column-is-layout-flow\">\n<figure class=\"wp-block-embed is-type-video is-provider-youtube wp-block-embed-youtube wp-embed-aspect-16-9 wp-has-aspect-ratio\"><div class=\"wp-block-embed__wrapper\">\n<iframe title=\"Elevator Pitch by Omaris V\u00e9lez-Acevedo\" width=\"950\" height=\"534\" src=\"https:\/\/www.youtube.com\/embed\/WQwo8ufj5cM?start=9&#038;feature=oembed\" frameborder=\"0\" allow=\"accelerometer; autoplay; clipboard-write; encrypted-media; gyroscope; picture-in-picture; web-share\" allowfullscreen><\/iframe>\n<\/div><\/figure>\n<\/div>\n\n\n\n<div class=\"wp-block-column is-layout-flow wp-block-column-is-layout-flow\">\n<figure class=\"wp-block-embed is-type-video is-provider-youtube wp-block-embed-youtube wp-embed-aspect-16-9 wp-has-aspect-ratio\"><div class=\"wp-block-embed__wrapper\">\n<iframe title=\"Elevator Pitch by Claudia Irizarry-Hern\u00e1ndez\" width=\"950\" height=\"534\" src=\"https:\/\/www.youtube.com\/embed\/ESss8tQBDQo?start=2&#038;feature=oembed\" frameborder=\"0\" allow=\"accelerometer; autoplay; clipboard-write; encrypted-media; gyroscope; picture-in-picture; web-share\" allowfullscreen><\/iframe>\n<\/div><\/figure>\n<\/div>\n<\/div>\n<\/div>\n<\/div>\n","protected":false},"excerpt":{"rendered":"<p>Ian D\u00edaz Paola Morales Paula Mu\u00f1oz Luisa Par\u00eds Hector Haddock Claudia Irrizary Omaris V\u00e9lez Elevator Pitches<\/p>\n","protected":false},"author":2,"featured_media":0,"parent":0,"menu_order":0,"comment_status":"closed","ping_status":"closed","template":"","meta":{"footnotes":""},"class_list":["post-3183","page","type-page","status-publish","hentry"],"rttpg_featured_image_url":null,"rttpg_author":{"display_name":"NeuroID Program","author_link":"https:\/\/neuroid.uprrp.edu\/index.php\/author\/neuroid\/"},"rttpg_comment":0,"rttpg_category":null,"rttpg_excerpt":"Ian D\u00edaz Paola Morales Paula Mu\u00f1oz Luisa Par\u00eds Hector Haddock Claudia Irrizary Omaris V\u00e9lez Elevator Pitches","_links":{"self":[{"href":"https:\/\/neuroid.uprrp.edu\/index.php\/wp-json\/wp\/v2\/pages\/3183","targetHints":{"allow":["GET"]}}],"collection":[{"href":"https:\/\/neuroid.uprrp.edu\/index.php\/wp-json\/wp\/v2\/pages"}],"about":[{"href":"https:\/\/neuroid.uprrp.edu\/index.php\/wp-json\/wp\/v2\/types\/page"}],"author":[{"embeddable":true,"href":"https:\/\/neuroid.uprrp.edu\/index.php\/wp-json\/wp\/v2\/users\/2"}],"replies":[{"embeddable":true,"href":"https:\/\/neuroid.uprrp.edu\/index.php\/wp-json\/wp\/v2\/comments?post=3183"}],"version-history":[{"count":31,"href":"https:\/\/neuroid.uprrp.edu\/index.php\/wp-json\/wp\/v2\/pages\/3183\/revisions"}],"predecessor-version":[{"id":9005,"href":"https:\/\/neuroid.uprrp.edu\/index.php\/wp-json\/wp\/v2\/pages\/3183\/revisions\/9005"}],"wp:attachment":[{"href":"https:\/\/neuroid.uprrp.edu\/index.php\/wp-json\/wp\/v2\/media?parent=3183"}],"curies":[{"name":"wp","href":"https:\/\/api.w.org\/{rel}","templated":true}]}}