{"id":477,"date":"2015-09-09T13:06:02","date_gmt":"2015-09-09T13:06:02","guid":{"rendered":"http:\/\/neuroid.uprrp.edu\/wp\/?page_id=477"},"modified":"2023-10-19T16:15:46","modified_gmt":"2023-10-19T20:15:46","slug":"class-2015-2017","status":"publish","type":"page","link":"https:\/\/neuroid.uprrp.edu\/index.php\/members\/students\/class-2015-2017\/","title":{"rendered":"Class 2015"},"content":{"rendered":"\n<div class=\"wp-block-columns is-layout-flex wp-container-core-columns-is-layout-28f84493 wp-block-columns-is-layout-flex\">\n<div class=\"wp-block-column is-layout-flow wp-block-column-is-layout-flow\">\n<figure class=\"wp-block-image aligncenter size-large is-style-default\"><img fetchpriority=\"high\" decoding=\"async\" width=\"792\" height=\"792\" src=\"https:\/\/neuroid.uprrp.edu\/wp-content\/uploads\/2015\/08\/roberto_aponte2.jpg\" alt=\"\" class=\"wp-image-297\" srcset=\"https:\/\/neuroid.uprrp.edu\/wp-content\/uploads\/2015\/08\/roberto_aponte2.jpg 792w, https:\/\/neuroid.uprrp.edu\/wp-content\/uploads\/2015\/08\/roberto_aponte2-150x150.jpg 150w, https:\/\/neuroid.uprrp.edu\/wp-content\/uploads\/2015\/08\/roberto_aponte2-300x300.jpg 300w\" sizes=\"(max-width: 792px) 100vw, 792px\" \/><\/figure>\n\n\n\n<h3 class=\"wp-block-heading has-text-align-center\">Roberto Aponte<\/h3>\n<\/div>\n\n\n\n<div class=\"wp-block-column is-layout-flow wp-block-column-is-layout-flow\">\n<figure class=\"wp-block-image aligncenter size-large is-style-default\"><img decoding=\"async\" width=\"792\" height=\"792\" src=\"https:\/\/neuroid.uprrp.edu\/wp-content\/uploads\/2015\/08\/gian_carlos_molina.jpg\" alt=\"\" class=\"wp-image-304\" srcset=\"https:\/\/neuroid.uprrp.edu\/wp-content\/uploads\/2015\/08\/gian_carlos_molina.jpg 792w, https:\/\/neuroid.uprrp.edu\/wp-content\/uploads\/2015\/08\/gian_carlos_molina-150x150.jpg 150w, https:\/\/neuroid.uprrp.edu\/wp-content\/uploads\/2015\/08\/gian_carlos_molina-300x300.jpg 300w\" sizes=\"(max-width: 792px) 100vw, 792px\" \/><\/figure>\n\n\n\n<h3 class=\"wp-block-heading has-text-align-center\">Gian Carlo Molina<\/h3>\n<\/div>\n\n\n\n<div class=\"wp-block-column is-layout-flow wp-block-column-is-layout-flow\">\n<figure class=\"wp-block-image aligncenter size-large is-style-default\"><img decoding=\"async\" width=\"792\" height=\"792\" src=\"https:\/\/neuroid.uprrp.edu\/wp-content\/uploads\/2015\/08\/tara_ortiz.jpg\" alt=\"\" class=\"wp-image-306\" srcset=\"https:\/\/neuroid.uprrp.edu\/wp-content\/uploads\/2015\/08\/tara_ortiz.jpg 792w, https:\/\/neuroid.uprrp.edu\/wp-content\/uploads\/2015\/08\/tara_ortiz-150x150.jpg 150w, https:\/\/neuroid.uprrp.edu\/wp-content\/uploads\/2015\/08\/tara_ortiz-300x300.jpg 300w\" sizes=\"(max-width: 792px) 100vw, 792px\" \/><\/figure>\n\n\n\n<h3 class=\"wp-block-heading has-text-align-center\">Tara M. Ortiz<\/h3>\n<\/div>\n\n\n\n<div class=\"wp-block-column is-layout-flow wp-block-column-is-layout-flow\">\n<figure class=\"wp-block-image aligncenter size-large is-style-default\"><img loading=\"lazy\" decoding=\"async\" width=\"792\" height=\"792\" src=\"https:\/\/neuroid.uprrp.edu\/wp-content\/uploads\/2015\/08\/sonya_malavez.jpg\" alt=\"\" class=\"wp-image-305\" srcset=\"https:\/\/neuroid.uprrp.edu\/wp-content\/uploads\/2015\/08\/sonya_malavez.jpg 792w, https:\/\/neuroid.uprrp.edu\/wp-content\/uploads\/2015\/08\/sonya_malavez-150x150.jpg 150w, https:\/\/neuroid.uprrp.edu\/wp-content\/uploads\/2015\/08\/sonya_malavez-300x300.jpg 300w\" sizes=\"(max-width: 792px) 100vw, 792px\" \/><\/figure>\n\n\n\n<h3 class=\"wp-block-heading has-text-align-center\">Sonya J. Malav\u00e9z<\/h3>\n<\/div>\n<\/div>\n\n\n\n<div class=\"wp-block-columns is-layout-flex wp-container-core-columns-is-layout-28f84493 wp-block-columns-is-layout-flex\">\n<div class=\"wp-block-column is-layout-flow wp-block-column-is-layout-flow\">\n<figure class=\"wp-block-image aligncenter size-large is-style-default\"><img loading=\"lazy\" decoding=\"async\" width=\"2052\" height=\"2055\" src=\"https:\/\/neuroid.uprrp.edu\/wp-content\/uploads\/2021\/06\/image_6483441-edited.jpg\" alt=\"\" class=\"wp-image-5188\" srcset=\"https:\/\/neuroid.uprrp.edu\/wp-content\/uploads\/2021\/06\/image_6483441-edited.jpg 2052w, https:\/\/neuroid.uprrp.edu\/wp-content\/uploads\/2021\/06\/image_6483441-edited-300x300.jpg 300w, https:\/\/neuroid.uprrp.edu\/wp-content\/uploads\/2021\/06\/image_6483441-edited-1024x1024.jpg 1024w, https:\/\/neuroid.uprrp.edu\/wp-content\/uploads\/2021\/06\/image_6483441-edited-150x150.jpg 150w, https:\/\/neuroid.uprrp.edu\/wp-content\/uploads\/2021\/06\/image_6483441-edited-768x769.jpg 768w, https:\/\/neuroid.uprrp.edu\/wp-content\/uploads\/2021\/06\/image_6483441-edited-1534x1536.jpg 1534w, https:\/\/neuroid.uprrp.edu\/wp-content\/uploads\/2021\/06\/image_6483441-edited-2045x2048.jpg 2045w, https:\/\/neuroid.uprrp.edu\/wp-content\/uploads\/2021\/06\/image_6483441-edited-45x45.jpg 45w\" sizes=\"(max-width: 2052px) 100vw, 2052px\" \/><\/figure>\n\n\n\n<h3 class=\"wp-block-heading has-text-align-center\">Almaris N. Figueroa<\/h3>\n<\/div>\n\n\n\n<div class=\"wp-block-column is-layout-flow wp-block-column-is-layout-flow\">\n<figure class=\"wp-block-image aligncenter size-large is-style-default\"><img loading=\"lazy\" decoding=\"async\" width=\"1024\" height=\"1024\" src=\"https:\/\/neuroid.uprrp.edu\/wp-content\/uploads\/2015\/09\/sebastian-1024x1024.jpg\" alt=\"\" class=\"wp-image-452\" srcset=\"https:\/\/neuroid.uprrp.edu\/wp-content\/uploads\/2015\/09\/sebastian-1024x1024.jpg 1024w, https:\/\/neuroid.uprrp.edu\/wp-content\/uploads\/2015\/09\/sebastian-150x150.jpg 150w, https:\/\/neuroid.uprrp.edu\/wp-content\/uploads\/2015\/09\/sebastian-300x300.jpg 300w, https:\/\/neuroid.uprrp.edu\/wp-content\/uploads\/2015\/09\/sebastian-45x45.jpg 45w\" sizes=\"(max-width: 1024px) 100vw, 1024px\" \/><\/figure>\n\n\n\n<h3 class=\"wp-block-heading has-text-align-center\">Sebasti\u00e1n Vel\u00e1zquez<\/h3>\n<\/div>\n\n\n\n<div class=\"wp-block-column is-layout-flow wp-block-column-is-layout-flow\">\n<figure class=\"wp-block-image aligncenter size-large is-style-default\"><img loading=\"lazy\" decoding=\"async\" width=\"792\" height=\"792\" src=\"https:\/\/neuroid.uprrp.edu\/wp-content\/uploads\/2015\/09\/Carolina.jpg\" alt=\"\" class=\"wp-image-496\" srcset=\"https:\/\/neuroid.uprrp.edu\/wp-content\/uploads\/2015\/09\/Carolina.jpg 792w, https:\/\/neuroid.uprrp.edu\/wp-content\/uploads\/2015\/09\/Carolina-150x150.jpg 150w, https:\/\/neuroid.uprrp.edu\/wp-content\/uploads\/2015\/09\/Carolina-300x300.jpg 300w, https:\/\/neuroid.uprrp.edu\/wp-content\/uploads\/2015\/09\/Carolina-45x45.jpg 45w\" sizes=\"(max-width: 792px) 100vw, 792px\" \/><\/figure>\n\n\n\n<h3 class=\"wp-block-heading has-text-align-center\">Alexandra Ogando<\/h3>\n<\/div>\n\n\n\n<div class=\"wp-block-column is-layout-flow wp-block-column-is-layout-flow\">\n<figure class=\"wp-block-image aligncenter size-large is-style-default\"><img loading=\"lazy\" decoding=\"async\" width=\"792\" height=\"792\" src=\"https:\/\/neuroid.uprrp.edu\/wp-content\/uploads\/2015\/09\/jose_gorbea_colon.jpg\" alt=\"\" class=\"wp-image-459\" srcset=\"https:\/\/neuroid.uprrp.edu\/wp-content\/uploads\/2015\/09\/jose_gorbea_colon.jpg 792w, https:\/\/neuroid.uprrp.edu\/wp-content\/uploads\/2015\/09\/jose_gorbea_colon-150x150.jpg 150w, https:\/\/neuroid.uprrp.edu\/wp-content\/uploads\/2015\/09\/jose_gorbea_colon-300x300.jpg 300w, https:\/\/neuroid.uprrp.edu\/wp-content\/uploads\/2015\/09\/jose_gorbea_colon-45x45.jpg 45w\" sizes=\"(max-width: 792px) 100vw, 792px\" \/><\/figure>\n\n\n\n<h3 class=\"wp-block-heading has-text-align-center\">Jos\u00e9 Gorbea<\/h3>\n<\/div>\n<\/div>\n\n\n\n<div style=\"height:68px\" aria-hidden=\"true\" class=\"wp-block-spacer\"><\/div>\n","protected":false},"excerpt":{"rendered":"<p>Roberto Aponte Gian Carlo Molina Tara M. Ortiz Sonya J. Malav\u00e9z Almaris N. Figueroa Sebasti\u00e1n Vel\u00e1zquez Alexandra Ogando Jos\u00e9 Gorbea<\/p>\n","protected":false},"author":2,"featured_media":0,"parent":259,"menu_order":0,"comment_status":"closed","ping_status":"closed","template":"","meta":{"footnotes":""},"class_list":["post-477","page","type-page","status-publish","hentry"],"rttpg_featured_image_url":null,"rttpg_author":{"display_name":"NeuroID Program","author_link":"https:\/\/neuroid.uprrp.edu\/index.php\/author\/neuroid\/"},"rttpg_comment":0,"rttpg_category":null,"rttpg_excerpt":"Roberto Aponte Gian Carlo Molina Tara M. Ortiz Sonya J. Malav\u00e9z Almaris N. Figueroa Sebasti\u00e1n Vel\u00e1zquez Alexandra Ogando Jos\u00e9 Gorbea","_links":{"self":[{"href":"https:\/\/neuroid.uprrp.edu\/index.php\/wp-json\/wp\/v2\/pages\/477","targetHints":{"allow":["GET"]}}],"collection":[{"href":"https:\/\/neuroid.uprrp.edu\/index.php\/wp-json\/wp\/v2\/pages"}],"about":[{"href":"https:\/\/neuroid.uprrp.edu\/index.php\/wp-json\/wp\/v2\/types\/page"}],"author":[{"embeddable":true,"href":"https:\/\/neuroid.uprrp.edu\/index.php\/wp-json\/wp\/v2\/users\/2"}],"replies":[{"embeddable":true,"href":"https:\/\/neuroid.uprrp.edu\/index.php\/wp-json\/wp\/v2\/comments?post=477"}],"version-history":[{"count":19,"href":"https:\/\/neuroid.uprrp.edu\/index.php\/wp-json\/wp\/v2\/pages\/477\/revisions"}],"predecessor-version":[{"id":9013,"href":"https:\/\/neuroid.uprrp.edu\/index.php\/wp-json\/wp\/v2\/pages\/477\/revisions\/9013"}],"up":[{"embeddable":true,"href":"https:\/\/neuroid.uprrp.edu\/index.php\/wp-json\/wp\/v2\/pages\/259"}],"wp:attachment":[{"href":"https:\/\/neuroid.uprrp.edu\/index.php\/wp-json\/wp\/v2\/media?parent=477"}],"curies":[{"name":"wp","href":"https:\/\/api.w.org\/{rel}","templated":true}]}}