{"id":5304,"date":"2021-06-07T13:20:37","date_gmt":"2021-06-07T17:20:37","guid":{"rendered":"https:\/\/neuroid.uprrp.edu\/?page_id=5304"},"modified":"2023-10-19T16:13:23","modified_gmt":"2023-10-19T20:13:23","slug":"class-2021","status":"publish","type":"page","link":"https:\/\/neuroid.uprrp.edu\/index.php\/class-2021\/","title":{"rendered":"Class 2021"},"content":{"rendered":"\n<div class=\"wp-block-columns is-layout-flex wp-container-core-columns-is-layout-28f84493 wp-block-columns-is-layout-flex\">\n<div class=\"wp-block-column is-layout-flow wp-block-column-is-layout-flow\">\n<div class=\"wp-block-columns is-layout-flex wp-container-core-columns-is-layout-28f84493 wp-block-columns-is-layout-flex\">\n<div class=\"wp-block-column is-layout-flow wp-block-column-is-layout-flow\">\n<figure class=\"wp-block-image aligncenter size-large is-resized is-style-default\"><a href=\"https:\/\/neuroid.uprrp.edu\/index.php\/alexdiel-figueroa-perez\/\"><img fetchpriority=\"high\" decoding=\"async\" width=\"1409\" height=\"1411\" src=\"https:\/\/neuroid.uprrp.edu\/wp-content\/uploads\/2021\/06\/Alexdiel-Figueroa-edited.jpeg\" alt=\"\" class=\"wp-image-5387\" srcset=\"https:\/\/neuroid.uprrp.edu\/wp-content\/uploads\/2021\/06\/Alexdiel-Figueroa-edited.jpeg 1409w, https:\/\/neuroid.uprrp.edu\/wp-content\/uploads\/2021\/06\/Alexdiel-Figueroa-edited-300x300.jpeg 300w, https:\/\/neuroid.uprrp.edu\/wp-content\/uploads\/2021\/06\/Alexdiel-Figueroa-edited-1024x1024.jpeg 1024w, https:\/\/neuroid.uprrp.edu\/wp-content\/uploads\/2021\/06\/Alexdiel-Figueroa-edited-150x150.jpeg 150w, https:\/\/neuroid.uprrp.edu\/wp-content\/uploads\/2021\/06\/Alexdiel-Figueroa-edited-768x769.jpeg 768w, https:\/\/neuroid.uprrp.edu\/wp-content\/uploads\/2021\/06\/Alexdiel-Figueroa-edited-45x45.jpeg 45w\" sizes=\"(max-width: 1409px) 100vw, 1409px\" \/><\/a><\/figure>\n\n\n\n<h3 class=\"wp-block-heading has-text-align-center has-medium-font-size\"><a href=\"https:\/\/neuroid.uprrp.edu\/index.php\/alexdiel-figueroa-perez\/\" data-type=\"URL\" data-id=\"https:\/\/neuroid.uprrp.edu\/index.php\/alexdiel-figueroa-perez\/\">Alexdiel Figueroa<\/a><\/h3>\n\n\n\n<p><\/p>\n<\/div>\n\n\n\n<div class=\"wp-block-column is-layout-flow wp-block-column-is-layout-flow\">\n<figure class=\"wp-block-image aligncenter size-large is-resized is-style-default\"><a href=\"https:\/\/neuroid.uprrp.edu\/index.php\/maria-bonilla-gutierez\/\"><img decoding=\"async\" width=\"866\" height=\"868\" src=\"https:\/\/neuroid.uprrp.edu\/wp-content\/uploads\/2021\/06\/Maria-Bonilla-edited-1.jpg\" alt=\"\" class=\"wp-image-5407\" srcset=\"https:\/\/neuroid.uprrp.edu\/wp-content\/uploads\/2021\/06\/Maria-Bonilla-edited-1.jpg 866w, https:\/\/neuroid.uprrp.edu\/wp-content\/uploads\/2021\/06\/Maria-Bonilla-edited-1-300x300.jpg 300w, https:\/\/neuroid.uprrp.edu\/wp-content\/uploads\/2021\/06\/Maria-Bonilla-edited-1-150x150.jpg 150w, https:\/\/neuroid.uprrp.edu\/wp-content\/uploads\/2021\/06\/Maria-Bonilla-edited-1-768x770.jpg 768w, https:\/\/neuroid.uprrp.edu\/wp-content\/uploads\/2021\/06\/Maria-Bonilla-edited-1-45x45.jpg 45w\" sizes=\"(max-width: 866px) 100vw, 866px\" \/><\/a><\/figure>\n\n\n\n<h3 class=\"wp-block-heading has-text-align-center has-medium-font-size\"><a href=\"https:\/\/neuroid.uprrp.edu\/index.php\/maria-bonilla\/\">Mar\u00eda Bonilla<\/a><\/h3>\n\n\n\n<p><\/p>\n<\/div>\n\n\n\n<div class=\"wp-block-column is-layout-flow wp-block-column-is-layout-flow\">\n<figure class=\"wp-block-image aligncenter size-large is-resized is-style-default\"><a href=\"https:\/\/neuroid.uprrp.edu\/index.php\/paola-eusebio-severino\/\"><img decoding=\"async\" width=\"501\" height=\"501\" src=\"https:\/\/neuroid.uprrp.edu\/wp-content\/uploads\/2021\/06\/Paola-Eusebio-edited-1.jpg\" alt=\"\" class=\"wp-image-5406\" srcset=\"https:\/\/neuroid.uprrp.edu\/wp-content\/uploads\/2021\/06\/Paola-Eusebio-edited-1.jpg 501w, https:\/\/neuroid.uprrp.edu\/wp-content\/uploads\/2021\/06\/Paola-Eusebio-edited-1-300x300.jpg 300w, https:\/\/neuroid.uprrp.edu\/wp-content\/uploads\/2021\/06\/Paola-Eusebio-edited-1-150x150.jpg 150w, https:\/\/neuroid.uprrp.edu\/wp-content\/uploads\/2021\/06\/Paola-Eusebio-edited-1-45x45.jpg 45w\" sizes=\"(max-width: 501px) 100vw, 501px\" \/><\/a><\/figure>\n\n\n\n<h3 class=\"wp-block-heading has-text-align-center has-medium-font-size\"><a href=\"https:\/\/neuroid.uprrp.edu\/index.php\/paola-eusebio-severino\/\">Paola Eusebio<\/a><\/h3>\n<\/div>\n\n\n\n<div class=\"wp-block-column is-layout-flow wp-block-column-is-layout-flow\">\n<figure class=\"wp-block-image aligncenter size-large is-resized is-style-default\"><img loading=\"lazy\" decoding=\"async\" width=\"744\" height=\"741\" src=\"https:\/\/neuroid.uprrp.edu\/wp-content\/uploads\/2021\/07\/Keimarie-Berrios-edited.jpg\" alt=\"\" class=\"wp-image-5906\" srcset=\"https:\/\/neuroid.uprrp.edu\/wp-content\/uploads\/2021\/07\/Keimarie-Berrios-edited.jpg 744w, https:\/\/neuroid.uprrp.edu\/wp-content\/uploads\/2021\/07\/Keimarie-Berrios-edited-300x300.jpg 300w, https:\/\/neuroid.uprrp.edu\/wp-content\/uploads\/2021\/07\/Keimarie-Berrios-edited-150x150.jpg 150w, https:\/\/neuroid.uprrp.edu\/wp-content\/uploads\/2021\/07\/Keimarie-Berrios-edited-45x45.jpg 45w\" sizes=\"(max-width: 744px) 100vw, 744px\" \/><\/figure>\n\n\n\n<h3 class=\"wp-block-heading has-text-align-center has-medium-font-size\"><a href=\"https:\/\/neuroid.uprrp.edu\/index.php\/keimarie-rodriguez-berrios\/\" data-type=\"URL\" data-id=\"https:\/\/neuroid.uprrp.edu\/index.php\/keimarie-rodriguez-berrios\/\">Keimarie Berrios<\/a><\/h3>\n\n\n\n<p><\/p>\n<\/div>\n<\/div>\n\n\n\n<div class=\"wp-block-columns is-layout-flex wp-container-core-columns-is-layout-28f84493 wp-block-columns-is-layout-flex\">\n<div class=\"wp-block-column is-layout-flow wp-block-column-is-layout-flow\">\n<figure class=\"wp-block-image aligncenter size-large is-resized is-style-default\"><a href=\"https:\/\/neuroid.uprrp.edu\/index.php\/wilma-richiez-mateo\/\"><img loading=\"lazy\" decoding=\"async\" width=\"1364\" height=\"1361\" src=\"https:\/\/neuroid.uprrp.edu\/wp-content\/uploads\/2021\/06\/Wilma-Richiez-1-edited.jpeg\" alt=\"\" class=\"wp-image-5400\" srcset=\"https:\/\/neuroid.uprrp.edu\/wp-content\/uploads\/2021\/06\/Wilma-Richiez-1-edited.jpeg 1364w, https:\/\/neuroid.uprrp.edu\/wp-content\/uploads\/2021\/06\/Wilma-Richiez-1-edited-300x300.jpeg 300w, https:\/\/neuroid.uprrp.edu\/wp-content\/uploads\/2021\/06\/Wilma-Richiez-1-edited-1024x1022.jpeg 1024w, https:\/\/neuroid.uprrp.edu\/wp-content\/uploads\/2021\/06\/Wilma-Richiez-1-edited-150x150.jpeg 150w, https:\/\/neuroid.uprrp.edu\/wp-content\/uploads\/2021\/06\/Wilma-Richiez-1-edited-768x766.jpeg 768w, https:\/\/neuroid.uprrp.edu\/wp-content\/uploads\/2021\/06\/Wilma-Richiez-1-edited-45x45.jpeg 45w\" sizes=\"(max-width: 1364px) 100vw, 1364px\" \/><\/a><\/figure>\n\n\n\n<h3 class=\"wp-block-heading has-text-align-center has-medium-font-size\"><a href=\"https:\/\/neuroid.uprrp.edu\/index.php\/wilma-richiez-mateo\/\">Wilma Richiez<\/a><\/h3>\n<\/div>\n\n\n\n<div class=\"wp-block-column is-layout-flow wp-block-column-is-layout-flow\">\n<figure class=\"wp-block-image size-large is-resized\"><a href=\"https:\/\/neuroid.uprrp.edu\/index.php\/sabrina-santos-de-leon\/\"><img loading=\"lazy\" decoding=\"async\" width=\"1161\" height=\"1160\" src=\"https:\/\/neuroid.uprrp.edu\/wp-content\/uploads\/2021\/07\/Sabrina-Santos-edited.jpeg\" alt=\"\" class=\"wp-image-5919\" srcset=\"https:\/\/neuroid.uprrp.edu\/wp-content\/uploads\/2021\/07\/Sabrina-Santos-edited.jpeg 1161w, https:\/\/neuroid.uprrp.edu\/wp-content\/uploads\/2021\/07\/Sabrina-Santos-edited-300x300.jpeg 300w, https:\/\/neuroid.uprrp.edu\/wp-content\/uploads\/2021\/07\/Sabrina-Santos-edited-1024x1024.jpeg 1024w, https:\/\/neuroid.uprrp.edu\/wp-content\/uploads\/2021\/07\/Sabrina-Santos-edited-150x150.jpeg 150w, https:\/\/neuroid.uprrp.edu\/wp-content\/uploads\/2021\/07\/Sabrina-Santos-edited-768x767.jpeg 768w, https:\/\/neuroid.uprrp.edu\/wp-content\/uploads\/2021\/07\/Sabrina-Santos-edited-45x45.jpeg 45w\" sizes=\"(max-width: 1161px) 100vw, 1161px\" \/><\/a><\/figure>\n\n\n\n<p class=\"has-text-align-center has-medium-font-size\"><strong><a href=\"https:\/\/neuroid.uprrp.edu\/index.php\/sabrina-santos-de-leon\/\" data-type=\"URL\" data-id=\"https:\/\/neuroid.uprrp.edu\/index.php\/sabrina-santos-de-leon\/\">Sabrina Santos<\/a><\/strong><\/p>\n<\/div>\n\n\n\n<div class=\"wp-block-column is-layout-flow wp-block-column-is-layout-flow\">\n<figure class=\"wp-block-image aligncenter size-large is-resized is-style-default\"><a href=\"https:\/\/neuroid.uprrp.edu\/index.php\/gabriela-hernandez-busot\/\"><img loading=\"lazy\" decoding=\"async\" width=\"1874\" height=\"1875\" src=\"https:\/\/neuroid.uprrp.edu\/wp-content\/uploads\/2021\/06\/Gabriela-Hernandez-1-edited-1.jpg\" alt=\"\" class=\"wp-image-5399\" srcset=\"https:\/\/neuroid.uprrp.edu\/wp-content\/uploads\/2021\/06\/Gabriela-Hernandez-1-edited-1.jpg 1874w, https:\/\/neuroid.uprrp.edu\/wp-content\/uploads\/2021\/06\/Gabriela-Hernandez-1-edited-1-300x300.jpg 300w, https:\/\/neuroid.uprrp.edu\/wp-content\/uploads\/2021\/06\/Gabriela-Hernandez-1-edited-1-1024x1024.jpg 1024w, https:\/\/neuroid.uprrp.edu\/wp-content\/uploads\/2021\/06\/Gabriela-Hernandez-1-edited-1-150x150.jpg 150w, https:\/\/neuroid.uprrp.edu\/wp-content\/uploads\/2021\/06\/Gabriela-Hernandez-1-edited-1-768x768.jpg 768w, https:\/\/neuroid.uprrp.edu\/wp-content\/uploads\/2021\/06\/Gabriela-Hernandez-1-edited-1-1536x1536.jpg 1536w, https:\/\/neuroid.uprrp.edu\/wp-content\/uploads\/2021\/06\/Gabriela-Hernandez-1-edited-1-45x45.jpg 45w\" sizes=\"(max-width: 1874px) 100vw, 1874px\" \/><\/a><\/figure>\n\n\n\n<h3 class=\"wp-block-heading has-text-align-center has-medium-font-size\"><a href=\"https:\/\/neuroid.uprrp.edu\/index.php\/gabriela-hernandez-busot\/\" data-type=\"URL\" data-id=\"https:\/\/neuroid.uprrp.edu\/index.php\/gabriela-hernandez-busot\/\">Gabriela Hern\u00e1ndez<\/a><\/h3>\n<\/div>\n\n\n\n<div class=\"wp-block-column is-layout-flow wp-block-column-is-layout-flow\">\n<figure class=\"wp-block-image aligncenter size-large is-resized is-style-default\"><img loading=\"lazy\" decoding=\"async\" width=\"419\" height=\"420\" src=\"https:\/\/neuroid.uprrp.edu\/wp-content\/uploads\/2021\/06\/Nicole-Jimenez-edited-1.png\" alt=\"\" class=\"wp-image-5398\" srcset=\"https:\/\/neuroid.uprrp.edu\/wp-content\/uploads\/2021\/06\/Nicole-Jimenez-edited-1.png 419w, https:\/\/neuroid.uprrp.edu\/wp-content\/uploads\/2021\/06\/Nicole-Jimenez-edited-1-300x300.png 300w, https:\/\/neuroid.uprrp.edu\/wp-content\/uploads\/2021\/06\/Nicole-Jimenez-edited-1-150x150.png 150w, https:\/\/neuroid.uprrp.edu\/wp-content\/uploads\/2021\/06\/Nicole-Jimenez-edited-1-45x45.png 45w\" sizes=\"(max-width: 419px) 100vw, 419px\" \/><\/figure>\n\n\n\n<h3 class=\"wp-block-heading has-text-align-center has-medium-font-size\">Nicole Jim\u00e9nez<\/h3>\n<\/div>\n<\/div>\n<\/div>\n<\/div>\n\n\n\n<div style=\"height:23px\" aria-hidden=\"true\" class=\"wp-block-spacer\"><\/div>\n\n\n\n<div class=\"wp-block-columns is-layout-flex wp-container-core-columns-is-layout-28f84493 wp-block-columns-is-layout-flex\">\n<div class=\"wp-block-column is-layout-flow wp-block-column-is-layout-flow\" style=\"flex-basis:50%\">\n<p class=\"has-text-align-left has-large-font-size\">Elevator Pitches<\/p>\n<\/div>\n<\/div>\n\n\n\n<div class=\"wp-block-columns is-layout-flex wp-container-core-columns-is-layout-28f84493 wp-block-columns-is-layout-flex\">\n<div class=\"wp-block-column is-layout-flow wp-block-column-is-layout-flow\" style=\"flex-basis:100%\">\n<div class=\"wp-block-columns is-layout-flex wp-container-core-columns-is-layout-28f84493 wp-block-columns-is-layout-flex\">\n<div class=\"wp-block-column is-layout-flow wp-block-column-is-layout-flow\">\n<figure class=\"wp-block-embed is-type-video is-provider-youtube wp-block-embed-youtube wp-embed-aspect-16-9 wp-has-aspect-ratio\"><div class=\"wp-block-embed__wrapper\">\n<iframe title=\"Elevator Pitch by Paola Eusebio-Severino\" width=\"950\" height=\"534\" src=\"https:\/\/www.youtube.com\/embed\/HZ8mruptqrw?feature=oembed\" frameborder=\"0\" allow=\"accelerometer; autoplay; clipboard-write; encrypted-media; gyroscope; picture-in-picture; web-share\" allowfullscreen><\/iframe>\n<\/div><\/figure>\n\n\n\n<p><\/p>\n<\/div>\n\n\n\n<div class=\"wp-block-column is-layout-flow wp-block-column-is-layout-flow\">\n<figure class=\"wp-block-embed is-type-video is-provider-youtube wp-block-embed-youtube wp-embed-aspect-16-9 wp-has-aspect-ratio\"><div class=\"wp-block-embed__wrapper\">\n<iframe title=\"Elevator Pitch by Mar\u00eda F. Bonilla-Guti\u00e9rrez\" width=\"950\" height=\"534\" src=\"https:\/\/www.youtube.com\/embed\/H08DcTZ0xdE?feature=oembed\" frameborder=\"0\" allow=\"accelerometer; autoplay; clipboard-write; encrypted-media; gyroscope; picture-in-picture; web-share\" allowfullscreen><\/iframe>\n<\/div><\/figure>\n<\/div>\n\n\n\n<div class=\"wp-block-column is-layout-flow wp-block-column-is-layout-flow\">\n<figure class=\"wp-block-embed is-type-video is-provider-youtube wp-block-embed-youtube wp-embed-aspect-16-9 wp-has-aspect-ratio\"><div class=\"wp-block-embed__wrapper\">\n<iframe title=\"Elevator Pitch by Alexdiel Figueroa-P\u00e9rez\" width=\"950\" height=\"534\" src=\"https:\/\/www.youtube.com\/embed\/1h6y4qQ-yvM?feature=oembed\" frameborder=\"0\" allow=\"accelerometer; autoplay; clipboard-write; encrypted-media; gyroscope; picture-in-picture; web-share\" allowfullscreen><\/iframe>\n<\/div><\/figure>\n<\/div>\n<\/div>\n<\/div>\n<\/div>\n\n\n\n<div class=\"wp-block-columns is-layout-flex wp-container-core-columns-is-layout-28f84493 wp-block-columns-is-layout-flex\">\n<div class=\"wp-block-column is-layout-flow wp-block-column-is-layout-flow\" style=\"flex-basis:100%\">\n<div class=\"wp-block-columns is-layout-flex wp-container-core-columns-is-layout-28f84493 wp-block-columns-is-layout-flex\">\n<div class=\"wp-block-column is-layout-flow wp-block-column-is-layout-flow\">\n<figure class=\"wp-block-embed is-type-video is-provider-youtube wp-block-embed-youtube wp-embed-aspect-16-9 wp-has-aspect-ratio\"><div class=\"wp-block-embed__wrapper\">\n<iframe title=\"Elevator Pitch by Keimarie Berrios-Rodr\u00edguez\" width=\"950\" height=\"534\" src=\"https:\/\/www.youtube.com\/embed\/8xTj9pZ59gA?start=48&#038;feature=oembed\" frameborder=\"0\" allow=\"accelerometer; autoplay; clipboard-write; encrypted-media; gyroscope; picture-in-picture; web-share\" allowfullscreen><\/iframe>\n<\/div><\/figure>\n<\/div>\n\n\n\n<div class=\"wp-block-column is-layout-flow wp-block-column-is-layout-flow\">\n<figure class=\"wp-block-embed is-type-video is-provider-youtube wp-block-embed-youtube wp-embed-aspect-16-9 wp-has-aspect-ratio\"><div class=\"wp-block-embed__wrapper\">\n<iframe title=\"Elevator Pitch By Wilma Richiez-Mateo\" width=\"950\" height=\"534\" src=\"https:\/\/www.youtube.com\/embed\/D-ZvSesnD3w?start=5&#038;feature=oembed\" frameborder=\"0\" allow=\"accelerometer; autoplay; clipboard-write; encrypted-media; gyroscope; picture-in-picture; web-share\" allowfullscreen><\/iframe>\n<\/div><\/figure>\n<\/div>\n\n\n\n<div class=\"wp-block-column is-layout-flow wp-block-column-is-layout-flow\">\n<figure class=\"wp-block-embed is-type-video is-provider-youtube wp-block-embed-youtube wp-embed-aspect-16-9 wp-has-aspect-ratio\"><div class=\"wp-block-embed__wrapper\">\n<iframe title=\"Elevator Pitch by Sabrina Santos\" width=\"950\" height=\"534\" src=\"https:\/\/www.youtube.com\/embed\/SnbNJlEGswk?feature=oembed\" frameborder=\"0\" allow=\"accelerometer; autoplay; clipboard-write; encrypted-media; gyroscope; picture-in-picture; web-share\" allowfullscreen><\/iframe>\n<\/div><\/figure>\n<\/div>\n<\/div>\n<\/div>\n<\/div>\n\n\n\n<div class=\"wp-block-columns is-layout-flex wp-container-core-columns-is-layout-28f84493 wp-block-columns-is-layout-flex\">\n<div class=\"wp-block-column is-layout-flow wp-block-column-is-layout-flow\" style=\"flex-basis:100%\">\n<div class=\"wp-block-columns is-layout-flex wp-container-core-columns-is-layout-28f84493 wp-block-columns-is-layout-flex\">\n<div class=\"wp-block-column is-layout-flow wp-block-column-is-layout-flow\"><\/div>\n\n\n\n<div class=\"wp-block-column is-layout-flow wp-block-column-is-layout-flow\">\n<figure class=\"wp-block-embed is-type-video is-provider-youtube wp-block-embed-youtube wp-embed-aspect-16-9 wp-has-aspect-ratio\"><div class=\"wp-block-embed__wrapper\">\n<iframe title=\"Elevator Pitch by Gabriela Hern\u00e1ndez-Busot\" width=\"950\" height=\"534\" src=\"https:\/\/www.youtube.com\/embed\/M0S3ZbSOCmo?feature=oembed\" frameborder=\"0\" allow=\"accelerometer; autoplay; clipboard-write; encrypted-media; gyroscope; picture-in-picture; web-share\" allowfullscreen><\/iframe>\n<\/div><\/figure>\n<\/div>\n\n\n\n<div class=\"wp-block-column is-layout-flow wp-block-column-is-layout-flow\"><\/div>\n<\/div>\n<\/div>\n<\/div>\n\n\n\n<div class=\"wp-block-columns is-layout-flex wp-container-core-columns-is-layout-28f84493 wp-block-columns-is-layout-flex\"><\/div>\n","protected":false},"excerpt":{"rendered":"<p>Alexdiel Figueroa Mar\u00eda Bonilla Paola Eusebio Keimarie Berrios Wilma Richiez Sabrina Santos Gabriela Hern\u00e1ndez Nicole Jim\u00e9nez Elevator Pitches<\/p>\n","protected":false},"author":2,"featured_media":0,"parent":0,"menu_order":0,"comment_status":"closed","ping_status":"closed","template":"","meta":{"footnotes":""},"class_list":["post-5304","page","type-page","status-publish","hentry"],"rttpg_featured_image_url":null,"rttpg_author":{"display_name":"NeuroID Program","author_link":"https:\/\/neuroid.uprrp.edu\/index.php\/author\/neuroid\/"},"rttpg_comment":0,"rttpg_category":null,"rttpg_excerpt":"Alexdiel Figueroa Mar\u00eda Bonilla Paola Eusebio Keimarie Berrios Wilma Richiez Sabrina Santos Gabriela Hern\u00e1ndez Nicole Jim\u00e9nez Elevator Pitches","_links":{"self":[{"href":"https:\/\/neuroid.uprrp.edu\/index.php\/wp-json\/wp\/v2\/pages\/5304","targetHints":{"allow":["GET"]}}],"collection":[{"href":"https:\/\/neuroid.uprrp.edu\/index.php\/wp-json\/wp\/v2\/pages"}],"about":[{"href":"https:\/\/neuroid.uprrp.edu\/index.php\/wp-json\/wp\/v2\/types\/page"}],"author":[{"embeddable":true,"href":"https:\/\/neuroid.uprrp.edu\/index.php\/wp-json\/wp\/v2\/users\/2"}],"replies":[{"embeddable":true,"href":"https:\/\/neuroid.uprrp.edu\/index.php\/wp-json\/wp\/v2\/comments?post=5304"}],"version-history":[{"count":26,"href":"https:\/\/neuroid.uprrp.edu\/index.php\/wp-json\/wp\/v2\/pages\/5304\/revisions"}],"predecessor-version":[{"id":9004,"href":"https:\/\/neuroid.uprrp.edu\/index.php\/wp-json\/wp\/v2\/pages\/5304\/revisions\/9004"}],"wp:attachment":[{"href":"https:\/\/neuroid.uprrp.edu\/index.php\/wp-json\/wp\/v2\/media?parent=5304"}],"curies":[{"name":"wp","href":"https:\/\/api.w.org\/{rel}","templated":true}]}}