{"id":5764,"date":"2021-07-09T11:57:41","date_gmt":"2021-07-09T15:57:41","guid":{"rendered":"https:\/\/neuroid.uprrp.edu\/?page_id=5764"},"modified":"2021-09-08T10:53:36","modified_gmt":"2021-09-08T14:53:36","slug":"podcast-3","status":"publish","type":"page","link":"https:\/\/neuroid.uprrp.edu\/index.php\/podcast-3\/","title":{"rendered":"Podcast 3"},"content":{"rendered":"\n<p style=\"font-size:clamp(16.293px, 1.018rem + ((1vw - 3.2px) * 0.771), 25px);px\">Title: &#8220;Des\u00f3rdenes de Ansiedad&#8221;<\/p>\n\n\n\n<p>By Xavier A. Avil\u00e9s<\/p>\n\n\n\n<div style=\"height:25px\" aria-hidden=\"true\" class=\"wp-block-spacer\"><\/div>\n\n\n\n<div class=\"wp-block-cover alignwide has-background-dim-30 has-neve-link-color-background-color has-background-dim has-custom-content-position is-position-center-left is-position-center-center\" style=\"min-height:250px;aspect-ratio:unset;\"><img fetchpriority=\"high\" decoding=\"async\" width=\"2000\" height=\"1125\" class=\"wp-block-cover__image-background wp-image-5743\" alt=\"\" src=\"https:\/\/neuroid.uprrp.edu\/wp-content\/uploads\/2021\/07\/Podcastbackground.png\" style=\"object-position:7% 61%\" data-object-fit=\"cover\" data-object-position=\"7% 61%\" srcset=\"https:\/\/neuroid.uprrp.edu\/wp-content\/uploads\/2021\/07\/Podcastbackground.png 2000w, https:\/\/neuroid.uprrp.edu\/wp-content\/uploads\/2021\/07\/Podcastbackground-300x169.png 300w, https:\/\/neuroid.uprrp.edu\/wp-content\/uploads\/2021\/07\/Podcastbackground-1024x576.png 1024w, https:\/\/neuroid.uprrp.edu\/wp-content\/uploads\/2021\/07\/Podcastbackground-768x432.png 768w, https:\/\/neuroid.uprrp.edu\/wp-content\/uploads\/2021\/07\/Podcastbackground-1536x864.png 1536w\" sizes=\"(max-width: 2000px) 100vw, 2000px\" \/><div class=\"wp-block-cover__inner-container is-layout-flow wp-block-cover-is-layout-flow\">\n<div style=\"height:28px\" aria-hidden=\"true\" class=\"wp-block-spacer\"><\/div>\n\n\n\n<div class=\"wp-block-columns is-layout-flex wp-container-core-columns-is-layout-28f84493 wp-block-columns-is-layout-flex\">\n<div class=\"wp-block-column is-layout-flow wp-block-column-is-layout-flow\" style=\"flex-basis:35%\">\n<div class=\"wp-block-image\"><figure class=\"aligncenter size-large is-resized\"><img decoding=\"async\" src=\"https:\/\/neuroid.uprrp.edu\/wp-content\/uploads\/2021\/07\/Xavier-Aviles-podcast-edited.png\" alt=\"\" class=\"wp-image-5770\" width=\"285\" height=\"285\" srcset=\"https:\/\/neuroid.uprrp.edu\/wp-content\/uploads\/2021\/07\/Xavier-Aviles-podcast-edited.png 688w, https:\/\/neuroid.uprrp.edu\/wp-content\/uploads\/2021\/07\/Xavier-Aviles-podcast-edited-300x300.png 300w, https:\/\/neuroid.uprrp.edu\/wp-content\/uploads\/2021\/07\/Xavier-Aviles-podcast-edited-150x150.png 150w, https:\/\/neuroid.uprrp.edu\/wp-content\/uploads\/2021\/07\/Xavier-Aviles-podcast-edited-45x45.png 45w\" sizes=\"(max-width: 285px) 100vw, 285px\" \/><\/figure><\/div>\n<\/div>\n\n\n\n<div class=\"wp-block-column is-layout-flow wp-block-column-is-layout-flow\" style=\"flex-basis:50%\">\n<div style=\"height:33px\" aria-hidden=\"true\" class=\"wp-block-spacer\"><\/div>\n\n\n\n<p class=\"has-nv-dark-bg-color has-text-color has-large-font-size\">Des\u00f3rdenes de Ansiedad<\/p>\n\n\n\n<p class=\"has-nv-dark-bg-color has-text-color\"><em>Una Investigaci\u00f3n Sobre los Diferentes Des\u00f3rdenes de la Ansiedad<\/em>.<\/p>\n\n\n\n<div style=\"height:10px\" aria-hidden=\"true\" class=\"wp-block-spacer\"><\/div>\n\n\n\n<figure class=\"wp-block-audio\"><audio controls src=\"https:\/\/d3ctxlq1ktw2nl.cloudfront.net\/staging\/2021-6-21\/8c544d3b-06d7-60ec-cea9-c4789b4be36e.mp3\"><\/audio><\/figure>\n\n\n\n<div style=\"height:11px\" aria-hidden=\"true\" class=\"wp-block-spacer\"><\/div>\n\n\n\n<div class=\"wp-block-columns is-layout-flex wp-container-core-columns-is-layout-28f84493 wp-block-columns-is-layout-flex\">\n<div class=\"wp-block-column is-layout-flow wp-block-column-is-layout-flow\">\n<div class=\"wp-block-buttons is-layout-flex wp-block-buttons-is-layout-flex\">\n<div class=\"wp-block-button\"><a class=\"wp-block-button__link has-neve-link-color-background-color has-background\" href=\"https:\/\/anchor.fm\/xavier-aviles-hernandez\/episodes\/Neurobiology-Podcast-e10lqaq\/a-a5hf70g\" style=\"border-radius:50px\" target=\"_blank\" rel=\"noreferrer noopener\">Podcast audio<\/a><\/div>\n<\/div>\n<\/div>\n<\/div>\n<\/div>\n<\/div>\n<\/div><\/div>\n\n\n\n<div style=\"height:30px\" aria-hidden=\"true\" class=\"wp-block-spacer\"><\/div>\n\n\n\n<div class=\"wp-block-file aligncenter\"><a href=\"https:\/\/neuroid.uprrp.edu\/wp-content\/uploads\/2021\/07\/Desordenes-de-Ansiedad.pptx-1.pdf\" target=\"_blank\" rel=\"noreferrer noopener\">Des\u00f3rdenes de Ansiedad<\/a><a href=\"https:\/\/neuroid.uprrp.edu\/wp-content\/uploads\/2021\/07\/Desordenes-de-Ansiedad.pptx-1.pdf\" class=\"wp-block-file__button\" download>OPEN PRESENTATION<\/a><\/div>\n\n\n\n<div style=\"height:47px\" aria-hidden=\"true\" class=\"wp-block-spacer\"><\/div>\n\n\n\n<hr class=\"wp-block-separator\"\/>\n\n\n\n<div class=\"wp-block-columns is-layout-flex wp-container-core-columns-is-layout-28f84493 wp-block-columns-is-layout-flex\">\n<div class=\"wp-block-column is-layout-flow wp-block-column-is-layout-flow\" style=\"flex-basis:15%\"><\/div>\n\n\n\n<div class=\"wp-block-column is-layout-flow wp-block-column-is-layout-flow\">\n<div class=\"wp-block-columns is-layout-flex wp-container-core-columns-is-layout-28f84493 wp-block-columns-is-layout-flex\">\n<div class=\"wp-block-column is-layout-flow wp-block-column-is-layout-flow\">\n<div class=\"wp-block-image\"><figure class=\"alignright size-large is-resized\"><a href=\"https:\/\/neuroid.uprrp.edu\/wp-content\/uploads\/2021\/07\/Xavier-Aviles.png\"><img decoding=\"async\" src=\"https:\/\/neuroid.uprrp.edu\/wp-content\/uploads\/2021\/07\/Xavier-Aviles-edited.png\" alt=\"\" class=\"wp-image-5775\" width=\"300\" height=\"300\" srcset=\"https:\/\/neuroid.uprrp.edu\/wp-content\/uploads\/2021\/07\/Xavier-Aviles-edited.png 221w, https:\/\/neuroid.uprrp.edu\/wp-content\/uploads\/2021\/07\/Xavier-Aviles-edited-150x150.png 150w, https:\/\/neuroid.uprrp.edu\/wp-content\/uploads\/2021\/07\/Xavier-Aviles-edited-45x45.png 45w\" sizes=\"(max-width: 300px) 100vw, 300px\" \/><\/a><\/figure><\/div>\n<\/div>\n\n\n\n<div class=\"wp-block-column is-vertically-aligned-center is-layout-flow wp-block-column-is-layout-flow\">\n<p class=\"has-medium-font-size\">Xavier A. Avil\u00e9s<\/p>\n\n\n\n<p>University of Puerto Rico, Rio Piedras Campus<br>Faculty: Natural Science<br>Baccalaureate: Molecular Cell Biology <br>Year: 4th<\/p>\n<\/div>\n<\/div>\n<\/div>\n\n\n\n<div class=\"wp-block-column is-layout-flow wp-block-column-is-layout-flow\" style=\"flex-basis:15%\"><\/div>\n<\/div>\n\n\n\n<hr class=\"wp-block-separator\"\/>\n\n\n\n<div style=\"height:51px\" aria-hidden=\"true\" class=\"wp-block-spacer\"><\/div>\n\n\n\n<div class=\"wp-block-columns is-layout-flex wp-container-core-columns-is-layout-28f84493 wp-block-columns-is-layout-flex\">\n<div class=\"wp-block-column is-layout-flow wp-block-column-is-layout-flow\" style=\"flex-basis:25%\"><\/div>\n\n\n\n<div class=\"wp-block-column is-layout-flow wp-block-column-is-layout-flow\" style=\"flex-basis:50%\">\n<h1 class=\"has-medium-font-size wp-block-heading\">Transcript (in spanish)<\/h1>\n\n\n\n<p>Para comenzar, mi nombre es Xavier A. Avil\u00e9s y este podcast es para hablar sobre ciertos aspectos de des\u00f3rdenes de ansiedad. Este podcast va a tocar acerca del contexto hist\u00f3rico de los des\u00f3rdenes de ansiedad, la descripci\u00f3n de algunos de estos des\u00f3rdenes, el diagn\u00f3stico y el tratamiento de estos. Tambi\u00e9n se tocar\u00e1 sobre recientes estudios acerca estos des\u00f3rdenes y su efecto en la salud de una persona. Por otro lado, se tocar\u00e1 acerca la prevalencia de ansiedad en Puerto Rico y Estados Unidos y como emergencias como la del hurac\u00e1n Mar\u00eda y COVID-19 puede tener n efecto en la ansiedad de las personas ya sean puertorrique\u00f1as o estadounidense.&nbsp;<\/p>\n\n\n\n<p>El <em>Hippocratic Corpus<\/em> era una colecci\u00f3n de textos m\u00e9dicos para la edad de antigua griega.&nbsp; Es aqu\u00ed donde el primer caso de fobia fue descrito en un paciente llamado Nicanor.&nbsp;<\/p>\n\n\n\n<p>Por otro lado, en el libro del <em>Tratado<\/em> de Cicero y S\u00e9neca, Cicero nombra este desorden como Angor (Ansiedad) la cual es caracterizada como un desorden de \u201cconstricci\u00f3n\u201d.&nbsp;<\/p>\n\n\n\n<p>Seguimos al 1621 y el libro The Anatomy of Melancholy por Robert Burton habla sobre el desorden de ansiedad. Excepto que, para este tiempo, la ansiedad estaba integrada con el desorden de depresi\u00f3n o \u201cmelancol\u00eda\u201d.<\/p>\n\n\n\n<p>En el 1952, cuando se publica el DSM-I, el desorden de ansiedad era integrado con el desorden psiconeur\u00f3ticos.&nbsp;<\/p>\n\n\n\n<p>Incluso, la caracter\u00edstica principal de estos tipos de des\u00f3rdenes era la ansiedad. No es hasta el 1980 cuando el DSM-III fue publicado que se define mejor el desorden de ansiedad.&nbsp;<\/p>\n\n\n\n<p>Adem\u00e1s, este cap\u00edtulo inclu\u00eda fobias, fobia social, desorden de ansiedad general (GAD) y desorden de estr\u00e9s post traum\u00e1tico (PTSD).<\/p>\n\n\n\n<p>Entonces, voy a hablar de estos tipos de ansiedad y sus caracter\u00edsticas principales.<\/p>\n\n\n\n<p>Primeramente, est\u00e1 el tipo de Generalized Anxiety Disorder. Este es caracterizado como un desorden de ansiedad cr\u00f3nico donde la persona no pueda controlar su ansiedad por un periodo prolongado. Una persona con GAD suele tener dificultad sus preocupaciones por un periodo mas de 6 meses. Adem\u00e1s, esta persona tambi\u00e9n debe de presentar 3 s\u00edntomas o mas tal como dificultad concentr\u00e1ndose, teniendo nerviosismo, pulso elevado o respirando r\u00e1pido y otros s\u00edntomas m\u00e1s.&nbsp;<\/p>\n\n\n\n<p>Por otro lado, tambi\u00e9n est\u00e1 el tipo de ansiedad social. Este es caracterizado como un desorden de ansiedad en donde la persona tiene niveles elevados de preocupaci\u00f3n en situaciones sociales. Incluso, este desorden causa que la persona evita situaciones sociales por miedo de ser juzgado por otras personas.&nbsp;<\/p>\n\n\n\n<p>Otro tipo de desorden de ansiedad es el de las fobias. Este es caracterizado como un desorden en que la persona experimenta una ansiedad aguda cuando esta expuesto ciertos objetos o situaciones. Por ejemplo, acrofobia es la fobia de las alturas.&nbsp;<\/p>\n\n\n\n<p>Tambi\u00e9n est\u00e1 el OCD que es Obsessive Compulsive Disorder. Como dice en el nombre el desorden OCD causa pensamientos obsesivos y acciones compulsivas.<\/p>\n\n\n\n<p>En el caso obsesivo, uno puede estar pensando constantemente en sucio o g\u00e9rmenes. Por otro lado, el lado compulsivo del desorden lleva a que la persona hagas ciertas acciones o rituales para calmar los pensamientos compulsivos.&nbsp;<\/p>\n\n\n\n<p>Estas acciones pueden ser frecuentemente lavando las manos, prendiendo o apagando las luces cierto n\u00famero de veces u otras acciones compulsivas.&nbsp;<\/p>\n\n\n\n<p>Para el diagn\u00f3stico, existe dos modos de diagnosticar una persona con un tipo de desorden de ansiedad.<\/p>\n\n\n\n<p>En un lado est\u00e1 el DSM- V que fue creado por la Asociaci\u00f3n Americana de Psicolog\u00eda. Este es el que es usado para diagnosticar pacientes en Estados Unidos con un desorden de ansiedad.<\/p>\n\n\n\n<p>Mientras tanto, tambi\u00e9n est\u00e1 el ICD-10 la cual fue creada por la Organizaci\u00f3n Mundial de la Salud. Esta es usada internacionalmente para diagnosticar pacientes con el desorden de ansiedad.&nbsp;<\/p>\n\n\n\n<p>Tambi\u00e9n existen algunos biomarcadores y factores gen\u00e9ticos que son usados para poder diagnosticar personas con des\u00f3rdenes de ansiedad. En el art\u00edculo <em>A Genome-Wide Test of the Differential Susceptibility Hypothesis Reveals a Genetic Predictor of Differential Response to Psychological Treatments for Child Anxiety Disorders, <\/em>se encontr\u00f3 que el gen UHMK1 puede contribuir a la prevalencia de des\u00f3rdenes de ansiedad. Sin embargo, m\u00e1s estudio se necesitan hacer para verificar este estipulado.&nbsp;<\/p>\n\n\n\n<p>Otro biomarcador usado en el diagn\u00f3stico y estudio de des\u00f3rdenes de ansiedad es mediante el uso de neuroim\u00e1genes como fMRI. Esta es usada ya que personas con este desorden tienen estructuras del cerebro desregulado como el PFC, am\u00edgdala e hipocampo.&nbsp;&nbsp;<\/p>\n\n\n\n<p>Para los tratamientos de este desorden, como este tiene ciertos aspectos similares a la depresi\u00f3n, algunos modos de tratamiento como el SSRI y las benzodiazepinas son utilizadas para tratar estos des\u00f3rdenes.&nbsp;<\/p>\n\n\n\n<p>En el caso de las benzodiazepinas un art\u00edculo por Shinfuku M. encuentra que el uso prolongado no es endosado debido a sus efectos secundarios. Esto mismo es mencionado en otro estudio por Bushnell G. A. ya que se encontr\u00f3 que personas j\u00f3venes en tratamientos con benzodiazepinas tienen mayor riesgo de tener fracturas que personas en tratamiento con SSRIs.<\/p>\n\n\n\n<p>Entonces, de acuerdo con estos art\u00edculos, el tratamiento de SSRI tiene mayor beneficio ya que causa menos efectos secundarios severos que las benzodiazepinas.&nbsp;<\/p>\n\n\n\n<p>Por otro lado, un estudio titulado <em>Paroxetine, Cognitive Therapy or Their Combination in the Treatment of Social Anxiety Disorder with and without Avoidant Personality Disorder: A Randomized Clinical Trial <\/em>busco verificar la diferencia entre el tratamiento de Paroxetine y CBT para personas con des\u00f3rdenes de ansiedad social.<\/p>\n\n\n\n<p>Este estudio encontr\u00f3 que una mayor proporci\u00f3n de personas tuvieron una mejor raz\u00f3n de recuperaci\u00f3n con el tratamiento de CBT que con el SSRI. Adem\u00e1s, usando una combinaci\u00f3n de ambas no result\u00f3 en un cambio significativo.&nbsp;<\/p>\n<\/div>\n\n\n\n<div class=\"wp-block-column is-layout-flow wp-block-column-is-layout-flow\" style=\"flex-basis:25%\"><\/div>\n<\/div>\n\n\n\n<p class=\"has-text-align-right\">Continue to next page&#8230;<\/p>\n\n\n\n<!--nextpage-->\n\n\n\n<div class=\"wp-block-columns is-layout-flex wp-container-core-columns-is-layout-28f84493 wp-block-columns-is-layout-flex\">\n<div class=\"wp-block-column is-layout-flow wp-block-column-is-layout-flow\" style=\"flex-basis:25%\"><\/div>\n\n\n\n<div class=\"wp-block-column is-layout-flow wp-block-column-is-layout-flow\" style=\"flex-basis:50%\">\n<p>Este estipulado tambi\u00e9n es apoyado por un estudio publicado por Naoki Yoshinaga que encontr\u00f3 que pacientes con SAD que ten\u00edan un tratamiento de SSRI y CBT tuvieron una raz\u00f3n de recuperaci\u00f3n significativamente mejor que personas con solamente el tratamiento de SSRI.&nbsp; <\/p>\n\n\n\n<p>Por lo tanto, se puede concluir que el tratamiento de CBT es muy efectivo en tratar des\u00f3rdenes de ansiedad. Incluso, este mismo tratamiento puede ofrecerse mediante telecomunicaciones en vez de presencial.&nbsp;<\/p>\n\n\n\n<p>Por ejemplo, un estudio por Holland J. encontr\u00f3 que este modo de terapia tenia varios aspectos positivos en los pacientes ya que esta sol\u00eda ser m\u00e1s f\u00e1cil para los pacientes asistir a las sesiones.<\/p>\n\n\n\n<p>Sin embargo, este tambi\u00e9n ten\u00eda sus aspectos negativos tal como el costo efectividad del modo y si este era sustentable.&nbsp;<\/p>\n\n\n\n<p>Aparte de los tratamientos y diagn\u00f3stico de los des\u00f3rdenes de ansiedad. Este podcast tambi\u00e9n estar\u00e1 hablando sobre los efectos que estos des\u00f3rdenes tienen ya sea en la salud de la persona y en un aspecto social.&nbsp;<\/p>\n\n\n\n<p>En el aspecto de la salud, teniendo ansiedad tiene efecto negativo en varios sistemas del cuerpo ya que este desorden causa una elevaci\u00f3n de cortisol en el sistema causado por la desregulaci\u00f3n del am\u00edgdala e hipocampo.&nbsp;<\/p>\n\n\n\n<p>Entonces, esta alza prolongada de cortisol en el cuerpo causa problemas en la salud como problemas digestivos, musculares y cardiovasculares.&nbsp;<\/p>\n\n\n\n<p>Por otro lado, en el aspecto social, teniendo un desorden de ansiedad causa la persona se retire socialmente y sea m\u00e1s dif\u00edcil mantener conexiones sociales especialmente si la persona sufre de ansiedad social.<\/p>\n\n\n\n<p>Esta falta de conexi\u00f3n social entonces puede agravar m\u00e1s el problema de desorden de ansiedad en la persona.&nbsp;<\/p>\n\n\n\n<p>En comparaci\u00f3n con la poblaci\u00f3n de Estados Unidos, un estudio titulado <em>A comparison of&nbsp;the&nbsp;prevalence of&nbsp;psychiatric disorders in&nbsp;Puerto Rico with&nbsp;the&nbsp;United States and&nbsp;the&nbsp;Puerto Rican population of&nbsp;the&nbsp;United States <\/em>encontr\u00f3 que la poblaci\u00f3n puertorrique\u00f1a ten\u00eda un mayor soporte social y menor prevalencia de des\u00f3rdenes de ansiedad. Aunque tambi\u00e9n se encontr\u00f3 que la poblaci\u00f3n puertorrique\u00f1a tambi\u00e9n ten\u00eda una mayor dependencia a drogas y alcohol.<\/p>\n\n\n\n<p>Sin embargo, un estudio titulado <em>The Mental Health Impact of Hurricane Maria on Puerto Ricans in Puerto Rico and Florida<\/em> encontr\u00f3 que debido a fen\u00f3menos naturales como el hurac\u00e1n mar\u00eda, los puertorrique\u00f1os viviendo en el estado de Florida ten\u00edan una mayor prevalencia de PTSD. Por otro lado, el estudio encontr\u00f3 que entre los puertorrique\u00f1os viviendo en lugares urbanizados ten\u00edan una mayor prevalencia de s\u00edntomas de ansiedad que los que viv\u00edan en urbanizaciones rurales.<\/p>\n\n\n\n<p>Finalmente, el art\u00edculo <em>Anxiety and depression in COVID-19 survivors: Role of inflammatory and clinical predictors<\/em> describe el efecto que COVID-19 ha tenido en la prevalencia de des\u00f3rdenes neurol\u00f3gicos en una muestra de pacientes. En este estudio, se encontr\u00f3 que un 42% de las personas en la muestra ten\u00edan s\u00edntomas de des\u00f3rdenes de ansiedad.&nbsp;<\/p>\n\n\n\n<p>El art\u00edculo tambi\u00e9n estipula que esta alza significativa de des\u00f3rdenes neurol\u00f3gicos puede ser a causa de respuestas inmunol\u00f3gicas o por estresores ambientales causados por la enfermedad.&nbsp;<\/p>\n\n\n\n<p>En fin, la categor\u00eda de des\u00f3rdenes de ansiedad es una con una variedad de diferentes des\u00f3rdenes neurol\u00f3gicos. Estos des\u00f3rdenes pueden tener unos efectos altamente negativos en el bienestar de la persona ya sea f\u00edsico como social. Por lo tanto, estos son usualmente tratados con SSRIs y CBT o una combinaci\u00f3n de ambos.&nbsp; Sin embargo, se debe recalcar que estos tratamientos no son completamente efectivos y que se m\u00e1s estudios acerca estos des\u00f3rdenes se debe seguir haciendo para as\u00ed poder encontrar una posible combinaci\u00f3n de tratamientos que pueda ofrecer mejor calidad de vida para estas personas que sufren de des\u00f3rdenes de ansiedad.&nbsp;<\/p>\n\n\n\n<p><\/p>\n<\/div>\n\n\n\n<div class=\"wp-block-column is-layout-flow wp-block-column-is-layout-flow\" style=\"flex-basis:25%\"><\/div>\n<\/div>\n\n\n\n<!--nextpage-->\n\n\n\n<div class=\"wp-block-columns is-layout-flex wp-container-core-columns-is-layout-28f84493 wp-block-columns-is-layout-flex\">\n<div class=\"wp-block-column is-layout-flow wp-block-column-is-layout-flow\" style=\"flex-basis:25%\"><\/div>\n\n\n\n<div class=\"wp-block-column is-layout-flow wp-block-column-is-layout-flow\" style=\"flex-basis:50%\">\n<p><strong>Referencias<\/strong><\/p>\n\n\n\n<p>Anxiety &amp; Depression Association of America. (n.d.). Generalized anxiety Disorder (GAD): Anxiety and Depression Association of America, ADAA. Retrieved May 11, 2021, from https:\/\/adaa.org\/understanding-anxiety\/generalized-anxiety-disorder-gad<\/p>\n\n\n\n<p>Bushnell, G. A., Gerhard, T., Crystal, S., &amp; Olfson, M. (2020). Benzodiazepine Treatment and Fracture Risk in Young Persons with Anxiety Disorders. <em>Pediatrics<\/em>, <em>146<\/em>(1). https:\/\/doi.org\/10.1542\/peds.2019-3478&nbsp;<\/p>\n\n\n\n<p>Canino, G., Shrout, P. E., NeMoyer, A., Vila, D., Santiago, K. M., Garcia, P., \u2026 Alegria, M. (2019). A comparison of the prevalence of psychiatric disorders in Puerto Rico with the United States and the Puerto Rican population of the United States. <em>Social Psychiatry and Psychiatric Epidemiology<\/em>, <em>54<\/em>(3), 369\u2013378. https:\/\/doi.org\/10.1007\/s00127-019-01653-6&nbsp;<\/p>\n\n\n\n<p>Crocq, M. (2015). A history of ANXIETY: FROM Hippocrates to DSM. <em>Anxiety,<\/em> <em>17<\/em>(3), 319-325. doi:10.31887\/dcns.2015.17.3\/macrocq<\/p>\n\n\n\n<p>Holland, J., Hatcher, W., &amp; Meares, W. (2018). Understanding the Implementation of Telemental Health in Rural Mississippi. <em>Journal of Health and Human Services Administration<\/em>, <em>41<\/em>(1), 52\u201386.&nbsp;<\/p>\n\n\n\n<p>How stress affects your body and behavior. (2019, April 04). Retrieved May 11, 2021, from https:\/\/www.mayoclinic.org\/healthy-lifestyle\/stress-management\/in-depth\/stress-symptoms\/art-20050987<\/p>\n\n\n\n<p>Keers, R., Coleman, J. R. I., Lester, K. J., Roberts, S., Breen, G., Thastum, M., \u2026 Eley, T. C. (2016). A Genome-Wide Test of the Differential Susceptibility Hypothesis Reveals a Genetic Predictor of Differential Response to Psychological Treatments for Child Anxiety Disorders. <em>Psychotherapy and Psychosomatics<\/em>, <em>85<\/em>(3), 146\u2013158. https:\/\/doi.org\/10.1159\/000444023&nbsp;<\/p>\n\n\n\n<p>Kishimoto, T., Krieger, T., Berger, T., Qian, M., Chen, H., &amp; Yang, Y. (2016). Internet-Based Cognitive Behavioral Therapy for Social Anxiety with and without Guidance Compared to a Wait List in China: A Propensity Score Study. <em>Psychotherapy and Psychosomatics<\/em>, <em>85<\/em>(5), 317\u2013319. https:\/\/doi.org\/10.1159\/000446584&nbsp;<\/p>\n\n\n\n<p>Mayo Clinic. (2018, May 04). Anxiety disorders. Retrieved May 11, 2021, from <a href=\"https:\/\/www.mayoclinic.org\/diseases-conditions\/anxiety\/symptoms-causes\/syc-20350961\">https:\/\/www.mayoclinic.org\/diseases-conditions\/anxiety\/symptoms-causes\/syc-20350961<\/a><\/p>\n\n\n\n<p>Mazza, M. G., De Lorenzo, R., Conte, C., Poletti, S., Vai, B., Bollettini, I., \u2026 Benedetti, F. (2020). Anxiety and depression in COVID-19 survivors: Role of inflammatory and clinical predictors. <em>Brain, Behavior, and Immunity<\/em>, <em>89<\/em>, 594\u2013600. https:\/\/doi.org\/10.1016\/j.bbi.2020.07.037&nbsp;<\/p>\n\n\n\n<p>Nordahl, H. M., Vogel, P. A., Morken, G., Stiles, T. C., Sandvik, P., &amp; Wells, A. (2016). Paroxetine, Cognitive Therapy or Their Combination in the Treatment of Social Anxiety Disorder with and without Avoidant Personality Disorder: A Randomized Clinical Trial. <em>Psychotherapy and Psychosomatics<\/em>, <em>85<\/em>(6), 346\u2013356. https:\/\/doi.org\/10.1159\/000447013&nbsp;<\/p>\n\n\n\n<p>Scaramutti, C., Salas-Wright, C. P., Vos, S. R., &amp; Schwartz, S. J. (2019). The Mental Health Impact of Hurricane Maria on Puerto Ricans in Puerto Rico and Florida. <em>Disaster Medicine and Public Health Preparedness<\/em>, <em>13<\/em>(1), 24\u201327. https:\/\/doi.org\/10.1017\/dmp.2018.151&nbsp;<\/p>\n\n\n\n<p>Shinfuku, M., Kishimoto, T., Uchida, H., Suzuki, T., Mimura, M., &amp; Kikuchi, T. (2019). Effectiveness and safety of long-term benzodiazepine use in anxiety disorders. <em>International Clinical Psychopharmacology<\/em>, <em>34<\/em>(5), 211\u2013221. https:\/\/doi.org\/10.1097\/yic.0000000000000276&nbsp;<\/p>\n\n\n\n<p>Yoshinaga, N., Matsuki, S., Niitsu, T., Sato, Y., Tanaka, M., Ibuki, H., \u2026 Shimizu, E. (2016). Cognitive Behavioral Therapy for Patients with Social Anxiety Disorder Who Remain Symptomatic following Antidepressant Treatment: A Randomized, Assessor-Blinded, Controlled Trial. <em>Psychotherapy and Psychosomatics<\/em>, <em>85<\/em>(4), 208\u2013217. https:\/\/doi.org\/10.1159\/000444221&nbsp;<\/p>\n\n\n\n<p><strong>Enlace del podcast: <\/strong><a href=\"https:\/\/anchor.fm\/xavier-aviles-hernandez\/episodes\/Neurobiology-Podcast-e10lqaq\"><strong>https:\/\/anchor.fm\/xavier-aviles-hernandez\/episodes\/Neurobiology-Podcast-e10lqaq<\/strong><\/a><\/p>\n<\/div>\n\n\n\n<div class=\"wp-block-column is-layout-flow wp-block-column-is-layout-flow\" style=\"flex-basis:25%\"><\/div>\n<\/div>\n","protected":false},"excerpt":{"rendered":"<p>Title: &#8220;Des\u00f3rdenes de Ansiedad&#8221; By Xavier A. Avil\u00e9s Xavier A. Avil\u00e9s University of Puerto Rico, Rio Piedras CampusFaculty: Natural ScienceBaccalaureate: Molecular Cell Biology Year: 4th Transcript (in spanish) Para comenzar, mi nombre es Xavier A. Avil\u00e9s y este podcast es para hablar sobre ciertos aspectos de des\u00f3rdenes de ansiedad. Este podcast va a tocar acerca &hellip; <\/p>\n<p class=\"link-more\"><a href=\"https:\/\/neuroid.uprrp.edu\/index.php\/podcast-3\/\" class=\"more-link\">Read more<span class=\"screen-reader-text\"> &#8220;Podcast 3&#8221;<\/span><\/a><\/p>\n","protected":false},"author":5,"featured_media":0,"parent":0,"menu_order":0,"comment_status":"closed","ping_status":"closed","template":"","meta":{"footnotes":""},"class_list":["post-5764","page","type-page","status-publish","hentry"],"rttpg_featured_image_url":null,"rttpg_author":{"display_name":"admin","author_link":"https:\/\/neuroid.uprrp.edu\/index.php\/author\/admin\/"},"rttpg_comment":0,"rttpg_category":null,"rttpg_excerpt":"Title: &#8220;Des\u00f3rdenes de Ansiedad&#8221; By Xavier A. Avil\u00e9s Xavier A. Avil\u00e9s University of Puerto Rico, Rio Piedras CampusFaculty: Natural ScienceBaccalaureate: Molecular Cell Biology Year: 4th Transcript (in spanish) Para comenzar, mi nombre es Xavier A. Avil\u00e9s y este podcast es para hablar sobre ciertos aspectos de des\u00f3rdenes de ansiedad. Este podcast va a tocar acerca&hellip;","_links":{"self":[{"href":"https:\/\/neuroid.uprrp.edu\/index.php\/wp-json\/wp\/v2\/pages\/5764","targetHints":{"allow":["GET"]}}],"collection":[{"href":"https:\/\/neuroid.uprrp.edu\/index.php\/wp-json\/wp\/v2\/pages"}],"about":[{"href":"https:\/\/neuroid.uprrp.edu\/index.php\/wp-json\/wp\/v2\/types\/page"}],"author":[{"embeddable":true,"href":"https:\/\/neuroid.uprrp.edu\/index.php\/wp-json\/wp\/v2\/users\/5"}],"replies":[{"embeddable":true,"href":"https:\/\/neuroid.uprrp.edu\/index.php\/wp-json\/wp\/v2\/comments?post=5764"}],"version-history":[{"count":11,"href":"https:\/\/neuroid.uprrp.edu\/index.php\/wp-json\/wp\/v2\/pages\/5764\/revisions"}],"predecessor-version":[{"id":6060,"href":"https:\/\/neuroid.uprrp.edu\/index.php\/wp-json\/wp\/v2\/pages\/5764\/revisions\/6060"}],"wp:attachment":[{"href":"https:\/\/neuroid.uprrp.edu\/index.php\/wp-json\/wp\/v2\/media?parent=5764"}],"curies":[{"name":"wp","href":"https:\/\/api.w.org\/{rel}","templated":true}]}}