{"id":5809,"date":"2021-07-09T14:40:33","date_gmt":"2021-07-09T18:40:33","guid":{"rendered":"https:\/\/neuroid.uprrp.edu\/?page_id=5809"},"modified":"2021-07-09T14:42:08","modified_gmt":"2021-07-09T18:42:08","slug":"podcast-6-sofia-benitez","status":"publish","type":"page","link":"https:\/\/neuroid.uprrp.edu\/index.php\/podcast-6-sofia-benitez\/","title":{"rendered":"Podcast 6"},"content":{"rendered":"\n<p style=\"font-size:clamp(16.293px, 1.018rem + ((1vw - 3.2px) * 0.771), 25px);px\">Title: \u201cAnorexia Nervosa&#8221;<\/p>\n\n\n\n<p>By Sof\u00eda Ben\u00edtez<\/p>\n\n\n\n<div style=\"height:25px\" aria-hidden=\"true\" class=\"wp-block-spacer\"><\/div>\n\n\n\n<div class=\"wp-block-cover alignwide has-background-dim-30 has-neve-link-color-background-color has-background-dim has-custom-content-position is-position-center-left is-position-center-center\" style=\"min-height:250px;aspect-ratio:unset;\"><img fetchpriority=\"high\" decoding=\"async\" width=\"2000\" height=\"1125\" class=\"wp-block-cover__image-background wp-image-5743\" alt=\"\" src=\"https:\/\/neuroid.uprrp.edu\/wp-content\/uploads\/2021\/07\/Podcastbackground.png\" style=\"object-position:7% 61%\" data-object-fit=\"cover\" data-object-position=\"7% 61%\" srcset=\"https:\/\/neuroid.uprrp.edu\/wp-content\/uploads\/2021\/07\/Podcastbackground.png 2000w, https:\/\/neuroid.uprrp.edu\/wp-content\/uploads\/2021\/07\/Podcastbackground-300x169.png 300w, https:\/\/neuroid.uprrp.edu\/wp-content\/uploads\/2021\/07\/Podcastbackground-1024x576.png 1024w, https:\/\/neuroid.uprrp.edu\/wp-content\/uploads\/2021\/07\/Podcastbackground-768x432.png 768w, https:\/\/neuroid.uprrp.edu\/wp-content\/uploads\/2021\/07\/Podcastbackground-1536x864.png 1536w\" sizes=\"(max-width: 2000px) 100vw, 2000px\" \/><div class=\"wp-block-cover__inner-container is-layout-flow wp-block-cover-is-layout-flow\">\n<div style=\"height:28px\" aria-hidden=\"true\" class=\"wp-block-spacer\"><\/div>\n\n\n\n<div class=\"wp-block-columns is-layout-flex wp-container-core-columns-is-layout-28f84493 wp-block-columns-is-layout-flex\">\n<div class=\"wp-block-column is-layout-flow wp-block-column-is-layout-flow\" style=\"flex-basis:35%\">\n<div class=\"wp-block-image\"><figure class=\"aligncenter size-large is-resized\"><a href=\"https:\/\/neuroid.uprrp.edu\/wp-content\/uploads\/2021\/07\/Screen-Shot-2021-07-06-at-4.00.53-PM.png\"><img decoding=\"async\" src=\"https:\/\/neuroid.uprrp.edu\/wp-content\/uploads\/2021\/07\/Screen-Shot-2021-07-06-at-4.00.53-PM.png\" alt=\"\" class=\"wp-image-5627\" width=\"285\" height=\"285\" srcset=\"https:\/\/neuroid.uprrp.edu\/wp-content\/uploads\/2021\/07\/Screen-Shot-2021-07-06-at-4.00.53-PM-150x150.png 150w, https:\/\/neuroid.uprrp.edu\/wp-content\/uploads\/2021\/07\/Screen-Shot-2021-07-06-at-4.00.53-PM-45x45.png 45w\" sizes=\"(max-width: 285px) 100vw, 285px\" \/><\/a><\/figure><\/div>\n<\/div>\n\n\n\n<div class=\"wp-block-column is-layout-flow wp-block-column-is-layout-flow\" style=\"flex-basis:50%\">\n<div style=\"height:24px\" aria-hidden=\"true\" class=\"wp-block-spacer\"><\/div>\n\n\n\n<p class=\"has-nv-dark-bg-color has-text-color has-large-font-size\">Anorexia Nervosa<\/p>\n\n\n\n<p class=\"has-nv-dark-bg-color has-text-color\"><em>La anorexia nervosa es un desorden alimentario en el cual las personas que sufren de este restringen la cantidad o el tipo de comidas y\/o limitan la ingesta cal\u00f3rica.<\/em><\/p>\n\n\n\n<div style=\"height:21px\" aria-hidden=\"true\" class=\"wp-block-spacer\"><\/div>\n\n\n\n<div class=\"wp-block-columns is-layout-flex wp-container-core-columns-is-layout-28f84493 wp-block-columns-is-layout-flex\">\n<div class=\"wp-block-column is-layout-flow wp-block-column-is-layout-flow\">\n<figure class=\"wp-block-audio aligncenter\"><audio controls src=\"https:\/\/me-qr.com\/data\/mp3\/305028.mp3\"><\/audio><\/figure>\n\n\n\n<div style=\"height:17px\" aria-hidden=\"true\" class=\"wp-block-spacer\"><\/div>\n\n\n\n<div class=\"wp-block-buttons is-layout-flex wp-block-buttons-is-layout-flex\">\n<div class=\"wp-block-button\"><a class=\"wp-block-button__link has-neve-link-color-background-color has-background\" href=\"https:\/\/me-qr.com\/data\/mp3\/305028.mp3\" style=\"border-radius:50px\" target=\"_blank\" rel=\"noreferrer noopener\">Podcast audio<\/a><\/div>\n<\/div>\n<\/div>\n<\/div>\n<\/div>\n<\/div>\n<\/div><\/div>\n\n\n\n<div style=\"height:30px\" aria-hidden=\"true\" class=\"wp-block-spacer\"><\/div>\n\n\n\n<div class=\"wp-block-buttons is-content-justification-center is-layout-flex wp-block-buttons-is-layout-flex\">\n<div class=\"wp-block-button is-style-default\"><a class=\"wp-block-button__link\" href=\"https:\/\/me-qr.com\/data\/pdf\/305050.pdf\">open presentation<\/a><\/div>\n<\/div>\n\n\n\n<div style=\"height:47px\" aria-hidden=\"true\" class=\"wp-block-spacer\"><\/div>\n\n\n\n<hr class=\"wp-block-separator\"\/>\n\n\n\n<div class=\"wp-block-columns is-layout-flex wp-container-core-columns-is-layout-28f84493 wp-block-columns-is-layout-flex\">\n<div class=\"wp-block-column is-layout-flow wp-block-column-is-layout-flow\" style=\"flex-basis:15%\"><\/div>\n\n\n\n<div class=\"wp-block-column is-layout-flow wp-block-column-is-layout-flow\">\n<div class=\"wp-block-columns is-layout-flex wp-container-core-columns-is-layout-28f84493 wp-block-columns-is-layout-flex\">\n<div class=\"wp-block-column is-layout-flow wp-block-column-is-layout-flow\">\n<div class=\"wp-block-image\"><figure class=\"alignright size-large is-resized\"><a href=\"https:\/\/neuroid.uprrp.edu\/wp-content\/uploads\/2021\/07\/Sofia-Benitez.png\"><img decoding=\"async\" src=\"https:\/\/neuroid.uprrp.edu\/wp-content\/uploads\/2021\/07\/Sofia-Benitez-edited.png\" alt=\"\" class=\"wp-image-5811\" width=\"300\" height=\"300\" srcset=\"https:\/\/neuroid.uprrp.edu\/wp-content\/uploads\/2021\/07\/Sofia-Benitez-edited.png 477w, https:\/\/neuroid.uprrp.edu\/wp-content\/uploads\/2021\/07\/Sofia-Benitez-edited-300x300.png 300w, https:\/\/neuroid.uprrp.edu\/wp-content\/uploads\/2021\/07\/Sofia-Benitez-edited-150x150.png 150w, https:\/\/neuroid.uprrp.edu\/wp-content\/uploads\/2021\/07\/Sofia-Benitez-edited-45x45.png 45w\" sizes=\"(max-width: 300px) 100vw, 300px\" \/><\/a><\/figure><\/div>\n<\/div>\n\n\n\n<div class=\"wp-block-column is-vertically-aligned-center is-layout-flow wp-block-column-is-layout-flow\">\n<p class=\"has-medium-font-size\">Sof\u00eda Ben\u00edtez<\/p>\n\n\n\n<p>University of Puerto Rico, Rio Piedras Campus<br>Faculty: Natural Science<br>Baccalaureate: Biology <br>Year: 5th<\/p>\n<\/div>\n<\/div>\n<\/div>\n\n\n\n<div class=\"wp-block-column is-layout-flow wp-block-column-is-layout-flow\" style=\"flex-basis:15%\"><\/div>\n<\/div>\n\n\n\n<hr class=\"wp-block-separator\"\/>\n\n\n\n<div style=\"height:51px\" aria-hidden=\"true\" class=\"wp-block-spacer\"><\/div>\n\n\n\n<div class=\"wp-block-columns is-layout-flex wp-container-core-columns-is-layout-28f84493 wp-block-columns-is-layout-flex\">\n<div class=\"wp-block-column is-layout-flow wp-block-column-is-layout-flow\" style=\"flex-basis:25%\"><\/div>\n\n\n\n<div class=\"wp-block-column is-layout-flow wp-block-column-is-layout-flow\" style=\"flex-basis:50%\">\n<h1 class=\"has-medium-font-size wp-block-heading\">Transcript (in spanish) <\/h1>\n\n\n\n<p>Transcripci\u00f3n del podcast \u201cAnorexia nervosa\u201d<\/p>\n\n\n\n<p>Saludos mi nombre es Sof\u00eda Ben\u00edtez y les estar\u00e9 hablando sobre la anorexia nervosa.<\/p>\n\n\n\n<p>La anorexia nervosa es un desorden alimentario en el cual las personas que sufren de este se privan de la comida. Esto puede ocurrir mediante la restricci\u00f3n cal\u00f3rica o la disminuci\u00f3n de la cantidad de comida. Adicionalmente, las personas que sufren de esta enfermedad tambi\u00e9n pueden restringir el tipo de comida y desarrollar conductas, como ejercitarse excesivamente, para as\u00ed poder perder peso. Aunque la etiolog\u00eda de esta enfermedad a\u00fan no se comprende se cree que esta yace en la interacci\u00f3n de factores gen\u00e9ticos y factores ambientales. Mediante estudios de asociaci\u00f3n del genoma completo, o GWAS por sus siglas en ingl\u00e9s, est\u00e1n identificados dos genes que podr\u00edan estar involucrados en el riesgo a desarrollar esta enfermedad un estudio del 2014 encontr\u00f3 que las variantes de los genes <em>SOX2OT<\/em> y <em>PPP3CA <\/em>podr\u00edan estar asociadas a la anorexia nervosa. M\u00e1s a\u00fan, otro estudio de GWAS encontr\u00f3 que el gen <em>SOX2OT<\/em> tambi\u00e9n puede estar involucrado en comorbilidad entre el desorden bipolar y des\u00f3rdenes alimentarios. Sin embargo, un estudio m\u00e1s reciente del 2019 concluy\u00f3 que los genes identificados como <em>CADM1, MGMT, FOXP1 <\/em>y <em>PTBP2<\/em> pueden tener un rol en la etiolog\u00eda de la enfermedad&nbsp;<\/p>\n\n\n\n<p>Como se hab\u00eda mencionado anteriormente, se cree que la causa de la enfermedad es multifactorial por lo que tambi\u00e9n se deben tomar en consideraci\u00f3n las causas ambientales que pueden propiciar el desarrollo de la anorexia nervosa. En la era digital estamos constantemente expuestos hay idealizaciones sociales sobre cuerpos y pesos ideales que pueden influir en la percepci\u00f3n del cuerpo propio y llevar a una insatisfacci\u00f3n con el f\u00edsico. M\u00e1s aun, factores en la crianza, como relaciones entre padres e hijos, y estresores durante la ni\u00f1ez pueden tener un rol en el desarrollo de des\u00f3rdenes alimentarios. Adicionalmente, se cree que la personalidad tambi\u00e9n puede estar involucrada en el riesgo en particular personas perfeccionistas o que son particulares en seguir reglas. Esto puede ser debido a que estas personas podr\u00edan sentir una satisfacci\u00f3n el control de c\u00f3mo y cu\u00e1nto comen y adicionalmente a c\u00f3mo se ven. Sufrir de otros des\u00f3rdenes mentales tambi\u00e9n puede ser un factor involucrado en el desarrollo de la anorexia nervosa pues esta tiene una comorbilidad 56.2% con cualquier desorden mental. En particular esta enfermedad presenta una alta comorbilidad con des\u00f3rdenes de ansiedad a 14.7% y desordenes del animo a un 42.1%.&nbsp;<\/p>\n\n\n\n<p>Los pacientes con anorexia nervosa se pueden sentir agobiados por su peso como se ven. Muchas veces creen que est\u00e1n muy gordos o gordas e insisten en la necesidad de rebajar. Estos sentimientos hacia el peso pueden llevar a desarrollar conductas para poder perder algunas libras: c\u00f3mo limitar la cantidad o el tipo de comida, ejercitarse demasiado, utilizar el laxante, prestarles demasiada atenci\u00f3n a sus propios cuerpos tambi\u00e9n conocido como por \u201cbody checking\u201d y hasta pesarse repetidas veces. La mayor parte del tiempo, no nos damos cuenta de estos cambios en las conductas de nuestros seres queridos.&nbsp; Usualmente nos damos cuenta de que algo anda mal cuando aparecen los s\u00edntomas f\u00edsicos. Estos s\u00edntomas f\u00edsicos podr\u00edan incluir: una delgadez notable, pelo y u\u00f1as fr\u00e1giles desarrollo de vello fino alrededor del cuerpo (tambi\u00e9n conocido como lanugo), ca\u00edda de la temperatura corporal y piel seca y amarillenta. Sin embargo, tambi\u00e9n pueden presentar baja presi\u00f3n sangu\u00ednea infertilidad y en casos extremos da\u00f1o a los \u00f3rganos y al cerebro, los cuales tambi\u00e9n pueden ser letales. Adicional a estos efectos f\u00edsicos, las personas con anorexia nervosa podr\u00edan sufrir de la enfermedad de osteopenia. La osteopenia es la p\u00e9rdida de densidad \u00f3sea, la cual puede ser irreversible si esto ocurre durante la etapa post pubertad. Esto es cr\u00edtico debido a que estas personas ser\u00edan m\u00e1s vulnerables a fracturas&nbsp;<\/p>\n<\/div>\n\n\n\n<div class=\"wp-block-column is-layout-flow wp-block-column-is-layout-flow\" style=\"flex-basis:25%\"><\/div>\n<\/div>\n\n\n\n<p>Continue to next page&#8230;<\/p>\n\n\n\n<!--nextpage-->\n\n\n\n<div style=\"height:33px\" aria-hidden=\"true\" class=\"wp-block-spacer\"><\/div>\n\n\n\n<div class=\"wp-block-columns is-layout-flex wp-container-core-columns-is-layout-28f84493 wp-block-columns-is-layout-flex\">\n<div class=\"wp-block-column is-layout-flow wp-block-column-is-layout-flow\" style=\"flex-basis:25%\"><\/div>\n\n\n\n<div class=\"wp-block-column is-layout-flow wp-block-column-is-layout-flow\" style=\"flex-basis:50%\">\n<p>Cuando se sospecha que alg\u00fan paciente sufre de anorexia nervosa, este pasa por una evaluaci\u00f3n inicial. El prop\u00f3sito de las evaluaciones iniciales en pacientes con des\u00f3rdenes alimentarios es identificar condiciones que requieren hospitalizaci\u00f3n y estabilizaci\u00f3n para esto se recolecta una muestra de orina para evaluar el estado de hidrataci\u00f3n del paciente, as\u00ed como tambi\u00e9n el nivel de pH, los niveles de cetonas y para determinar si hay da\u00f1o a los ri\u00f1ones. Luego de esto se eval\u00faa el peso el \u00edndice de masa corporal y la temperatura del paciente. Me parece pertinente mencionar que al pesar un posible paciente con anorexia nervosa esto se debe hacer cuando el paciente est\u00e9 en ropa interior o con la bata del hospital ya que muchos pacientes utilizan ropas pesadas para poder esconder su cuerpo o exagerar el peso.&nbsp;<\/p>\n\n\n\n<p>El DSM-V tiene los siguientes criterios para poder diagnosticar anorexia nervosa. La persona debe presentar una restricci\u00f3n de consumo de energ\u00eda relativo a los requerimientos en contexto de edad, sexo, etapa del desarrollo y salud f\u00edsica, que puedan llevar a un peso corporal significativamente bajo. Seg\u00fan el DSM-V, un peso significativamente bajo es un peso que sea menor del m\u00ednimo requerido para la edad del paciente. El paciente tambi\u00e9n debe presentar un miedo intenso a engordar o aumentar de peso o presentar comportamientos que interfieran con el aumento de peso, aun cuando \u00e9ste est\u00e1 en un peso corporal significativamente bajo. Adicional a los criterios para poder diagnosticar anorexia nervosa el DSM-V tambi\u00e9n provee criterios para evaluar cada caso en cuanto a su severidad. Seg\u00fan los criterios del DSM-V, un caso leve debe ser una persona con un \u00edndice de masa corporal (o BMI) mayor o igual de 17 kg por metro cuadrado. Entonces en un caso moderado la persona presentar\u00eda un BMI m\u00e1s de 16 a 16.99 kg por metro cuadrado. En un caso severo la persona tendr\u00eda un BMI de 15 a 15.99 kg por metro cuadrado. Mientras que un caso extremo el BMI entonces ser\u00eda menor a 15 kg por metro cuadrado.<\/p>\n\n\n\n<p>Actualmente, existen retos para poder desarrollar un medicamento efectivo para poder tratar la anorexia nervosa. Una de las razones es porque la neurobiolog\u00eda de la anorexia nervosa todav\u00eda no se comprende muy bien. Adicionalmente, no se han encontrado medicamentos que ayuden a facilitar el aumento de peso y a evitar relapsos. Olanzapina, un antipsic\u00f3tico at\u00edpico, se est\u00e1 estudiando como posible f\u00e1rmaco para poder tratar la anorexia nervosa. Un estudio del 2019 encontr\u00f3 que este f\u00e1rmaco, recetado como tratamiento outpatient, ayud\u00f3 a los pacientes aumentar aproximadamente 0.165 kg por metro cuadrado adicionales por mes. Sin embargo, no se encontraron beneficios terap\u00e9uticos adicionales a estos. Por lo que todav\u00eda se est\u00e1 estudiando si realmente es un medicamento que ser\u00eda efectivo para esta poblaci\u00f3n con des\u00f3rdenes alimentarios. No obstante, las psicoterapias tambi\u00e9n pueden ser tratamientos efectivos para esta poblaci\u00f3n con des\u00f3rdenes alimentarios. Estos tratamientos dependen de la severidad de la condici\u00f3n y comorbilidades siqui\u00e1tricas, el soporte familiar y social, y la motivaci\u00f3n del paciente. Las psicoterapias pueden incluir: terapias familiares, terapia inpatient y outpatient, hospitalizaci\u00f3n parcial y tambi\u00e9n intervenciones residenciales&nbsp;<\/p>\n\n\n\n<p>La prevalencia de anorexia nervosa en adultos es de aproximadamente 0.6%. Sin embargo, un estudio del 2018 en Estados Unidos estim\u00f3 que la prevalencia de esta enfermedad desde 0.8%. La anorexia nervosa puede afectar hasta 0.9% de las mujeres mientras se ha encontrado que la prevalencia en los hombres es de alrededor 0.3%. Es decir, que esta enfermedad es m\u00e1s propensa a afectar a las mujeres que a los hombres.<\/p>\n\n\n\n<p>&nbsp;Debido al sinn\u00famero de efectos que pueden ocurrir por la limitaci\u00f3n de nutrientes, no debe sorprender que la anorexia nervosa tiene la tasa de mortalidad m\u00e1s alta entre las enfermedades mentales. La tasa de mortalidad de la anorexia nervosa es de 5.3 mientras que la de bulimia nervosa es de 1.5. Adicionalmente, un estudio del 2016 encontr\u00f3 que pacientes con anorexia nervosa ten\u00edan mayor probabilidad de morir en la adultez temprana. Sin embargo, el riesgo de mortalidad prematura disminuye con el tiempo. Adicionalmente, ese mismo estudio tambi\u00e9n encontr\u00f3 que los pacientes con anorexia nervosa que presentaban un \u00edndice de masa corporal bajo est\u00e1n m\u00e1s predispuestos a morir a temprana edad. Esto debido a da\u00f1o a los \u00f3rganos, colapsos circulatorios y caquexia.&nbsp;<\/p>\n\n\n\n<p>La anorexia nervosa es un trastorno alimentario en el cual las personas se privan de la comida esto mediante la restricci\u00f3n cal\u00f3rica o la limitaci\u00f3n del tipo y la cantidad de comida por el miedo a engordar. Esta limitaci\u00f3n podr\u00eda llevar a unos efectos f\u00edsicos que podr\u00edan ser perjudiciales a la salud y hasta podr\u00edan ser letales. Se estima que un 50% de los pacientes con anorexia nervosa se recuperan completamente mientras que un 30% se recupera parcialmente y un 20% se mantienen cr\u00f3nicamente enfermos. Actualmente los tratamientos que existen para esta enfermedad se basan en una combinaci\u00f3n de terapias psicol\u00f3gicas y un aumento supervisado de peso. Aunque no hay f\u00e1rmacos aprobados para esta enfermedad se est\u00e1 estudiando la olanzapina como un posible tratamiento farmacol\u00f3gico.<\/p>\n<\/div>\n\n\n\n<div class=\"wp-block-column is-layout-flow wp-block-column-is-layout-flow\" style=\"flex-basis:25%\"><\/div>\n<\/div>\n","protected":false},"excerpt":{"rendered":"<p>Title: \u201cAnorexia Nervosa&#8221; By Sof\u00eda Ben\u00edtez Sof\u00eda Ben\u00edtez University of Puerto Rico, Rio Piedras CampusFaculty: Natural ScienceBaccalaureate: Biology Year: 5th Transcript (in spanish) Transcripci\u00f3n del podcast \u201cAnorexia nervosa\u201d Saludos mi nombre es Sof\u00eda Ben\u00edtez y les estar\u00e9 hablando sobre la anorexia nervosa. La anorexia nervosa es un desorden alimentario en el cual las personas que &hellip; <\/p>\n<p class=\"link-more\"><a href=\"https:\/\/neuroid.uprrp.edu\/index.php\/podcast-6-sofia-benitez\/\" class=\"more-link\">Read more<span class=\"screen-reader-text\"> &#8220;Podcast 6&#8221;<\/span><\/a><\/p>\n","protected":false},"author":2,"featured_media":0,"parent":0,"menu_order":0,"comment_status":"closed","ping_status":"closed","template":"","meta":{"footnotes":""},"class_list":["post-5809","page","type-page","status-publish","hentry"],"rttpg_featured_image_url":null,"rttpg_author":{"display_name":"NeuroID Program","author_link":"https:\/\/neuroid.uprrp.edu\/index.php\/author\/neuroid\/"},"rttpg_comment":0,"rttpg_category":null,"rttpg_excerpt":"Title: \u201cAnorexia Nervosa&#8221; By Sof\u00eda Ben\u00edtez Sof\u00eda Ben\u00edtez University of Puerto Rico, Rio Piedras CampusFaculty: Natural ScienceBaccalaureate: Biology Year: 5th Transcript (in spanish) Transcripci\u00f3n del podcast \u201cAnorexia nervosa\u201d Saludos mi nombre es Sof\u00eda Ben\u00edtez y les estar\u00e9 hablando sobre la anorexia nervosa. La anorexia nervosa es un desorden alimentario en el cual las personas que&hellip;","_links":{"self":[{"href":"https:\/\/neuroid.uprrp.edu\/index.php\/wp-json\/wp\/v2\/pages\/5809","targetHints":{"allow":["GET"]}}],"collection":[{"href":"https:\/\/neuroid.uprrp.edu\/index.php\/wp-json\/wp\/v2\/pages"}],"about":[{"href":"https:\/\/neuroid.uprrp.edu\/index.php\/wp-json\/wp\/v2\/types\/page"}],"author":[{"embeddable":true,"href":"https:\/\/neuroid.uprrp.edu\/index.php\/wp-json\/wp\/v2\/users\/2"}],"replies":[{"embeddable":true,"href":"https:\/\/neuroid.uprrp.edu\/index.php\/wp-json\/wp\/v2\/comments?post=5809"}],"version-history":[{"count":2,"href":"https:\/\/neuroid.uprrp.edu\/index.php\/wp-json\/wp\/v2\/pages\/5809\/revisions"}],"predecessor-version":[{"id":5814,"href":"https:\/\/neuroid.uprrp.edu\/index.php\/wp-json\/wp\/v2\/pages\/5809\/revisions\/5814"}],"wp:attachment":[{"href":"https:\/\/neuroid.uprrp.edu\/index.php\/wp-json\/wp\/v2\/media?parent=5809"}],"curies":[{"name":"wp","href":"https:\/\/api.w.org\/{rel}","templated":true}]}}