{"id":5891,"date":"2021-07-12T13:33:17","date_gmt":"2021-07-12T17:33:17","guid":{"rendered":"https:\/\/neuroid.uprrp.edu\/?page_id=5891"},"modified":"2022-11-12T09:08:27","modified_gmt":"2022-11-12T13:08:27","slug":"maria-bonilla","status":"publish","type":"page","link":"https:\/\/neuroid.uprrp.edu\/index.php\/maria-bonilla\/","title":{"rendered":"Mar\u00eda Bonilla Guti\u00e9rez"},"content":{"rendered":"\n<div class=\"wp-block-columns is-layout-flex wp-container-core-columns-is-layout-28f84493 wp-block-columns-is-layout-flex\">\n<div class=\"wp-block-column is-layout-flow wp-block-column-is-layout-flow\" style=\"flex-basis:5%\"><\/div>\n\n\n\n<div class=\"wp-block-column is-layout-flow wp-block-column-is-layout-flow\" style=\"flex-basis:25%\">\n<div class=\"wp-block-image\"><figure class=\"aligncenter size-large is-resized\"><a href=\"https:\/\/neuroid.uprrp.edu\/wp-content\/uploads\/2021\/06\/Maria-Bonilla-edited-1.jpg\"><img fetchpriority=\"high\" decoding=\"async\" src=\"https:\/\/neuroid.uprrp.edu\/wp-content\/uploads\/2021\/06\/Maria-Bonilla-edited-1.jpg\" alt=\"\" class=\"wp-image-5407\" width=\"400\" height=\"400\" srcset=\"https:\/\/neuroid.uprrp.edu\/wp-content\/uploads\/2021\/06\/Maria-Bonilla-edited-1.jpg 866w, https:\/\/neuroid.uprrp.edu\/wp-content\/uploads\/2021\/06\/Maria-Bonilla-edited-1-300x300.jpg 300w, https:\/\/neuroid.uprrp.edu\/wp-content\/uploads\/2021\/06\/Maria-Bonilla-edited-1-150x150.jpg 150w, https:\/\/neuroid.uprrp.edu\/wp-content\/uploads\/2021\/06\/Maria-Bonilla-edited-1-768x770.jpg 768w, https:\/\/neuroid.uprrp.edu\/wp-content\/uploads\/2021\/06\/Maria-Bonilla-edited-1-45x45.jpg 45w\" sizes=\"(max-width: 400px) 100vw, 400px\" \/><\/a><\/figure><\/div>\n\n\n\n<p><strong>Mar\u00eda Bonilla Guti\u00e9rez<\/strong><br>Undergraduate Student<br>Dept. of B\u00edology<br>Faculty of Natural Sciences<br>University of Puerto Rico<br>R\u00edo Piedras Campus<\/p>\n<\/div>\n\n\n\n<div class=\"wp-block-column is-layout-flow wp-block-column-is-layout-flow\">\n<div style=\"height:31px\" aria-hidden=\"true\" class=\"wp-block-spacer\"><\/div>\n\n\n\n<p style=\"font-size:clamp(14px, 0.875rem + ((1vw - 3.2px) * 0.354), 18px);px\"><span class=\"has-inline-color has-vivid-cyan-blue-color\"><strong>Home Research<\/strong><\/span><\/p>\n\n\n\n<p><strong>Mentor:<\/strong> Christian Bravo, PhD<\/p>\n\n\n\n<p><strong>Project(s):&nbsp;<\/strong><br>1) <em>Pre-trial internal states influence behavioral outcomes in reward approach\/punishment avoidance in male rats<\/em><br>2) <em>Lateral habenula circuits in approach\/avoidance conflict<\/em><\/p>\n\n\n\n<p><strong>Description of Project(s):<\/strong>&nbsp;<br><strong><em>Project 1<\/em><\/strong>:<br>\u2022 Identify pre-trial behavioral factors that influence the way an animal behaves when<br>presented with conflict.<br>\u2022 Identify pre-trial prelimbic cortex neuronal activity that may influence the way an animal<br>behaves when presented with conflict.<br>\u2022 Characterize how prelimbic cortex neurons encode conflict vs. non-conflict conditions.<br><strong><em>Project<\/em><\/strong> <strong><em>2:<\/em><\/strong><br>\u2022 Study the necessity and sufficiency of the lateral habenula during conflict conditions.<br>\u2022 Study the connectivity of the lateral habenula-ventral pallidum-nucleus accumbens circuit<br>under conflict conditions.<br>\u2022 Study sex differences in mice under conflict conditions.<\/p>\n<\/div>\n\n\n\n<div class=\"wp-block-column is-layout-flow wp-block-column-is-layout-flow\" style=\"flex-basis:10%\"><\/div>\n<\/div>\n\n\n\n<div class=\"wp-block-columns is-layout-flex wp-container-core-columns-is-layout-28f84493 wp-block-columns-is-layout-flex\">\n<div class=\"wp-block-column is-layout-flow wp-block-column-is-layout-flow\" style=\"flex-basis:10%\"><\/div>\n\n\n\n<div class=\"wp-block-column is-layout-flow wp-block-column-is-layout-flow\" style=\"flex-basis:57.97%\">\n<p><span class=\"has-inline-color has-vivid-cyan-blue-color\"><strong>Summer Research<\/strong><\/span><\/p>\n\n\n\n<p><strong>Mentor:<\/strong> Pending<\/p>\n\n\n\n<p><strong>Project:&nbsp;<\/strong>Pending<\/p>\n\n\n\n<p><strong>Description of Project:<\/strong>&nbsp;Pending<\/p>\n<\/div>\n\n\n\n<div class=\"wp-block-column is-layout-flow wp-block-column-is-layout-flow\" style=\"flex-basis:10%\"><\/div>\n<\/div>\n","protected":false},"excerpt":{"rendered":"<p>Mar\u00eda Bonilla Guti\u00e9rezUndergraduate StudentDept. of B\u00edologyFaculty of Natural SciencesUniversity of Puerto RicoR\u00edo Piedras Campus Home Research Mentor: Christian Bravo, PhD Project(s):&nbsp;1) Pre-trial internal states influence behavioral outcomes in reward approach\/punishment avoidance in male rats2) Lateral habenula circuits in approach\/avoidance conflict Description of Project(s):&nbsp;Project 1:\u2022 Identify pre-trial behavioral factors that influence the way an animal behaves &hellip; <\/p>\n<p class=\"link-more\"><a href=\"https:\/\/neuroid.uprrp.edu\/index.php\/maria-bonilla\/\" class=\"more-link\">Read more<span class=\"screen-reader-text\"> &#8220;Mar\u00eda Bonilla Guti\u00e9rez&#8221;<\/span><\/a><\/p>\n","protected":false},"author":2,"featured_media":0,"parent":0,"menu_order":0,"comment_status":"closed","ping_status":"closed","template":"","meta":{"footnotes":""},"class_list":["post-5891","page","type-page","status-publish","hentry"],"rttpg_featured_image_url":null,"rttpg_author":{"display_name":"NeuroID Program","author_link":"https:\/\/neuroid.uprrp.edu\/index.php\/author\/neuroid\/"},"rttpg_comment":0,"rttpg_category":null,"rttpg_excerpt":"Mar\u00eda Bonilla Guti\u00e9rezUndergraduate StudentDept. of B\u00edologyFaculty of Natural SciencesUniversity of Puerto RicoR\u00edo Piedras Campus Home Research Mentor: Christian Bravo, PhD Project(s):&nbsp;1) Pre-trial internal states influence behavioral outcomes in reward approach\/punishment avoidance in male rats2) Lateral habenula circuits in approach\/avoidance conflict Description of Project(s):&nbsp;Project 1:\u2022 Identify pre-trial behavioral factors that influence the way an animal behaves&hellip;","_links":{"self":[{"href":"https:\/\/neuroid.uprrp.edu\/index.php\/wp-json\/wp\/v2\/pages\/5891","targetHints":{"allow":["GET"]}}],"collection":[{"href":"https:\/\/neuroid.uprrp.edu\/index.php\/wp-json\/wp\/v2\/pages"}],"about":[{"href":"https:\/\/neuroid.uprrp.edu\/index.php\/wp-json\/wp\/v2\/types\/page"}],"author":[{"embeddable":true,"href":"https:\/\/neuroid.uprrp.edu\/index.php\/wp-json\/wp\/v2\/users\/2"}],"replies":[{"embeddable":true,"href":"https:\/\/neuroid.uprrp.edu\/index.php\/wp-json\/wp\/v2\/comments?post=5891"}],"version-history":[{"count":4,"href":"https:\/\/neuroid.uprrp.edu\/index.php\/wp-json\/wp\/v2\/pages\/5891\/revisions"}],"predecessor-version":[{"id":8340,"href":"https:\/\/neuroid.uprrp.edu\/index.php\/wp-json\/wp\/v2\/pages\/5891\/revisions\/8340"}],"wp:attachment":[{"href":"https:\/\/neuroid.uprrp.edu\/index.php\/wp-json\/wp\/v2\/media?parent=5891"}],"curies":[{"name":"wp","href":"https:\/\/api.w.org\/{rel}","templated":true}]}}