{"id":6007,"date":"2021-07-19T13:48:29","date_gmt":"2021-07-19T17:48:29","guid":{"rendered":"https:\/\/neuroid.uprrp.edu\/?page_id=6007"},"modified":"2021-07-19T13:54:00","modified_gmt":"2021-07-19T17:54:00","slug":"podcast-8-paola-santiago","status":"publish","type":"page","link":"https:\/\/neuroid.uprrp.edu\/index.php\/podcast-8-paola-santiago\/","title":{"rendered":"Podcast 8"},"content":{"rendered":"\n<p style=\"font-size:clamp(16.293px, 1.018rem + ((1vw - 3.2px) * 0.771), 25px);px\">Title: &#8220;Visibilizando la tricotiloman\u00eda: el desorden de halarse el cabello&#8221;<\/p>\n\n\n\n<p>By Paola Santiago<\/p>\n\n\n\n<div style=\"height:25px\" aria-hidden=\"true\" class=\"wp-block-spacer\"><\/div>\n\n\n\n<div class=\"wp-block-cover alignwide has-background-dim-30 has-neve-link-color-background-color has-background-dim has-custom-content-position is-position-center-left is-position-center-center\" style=\"min-height:250px;aspect-ratio:unset;\"><img fetchpriority=\"high\" decoding=\"async\" width=\"2000\" height=\"1125\" class=\"wp-block-cover__image-background wp-image-5743\" alt=\"\" src=\"https:\/\/neuroid.uprrp.edu\/wp-content\/uploads\/2021\/07\/Podcastbackground.png\" style=\"object-position:7% 61%\" data-object-fit=\"cover\" data-object-position=\"7% 61%\" srcset=\"https:\/\/neuroid.uprrp.edu\/wp-content\/uploads\/2021\/07\/Podcastbackground.png 2000w, https:\/\/neuroid.uprrp.edu\/wp-content\/uploads\/2021\/07\/Podcastbackground-300x169.png 300w, https:\/\/neuroid.uprrp.edu\/wp-content\/uploads\/2021\/07\/Podcastbackground-1024x576.png 1024w, https:\/\/neuroid.uprrp.edu\/wp-content\/uploads\/2021\/07\/Podcastbackground-768x432.png 768w, https:\/\/neuroid.uprrp.edu\/wp-content\/uploads\/2021\/07\/Podcastbackground-1536x864.png 1536w\" sizes=\"(max-width: 2000px) 100vw, 2000px\" \/><div class=\"wp-block-cover__inner-container is-layout-flow wp-block-cover-is-layout-flow\">\n<div style=\"height:28px\" aria-hidden=\"true\" class=\"wp-block-spacer\"><\/div>\n\n\n\n<div class=\"wp-block-columns is-layout-flex wp-container-core-columns-is-layout-28f84493 wp-block-columns-is-layout-flex\">\n<div class=\"wp-block-column is-layout-flow wp-block-column-is-layout-flow\" style=\"flex-basis:35%\">\n<div class=\"wp-block-image\"><figure class=\"aligncenter size-large is-resized\"><img decoding=\"async\" src=\"https:\/\/neuroid.uprrp.edu\/wp-content\/uploads\/2021\/07\/PAOLA-edited-1.png\" alt=\"\" class=\"wp-image-6008\" width=\"285\" height=\"285\" srcset=\"https:\/\/neuroid.uprrp.edu\/wp-content\/uploads\/2021\/07\/PAOLA-edited-1.png 414w, https:\/\/neuroid.uprrp.edu\/wp-content\/uploads\/2021\/07\/PAOLA-edited-1-300x300.png 300w, https:\/\/neuroid.uprrp.edu\/wp-content\/uploads\/2021\/07\/PAOLA-edited-1-150x150.png 150w, https:\/\/neuroid.uprrp.edu\/wp-content\/uploads\/2021\/07\/PAOLA-edited-1-45x45.png 45w\" sizes=\"(max-width: 285px) 100vw, 285px\" \/><\/figure><\/div>\n<\/div>\n\n\n\n<div class=\"wp-block-column is-layout-flow wp-block-column-is-layout-flow\" style=\"flex-basis:50%\">\n<div style=\"height:24px\" aria-hidden=\"true\" class=\"wp-block-spacer\"><\/div>\n\n\n\n<p class=\"has-nv-dark-bg-color has-text-color\" style=\"font-size:clamp(17.371px, 1.086rem + ((1vw - 3.2px) * 0.852), 27px);px\">Visibilizando la tricotiloman\u00eda:<\/p>\n\n\n\n<p class=\"has-nv-dark-bg-color has-text-color\" style=\"font-size:clamp(17.371px, 1.086rem + ((1vw - 3.2px) * 0.852), 27px);px\">el desorden de halarse el cabello<\/p>\n\n\n\n<p class=\"has-nv-dark-bg-color has-text-color\" style=\"font-size:14px\"><em>La tricotiloman\u00eda es un esorden psiqui\u00e1trico que se caracteriza por impulsos incontrolables de arrancarse el pelo de cualquier parte del cuerpo.&nbsp;<\/em><\/p>\n\n\n\n<div style=\"height:21px\" aria-hidden=\"true\" class=\"wp-block-spacer\"><\/div>\n\n\n\n<div class=\"wp-block-columns is-layout-flex wp-container-core-columns-is-layout-28f84493 wp-block-columns-is-layout-flex\">\n<div class=\"wp-block-column is-layout-flow wp-block-column-is-layout-flow\">\n<figure class=\"wp-block-audio\"><audio controls src=\"https:\/\/neuroid.uprrp.edu\/wp-content\/uploads\/2021\/07\/Paola-Santiago-Visibilizando-la.mp3\"><\/audio><\/figure>\n\n\n\n<div style=\"height:17px\" aria-hidden=\"true\" class=\"wp-block-spacer\"><\/div>\n\n\n\n<div class=\"wp-block-buttons is-layout-flex wp-block-buttons-is-layout-flex\">\n<div class=\"wp-block-button\"><a class=\"wp-block-button__link has-neve-link-color-background-color has-background\" href=\"https:\/\/neuroid.uprrp.edu\/wp-content\/uploads\/2021\/07\/Paola-Santiago-Visibilizando-la.mp3\" style=\"border-radius:50px\" target=\"_blank\" rel=\"noreferrer noopener\">Podcast audio<\/a><\/div>\n<\/div>\n<\/div>\n<\/div>\n<\/div>\n<\/div>\n<\/div><\/div>\n\n\n\n<div style=\"height:30px\" aria-hidden=\"true\" class=\"wp-block-spacer\"><\/div>\n\n\n\n<div class=\"wp-block-file aligncenter\"><a href=\"https:\/\/neuroid.uprrp.edu\/wp-content\/uploads\/2021\/07\/Visibilizando-la-tricotilomania.pptx.pdf\" target=\"_blank\" rel=\"noreferrer noopener\"><em>Visibilizando la tricotilomania<\/em><\/a><a href=\"https:\/\/neuroid.uprrp.edu\/wp-content\/uploads\/2021\/07\/Visibilizando-la-tricotilomania.pptx.pdf\" class=\"wp-block-file__button\" download>OPEN PRESENTATION<\/a><\/div>\n\n\n\n<div style=\"height:47px\" aria-hidden=\"true\" class=\"wp-block-spacer\"><\/div>\n\n\n\n<hr class=\"wp-block-separator\"\/>\n\n\n\n<div class=\"wp-block-columns is-layout-flex wp-container-core-columns-is-layout-28f84493 wp-block-columns-is-layout-flex\">\n<div class=\"wp-block-column is-layout-flow wp-block-column-is-layout-flow\" style=\"flex-basis:15%\"><\/div>\n\n\n\n<div class=\"wp-block-column is-layout-flow wp-block-column-is-layout-flow\">\n<div class=\"wp-block-columns is-layout-flex wp-container-core-columns-is-layout-28f84493 wp-block-columns-is-layout-flex\">\n<div class=\"wp-block-column is-layout-flow wp-block-column-is-layout-flow\">\n<div class=\"wp-block-image\"><figure class=\"aligncenter size-large is-resized\"><a href=\"https:\/\/neuroid.uprrp.edu\/wp-content\/uploads\/2021\/07\/Screen-Shot-2021-07-19-at-1.41.42-PM.png\"><img decoding=\"async\" src=\"https:\/\/neuroid.uprrp.edu\/wp-content\/uploads\/2021\/07\/Screen-Shot-2021-07-19-at-1.41.42-PM-edited.png\" alt=\"\" class=\"wp-image-6019\" width=\"300\" height=\"300\" srcset=\"https:\/\/neuroid.uprrp.edu\/wp-content\/uploads\/2021\/07\/Screen-Shot-2021-07-19-at-1.41.42-PM-edited.png 358w, https:\/\/neuroid.uprrp.edu\/wp-content\/uploads\/2021\/07\/Screen-Shot-2021-07-19-at-1.41.42-PM-edited-300x300.png 300w, https:\/\/neuroid.uprrp.edu\/wp-content\/uploads\/2021\/07\/Screen-Shot-2021-07-19-at-1.41.42-PM-edited-150x150.png 150w, https:\/\/neuroid.uprrp.edu\/wp-content\/uploads\/2021\/07\/Screen-Shot-2021-07-19-at-1.41.42-PM-edited-45x45.png 45w\" sizes=\"(max-width: 300px) 100vw, 300px\" \/><\/a><\/figure><\/div>\n<\/div>\n\n\n\n<div class=\"wp-block-column is-vertically-aligned-center is-layout-flow wp-block-column-is-layout-flow\">\n<p class=\"has-medium-font-size\">Paola N. Santiago<\/p>\n\n\n\n<p>University of Puerto Rico, Rio Piedras Campus<br>Faculty: Natural Science<br>Baccalaureate: Molecular Cell Biology <br>Year: 4th<\/p>\n<\/div>\n<\/div>\n<\/div>\n\n\n\n<div class=\"wp-block-column is-layout-flow wp-block-column-is-layout-flow\" style=\"flex-basis:15%\"><\/div>\n<\/div>\n\n\n\n<hr class=\"wp-block-separator\"\/>\n\n\n\n<div style=\"height:51px\" aria-hidden=\"true\" class=\"wp-block-spacer\"><\/div>\n\n\n\n<div class=\"wp-block-columns is-layout-flex wp-container-core-columns-is-layout-28f84493 wp-block-columns-is-layout-flex\">\n<div class=\"wp-block-column is-layout-flow wp-block-column-is-layout-flow\" style=\"flex-basis:25%\"><\/div>\n\n\n\n<div class=\"wp-block-column is-layout-flow wp-block-column-is-layout-flow\" style=\"flex-basis:50%\">\n<h1 class=\"has-medium-font-size wp-block-heading\">Transcript (in spanish)<\/h1>\n\n\n\n<p>Buenos d\u00edas, mi nombre es Paola Santiago y hoy estar\u00e9 hablando un poco sobre el trastorno de&nbsp; tricotiloman\u00eda. Escog\u00ed este desorden porque existen un sin n\u00famero de des\u00f3rdenes mentales que, aunque son comunes, no tienden a ser conocidos. Por esta raz\u00f3n, es importante educar y crear&nbsp; consciencia sobre estos desordenes como lo es la tricotiloman\u00eda.&nbsp;<\/p>\n\n\n\n<p>Primero: \u00bfQu\u00e9 es la tricotiloman\u00eda? El nombre del desorden suena raro, pero b\u00e1sicamente es un&nbsp; desorden psiqui\u00e1trico que se caracteriza por impulsos incontrolables de arrancarse el pelo&nbsp; resultando en su perdida considerable. Se puede arrancar de cualquier parte del cuerpo, pero las&nbsp; \u00e1reas mas comunes son la cabeza, las pesta\u00f1as y las cejas.&nbsp;<\/p>\n\n\n\n<p>La tricotiloman\u00eda fue incluida en el DMS en el 1987 bajo la categor\u00eda de OCD. Actualmente&nbsp; existe mucha controversia alrededor de si se considera como un desorden de OCD o no. Muchos&nbsp; expertos difieren si es cae bajo OCD o es un body-focused repetitive disorder.&nbsp;&nbsp;<\/p>\n\n\n\n<p>Estas son algunas de las preguntas que se pueden estar haciendo ahora: \u00bfesto no les duele a las&nbsp; personas, arrancarse el pelo? Pues los pacientes dicen que no duele, lo que les brinda es un&nbsp; sentimiento de alivio. Otra pregunta es que, si se dan cuenta de que se est\u00e1n arranc\u00e1ndose el pelo,&nbsp; \u00bfpor que no paran y ya? Esto, como es una condici\u00f3n de OCD no se soluciona as\u00ed de r\u00e1pido. La obsesi\u00f3n por arrancarse el pelo no para si la compulsi\u00f3n no se lleva a cabo. Algunas personas se&nbsp; dan cuanta de que se est\u00e1n halando el pelo, pero no pueden parar y otras personas lo hacen de&nbsp; forma inconsciente hasta incluso cuando duermen. Es importante aclarar que la tricotiloman\u00eda,&nbsp; adem\u00e1s de consistir en arrancarse el pelo, tambi\u00e9n conlleva un tipo de ritual con el pelo. Hay&nbsp; pacientes que se lo comen, que se los coleccionan y que se lo pasan por los dedos&nbsp; repetitivamente para sentir la textura.&nbsp;&nbsp;<\/p>\n\n\n\n<p>Los criterios de diagn\u00f3sticos son los siguientes: El primero es: arrancarse el pelo de forma&nbsp; recurrente, lo que da lugar a su perdida. Muchos pacientes tienen parchos grandes sin pelo en la&nbsp; cabeza o no tienen pestanas ni cejas. El segundo criterio es: Intentos repetidos de disminuir o&nbsp; dejar de arrancarse el pelo. El tercero es: Arrancarse el pelo causa malestar cl\u00ednicamente significativo o deterioro en lo social, laboral u otras \u00e1reas importantes del funcionamiento. Como&nbsp; se puede notar visualmente que la persona no tiene pelo, usualmente esta evita los escenarios&nbsp; sociales para que no le vean el pelo. El cuarto criterio es que el hecho de arrancarse el pelo o la&nbsp; perdida de este no se puede atribuir a otra afecci\u00f3n m\u00e9dica. Por \u00faltimo, el quinto es que el hecho&nbsp; de arrancarse el pelo no se explicar\u00eda mejor por los s\u00edntomas de otro trastorno mental.&nbsp;<\/p>\n\n\n\n<p>Existen bien pocos estudios estad\u00edsticos acerca la tricotiloman\u00eda. Los estudios que hay son&nbsp; mayormente sobre la poblaci\u00f3n universitaria. La prevalencia estimada es de 0.5 a 2.0%. El 3.5%&nbsp; de la poblaci\u00f3n y el 2.1% de estadounidenses sufren de este desorden. Tambien hay que tomar en&nbsp; consideraci\u00f3n que estas estad\u00edsticas no necesariamente representan los n\u00fameros reales porque es&nbsp; un desorden que est\u00e1 acompa\u00f1ado de verg\u00fcenza. Tambi\u00e9n tiende a ser visto como un \u201cmal habito\u201d o como dicen por ah\u00ed \u201cmalas ma\u00f1as\u201d que la gente piensa que se puede corregir si la persona desea. En realidad, la persona no tiene control de cuando se hala el pelo. Es una&nbsp; condici\u00f3n psiqui\u00e1trica que como cualquier otra requiere de tratamientos.&nbsp;<\/p>\n<\/div>\n\n\n\n<div class=\"wp-block-column is-layout-flow wp-block-column-is-layout-flow\" style=\"flex-basis:25%\"><\/div>\n<\/div>\n\n\n\n<p>Continue to next page&#8230;<\/p>\n\n\n\n<!--nextpage-->\n\n\n\n<div class=\"wp-block-columns is-layout-flex wp-container-core-columns-is-layout-28f84493 wp-block-columns-is-layout-flex\">\n<div class=\"wp-block-column is-layout-flow wp-block-column-is-layout-flow\" style=\"flex-basis:25%\"><\/div>\n\n\n\n<div class=\"wp-block-column is-layout-flow wp-block-column-is-layout-flow\" style=\"flex-basis:50%\">\n<p>La edad promedio de aparici\u00f3n es alrededor de los 13 a\u00f1os. Se puede notar como este desorden&nbsp; comienza a aparecer durante la pubertad. La tasa de ni\u00f1as a ni\u00f1os adolescentes es de 10 a 1 y a&nbsp; menor edad de diagn\u00f3stico, menos es la diferencia entre sexos. As\u00ed que podemos ver tambi\u00e9n como las ni\u00f1as van a ser las mas afectadas por este desorden. Adem\u00e1s, se sabe que mientras&nbsp; aumenta la edad del paciente, la prognosis disminuye. As\u00ed que mientras m\u00e1s tarde es&nbsp; diagnosticada la tricotiloman\u00eda, menos probable es que se recupere el paciente.&nbsp;&nbsp;<\/p>\n\n\n\n<p>No se sabe el origen de este desorden, pero se cree que tiene causas gen\u00e9ticas y ambientales. Se&nbsp; proponen algunas explicaciones. Una de ellas es que se manifieste la tricotiloman\u00eda como un&nbsp; mecanismo de defensa para eventos que puedan producir ansiedad o estr\u00e9s. Otra explicaci\u00f3n puede ser que haya evolucionado de otro habito normal. Por ejemplo, el habito de tocarse mucho&nbsp; el pelo se puede llegar a transformar a tricotiloman\u00eda. Si te tocas mucho el pelo y te lo arrancas&nbsp; sin querer te puedes ir acostumbrando a hacerlo en momentos est\u00e9ricos. Otra explicaci\u00f3n que se&nbsp; propone para el desorden es una deficiencia de serotonina que es la m\u00e1s reconocida.&nbsp;<\/p>\n\n\n\n<p>Tambien se ha encontrado que este desorden tiene una predisposici\u00f3n gen\u00e9tica. La probabilidad&nbsp; de tener tricotiloman\u00eda aumenta significativamente si tienes familiares de relaci\u00f3n directa con&nbsp; tricotiloman\u00eda o con tasas elevadas de trastornos de \u00e1nimos o de ansiedad. Tambien se propone&nbsp; que la tricotiloman\u00eda surge de factores psicol\u00f3gicos como la regulaci\u00f3n emocional y estimulaci\u00f3n sensorial.&nbsp;&nbsp;<\/p>\n\n\n\n<p>Se proponen varias anomal\u00edas neurobiol\u00f3gicas para explicar la tricotiloman\u00eda. Varios estudios&nbsp; han encontrado un volumen cortical alterado. Se ha visto un exceso de grosor cortical en un&nbsp; grupo m\u00e1ximo en giro frontal inferior derecho. Adem\u00e1s, se han visto deformidades localizadas en n\u00facleo accumbens bilateral, am\u00edgdala bilateral, caudado derecho y putamen derecho en&nbsp; pacientes con tricotiloman\u00eda. Se sabe que estas regiones subcorticales est\u00e1n envueltas en la&nbsp; generaci\u00f3n, control inhibitorio y regulaci\u00f3n del afecto.&nbsp;&nbsp;<\/p>\n\n\n\n<p>Otros estudios han encontrado alteraciones en el metabolismo del cerebro como una tasa&nbsp; metab\u00f3lica alta en \u00e1reas parietales. Tambien se ha visto un procesamiento de recompensas&nbsp; desordenado. Activaciones del n\u00facleo accumbens alteradas y una conexi\u00f3n disminuida entre el&nbsp; cingulado anterior dorsal y el n\u00facleo accumbens y la am\u00edgdala basolateral y la red de recompensa.&nbsp;<\/p>\n\n\n\n<p>Existen varias opciones de tratamiento. Para los tratamientos de psicoterapia esta la terapia&nbsp; cognitiva que se encarga de cambar el comportamiento cambiando la forma de pensar. El \u201chabit&nbsp; reversal therapy\u201d que es creado espec\u00edficamente para desordenes de tics que conlleva varios pasos.&nbsp; Y la terapia de exposici\u00f3n que expone al paciente a eventos ansiosos que llevan al comportamiento&nbsp; de halarse el pelo.&nbsp;&nbsp;<\/p>\n\n\n\n<p>No existen medicamentos aprobados por ninguna agencia reguladora para el tratamiento de la&nbsp; tricotiloman\u00eda. Pero estudios han evidenciado drogas que han sido efectivas como tratamiento.&nbsp; Entre ellas est\u00e1n los inhibidores selectivos de la recaptaci\u00f3n de serotonina, el antidepresivo&nbsp;<\/p>\n\n\n\n<p>tric\u00edclico Cloropramine, el antipsic\u00f3tico Olanzapina y el NAC N- Acetylcysteine. La evidencia&nbsp; actual respalda la combinaci\u00f3n de tratamiento tanto farmacol\u00f3gico como no farmacol\u00f3gico.&nbsp;<\/p>\n\n\n\n<p>Ahora compartir las cosas que deber\u00edamos hacer para apoyar a alguien que sufre de&nbsp; tricotiloman\u00eda. En primer lugar, esta educarte acerca el desorden, tambi\u00e9n puedes ayudar en&nbsp; identificar patrones que llevan a las compulsiones y ayudar a cambiar factores ambientales si es&nbsp; necesario. Otra forma en la cual puedes apoyar es fomentando medios m\u00e1s saludables para&nbsp; expresar y hacer frente a las emociones dif\u00edciles. Por \u00faltimo, es muy importante comunicarse con&nbsp; la persona y hacerles saber que estas dispuesto a ayudar y preguntarle c\u00f3mo le puedes ayudar porque usualmente las cosas que pensamos que ayudan hacen lo contrario.&nbsp;&nbsp;<\/p>\n\n\n\n<p>Hay muchos recursos en el internet para aprender mas acerca este desorden. Incluso las redes&nbsp; sociales se han convertido en una herramienta muy importante para concientizar acerca de su relevancia y prevalencia.&nbsp;&nbsp;<\/p>\n\n\n\n<p>Ahora que he compartido lo que es el desorden de tricotiloman\u00eda espero que si no sab\u00edan que&nbsp; halarse el pelo era un desorden lo hayan encontrado informativo. Y si conoce a alguien que se&nbsp; arranca el pelo o si usted mismo lo hace que sepa que es un desorden psiqui\u00e1trico, que no est\u00e1 solo en esto y que hay formas de manejarlo.<\/p>\n<\/div>\n\n\n\n<div class=\"wp-block-column is-layout-flow wp-block-column-is-layout-flow\" style=\"flex-basis:25%\"><\/div>\n<\/div>\n","protected":false},"excerpt":{"rendered":"<p>Title: &#8220;Visibilizando la tricotiloman\u00eda: el desorden de halarse el cabello&#8221; By Paola Santiago Paola N. Santiago University of Puerto Rico, Rio Piedras CampusFaculty: Natural ScienceBaccalaureate: Molecular Cell Biology Year: 4th Transcript (in spanish) Buenos d\u00edas, mi nombre es Paola Santiago y hoy estar\u00e9 hablando un poco sobre el trastorno de&nbsp; tricotiloman\u00eda. Escog\u00ed este desorden porque &hellip; <\/p>\n<p class=\"link-more\"><a href=\"https:\/\/neuroid.uprrp.edu\/index.php\/podcast-8-paola-santiago\/\" class=\"more-link\">Read more<span class=\"screen-reader-text\"> &#8220;Podcast 8&#8221;<\/span><\/a><\/p>\n","protected":false},"author":2,"featured_media":0,"parent":0,"menu_order":0,"comment_status":"closed","ping_status":"closed","template":"","meta":{"footnotes":""},"class_list":["post-6007","page","type-page","status-publish","hentry"],"rttpg_featured_image_url":null,"rttpg_author":{"display_name":"NeuroID Program","author_link":"https:\/\/neuroid.uprrp.edu\/index.php\/author\/neuroid\/"},"rttpg_comment":0,"rttpg_category":null,"rttpg_excerpt":"Title: &#8220;Visibilizando la tricotiloman\u00eda: el desorden de halarse el cabello&#8221; By Paola Santiago Paola N. Santiago University of Puerto Rico, Rio Piedras CampusFaculty: Natural ScienceBaccalaureate: Molecular Cell Biology Year: 4th Transcript (in spanish) Buenos d\u00edas, mi nombre es Paola Santiago y hoy estar\u00e9 hablando un poco sobre el trastorno de&nbsp; tricotiloman\u00eda. Escog\u00ed este desorden porque&hellip;","_links":{"self":[{"href":"https:\/\/neuroid.uprrp.edu\/index.php\/wp-json\/wp\/v2\/pages\/6007","targetHints":{"allow":["GET"]}}],"collection":[{"href":"https:\/\/neuroid.uprrp.edu\/index.php\/wp-json\/wp\/v2\/pages"}],"about":[{"href":"https:\/\/neuroid.uprrp.edu\/index.php\/wp-json\/wp\/v2\/types\/page"}],"author":[{"embeddable":true,"href":"https:\/\/neuroid.uprrp.edu\/index.php\/wp-json\/wp\/v2\/users\/2"}],"replies":[{"embeddable":true,"href":"https:\/\/neuroid.uprrp.edu\/index.php\/wp-json\/wp\/v2\/comments?post=6007"}],"version-history":[{"count":16,"href":"https:\/\/neuroid.uprrp.edu\/index.php\/wp-json\/wp\/v2\/pages\/6007\/revisions"}],"predecessor-version":[{"id":6031,"href":"https:\/\/neuroid.uprrp.edu\/index.php\/wp-json\/wp\/v2\/pages\/6007\/revisions\/6031"}],"wp:attachment":[{"href":"https:\/\/neuroid.uprrp.edu\/index.php\/wp-json\/wp\/v2\/media?parent=6007"}],"curies":[{"name":"wp","href":"https:\/\/api.w.org\/{rel}","templated":true}]}}