{"id":6063,"date":"2021-07-21T15:27:55","date_gmt":"2021-07-21T19:27:55","guid":{"rendered":"https:\/\/neuroid.uprrp.edu\/?page_id=6063"},"modified":"2021-09-09T10:53:58","modified_gmt":"2021-09-09T14:53:58","slug":"podcast-9-jose-montalvo","status":"publish","type":"page","link":"https:\/\/neuroid.uprrp.edu\/index.php\/podcast-9-jose-montalvo\/","title":{"rendered":"Podcast 9"},"content":{"rendered":"\n<p style=\"font-size:clamp(15.747px, 0.984rem + ((1vw - 3.2px) * 0.73), 24px);px\">Title: &#8220;La sintomatolog\u00eda, los retos y el rol de la investigaci\u00f3n en el diagn\u00f3stico de la depresi\u00f3n&#8221; <\/p>\n\n\n\n<p>By Jos\u00e9 Arturo Montalvo<\/p>\n\n\n\n<div style=\"height:25px\" aria-hidden=\"true\" class=\"wp-block-spacer\"><\/div>\n\n\n\n<div class=\"wp-block-cover alignwide has-background-dim-30 has-neve-link-color-background-color has-background-dim has-custom-content-position is-position-center-left is-position-center-center\" style=\"min-height:250px;aspect-ratio:unset;\"><img fetchpriority=\"high\" decoding=\"async\" width=\"2000\" height=\"1125\" class=\"wp-block-cover__image-background wp-image-5743\" alt=\"\" src=\"https:\/\/neuroid.uprrp.edu\/wp-content\/uploads\/2021\/07\/Podcastbackground.png\" style=\"object-position:7% 61%\" data-object-fit=\"cover\" data-object-position=\"7% 61%\" srcset=\"https:\/\/neuroid.uprrp.edu\/wp-content\/uploads\/2021\/07\/Podcastbackground.png 2000w, https:\/\/neuroid.uprrp.edu\/wp-content\/uploads\/2021\/07\/Podcastbackground-300x169.png 300w, https:\/\/neuroid.uprrp.edu\/wp-content\/uploads\/2021\/07\/Podcastbackground-1024x576.png 1024w, https:\/\/neuroid.uprrp.edu\/wp-content\/uploads\/2021\/07\/Podcastbackground-768x432.png 768w, https:\/\/neuroid.uprrp.edu\/wp-content\/uploads\/2021\/07\/Podcastbackground-1536x864.png 1536w\" sizes=\"(max-width: 2000px) 100vw, 2000px\" \/><div class=\"wp-block-cover__inner-container is-layout-flow wp-block-cover-is-layout-flow\">\n<div style=\"height:52px\" aria-hidden=\"true\" class=\"wp-block-spacer\"><\/div>\n\n\n\n<div class=\"wp-block-columns is-layout-flex wp-container-core-columns-is-layout-28f84493 wp-block-columns-is-layout-flex\">\n<div class=\"wp-block-column is-layout-flow wp-block-column-is-layout-flow\" style=\"flex-basis:35%\">\n<div style=\"height:57px\" aria-hidden=\"true\" class=\"wp-block-spacer\"><\/div>\n\n\n\n<div class=\"wp-block-image\"><figure class=\"aligncenter size-large is-resized\"><img decoding=\"async\" src=\"https:\/\/neuroid.uprrp.edu\/wp-content\/uploads\/2021\/07\/Jose-Montalvo-edited.png\" alt=\"\" class=\"wp-image-6067\" width=\"225\" srcset=\"https:\/\/neuroid.uprrp.edu\/wp-content\/uploads\/2021\/07\/Jose-Montalvo-edited.png 319w, https:\/\/neuroid.uprrp.edu\/wp-content\/uploads\/2021\/07\/Jose-Montalvo-edited-300x300.png 300w, https:\/\/neuroid.uprrp.edu\/wp-content\/uploads\/2021\/07\/Jose-Montalvo-edited-150x150.png 150w, https:\/\/neuroid.uprrp.edu\/wp-content\/uploads\/2021\/07\/Jose-Montalvo-edited-45x45.png 45w\" sizes=\"(max-width: 319px) 100vw, 319px\" \/><\/figure><\/div>\n<\/div>\n\n\n\n<div class=\"wp-block-column is-layout-flow wp-block-column-is-layout-flow\" style=\"flex-basis:50%\">\n<div style=\"height:17px\" aria-hidden=\"true\" class=\"wp-block-spacer\"><\/div>\n\n\n\n<p class=\"has-nv-dark-bg-color has-text-color\" style=\"font-size:clamp(15.747px, 0.984rem + ((1vw - 3.2px) * 0.73), 24px);px\">La sintomatolog\u00eda, los retos y el rol <\/p>\n\n\n\n<p class=\"has-nv-dark-bg-color has-text-color\" style=\"font-size:clamp(15.747px, 0.984rem + ((1vw - 3.2px) * 0.73), 24px);px\">de la investigaci\u00f3n en el diagn\u00f3stico<\/p>\n\n\n\n<p class=\"has-nv-dark-bg-color has-text-color\" style=\"font-size:clamp(15.747px, 0.984rem + ((1vw - 3.2px) * 0.73), 24px);px\">de la depresi\u00f3n<\/p>\n\n\n\n<p class=\"has-nv-dark-bg-color has-text-color\" style=\"font-size:clamp(14px, 0.875rem + ((1vw - 3.2px) * 0.088), 15px);px\"><em>La depresi\u00f3n es un desorden mental heterog\u00e9neo. Esto quiere decir que recoge distintos diagn\u00f3sticos de des\u00f3rdenes depresivos bajo la sombrilla de diagn\u00f3stico de depresi\u00f3n.<\/em>..<\/p>\n\n\n\n<div style=\"height:21px\" aria-hidden=\"true\" class=\"wp-block-spacer\"><\/div>\n\n\n\n<div class=\"wp-block-columns is-layout-flex wp-container-core-columns-is-layout-28f84493 wp-block-columns-is-layout-flex\">\n<div class=\"wp-block-column is-layout-flow wp-block-column-is-layout-flow\">\n<figure class=\"wp-block-audio aligncenter\"><audio controls src=\"https:\/\/d3ctxlq1ktw2nl.cloudfront.net\/staging\/2021-6-21\/78b15d35-c155-cfcd-f053-c1e944410a14.mp3\"><\/audio><\/figure>\n\n\n\n<div style=\"height:17px\" aria-hidden=\"true\" class=\"wp-block-spacer\"><\/div>\n\n\n\n<div class=\"wp-block-buttons is-layout-flex wp-block-buttons-is-layout-flex\">\n<div class=\"wp-block-button\"><a class=\"wp-block-button__link has-neve-link-color-background-color has-background\" href=\"https:\/\/anchor.fm\/neuroid-scientificpodcast\/episodes\/La-sintomatologa--los-retos-y-el-rol-de-la-investigacin-en-el-diagnstico-de-la-depresin-e14qb1o\" style=\"border-radius:50px\" target=\"_blank\" rel=\"noreferrer noopener\">Podcast audio<\/a><\/div>\n<\/div>\n\n\n\n<p><\/p>\n<\/div>\n<\/div>\n<\/div>\n<\/div>\n<\/div><\/div>\n\n\n\n<div style=\"height:30px\" aria-hidden=\"true\" class=\"wp-block-spacer\"><\/div>\n\n\n\n<div class=\"wp-block-file aligncenter\"><a href=\"https:\/\/neuroid.uprrp.edu\/wp-content\/uploads\/2021\/07\/La-sintomatologia-los-retos-y-el-rol-de-la-investigacion-en-el-diagnostico-de-la-depresion-4.pdf\" target=\"_blank\" rel=\"noreferrer noopener\">La sintomatologia los retos y el rol de la investigaci\u00f3n en el diagnostico de la depresi\u00f3n<\/a><a href=\"https:\/\/neuroid.uprrp.edu\/wp-content\/uploads\/2021\/07\/La-sintomatologia-los-retos-y-el-rol-de-la-investigacion-en-el-diagnostico-de-la-depresion-4.pdf\" class=\"wp-block-file__button\" download>OPEN PRESENTATION<\/a><\/div>\n\n\n\n<div style=\"height:47px\" aria-hidden=\"true\" class=\"wp-block-spacer\"><\/div>\n\n\n\n<hr class=\"wp-block-separator\"\/>\n\n\n\n<div class=\"wp-block-columns is-layout-flex wp-container-core-columns-is-layout-28f84493 wp-block-columns-is-layout-flex\">\n<div class=\"wp-block-column is-layout-flow wp-block-column-is-layout-flow\" style=\"flex-basis:15%\"><\/div>\n\n\n\n<div class=\"wp-block-column is-layout-flow wp-block-column-is-layout-flow\">\n<div class=\"wp-block-columns is-layout-flex wp-container-core-columns-is-layout-28f84493 wp-block-columns-is-layout-flex\">\n<div class=\"wp-block-column is-layout-flow wp-block-column-is-layout-flow\">\n<div class=\"wp-block-image\"><figure class=\"alignright size-large is-resized\"><img decoding=\"async\" src=\"https:\/\/neuroid.uprrp.edu\/wp-content\/uploads\/2021\/07\/Screen-Shot-2021-07-21-at-3.05.56-PM-edited.png\" alt=\"\" class=\"wp-image-6069\" width=\"300\" height=\"300\" srcset=\"https:\/\/neuroid.uprrp.edu\/wp-content\/uploads\/2021\/07\/Screen-Shot-2021-07-21-at-3.05.56-PM-edited.png 618w, https:\/\/neuroid.uprrp.edu\/wp-content\/uploads\/2021\/07\/Screen-Shot-2021-07-21-at-3.05.56-PM-edited-300x300.png 300w, https:\/\/neuroid.uprrp.edu\/wp-content\/uploads\/2021\/07\/Screen-Shot-2021-07-21-at-3.05.56-PM-edited-150x150.png 150w, https:\/\/neuroid.uprrp.edu\/wp-content\/uploads\/2021\/07\/Screen-Shot-2021-07-21-at-3.05.56-PM-edited-45x45.png 45w\" sizes=\"(max-width: 300px) 100vw, 300px\" \/><\/figure><\/div>\n<\/div>\n\n\n\n<div class=\"wp-block-column is-vertically-aligned-center is-layout-flow wp-block-column-is-layout-flow\">\n<p class=\"has-medium-font-size\">Jos\u00e9 A. Montalvo<\/p>\n\n\n\n<p>University of Puerto Rico, Rio Piedras Campus<br>Faculty: Natural Science<br>Baccalaureate: Biology <br>Year: 3th<\/p>\n<\/div>\n<\/div>\n<\/div>\n\n\n\n<div class=\"wp-block-column is-layout-flow wp-block-column-is-layout-flow\" style=\"flex-basis:15%\"><\/div>\n<\/div>\n\n\n\n<hr class=\"wp-block-separator\"\/>\n\n\n\n<div style=\"height:51px\" aria-hidden=\"true\" class=\"wp-block-spacer\"><\/div>\n\n\n\n<div class=\"wp-block-columns is-layout-flex wp-container-core-columns-is-layout-28f84493 wp-block-columns-is-layout-flex\">\n<div class=\"wp-block-column is-layout-flow wp-block-column-is-layout-flow\" style=\"flex-basis:25%\"><\/div>\n\n\n\n<div class=\"wp-block-column is-layout-flow wp-block-column-is-layout-flow\" style=\"flex-basis:50%\">\n<h1 class=\"wp-block-heading\">Transcript (in spanish)<\/h1>\n\n\n\n<p>Un cordial saludo a cada persona que nos sintoniza. Mi nombre es Arturo Montalvo y soy estudiante del Departamento de Biolog\u00eda de la Facultad de Ciencias Naturales del Recinto de R\u00edo Piedras de la Universidad de Puerto Rico. Este podcast surge como una iniciativa del curso de la Neurobiolog\u00eda de las enfermedades psiqui\u00e1tricas ofrecido por, nada m\u00e1s y nada menos que, la doctora Carmen Maldonado-Vlaar. A ella le debo mi m\u00e1s sincero agradecimiento al igual que al grupo de tutores que ha colaborado para hacer este proyecto realidad. En este episodio estaremos enfoc\u00e1ndonos en el diagn\u00f3stico de la depresi\u00f3n. Echaremos un vistazo a la sintomatolog\u00eda que presentan pacientes de depresi\u00f3n; luego, visitaremos los retos que enfrentan los m\u00e9dicos o psiquiatras en el diagn\u00f3stico de esta condici\u00f3n m\u00e9dica; al final, exploraremos el rol de la investigaci\u00f3n en atender estos retos. \u00bfC\u00f3mo se atienden estos retos? \u00bfQu\u00e9 avances han sucedido? [1m]&nbsp; y \u00bfcu\u00e1les son los enfoques de los investigadores? Todas estas preguntas, las estaremos discutiendo en este podcast. Al final de este episodio se espera que la audiencia sea capaz de #1 reconocer los s\u00edntomas de la depresi\u00f3n, #2 entender las herramientas empleadas por la comunidad m\u00e9dica en el diagn\u00f3stico de la depresi\u00f3n, #3 comprender los retos en el diagn\u00f3stico de la depresi\u00f3n y #4 valorar el rol de la investigaci\u00f3n como fuente de avances en el diagn\u00f3stico de la depresi\u00f3n. Sin m\u00e1s, demos comienzo a este episodio donde estaremos hablando sobre la sintomatolog\u00eda, los retos y el rol de la investigaci\u00f3n en el diagn\u00f3stico de la depresi\u00f3n.&nbsp;<\/p>\n\n\n\n<p>Antes de entrar de lleno en los criterios de diagn\u00f3stico y la sintomatolog\u00eda de la depresi\u00f3n, quisiera primero contextualizar en lo que es vivir con la condici\u00f3n. [2m] La Organizaci\u00f3n Mundial de la Salud reconoce a la depresi\u00f3n como una de las causas principales de discapacidad en el mundo. Es decir, la depresi\u00f3n es una enfermedad que puede llegar a discapacitar a una persona de ejercerse normalmente en la sociedad y m\u00e1s a\u00fan lo es si no es diagnosticada a tiempo. Por lo tanto es vital que seamos capaces de identificar los s\u00edntomas de la depresi\u00f3n para as\u00ed contribuir a una sociedad mejor preparada para asistir a los pacientes que enfrentan esta condici\u00f3n.&nbsp;<\/p>\n\n\n\n<p>Es importante destacar que la depresi\u00f3n es un desorden mental heterog\u00e9neo. Esto quiere decir que recoge distintos diagn\u00f3sticos de des\u00f3rdenes depresivos bajo la sombrilla de diagn\u00f3stico de depresi\u00f3n. En efecto, nos enfocaremos en la depresi\u00f3n unipolar o el desorden depresivo mayor puesto que es el desorden depresivo m\u00e1s com\u00fan y representativo de la condici\u00f3n depresiva. [3m] El DSM 5 o el Manual de Diagn\u00f3stico y Estad\u00edsticas de Des\u00f3rdenes Mentales define como uno de los s\u00edntomas principales de la depresi\u00f3n el estado de \u00e1nimo depresivo; este est\u00e1 caracterizado por sentimientos de tristeza, desesperanza y vac\u00edo. El segundo s\u00edntoma principal de la depresi\u00f3n seg\u00fan el DSM 5 es la falta de inter\u00e9s; esta falta de inter\u00e9s puede ser definida como la ausencia de placer al realizar acciones de uso cotidiano. Para un diagn\u00f3stico de depresi\u00f3n, el paciente debe mostrar al menos uno de estos dos s\u00edntomas acompa\u00f1ado de: cambios en el h\u00e1bito de sue\u00f1o (insomnio o hipersomnia); tambi\u00e9n, cambios significativos en el peso, esto puede ser un aumento o una disminuci\u00f3n de peso; adem\u00e1s, puede mostrar sentimientos excesivos de desprecio as\u00ed como [4m] una habilidad disminuida para concentrarse y pensar durante el d\u00eda; adem\u00e1s, es com\u00fan que los pacientes de depresi\u00f3n experimenten ideaciones suicidas. Seg\u00fan el DSM 5 un diagn\u00f3stico de desorden depresivo mayor est\u00e1 caracterizado por al menos 5 de estos s\u00edntomas.<\/p>\n<\/div>\n\n\n\n<div class=\"wp-block-column is-layout-flow wp-block-column-is-layout-flow\" style=\"flex-basis:25%\"><\/div>\n<\/div>\n\n\n\n<!--nextpage-->\n\n\n\n<div class=\"wp-block-columns is-layout-flex wp-container-core-columns-is-layout-28f84493 wp-block-columns-is-layout-flex\">\n<div class=\"wp-block-column is-layout-flow wp-block-column-is-layout-flow\" style=\"flex-basis:25%\"><\/div>\n\n\n\n<div class=\"wp-block-column is-layout-flow wp-block-column-is-layout-flow\" style=\"flex-basis:50%\">\n<p>&nbsp;Un m\u00e9dico puede identificar la sintomatolog\u00eda del desorden depresivo mayor por medio de una entrevista o en alternativa una escala diagn\u00f3stica como lo es la Hamilton empleada en el diagn\u00f3stico de la depresi\u00f3n desde la d\u00e9cada de los 60. En s\u00ed, el psiquiatra o el m\u00e9dico primario tiene a su disposici\u00f3n para realizar un diagn\u00f3stico de depresi\u00f3n, primero, la escala sintomatol\u00f3gica con la que pueden identificar los s\u00edntomas primarios de la depresi\u00f3n y, en ocasiones limitadas, reservan unas pruebas biol\u00f3gicas [5m] para examinar si el caso del paciente ha sido uno que, por ejemplo, es persistente y as\u00ed poder tipificar ese tipo de diagn\u00f3stico como \u201cDepresi\u00f3n persistente\u201d que conllevar\u00eda otro tipo de tratamiento.&nbsp;<\/p>\n\n\n\n<p>As\u00ed que ahora entraremos en una historia para poder entender a mayor detalle qu\u00e9 quiere decir que la depresi\u00f3n es una enfermedad heterog\u00e9nea y qu\u00e9 tiene que ver esto con el diagn\u00f3stico.<\/p>\n\n\n\n<p>Paciente A visita a su m\u00e9dico y este le diagnostica con desorden depresivo unipolar. Paciente B va a su m\u00e9dico primario y este le diagnostica con desorden depresivo unipolar, tambi\u00e9n. Cuando revisan los expedientes de cada paciente, el paciente A y el paciente B, identifican que ninguno de los s\u00edntomas que tienen coincide. [6m] A\u00fan as\u00ed el paciente A y el paciente B son ambos pacientes de depresi\u00f3n. \u00bfC\u00f3mo es esto posible?&nbsp;<\/p>\n\n\n\n<p>El panorama reci\u00e9n presentado resume el primer reto que enfrenta la comunidad m\u00e9dica en el diagn\u00f3stico de la depresi\u00f3n. La heterogeneidad de diagn\u00f3stico es vista tanto a nivel del desorden depresivo, como la gama de enfermedades, y tambi\u00e9n dentro del desorden depresivo mayor, como un tipo de enfermedad. As\u00ed que, con distintos s\u00edntomas se puede diagnosticar una misma condici\u00f3n. Este reto cobra importancia al considerar dos situaciones: #1 la tasa de falsos positivos en el diagn\u00f3stico de la depresi\u00f3n puede resultar ser m\u00e1s alta que para otras condiciones de origen patol\u00f3gico. [7m] Mientras tanto, tambi\u00e9n, el diagn\u00f3stico de la depresi\u00f3n constituye la ruta del tratamiento; por lo cual, distintos tipos de diagn\u00f3stico y la heterogeneidad del diagn\u00f3stico puede resultar tambi\u00e9n en tratamientos menos efectivos. [7m22s] Refiri\u00e9ndonos a la historia anterior, puede ser que entonces el paciente A responda a cierto tipo de tratamiento, mientras que paciente B, no. Nos queda cuestionar qu\u00e9 pudiese resolver esta situaci\u00f3n. Bueno, la realidad es que una de las ra\u00edces de este problema es la ausencia de biomarcadores confiables para el diagn\u00f3stico de la depresi\u00f3n. En su definici\u00f3n m\u00e1s amplia, un biomarcador es una sustancia o un elemento que se analiza para as\u00ed determinar si un paciente puede o no tener una condici\u00f3n. [8m] Por ejemplo, la presi\u00f3n arterial es un biomarcador que se emplea en el diagn\u00f3stico de problemas card\u00edacos. En la depresi\u00f3n, los biomarcadores son escasos y son reservados, como anteriormente mencionado, para unas pruebas espec\u00edficas cuando el paciente no se ha mostrado receptivo a la terapia.&nbsp;<\/p>\n\n\n\n<p>Ya que hemos definido los retos que se enfrentan en el diagn\u00f3stico de la depresi\u00f3n siendo (1) la heterogeneidad de diagn\u00f3stico y (2) la ausencia de biomarcadores, [como] fuentes de errores en el diagn\u00f3stico y problemas en el diagn\u00f3stico que conllevan faltas en el eventual tratamiento. Veamos entonces cu\u00e1l es el rol de la investigaci\u00f3n en este fen\u00f3meno que estamos estudiando.<\/p>\n<\/div>\n\n\n\n<div class=\"wp-block-column is-layout-flow wp-block-column-is-layout-flow\" style=\"flex-basis:25%\"><\/div>\n<\/div>\n\n\n\n<!--nextpage-->\n\n\n\n<div class=\"wp-block-columns is-layout-flex wp-container-core-columns-is-layout-28f84493 wp-block-columns-is-layout-flex\">\n<div class=\"wp-block-column is-layout-flow wp-block-column-is-layout-flow\" style=\"flex-basis:25%\"><\/div>\n\n\n\n<div class=\"wp-block-column is-layout-flow wp-block-column-is-layout-flow\" style=\"flex-basis:50%\">\n<p>Debo empezar resaltando que los retos antes mencionados son constantes en el campo de las enfermedades neuropsiqui\u00e1tricas. As\u00ed que, el rol de la investigaci\u00f3n es similar en el resto de las enfermedades psiqui\u00e1tricas. Enfoqu\u00e9monos ahora en entender cu\u00e1l es el objetivo de las investigaciones que tratan de avanzar el campo del diagn\u00f3stico de la depresi\u00f3n. En s\u00edntesis, la mayor\u00eda de las investigaciones en el diagn\u00f3stico de la depresi\u00f3n se enfocan en identificar nuevos biomarcadores. Dos vertientes de investigaci\u00f3n se establecen en esta b\u00fasqueda de biomarcadores: la primera es una a nivel molecular o neuroqu\u00edmico y la segunda es una a nivel estructural y de conectoma.&nbsp;<\/p>\n\n\n\n<p>En la primera vertiente, a nivel molecular y neuroqu\u00edmico, existen ensayos cl\u00ednicos que est\u00e1n explorando la habilidad de identificar des\u00f3rdenes depresivos por medio de an\u00e1lisis de l\u00edquido cefalorraqu\u00eddeo obtenido por medio de punciones lumbares. [10m] Sin embargo, este enfoque en las punciones lumbares no resulta ser apropiado porque resulta en costos sumamente elevados en cuanto al procedimiento una vez sea lanzado en la pr\u00e1ctica m\u00e9dica. En s\u00ed, el enfoque de este tipo de investigaciones es analizar los neurotransmisores que est\u00e1n presentes en este tipo de muestra. La teor\u00eda acoge este tipo de enfoque es que se piensa que la depresi\u00f3n surge como un efecto de la disminuci\u00f3n de neurotransmisores monoam\u00ednicos &nbsp; en el espacio del cerebro. Ahora bien, en el 2018 la revista de Psiquiatr\u00eda Traslacional public\u00f3 un art\u00edculo donde se elucida un m\u00e9todo de diagn\u00f3stico a partir de la medici\u00f3n de metabolitos de neurotransmisores en la sangre. \u00bfQu\u00e9 es lo revolucionario de este nuevo tipo de diagn\u00f3stico que est\u00e1 en su etapa precl\u00ednica-cl\u00ednica? [11m] Este nuevo tipo de diagn\u00f3stico permite hacer pruebas mucho m\u00e1s costo-eficientes ya que se utiliza como muestra la sangre. Los resultados de esta experimentaci\u00f3n parecen apuntar a que este tipo de pruebas de sangre es efectiva en el diagn\u00f3stico de la depresi\u00f3n. As\u00ed que, no se sorprendan si en el futuro logramos tener pruebas de sangre para diagnosticar la depresi\u00f3n.&nbsp;<\/p>\n\n\n\n<p>Por otro lado, la vertiente que estudia la anatom\u00eda y los conectomas del cerebro radica su experimentaci\u00f3n en el advenimiento de t\u00e9cnicas avanzadas para visualizar la actividad del cerebro. El fMRI, o las im\u00e1genes de resonancia magn\u00e9tica funcionales, permiten visualizar cu\u00e1n activo est\u00e1 el cerebro por medio de la identificaci\u00f3n del flujo de sangre. A pesar que actualmente las aplicaciones m\u00e9dicas de esta t\u00e9cnica son raras en el diagn\u00f3stico de la depresi\u00f3n, mayor n\u00famero de investigaciones podr\u00edan facilitar su eventual uso de costumbre en la comunidad m\u00e9dica. [12m] En el 2017, la revista Nature public\u00f3 un art\u00edculo donde se identifican 4 subtipos de depresi\u00f3n bas\u00e1ndose en im\u00e1genes de resonancia magn\u00e9tica funcional. Este descubrimiento es de gran inter\u00e9s pues el grupo de cient\u00edficos de la Escuela de Medicina Weill Cornell identificaron que 1 de estos 4 subtipos respond\u00eda mejor al tratamiento por estimulaci\u00f3n magn\u00e9tica transcraneal. Este tipo de experimentos prueba la importancia de explorar esta vertiente de investigaci\u00f3n pues ser\u00eda capaz de permitir mejores tratamientos dado un mejor asesoramiento en el diagn\u00f3stico.&nbsp;&nbsp;<\/p>\n\n\n\n<p>En general ambos enfoques, tanto a nivel neuroqu\u00edmico como a nivel anat\u00f3mico, son relevantes para el campo del diagn\u00f3stico de la depresi\u00f3n. La identificaci\u00f3n de biomarcadores no tan s\u00f3lo permite hacer mejores diagn\u00f3sticos sino que tambi\u00e9n habilita a los m\u00e9dicos [13m] a ofrecer mejores opciones de tratamiento. Por lo tanto, la traducci\u00f3n de la investigaci\u00f3n b\u00e1sica al ambiente cl\u00ednico es sumamente esencial para mejorar el diagn\u00f3stico de la depresi\u00f3n. Los ejemplos antes presentados son sumamente relevantes, pero si no son traducidos a la pr\u00e1ctica cl\u00ednica, realmente no veremos el efecto y el aporte de la investigaci\u00f3n por un buen tiempo. Es necesario traducir este tipo de investigaciones al ambiente cl\u00ednico, para as\u00ed mejorar el diagn\u00f3stico de la depresi\u00f3n.<\/p>\n\n\n\n<p>A modo de conclusi\u00f3n, reiteremos los puntos m\u00e1s relevantes que hemos discutido en este episodio. En primer lugar, identificamos que la comunidad m\u00e9dica de psiquiatras carece de herramientas de diagn\u00f3stico m\u00e1s all\u00e1 de las bater\u00edas de sintomatolog\u00eda; pudimos entender los s\u00edntomas de la depresi\u00f3n y luego vimos los retos que enfrenta la comunidad m\u00e9dica [14m] al diagnosticar esta condici\u00f3n m\u00e9dica. Al final pudimos reconocer la relevancia de la investigaci\u00f3n en los avances del diagn\u00f3stico de la depresi\u00f3n.<\/p>\n\n\n\n<p>Gracias por quedarse aqu\u00ed hasta el final. Este episodio ha sido producido con la ayuda de la Dra. Carmen Maldonado-Vlaar quien ha ofrecido el curso de la Neurobiolog\u00eda de las enfermedades psiqui\u00e1tricas durante el curso actual del 2020-2021. A ella le debo mi m\u00e1s sincero agradecimiento al igual que al grupo de tutores que ha colaborado en esta iniciativa. Gracias nuevamente a ustedes por unirse y quedarse hasta el final y tambi\u00e9n gracias al programa Neuro ID por publicar este podcast en su p\u00e1gina. Que tengan un excelente d\u00eda y nada, ya conocen un poco m\u00e1s sobre la sintomatolog\u00eda, los retos y el rol de la investigaci\u00f3n en el diagn\u00f3stico de la depresi\u00f3n.&nbsp;<\/p>\n<\/div>\n\n\n\n<div class=\"wp-block-column is-layout-flow wp-block-column-is-layout-flow\" style=\"flex-basis:25%\"><\/div>\n<\/div>\n","protected":false},"excerpt":{"rendered":"<p>Title: &#8220;La sintomatolog\u00eda, los retos y el rol de la investigaci\u00f3n en el diagn\u00f3stico de la depresi\u00f3n&#8221; By Jos\u00e9 Arturo Montalvo Jos\u00e9 A. Montalvo University of Puerto Rico, Rio Piedras CampusFaculty: Natural ScienceBaccalaureate: Biology Year: 3th Transcript (in spanish) Un cordial saludo a cada persona que nos sintoniza. Mi nombre es Arturo Montalvo y soy &hellip; <\/p>\n<p class=\"link-more\"><a href=\"https:\/\/neuroid.uprrp.edu\/index.php\/podcast-9-jose-montalvo\/\" class=\"more-link\">Read more<span class=\"screen-reader-text\"> &#8220;Podcast 9&#8221;<\/span><\/a><\/p>\n","protected":false},"author":5,"featured_media":0,"parent":0,"menu_order":0,"comment_status":"closed","ping_status":"closed","template":"","meta":{"footnotes":""},"class_list":["post-6063","page","type-page","status-publish","hentry"],"rttpg_featured_image_url":null,"rttpg_author":{"display_name":"admin","author_link":"https:\/\/neuroid.uprrp.edu\/index.php\/author\/admin\/"},"rttpg_comment":0,"rttpg_category":null,"rttpg_excerpt":"Title: &#8220;La sintomatolog\u00eda, los retos y el rol de la investigaci\u00f3n en el diagn\u00f3stico de la depresi\u00f3n&#8221; By Jos\u00e9 Arturo Montalvo Jos\u00e9 A. Montalvo University of Puerto Rico, Rio Piedras CampusFaculty: Natural ScienceBaccalaureate: Biology Year: 3th Transcript (in spanish) Un cordial saludo a cada persona que nos sintoniza. Mi nombre es Arturo Montalvo y soy&hellip;","_links":{"self":[{"href":"https:\/\/neuroid.uprrp.edu\/index.php\/wp-json\/wp\/v2\/pages\/6063","targetHints":{"allow":["GET"]}}],"collection":[{"href":"https:\/\/neuroid.uprrp.edu\/index.php\/wp-json\/wp\/v2\/pages"}],"about":[{"href":"https:\/\/neuroid.uprrp.edu\/index.php\/wp-json\/wp\/v2\/types\/page"}],"author":[{"embeddable":true,"href":"https:\/\/neuroid.uprrp.edu\/index.php\/wp-json\/wp\/v2\/users\/5"}],"replies":[{"embeddable":true,"href":"https:\/\/neuroid.uprrp.edu\/index.php\/wp-json\/wp\/v2\/comments?post=6063"}],"version-history":[{"count":11,"href":"https:\/\/neuroid.uprrp.edu\/index.php\/wp-json\/wp\/v2\/pages\/6063\/revisions"}],"predecessor-version":[{"id":6447,"href":"https:\/\/neuroid.uprrp.edu\/index.php\/wp-json\/wp\/v2\/pages\/6063\/revisions\/6447"}],"wp:attachment":[{"href":"https:\/\/neuroid.uprrp.edu\/index.php\/wp-json\/wp\/v2\/media?parent=6063"}],"curies":[{"name":"wp","href":"https:\/\/api.w.org\/{rel}","templated":true}]}}