{"id":6081,"date":"2021-08-06T15:19:20","date_gmt":"2021-08-06T19:19:20","guid":{"rendered":"https:\/\/neuroid.uprrp.edu\/?page_id=6081"},"modified":"2021-08-06T15:19:50","modified_gmt":"2021-08-06T19:19:50","slug":"podcast-10-isabel-rivera","status":"publish","type":"page","link":"https:\/\/neuroid.uprrp.edu\/index.php\/podcast-10-isabel-rivera\/","title":{"rendered":"Podcast 10"},"content":{"rendered":"\n<p style=\"font-size:clamp(16.293px, 1.018rem + ((1vw - 3.2px) * 0.771), 25px);px\">Title: &#8220;Los hongos psicod\u00e9licos&#8221;<\/p>\n\n\n\n<p>By Isabel Rivera<\/p>\n\n\n\n<div style=\"height:25px\" aria-hidden=\"true\" class=\"wp-block-spacer\"><\/div>\n\n\n\n<div class=\"wp-block-cover alignwide has-background-dim-30 has-neve-link-color-background-color has-background-dim has-custom-content-position is-position-center-left is-position-center-center\" style=\"min-height:250px;aspect-ratio:unset;\"><img fetchpriority=\"high\" decoding=\"async\" width=\"2000\" height=\"1125\" class=\"wp-block-cover__image-background wp-image-5743\" alt=\"\" src=\"https:\/\/neuroid.uprrp.edu\/wp-content\/uploads\/2021\/07\/Podcastbackground.png\" style=\"object-position:7% 61%\" data-object-fit=\"cover\" data-object-position=\"7% 61%\" srcset=\"https:\/\/neuroid.uprrp.edu\/wp-content\/uploads\/2021\/07\/Podcastbackground.png 2000w, https:\/\/neuroid.uprrp.edu\/wp-content\/uploads\/2021\/07\/Podcastbackground-300x169.png 300w, https:\/\/neuroid.uprrp.edu\/wp-content\/uploads\/2021\/07\/Podcastbackground-1024x576.png 1024w, https:\/\/neuroid.uprrp.edu\/wp-content\/uploads\/2021\/07\/Podcastbackground-768x432.png 768w, https:\/\/neuroid.uprrp.edu\/wp-content\/uploads\/2021\/07\/Podcastbackground-1536x864.png 1536w\" sizes=\"(max-width: 2000px) 100vw, 2000px\" \/><div class=\"wp-block-cover__inner-container is-layout-flow wp-block-cover-is-layout-flow\">\n<div style=\"height:28px\" aria-hidden=\"true\" class=\"wp-block-spacer\"><\/div>\n\n\n\n<div class=\"wp-block-columns is-layout-flex wp-container-core-columns-is-layout-28f84493 wp-block-columns-is-layout-flex\">\n<div class=\"wp-block-column is-layout-flow wp-block-column-is-layout-flow\" style=\"flex-basis:35%\">\n<div class=\"wp-block-image\"><figure class=\"aligncenter size-large is-resized\"><img decoding=\"async\" src=\"https:\/\/neuroid.uprrp.edu\/wp-content\/uploads\/2021\/08\/mushroomstreatdepressionthumb_1316001-edited.jpg\" alt=\"\" class=\"wp-image-6084\" width=\"285\" height=\"285\" srcset=\"https:\/\/neuroid.uprrp.edu\/wp-content\/uploads\/2021\/08\/mushroomstreatdepressionthumb_1316001-edited.jpg 578w, https:\/\/neuroid.uprrp.edu\/wp-content\/uploads\/2021\/08\/mushroomstreatdepressionthumb_1316001-edited-300x300.jpg 300w, https:\/\/neuroid.uprrp.edu\/wp-content\/uploads\/2021\/08\/mushroomstreatdepressionthumb_1316001-edited-150x150.jpg 150w, https:\/\/neuroid.uprrp.edu\/wp-content\/uploads\/2021\/08\/mushroomstreatdepressionthumb_1316001-edited-45x45.jpg 45w\" sizes=\"(max-width: 285px) 100vw, 285px\" \/><\/figure><\/div>\n<\/div>\n\n\n\n<div class=\"wp-block-column is-layout-flow wp-block-column-is-layout-flow\" style=\"flex-basis:50%\">\n<div style=\"height:33px\" aria-hidden=\"true\" class=\"wp-block-spacer\"><\/div>\n\n\n\n<p class=\"has-nv-dark-bg-color has-text-color has-large-font-size\">Los hongos psicod\u00e9licos<\/p>\n\n\n\n<p class=\"has-nv-dark-bg-color has-text-color\"><em>Estos hongos se han propuesto como un tratamiento alterno para la depresi\u00f3n&#8230;<\/em><\/p>\n\n\n\n<div style=\"height:10px\" aria-hidden=\"true\" class=\"wp-block-spacer\"><\/div>\n\n\n\n<figure class=\"wp-block-audio\"><audio controls src=\"https:\/\/d3ctxlq1ktw2nl.cloudfront.net\/staging\/2021-7-6\/91812484-1034-b3c7-06ea-f3bca051c937.mp3\"><\/audio><\/figure>\n\n\n\n<div style=\"height:11px\" aria-hidden=\"true\" class=\"wp-block-spacer\"><\/div>\n\n\n\n<div class=\"wp-block-columns is-layout-flex wp-container-core-columns-is-layout-28f84493 wp-block-columns-is-layout-flex\">\n<div class=\"wp-block-column is-layout-flow wp-block-column-is-layout-flow\">\n<div class=\"wp-block-buttons is-layout-flex wp-block-buttons-is-layout-flex\">\n<div class=\"wp-block-button\"><a class=\"wp-block-button__link has-neve-link-color-background-color has-background\" href=\"https:\/\/anchor.fm\/neuroid-scientificpodcast\/episodes\/Podcast-Los-hongos-psicodlicos-e15i552\/a-a69raq5\" style=\"border-radius:50px\" target=\"_blank\" rel=\"noreferrer noopener\">Podcast audio<\/a><\/div>\n<\/div>\n<\/div>\n<\/div>\n<\/div>\n<\/div>\n<\/div><\/div>\n\n\n\n<div style=\"height:30px\" aria-hidden=\"true\" class=\"wp-block-spacer\"><\/div>\n\n\n\n<div style=\"height:47px\" aria-hidden=\"true\" class=\"wp-block-spacer\"><\/div>\n\n\n\n<hr class=\"wp-block-separator\"\/>\n\n\n\n<div class=\"wp-block-columns is-layout-flex wp-container-core-columns-is-layout-28f84493 wp-block-columns-is-layout-flex\">\n<div class=\"wp-block-column is-layout-flow wp-block-column-is-layout-flow\" style=\"flex-basis:15%\"><\/div>\n\n\n\n<div class=\"wp-block-column is-layout-flow wp-block-column-is-layout-flow\">\n<div class=\"wp-block-columns is-layout-flex wp-container-core-columns-is-layout-28f84493 wp-block-columns-is-layout-flex\">\n<div class=\"wp-block-column is-layout-flow wp-block-column-is-layout-flow\">\n<div class=\"wp-block-image\"><figure class=\"alignright size-large is-resized\"><a href=\"https:\/\/neuroid.uprrp.edu\/wp-content\/uploads\/2021\/08\/Isabel-Rivera-podcast-10.png\"><img decoding=\"async\" src=\"https:\/\/neuroid.uprrp.edu\/wp-content\/uploads\/2021\/08\/Isabel-Rivera-podcast-10-edited.png\" alt=\"\" class=\"wp-image-6083\" width=\"300\" height=\"300\" srcset=\"https:\/\/neuroid.uprrp.edu\/wp-content\/uploads\/2021\/08\/Isabel-Rivera-podcast-10-edited.png 407w, https:\/\/neuroid.uprrp.edu\/wp-content\/uploads\/2021\/08\/Isabel-Rivera-podcast-10-edited-300x300.png 300w, https:\/\/neuroid.uprrp.edu\/wp-content\/uploads\/2021\/08\/Isabel-Rivera-podcast-10-edited-150x150.png 150w, https:\/\/neuroid.uprrp.edu\/wp-content\/uploads\/2021\/08\/Isabel-Rivera-podcast-10-edited-45x45.png 45w\" sizes=\"(max-width: 300px) 100vw, 300px\" \/><\/a><\/figure><\/div>\n<\/div>\n\n\n\n<div class=\"wp-block-column is-vertically-aligned-center is-layout-flow wp-block-column-is-layout-flow\">\n<p class=\"has-medium-font-size\">Isabel Rivera Plata<\/p>\n\n\n\n<p>University of Puerto Rico, Rio Piedras Campus<br>Faculty: Natural Science<br>Baccalaureate: Molecular Cell Biology <br>Year: 5th<\/p>\n<\/div>\n<\/div>\n<\/div>\n\n\n\n<div class=\"wp-block-column is-layout-flow wp-block-column-is-layout-flow\" style=\"flex-basis:15%\"><\/div>\n<\/div>\n\n\n\n<hr class=\"wp-block-separator\"\/>\n\n\n\n<div style=\"height:51px\" aria-hidden=\"true\" class=\"wp-block-spacer\"><\/div>\n\n\n\n<div class=\"wp-block-columns is-layout-flex wp-container-core-columns-is-layout-28f84493 wp-block-columns-is-layout-flex\">\n<div class=\"wp-block-column is-layout-flow wp-block-column-is-layout-flow\" style=\"flex-basis:25%\"><\/div>\n\n\n\n<div class=\"wp-block-column is-layout-flow wp-block-column-is-layout-flow\" style=\"flex-basis:50%\">\n<h1 class=\"has-medium-font-size wp-block-heading\">Transcript (in spanish)<\/h1>\n\n\n\n<p>Transcripci\u00f3n Podcast<\/p>\n\n\n\n<p>Saludos a todes Mi nombre es Isabel Rivera estudiante subgraduada de Biolog\u00eda en\u00a0 la Universidad de Puerto Rico Recinto de R\u00edo Piedras. Como parte del curso brindado por la Dra. Carmen Maldonado Vlaar sobre las Bases neurobiol\u00f3gicas de las enfermedades mentales hemos tenido que preparar un podcast con un tema de inter\u00e9s, para el cual yo entonces\u00a0 escog\u00ed hablar sobre un t\u00f3pico de alta relevancia hoy d\u00eda debido a la sensatez que est\u00e1 causando tanto en el mundo de la psiquiatria y psicologia clinica. En este episodio yo les estar\u00e9 hablando particularmente sobre lo que se conocen como los hongos psicod\u00e9licos, u hongos entre comillas m\u00e1gicas,\u00a0 los cuales en realidad son hongos que contienen psilocibina.\u00a0 Recientemente estos hongos se han propuesto como un tratamiento alterno para la depresi\u00f3n pues numerosos estudios han demostrado que\u00a0 su ingrediente activo, la psilocibina ayuda a reducir los s\u00edntomas de esa enfermedad. <\/p>\n\n\n\n<p>para darles un trasfondo hist\u00f3rico sobre el uso de estos hongos, se cree que han sido utilizados a lo largo del transcurso de la humanidad, pues se han descubierto representaciones de estos en murales prehist\u00f3ricos, pinturas rupestres en Espa\u00f1a y Argelia que sugieren&nbsp; su uso ] desde antes de la historia que ha sido registrada. Es bien notorio tambi\u00e9n el hecho de que en Mesoam\u00e9rica, los hongos se hab\u00edan consumido durante mucho tiempo en ceremonias espirituales y de sanaci\u00f3n antes de que los cronistas espa\u00f1oles documentaron por primera vez su uso en el siglo XVI.&nbsp; M\u00e1s contempor\u00e1neamente, el uso de drogas psicod\u00e9licas tales como los hongos fue popularizado a trav\u00e9s de lo que se conoce como la generaci\u00f3n Beat, el cual fue un movimiento literario estadounidense iniciado en la era de la posguerra en la d\u00e9cada del 1950 por un grupo de autores cuyo trabajo se centraba&nbsp; en&nbsp; aspectos tales como el rechazo de los valores narrativos est\u00e1ndar, la realizaci\u00f3n de una b\u00fasqueda espiritual, la exploraci\u00f3n de las religiones estadounidenses y orientales, el rechazo del materialismo econ\u00f3mico, las representaciones expl\u00edcitas de la condici\u00f3n humana y la liberaci\u00f3n sexual.<\/p>\n\n\n\n<p>Los miembros originales de la Generaci\u00f3n Beat usaban varias drogas diferentes, que inclu\u00edan alcohol, marihuana, benzedrina, morfina y m\u00e1s tarde drogas psicod\u00e9licas. ] se acercaban a las drogas de forma experimental, porque&nbsp; no estaban completamente familiarizados con sus efectos. y ese consumo de drogas se inspir\u00f3 en gran medida en el inter\u00e9s intelectual, debido a que muchos escritores de Beat pensaron que sus experiencias con las drogas mejoran la creatividad, la percepci\u00f3n o la productividad.<\/p>\n\n\n\n<p>La decisi\u00f3n de prohibir los hongos m\u00e1gicos, m\u00e1s espec\u00edficamente la psilocibina y otros psicod\u00e9licos como el LSD fue tomada en el 1968 por la administraci\u00f3n de Richard Nixon. m\u00e1s por cuestiones pol\u00edticas que por&nbsp; seguridad p\u00fablica. En 1994, John Ehrlichman, ex-asesor de pol\u00edtica interna de Nixon le dijo al periodista Dan Baum que la Guerra contra las Drogas era en realidad un intento de perturbar y oprimir a los enemigos pol\u00edticos del presidente. ya que se &nbsp; afiliaba&nbsp; la psilocibina con la contracultura psicod\u00e9lica que a su vez eran izquierdistas anti guerra dentro del espectro pol\u00edtico<\/p>\n\n\n\n<p>Sin embargo Al sol de hoy Muchas personas lo usan a menudo sea de forma recreativa en clubes de baile o por grupos de personas que simplemente buscan pasar una experiencia espiritual trascendental<\/p>\n\n\n\n<p>Para hablarles un poco en espec\u00edfico de c\u00f3mo es que funciona el mecanismo de acci\u00f3n de los hongos, es decir la neurociencia detr\u00e1s de ello y su rol aliviando los sintomas de depresion, pues es importante conocer sobre la serotonina ya que se cree que es un neurotransmisor que juega un rol importante en los trastornos depresivos<\/p>\n\n\n\n<p>La serotonina El cuerpo la&nbsp; usa para enviar mensajes entre las c\u00e9lulas nerviosas y parecen jugar un papel en el estado de \u00e1nimo, las emociones, el apetito y la digesti\u00f3n. Como precursor de la melatonina, esta puede ayudar a regular los ciclos de sue\u00f1o-vigilia y el reloj biol\u00f3gico.. La gente a veces lo llama la sustancia qu\u00edmica feliz, porque contribuye al bienestar y la felicidad.<\/p>\n\n\n\n<p>La serotonina no puede atravesar la barrera hematoencef\u00e1lica. Esto significa que el cerebro debe producir la serotonina que necesita. Los tratamientos para la depresi\u00f3n y otros problemas de salud mental no suministran serotonina directamente, sino que desencadenan reacciones que pueden aumentar los niveles de serotonina en el cerebro.<\/p>\n\n\n\n<p>La serotonina tambi\u00e9n es conocida como 5-hidroxitriptamina, que es su nombre cient\u00edfico y a menudo este se abrevia como 5 HT.<\/p>\n\n\n\n<p>Cuando se consumen hongos psicod\u00e9licos, la psilocibina presente en estos se desfosforila r\u00e1pidamente en el cuerpo a psilocina, que es un agonista de varios receptores de 5HT. La psilocina se une con alta afinidad a los receptores 5-HT2A y baja afinidad a los receptores 5-HT1, .\u00a0 Los efectos psicotomim\u00e9ticos (es decir, que imitan la psicosis) de la psilocina pueden bloquearse de una manera dependiente de la dosis por el f\u00e1rmaco ketanserina, un antagonista de 5-HT2A. Y pues esto apoya la noci\u00f3n de que los efectos primarios se deben a la acci\u00f3n a nivel presin\u00e1ptico de los Receptores 5HT2A\u00a0<\/p>\n<\/div>\n\n\n\n<div class=\"wp-block-column is-layout-flow wp-block-column-is-layout-flow\" style=\"flex-basis:25%\"><\/div>\n<\/div>\n\n\n\n<div class=\"wp-block-columns is-layout-flex wp-container-core-columns-is-layout-28f84493 wp-block-columns-is-layout-flex\">\n<div class=\"wp-block-column is-layout-flow wp-block-column-is-layout-flow\">\n<p>Continue to next page&#8230;<\/p>\n<\/div>\n<\/div>\n\n\n\n<!--nextpage-->\n\n\n\n<div class=\"wp-block-columns is-layout-flex wp-container-core-columns-is-layout-28f84493 wp-block-columns-is-layout-flex\">\n<div class=\"wp-block-column is-layout-flow wp-block-column-is-layout-flow\" style=\"flex-basis:25%\"><\/div>\n\n\n\n<div class=\"wp-block-column is-layout-flow wp-block-column-is-layout-flow\" style=\"flex-basis:50%\">\n<p>Como ocurre con muchas sustancias psicod\u00e9licas, los efectos de las setas psicod\u00e9licas son subjetivos y pueden variar considerablemente entre consumidores individuales. Los efectos que alteran la mente de los hongos que contienen psilocibina suelen durar de tres a ocho horas, seg\u00fan la dosis, el m\u00e9todo de preparaci\u00f3n y el metabolismo personal. Las primeras 3 a 4 horas despu\u00e9s de la ingesti\u00f3n se denominan normalmente el &#8220;pico&#8221;, en el que el usuario experimenta im\u00e1genes m\u00e1s v\u00edvidas y distorsiones en la realidad.&nbsp;<\/p>\n\n\n\n<p>Los efectos sensoriales incluyen alucinaciones visuales y auditivas seguidas de cambios emocionales y percepci\u00f3n alterada del tiempo y el espacio. tambi\u00e9n cambios en la percepci\u00f3n visual que incluyen realce y contraste de colores, fen\u00f3menos de luz extra\u00f1os, aumento de la agudeza visual, superficies que parecen ondular, brillar o respirar; visuales complejos de ojos abiertos y cerrados de constantes de forma o im\u00e1genes, objetos que se deforman&nbsp; una sensaci\u00f3n de fusi\u00f3n con el medio ambiente y rastros detr\u00e1s de los objetos en movimiento. Puede parecer que los sonidos tienen una mayor claridad; la m\u00fasica, por ejemplo, puede adquirir un sentido profundo de cadencia y profundidad.<\/p>\n\n\n\n<p>La hilaridad, la falta de concentraci\u00f3n y la relajaci\u00f3n muscular (incluidas las pupilas dilatadas) son todos efectos normales, a veces en el mismo viaje. Las consecuencias psicol\u00f3gicas del uso de psilocibina incluyen alucinaciones y la incapacidad de discernir la fantas\u00eda de la realidad. Tambi\u00e9n pueden producir reacciones de p\u00e1nico y psicosis, especialmente si un usuario ingiere una gran dosis. Adem\u00e1s de los riesgos asociados con la ingesti\u00f3n de psilocibina,&nbsp;<\/p>\n\n\n\n<p>Los efectos&nbsp; a largo plazo que se especulan que pueden ser causados por los hongos son unos aumentos temporales de la presi\u00f3n arterial causados que podr\u00edan ser un factor de riesgo para los usuarios con hipertensi\u00f3n preexistente.&nbsp;<\/p>\n\n\n\n<p>tambi\u00e9n&nbsp;<\/p>\n\n\n\n<p>Un estudio de la Universidad Johns Hopkins descubri\u00f3 que una dosis de 20 a 30 mg de psilocibina por cada 70 kg que ocasionaron experiencias de tipo m\u00edstico provocaba cambios positivos duraderos en rasgos como el altruismo, la gratitud, el perd\u00f3n y la cercan\u00eda con los dem\u00e1s cuando se combinaba con meditaci\u00f3n y programa de apoyo a la pr\u00e1ctica espiritual<\/p>\n\n\n\n<p>&nbsp;La psilocibina y la psilocina crean aumentos a corto plazo en la tolerancia de los usuarios, lo que dificulta su uso indebido porque cuanto m\u00e1s a menudo se toman en un per\u00edodo corto de tiempo, m\u00e1s d\u00e9biles son los efectos resultantes.<\/p>\n\n\n\n<p>Por lo tanto, el uso repetido de psilocibina no produce dependencia f\u00edsica, es decir adicci\u00f3n.&nbsp;<\/p>\n\n\n\n<p>en cuanto a la Posibilidad de sobredosis con psilocibina,&nbsp;<\/p>\n\n\n\n<p>La toxicidad de esta se ha demostrado ser baja. No obstante, las personas que buscan usar hongos psilocibina tambi\u00e9n corren el riesgo de intoxicaci\u00f3n si una de las muchas variedades de hongos venenosos se confunde con un hongo psilocibina.&nbsp;<\/p>\n\n\n\n<p>Adem\u00e1s, la tolerancia a la psilocibina se acumula y se disipa r\u00e1pidamente; La ingesti\u00f3n de psilocibina m\u00e1s de aproximadamente una vez a la semana puede reducir los efectos. La tolerancia se disipa despu\u00e9s de unos d\u00edas, por lo que las dosis se pueden espaciar con varios d\u00edas de diferencia para evitar el efecto de la retirada.<\/p>\n\n\n\n<p>Se ha demostrado que la psilocibina reduce la ansiedad y la depresi\u00f3n en pacientes con c\u00e1ncer que tienen diagn\u00f3sticos terminales. Tambi\u00e9n se ha demostrado su eficacia en el tratamiento de la adicci\u00f3n a la nicotina. Adem\u00e1s, se est\u00e1 considerando que los psicod\u00e9licos ayudan con algunos s\u00edntomas del trastorno obsesivo compulsivo (TOC).<\/p>\n\n\n\n<p>La psilocibina, como el LSD, se considera un agonista de los receptores de serotonina. Esto significa que potencialmente puede tener efectos positivos en el estado de \u00e1nimo y la conexi\u00f3n social de alguien con autismo que probablemente tenga menos de estos receptores pero como droga alucin\u00f3gena, puede ser dif\u00edcil predecir si la experiencia con la droga ser\u00e1 positiva o negativa.<\/p>\n\n\n\n<p>Las dosis moderadas alteran la conciencia de manera que aumentan la introspecci\u00f3n, inducen la desrealizaci\u00f3n, estados de ensue\u00f1o, ilusiones, alucinaciones complejas, sinestesia y percepciones alteradas del tiempo y el espacio.<\/p>\n\n\n\n<p>Para dosis peque\u00f1as, los participantes experimentaron una mejor creatividad y productividad y una disminuci\u00f3n en los niveles de ansiedad y depresi\u00f3n.<\/p>\n\n\n\n<p>La psilocibina (con apoyo psicol\u00f3gico) se asoci\u00f3 con un aumento de las respuestas de la am\u00edgdala a los est\u00edmulos emocionales, un efecto opuesto a los SSRIs, que son medicamentos tradicionales usados para tratar la depresi\u00f3n<\/p>\n\n\n\n<p>Algunas personas han informado s\u00edntomas no deseados como migra\u00f1as, sobreestimulaci\u00f3n, dificultad para dormir, malestar f\u00edsico y, a veces, incluso ansiedad, a pesar de la promesa de estos medicamentos para aliviarla. A\u00fan no se comprende bien c\u00f3mo estos s\u00edntomas se relacionan con la dosis exacta, el horario y el tipo de medicamento que se toma, pero s\u00ed muestran que pueden ocurrir efectos negativos.<\/p>\n\n\n\n<p>La Ley de Sustancias Controladas (CSA) establecida en 1971, marc\u00f3 el comienzo de la desastrosa Guerra contra las Drogas de Estados Unidos. Seg\u00fan la CSA, la psilocibina y la psilocina se enumeran junto con la hero\u00edna como drogas de la Lista I, lo que significa que tienen un alto potencial de abuso y ning\u00fan uso m\u00e9dico aceptado, al menos, seg\u00fan el gobierno federal.<\/p>\n\n\n\n<p>Existen, sin embargo Algunos Pa\u00edses en donde la posesi\u00f3n de los hongos de psilocibina ya es legalizado sea para fines terap\u00e9uticos y\/o recreativos Bahamas, Brasil, nepal, y los pa\u00edses bajos.<\/p>\n<\/div>\n\n\n\n<div class=\"wp-block-column is-layout-flow wp-block-column-is-layout-flow\" style=\"flex-basis:25%\"><\/div>\n<\/div>\n\n\n\n<!--nextpage-->\n\n\n\n<div class=\"wp-block-columns is-layout-flex wp-container-core-columns-is-layout-28f84493 wp-block-columns-is-layout-flex\">\n<div class=\"wp-block-column is-layout-flow wp-block-column-is-layout-flow\" style=\"flex-basis:25%\"><\/div>\n\n\n\n<div class=\"wp-block-column is-layout-flow wp-block-column-is-layout-flow\" style=\"flex-basis:50%\">\n<p>Actualmente todav\u00eda existen Retos y dificultades en conseguir ayuda monetaria para el financiamiento de estudios y esto se debe mayormente al estatus legal de la droga por ser clasificada como parte de la Lista I, adem\u00e1s de\u00a0la influencia pol\u00edtica de la guerra contra las drogas. la investigaci\u00f3n enfocada en\u00a0 evaluar los usos beneficiosos de la psilocibina, depende de organizaciones sin fines de lucro como la Asociaci\u00f3n Multidisciplinaria de Estudios psicod\u00e9licos, la Fundaci\u00f3n Beckley y la Instituto de Investigaci\u00f3n Heffter, entre otros. A trav\u00e9s de estudios cient\u00edficos se sigue ampliando la posibilidad de considerar que los psicod\u00e9licos como la psilocibina son tratamientos\u00a0 leg\u00edtimos que podr\u00edan ayudar a la terapia para un amplia gama de diagn\u00f3sticos psiqui\u00e1tricos.<\/p>\n\n\n\n<p>Se estima que los hongos de psilocibina actualmente est\u00e1n en miras de ser aprobados por la FDA en dos o tres a\u00f1os aproximadamente y as\u00ed un sin n\u00fameros de personas sufrientes de depresi\u00f3n tendr\u00e1n una alternativa que podr\u00eda remediar su condici\u00f3n. con eso concluyo este podcast espero que hayan podido\u00a0 obtener conocimiento\u00a0 nuevo y hasta quiz\u00e1s esperanzas si es que el tema le podr\u00eda aplicar a usted, gracias por su atencion.<\/p>\n<\/div>\n\n\n\n<div class=\"wp-block-column is-layout-flow wp-block-column-is-layout-flow\" style=\"flex-basis:25%\"><\/div>\n<\/div>\n","protected":false},"excerpt":{"rendered":"<p>Title: &#8220;Los hongos psicod\u00e9licos&#8221; By Isabel Rivera Isabel Rivera Plata University of Puerto Rico, Rio Piedras CampusFaculty: Natural ScienceBaccalaureate: Molecular Cell Biology Year: 5th Transcript (in spanish) Transcripci\u00f3n Podcast Saludos a todes Mi nombre es Isabel Rivera estudiante subgraduada de Biolog\u00eda en\u00a0 la Universidad de Puerto Rico Recinto de R\u00edo Piedras. Como parte del curso &hellip; <\/p>\n<p class=\"link-more\"><a href=\"https:\/\/neuroid.uprrp.edu\/index.php\/podcast-10-isabel-rivera\/\" class=\"more-link\">Read more<span class=\"screen-reader-text\"> &#8220;Podcast 10&#8221;<\/span><\/a><\/p>\n","protected":false},"author":2,"featured_media":0,"parent":0,"menu_order":0,"comment_status":"closed","ping_status":"closed","template":"","meta":{"footnotes":""},"class_list":["post-6081","page","type-page","status-publish","hentry"],"rttpg_featured_image_url":null,"rttpg_author":{"display_name":"NeuroID Program","author_link":"https:\/\/neuroid.uprrp.edu\/index.php\/author\/neuroid\/"},"rttpg_comment":0,"rttpg_category":null,"rttpg_excerpt":"Title: &#8220;Los hongos psicod\u00e9licos&#8221; By Isabel Rivera Isabel Rivera Plata University of Puerto Rico, Rio Piedras CampusFaculty: Natural ScienceBaccalaureate: Molecular Cell Biology Year: 5th Transcript (in spanish) Transcripci\u00f3n Podcast Saludos a todes Mi nombre es Isabel Rivera estudiante subgraduada de Biolog\u00eda en\u00a0 la Universidad de Puerto Rico Recinto de R\u00edo Piedras. Como parte del curso&hellip;","_links":{"self":[{"href":"https:\/\/neuroid.uprrp.edu\/index.php\/wp-json\/wp\/v2\/pages\/6081","targetHints":{"allow":["GET"]}}],"collection":[{"href":"https:\/\/neuroid.uprrp.edu\/index.php\/wp-json\/wp\/v2\/pages"}],"about":[{"href":"https:\/\/neuroid.uprrp.edu\/index.php\/wp-json\/wp\/v2\/types\/page"}],"author":[{"embeddable":true,"href":"https:\/\/neuroid.uprrp.edu\/index.php\/wp-json\/wp\/v2\/users\/2"}],"replies":[{"embeddable":true,"href":"https:\/\/neuroid.uprrp.edu\/index.php\/wp-json\/wp\/v2\/comments?post=6081"}],"version-history":[{"count":4,"href":"https:\/\/neuroid.uprrp.edu\/index.php\/wp-json\/wp\/v2\/pages\/6081\/revisions"}],"predecessor-version":[{"id":6088,"href":"https:\/\/neuroid.uprrp.edu\/index.php\/wp-json\/wp\/v2\/pages\/6081\/revisions\/6088"}],"wp:attachment":[{"href":"https:\/\/neuroid.uprrp.edu\/index.php\/wp-json\/wp\/v2\/media?parent=6081"}],"curies":[{"name":"wp","href":"https:\/\/api.w.org\/{rel}","templated":true}]}}