{"id":6206,"date":"2021-09-03T14:08:50","date_gmt":"2021-09-03T18:08:50","guid":{"rendered":"https:\/\/neuroid.uprrp.edu\/?page_id=6206"},"modified":"2021-09-08T11:59:04","modified_gmt":"2021-09-08T15:59:04","slug":"podcast-19-natalia-ortiz","status":"publish","type":"page","link":"https:\/\/neuroid.uprrp.edu\/index.php\/podcast-19-natalia-ortiz\/","title":{"rendered":"Podcast 19"},"content":{"rendered":"\n<p style=\"font-size:clamp(15.747px, 0.984rem + ((1vw - 3.2px) * 0.73), 24px);px\">Title: &#8220;Terapias tradicionales y alternas para el tratamiento de la esquizofrenia&#8221;<\/p>\n\n\n\n<p>By Natalia Ort\u00edz<\/p>\n\n\n\n<div style=\"height:25px\" aria-hidden=\"true\" class=\"wp-block-spacer\"><\/div>\n\n\n\n<div class=\"wp-block-cover alignwide has-background-dim-30 has-neve-link-color-background-color has-background-dim has-custom-content-position is-position-center-left is-position-center-center\" style=\"min-height:250px;aspect-ratio:unset;\"><img fetchpriority=\"high\" decoding=\"async\" width=\"2000\" height=\"1125\" class=\"wp-block-cover__image-background wp-image-5743\" alt=\"\" src=\"https:\/\/neuroid.uprrp.edu\/wp-content\/uploads\/2021\/07\/Podcastbackground.png\" style=\"object-position:7% 61%\" data-object-fit=\"cover\" data-object-position=\"7% 61%\" srcset=\"https:\/\/neuroid.uprrp.edu\/wp-content\/uploads\/2021\/07\/Podcastbackground.png 2000w, https:\/\/neuroid.uprrp.edu\/wp-content\/uploads\/2021\/07\/Podcastbackground-300x169.png 300w, https:\/\/neuroid.uprrp.edu\/wp-content\/uploads\/2021\/07\/Podcastbackground-1024x576.png 1024w, https:\/\/neuroid.uprrp.edu\/wp-content\/uploads\/2021\/07\/Podcastbackground-768x432.png 768w, https:\/\/neuroid.uprrp.edu\/wp-content\/uploads\/2021\/07\/Podcastbackground-1536x864.png 1536w\" sizes=\"(max-width: 2000px) 100vw, 2000px\" \/><div class=\"wp-block-cover__inner-container is-layout-flow wp-block-cover-is-layout-flow\">\n<div style=\"height:28px\" aria-hidden=\"true\" class=\"wp-block-spacer\"><\/div>\n\n\n\n<div class=\"wp-block-columns is-layout-flex wp-container-core-columns-is-layout-28f84493 wp-block-columns-is-layout-flex\">\n<div class=\"wp-block-column is-layout-flow wp-block-column-is-layout-flow\" style=\"flex-basis:35%\">\n<div style=\"height:57px\" aria-hidden=\"true\" class=\"wp-block-spacer\"><\/div>\n\n\n\n<div class=\"wp-block-image\"><figure class=\"aligncenter size-large is-resized\"><img decoding=\"async\" src=\"https:\/\/neuroid.uprrp.edu\/wp-content\/uploads\/2021\/09\/Screen-Shot-2021-09-03-at-1.51.01-PM-edited.png\" alt=\"\" class=\"wp-image-6210\" width=\"285\" height=\"285\" srcset=\"https:\/\/neuroid.uprrp.edu\/wp-content\/uploads\/2021\/09\/Screen-Shot-2021-09-03-at-1.51.01-PM-edited.png 384w, https:\/\/neuroid.uprrp.edu\/wp-content\/uploads\/2021\/09\/Screen-Shot-2021-09-03-at-1.51.01-PM-edited-300x300.png 300w, https:\/\/neuroid.uprrp.edu\/wp-content\/uploads\/2021\/09\/Screen-Shot-2021-09-03-at-1.51.01-PM-edited-150x150.png 150w, https:\/\/neuroid.uprrp.edu\/wp-content\/uploads\/2021\/09\/Screen-Shot-2021-09-03-at-1.51.01-PM-edited-45x45.png 45w\" sizes=\"(max-width: 285px) 100vw, 285px\" \/><\/figure><\/div>\n<\/div>\n\n\n\n<div class=\"wp-block-column is-layout-flow wp-block-column-is-layout-flow\" style=\"flex-basis:50%\">\n<div style=\"height:24px\" aria-hidden=\"true\" class=\"wp-block-spacer\"><\/div>\n\n\n\n<p class=\"has-nv-dark-bg-color has-text-color\" style=\"font-size:clamp(16.834px, 1.052rem + ((1vw - 3.2px) * 0.811), 26px);px\">Terapias tradicionales y alternas para<\/p>\n\n\n\n<p class=\"has-nv-dark-bg-color has-text-color\" style=\"font-size:clamp(16.834px, 1.052rem + ((1vw - 3.2px) * 0.811), 26px);px\">el tratamiento de la esquizofrenia <\/p>\n\n\n\n<div style=\"height:39px\" aria-hidden=\"true\" class=\"wp-block-spacer\"><\/div>\n\n\n\n<p class=\"has-nv-dark-bg-color has-text-color\" style=\"font-size:clamp(14px, 0.875rem + ((1vw - 3.2px) * 0.088), 15px);px\"><em>La esquizofrenia es un desorden mental que se caracteriza por la interpretaci\u00f3n distorsionada de la realidad&#8230;<\/em><\/p>\n\n\n\n<div style=\"height:21px\" aria-hidden=\"true\" class=\"wp-block-spacer\"><\/div>\n\n\n\n<div class=\"wp-block-columns is-layout-flex wp-container-core-columns-is-layout-28f84493 wp-block-columns-is-layout-flex\">\n<div class=\"wp-block-column is-layout-flow wp-block-column-is-layout-flow\">\n<figure class=\"wp-block-audio aligncenter\"><audio controls src=\"https:\/\/d3ctxlq1ktw2nl.cloudfront.net\/staging\/2021-8-3\/216449217-44100-2-f6855edc22878.m4a\"><\/audio><\/figure>\n\n\n\n<div style=\"height:17px\" aria-hidden=\"true\" class=\"wp-block-spacer\"><\/div>\n\n\n\n<div class=\"wp-block-buttons is-layout-flex wp-block-buttons-is-layout-flex\">\n<div class=\"wp-block-button\"><a class=\"wp-block-button__link has-neve-link-color-background-color has-background\" href=\"https:\/\/anchor.fm\/neuro-id-podcasts\/episodes\/Podcast-Terapias-tradicionales-y-alternas-para-el-tratamiento-de-la-esquizofrenia-e16sbot\" style=\"border-radius:50px\" target=\"_blank\" rel=\"noreferrer noopener\">Podcast audio<\/a><\/div>\n<\/div>\n<\/div>\n<\/div>\n<\/div>\n<\/div>\n<\/div><\/div>\n\n\n\n<div style=\"height:30px\" aria-hidden=\"true\" class=\"wp-block-spacer\"><\/div>\n\n\n\n<div class=\"wp-block-file aligncenter\"><a href=\"https:\/\/neuroid.uprrp.edu\/wp-content\/uploads\/2021\/09\/Terapias-tradicionales-y-alternas-para-el-tratamiento-de.pptx.pdf\" target=\"_blank\" rel=\"noreferrer noopener\">Terapias tradicionales y alternas para el tratamiento de la esquizofrenia <\/a><a href=\"https:\/\/neuroid.uprrp.edu\/wp-content\/uploads\/2021\/09\/Terapias-tradicionales-y-alternas-para-el-tratamiento-de.pptx.pdf\" class=\"wp-block-file__button\" download>OPEN PRESENTATION<\/a><\/div>\n\n\n\n<div style=\"height:47px\" aria-hidden=\"true\" class=\"wp-block-spacer\"><\/div>\n\n\n\n<hr class=\"wp-block-separator\"\/>\n\n\n\n<div style=\"height:37px\" aria-hidden=\"true\" class=\"wp-block-spacer\"><\/div>\n\n\n\n<div class=\"wp-block-columns is-layout-flex wp-container-core-columns-is-layout-28f84493 wp-block-columns-is-layout-flex\">\n<div class=\"wp-block-column is-layout-flow wp-block-column-is-layout-flow\" style=\"flex-basis:15%\"><\/div>\n\n\n\n<div class=\"wp-block-column is-layout-flow wp-block-column-is-layout-flow\">\n<div class=\"wp-block-columns is-layout-flex wp-container-core-columns-is-layout-28f84493 wp-block-columns-is-layout-flex\">\n<div class=\"wp-block-column is-layout-flow wp-block-column-is-layout-flow\">\n<div class=\"wp-block-image\"><figure class=\"alignright size-large is-resized\"><img decoding=\"async\" src=\"https:\/\/neuroid.uprrp.edu\/wp-content\/uploads\/2021\/09\/Screen-Shot-2021-09-03-at-1.40.08-PM-edited-1.png\" alt=\"\" class=\"wp-image-6211\" width=\"300\" srcset=\"https:\/\/neuroid.uprrp.edu\/wp-content\/uploads\/2021\/09\/Screen-Shot-2021-09-03-at-1.40.08-PM-edited-1.png 289w, https:\/\/neuroid.uprrp.edu\/wp-content\/uploads\/2021\/09\/Screen-Shot-2021-09-03-at-1.40.08-PM-edited-1-150x150.png 150w, https:\/\/neuroid.uprrp.edu\/wp-content\/uploads\/2021\/09\/Screen-Shot-2021-09-03-at-1.40.08-PM-edited-1-45x45.png 45w\" sizes=\"(max-width: 289px) 100vw, 289px\" \/><\/figure><\/div>\n<\/div>\n\n\n\n<div class=\"wp-block-column is-vertically-aligned-center is-layout-flow wp-block-column-is-layout-flow\">\n<p class=\"has-medium-font-size\">Natalia Ort\u00edz<\/p>\n\n\n\n<p>University of Puerto Rico, Rio Piedras Campus<br>Faculty: Natural Science<br>Baccalaureate: Integrative Biology<br>Year: 4th<\/p>\n<\/div>\n<\/div>\n<\/div>\n\n\n\n<div class=\"wp-block-column is-layout-flow wp-block-column-is-layout-flow\" style=\"flex-basis:15%\"><\/div>\n<\/div>\n\n\n\n<hr class=\"wp-block-separator\"\/>\n\n\n\n<div style=\"height:51px\" aria-hidden=\"true\" class=\"wp-block-spacer\"><\/div>\n\n\n\n<div class=\"wp-block-columns is-layout-flex wp-container-core-columns-is-layout-28f84493 wp-block-columns-is-layout-flex\">\n<div class=\"wp-block-column is-layout-flow wp-block-column-is-layout-flow\" style=\"flex-basis:25%\"><\/div>\n\n\n\n<div class=\"wp-block-column is-layout-flow wp-block-column-is-layout-flow\" style=\"flex-basis:50%\">\n<h1 class=\"wp-block-heading\" style=\"font-size:clamp(18.959px, 1.185rem + ((1vw - 3.2px) * 0.977), 30px);px\">Transcript (in spanish)<\/h1>\n\n\n\n<p>Muy buenos d\u00edas a todos y bienvenidos a este primer episodio de Avances en la Neuropsiquiatr\u00eda. Yo soy Natalia Ortiz y hoy estaremos discutiendo algunos tratamientos convencionales y la implementaci\u00f3n de terapias alternas para personas diagnosticadas con esquizofrenia. Primeramente, me gustar\u00eda explicar de manera general la enfermedad y darles un trasfondo hist\u00f3rico para as\u00ed poder entender mejor c\u00f3mo funcionan las terapias existentes hoy en d\u00eda y en qu\u00e9 se basan para desarrollar nuevas tecnolog\u00edas. La esquizofrenia es un desorden mental que se caracteriza por la interpretaci\u00f3n distorsionada de la realidad. Algunos de los s\u00edntomas m\u00e1s comunes son las alucinaciones, delirios, habla desorganizada, catatonia, depresi\u00f3n, y pensamientos suicidas. A nivel fisiol\u00f3gico los pacientes presentan agrandamiento en los ventr\u00edculos cerebrales y perdida de materia gris, as\u00ed como de conectividad en la corteza prefrontal, incremento en neurotransmisi\u00f3n glutamat\u00e9rgica, y funci\u00f3n alterada de dopamina y GABA. Los pacientes diagnosticados con este desorden son categorizados en base al tipo de sintomatolog\u00eda que presentan y es importante destacar que esta enfermedad es un espectro por lo cual la intensidad de los s\u00edntomas y el manejo de estos es diferente por cada persona.<\/p>\n\n\n\n<p>&nbsp;A finales del siglo 19 Emil Kraepelin integr\u00f3 las caracter\u00edsticas cl\u00ednicas m\u00e1s contundentes de este desorden mental bajo el diagnostico de demencia precoz que luego pasaba a subdividirse en sus diferentes variantes. Ya para el 1919 Eugen Bleuler crea el termino esquizofrenia, y modifica los criterios cl\u00e1sicos de la enfermedad para identificar el desorden como un conjunto de enfermedades. En la actualidad en Puerto Rico los m\u00e9dicos se dejan llevar por los criterios determinados por el DSM-5, en donde se detallan que los s\u00edntomas y criterios que un paciente presenta adem\u00e1s de los tipos de esquizofrenias: catat\u00f3nica, paranoica, desorganizada, residual, y no diferenciada. Seg\u00fan el an\u00e1lisis de situaci\u00f3n de la salud en puerto rico, en la isla existe una incidencia relativamente baja de este desorden ya que se estima que afecta a un 0.1% de la poblaci\u00f3n puertorrique\u00f1a, en contraste la incidencia a nivel mundial varia de un 0.33% a 0.75%.&nbsp;<\/p>\n\n\n\n<p>Esta enfermedad tambi\u00e9n posee un componente gen\u00e9tico y factores de riesgo ambientales. Se han llevado a cabo estudios de genoma amplio en donde se ha encontrado que en los genes NRG1, DTNBP1, y DISC1 se pueden localizar biomarcadores de la enfermedad en base a mutaciones en ciertos locus. De igual modo se han identificado factores de riesgo ambientales que incrementan las posibilidades de dar a luz a un beb\u00e9 que padezca esta condici\u00f3n como lo son la hambruna, uso de cannabis, infecciones prenatales, edad avanzada de los padres, y complicaciones al nacer.<\/p>\n\n\n\n<p>Actualmente las terapias farmacol\u00f3gicas existentes para esta enfermedad conllevan el uso de antipsic\u00f3ticos. Estos medicamentos utilizan distintas rutas para apaciguar la sintomatolog\u00eda, y en su mayor\u00eda logran neutralizar los s\u00edntomas positivos que involucran las alucinaciones y delirios, pero la eficacia que poseen en los s\u00edntomas negativos, \u00f3sea anhedonia y catatonia, es casi m\u00ednima. Entre los antipsic\u00f3ticos m\u00e1s utilizados se encuentran los bloqueadores de receptores de dopamina 2. Estos antagonistas se encargan de prevenir la activaci\u00f3n por dopamina de la corteza auditiva y la corteza visual de modo que se reduzcan las alucinaciones en estos pacientes. Uno de los problemas que presentaban estos bloqueadores de primera y segunda generaci\u00f3n es que logran revertir la hyperdopaminergia a nivel subcortical, no al nivel cortical. Con la elaboraci\u00f3n de los nuevos f\u00e1rmacos categorizados como neurol\u00e9pticos de tercera generaci\u00f3n que retienen las propiedades agonistas de bloqueadores de receptores de dopamina 2 a la misma vez que integra propiedades de antipsic\u00f3ticos at\u00edpicos como lo son lo que se enlazan a receptores de serotonina 2\u00aa, con efectos secundarios m\u00e1s leves. A\u00fan con todos estos avances estos f\u00e1rmacos no poseen una eficacia completa para tratar todos los s\u00edntomas presentados por este desorden.&nbsp;<\/p>\n\n\n\n<p>Por otro lado, tambi\u00e9n existen nuevos estudios que tratan de crear nuevas terapias que se enfocan en el uso de la ruta de se\u00f1alizaci\u00f3n de calcio como m\u00e9todo para aliviar los s\u00edntomas de la esquizofrenia. En un estudio realizado en modelos ex vivo de linfocitos T de derivados de pacientes se encontraron nuevas localizaciones objetivo para terapias que pueden utilizar la ruta de se\u00f1alizaci\u00f3n de la fosfolipasa Cy1 y calcio. En estos estudios se demostr\u00f3 que bloqueadores de canales del tipo L de calcio y corticoesteroides como nuevas clases de neuro f\u00e1rmacos con potencial para un tratamiento m\u00e1s personalizado.<\/p>\n\n\n\n<p>El uso de terapias y metodolog\u00edas alternas tambi\u00e9n ha sido utilizado y es un campo que sigue en desarrollo para traer beneficios al paciente cuando se combina con terapias neurofarmacologicas. Muchos de los pacientes que padecen de este desorden mental presentan una baja actividad social y que alrededor de menos del 14% de los pacientes logran recobrar su vida social una vez se someten a tratamiento. Por medio de la terapia de recuperaci\u00f3n social (SRT) la cual es una variante de la terapia de comportamiento cognitivo, se enfoca la intervenci\u00f3n en las metas y valores del paciente, mientras se identifican los problemas que retienen al mismo de recuperarse socialmente. Un estudio llevado a cabo para probar la eficacia de estas terapias logr\u00f3 ver resultados con en el 25% de sus participantes involucr\u00e1ndose en trabajos con paga luego de 15 meses de tratamiento y un 50% de los participantes en trabajos voluntarios o involucrados en educaci\u00f3n.&nbsp;<\/p>\n\n\n\n<p>Por \u00faltimo, en el campo de la arquitectura se ha estado estudiando como los espacios se deben dise\u00f1ar tomando en consideraci\u00f3n las necesidades que tengan las personas que vayan a concurrir un lugar. Al igual que existen regulaciones para que las personas con impedimentos puedan tener un acomodo razonable en los espacios se ha implementado el mismo cuidado para los pacientes de salud mental. Las personas que padecen de esquizofrenia necesitan nichos con funcionalidades establecidas, predeterminadas, y claramente distinguidas. Es por esto que los espacios que se dise\u00f1an tomando las necesidades de estos pacientes en consideraci\u00f3n se aseguran de cumplir con 5 dimensiones clave: ambiente balanceadamente estimulado, espacio legible, coherencia, control, y cualidades restauradoras del espacio. Adicionalmente, estudios se han enfocado en los efectos que las luces LED tienen en los patrones de sue\u00f1o y actividad en personas neurot\u00edpicas y como estos mismo efectos pueden resultar detrimentales en pacientes parecientes de esquizofrenia. Las luces led blancas pertenecen al espectro de luz azul la cual interfiere con patrones de sue\u00f1o, los ritmos circadianos, y los estados de alerta de los pacientes.<\/p>\n\n\n\n<p>En base a los datos presentados anteriormente se entiende la necesidad e importancia de una metodolog\u00eda combinada de tratamientos para manejar los efectos positivos y negativos presentados por el trastorno de esquizofrenia. La combinaci\u00f3n de terapias alternas que apelan al estado f\u00edsico y cognitivo de la persona pueden funcionar como suplementos para el manejo de esta condici\u00f3n en una poblaci\u00f3n que prefiere un acercamiento m\u00e1s hol\u00edstico para evitar la dependencia \u00fanica de antipsic\u00f3ticos.<\/p>\n<\/div>\n\n\n\n<div class=\"wp-block-column is-layout-flow wp-block-column-is-layout-flow\" style=\"flex-basis:25%\"><\/div>\n<\/div>\n","protected":false},"excerpt":{"rendered":"<p>Title: &#8220;Terapias tradicionales y alternas para el tratamiento de la esquizofrenia&#8221; By Natalia Ort\u00edz Natalia Ort\u00edz University of Puerto Rico, Rio Piedras CampusFaculty: Natural ScienceBaccalaureate: Integrative BiologyYear: 4th Transcript (in spanish) Muy buenos d\u00edas a todos y bienvenidos a este primer episodio de Avances en la Neuropsiquiatr\u00eda. Yo soy Natalia Ortiz y hoy estaremos discutiendo &hellip; <\/p>\n<p class=\"link-more\"><a href=\"https:\/\/neuroid.uprrp.edu\/index.php\/podcast-19-natalia-ortiz\/\" class=\"more-link\">Read more<span class=\"screen-reader-text\"> &#8220;Podcast 19&#8221;<\/span><\/a><\/p>\n","protected":false},"author":5,"featured_media":0,"parent":0,"menu_order":0,"comment_status":"closed","ping_status":"closed","template":"","meta":{"footnotes":""},"class_list":["post-6206","page","type-page","status-publish","hentry"],"rttpg_featured_image_url":null,"rttpg_author":{"display_name":"admin","author_link":"https:\/\/neuroid.uprrp.edu\/index.php\/author\/admin\/"},"rttpg_comment":0,"rttpg_category":null,"rttpg_excerpt":"Title: &#8220;Terapias tradicionales y alternas para el tratamiento de la esquizofrenia&#8221; By Natalia Ort\u00edz Natalia Ort\u00edz University of Puerto Rico, Rio Piedras CampusFaculty: Natural ScienceBaccalaureate: Integrative BiologyYear: 4th Transcript (in spanish) Muy buenos d\u00edas a todos y bienvenidos a este primer episodio de Avances en la Neuropsiquiatr\u00eda. Yo soy Natalia Ortiz y hoy estaremos discutiendo&hellip;","_links":{"self":[{"href":"https:\/\/neuroid.uprrp.edu\/index.php\/wp-json\/wp\/v2\/pages\/6206","targetHints":{"allow":["GET"]}}],"collection":[{"href":"https:\/\/neuroid.uprrp.edu\/index.php\/wp-json\/wp\/v2\/pages"}],"about":[{"href":"https:\/\/neuroid.uprrp.edu\/index.php\/wp-json\/wp\/v2\/types\/page"}],"author":[{"embeddable":true,"href":"https:\/\/neuroid.uprrp.edu\/index.php\/wp-json\/wp\/v2\/users\/5"}],"replies":[{"embeddable":true,"href":"https:\/\/neuroid.uprrp.edu\/index.php\/wp-json\/wp\/v2\/comments?post=6206"}],"version-history":[{"count":2,"href":"https:\/\/neuroid.uprrp.edu\/index.php\/wp-json\/wp\/v2\/pages\/6206\/revisions"}],"predecessor-version":[{"id":6344,"href":"https:\/\/neuroid.uprrp.edu\/index.php\/wp-json\/wp\/v2\/pages\/6206\/revisions\/6344"}],"wp:attachment":[{"href":"https:\/\/neuroid.uprrp.edu\/index.php\/wp-json\/wp\/v2\/media?parent=6206"}],"curies":[{"name":"wp","href":"https:\/\/api.w.org\/{rel}","templated":true}]}}