{"id":6230,"date":"2021-09-03T15:20:31","date_gmt":"2021-09-03T19:20:31","guid":{"rendered":"https:\/\/neuroid.uprrp.edu\/?page_id=6230"},"modified":"2021-09-08T11:58:35","modified_gmt":"2021-09-08T15:58:35","slug":"podcast-21-francisco-mattei","status":"publish","type":"page","link":"https:\/\/neuroid.uprrp.edu\/index.php\/podcast-21-francisco-mattei\/","title":{"rendered":"Podcast 21"},"content":{"rendered":"\n<p style=\"font-size:clamp(15.747px, 0.984rem + ((1vw - 3.2px) * 0.73), 24px);px\">Title: &#8220;Un acercamiento no farmacol\u00f3gico para enfermedades de salud mental (depresi\u00f3n y ansiedad)&#8221;<\/p>\n\n\n\n<p>By Francisco M. Mattei Portela<\/p>\n\n\n\n<div style=\"height:25px\" aria-hidden=\"true\" class=\"wp-block-spacer\"><\/div>\n\n\n\n<div class=\"wp-block-cover alignwide has-background-dim-30 has-neve-link-color-background-color has-background-dim has-custom-content-position is-position-center-left is-position-center-center\" style=\"min-height:250px;aspect-ratio:unset;\"><img fetchpriority=\"high\" decoding=\"async\" width=\"2000\" height=\"1125\" class=\"wp-block-cover__image-background wp-image-5743\" alt=\"\" src=\"https:\/\/neuroid.uprrp.edu\/wp-content\/uploads\/2021\/07\/Podcastbackground.png\" style=\"object-position:7% 61%\" data-object-fit=\"cover\" data-object-position=\"7% 61%\" srcset=\"https:\/\/neuroid.uprrp.edu\/wp-content\/uploads\/2021\/07\/Podcastbackground.png 2000w, https:\/\/neuroid.uprrp.edu\/wp-content\/uploads\/2021\/07\/Podcastbackground-300x169.png 300w, https:\/\/neuroid.uprrp.edu\/wp-content\/uploads\/2021\/07\/Podcastbackground-1024x576.png 1024w, https:\/\/neuroid.uprrp.edu\/wp-content\/uploads\/2021\/07\/Podcastbackground-768x432.png 768w, https:\/\/neuroid.uprrp.edu\/wp-content\/uploads\/2021\/07\/Podcastbackground-1536x864.png 1536w\" sizes=\"(max-width: 2000px) 100vw, 2000px\" \/><div class=\"wp-block-cover__inner-container is-layout-flow wp-block-cover-is-layout-flow\">\n<div style=\"height:17px\" aria-hidden=\"true\" class=\"wp-block-spacer\"><\/div>\n\n\n\n<div class=\"wp-block-columns is-layout-flex wp-container-core-columns-is-layout-28f84493 wp-block-columns-is-layout-flex\">\n<div class=\"wp-block-column is-layout-flow wp-block-column-is-layout-flow\" style=\"flex-basis:35%\">\n<div style=\"height:57px\" aria-hidden=\"true\" class=\"wp-block-spacer\"><\/div>\n\n\n\n<div class=\"wp-block-image\"><figure class=\"aligncenter size-large is-resized\"><img decoding=\"async\" src=\"https:\/\/neuroid.uprrp.edu\/wp-content\/uploads\/2021\/09\/Screen-Shot-2021-09-03-at-3.14.17-PM-edited.png\" alt=\"\" class=\"wp-image-6234\" width=\"285\" height=\"285\" srcset=\"https:\/\/neuroid.uprrp.edu\/wp-content\/uploads\/2021\/09\/Screen-Shot-2021-09-03-at-3.14.17-PM-edited.png 431w, https:\/\/neuroid.uprrp.edu\/wp-content\/uploads\/2021\/09\/Screen-Shot-2021-09-03-at-3.14.17-PM-edited-300x300.png 300w, https:\/\/neuroid.uprrp.edu\/wp-content\/uploads\/2021\/09\/Screen-Shot-2021-09-03-at-3.14.17-PM-edited-150x150.png 150w, https:\/\/neuroid.uprrp.edu\/wp-content\/uploads\/2021\/09\/Screen-Shot-2021-09-03-at-3.14.17-PM-edited-45x45.png 45w\" sizes=\"(max-width: 285px) 100vw, 285px\" \/><\/figure><\/div>\n<\/div>\n\n\n\n<div class=\"wp-block-column is-layout-flow wp-block-column-is-layout-flow\" style=\"flex-basis:50%\">\n<div style=\"height:59px\" aria-hidden=\"true\" class=\"wp-block-spacer\"><\/div>\n\n\n\n<p class=\"has-nv-dark-bg-color has-text-color\" style=\"font-size:clamp(19.481px, 1.218rem + ((1vw - 3.2px) * 1.019), 31px);px\">Un acercamiento no farmacol\u00f3gico<\/p>\n\n\n\n<p class=\"has-nv-dark-bg-color has-text-color\" style=\"font-size:clamp(19.481px, 1.218rem + ((1vw - 3.2px) * 1.019), 31px);px\">para enfermedades de salud mental<\/p>\n\n\n\n<div style=\"height:25px\" aria-hidden=\"true\" class=\"wp-block-spacer\"><\/div>\n\n\n\n<p class=\"has-nv-dark-bg-color has-text-color\" style=\"font-size:clamp(14px, 0.875rem + ((1vw - 3.2px) * 0.088), 15px);px\"><em>La depresi\u00f3n es una enfermedad frecuente en todo el mundo, y se calcula que afecta a m\u00e1s de 300&nbsp; millones de personas a nivel mundial&#8230;<\/em><\/p>\n\n\n\n<div style=\"height:21px\" aria-hidden=\"true\" class=\"wp-block-spacer\"><\/div>\n\n\n\n<div class=\"wp-block-columns is-layout-flex wp-container-core-columns-is-layout-28f84493 wp-block-columns-is-layout-flex\">\n<div class=\"wp-block-column is-layout-flow wp-block-column-is-layout-flow\">\n<figure class=\"wp-block-audio aligncenter\"><audio controls src=\"https:\/\/d3ctxlq1ktw2nl.cloudfront.net\/staging\/2021-8-3\/216462463-44100-2-3855967bdcc6a.m4a\"><\/audio><\/figure>\n\n\n\n<div style=\"height:17px\" aria-hidden=\"true\" class=\"wp-block-spacer\"><\/div>\n\n\n\n<div class=\"wp-block-buttons is-layout-flex wp-block-buttons-is-layout-flex\">\n<div class=\"wp-block-button\"><a class=\"wp-block-button__link has-neve-link-color-background-color has-background\" href=\"https:\/\/anchor.fm\/neuro-id-podcasts\/episodes\/Podcast-Un-acercamiento-no-farmacolgico-para-enfermedades-de-salud-mental-depresin-y-ansiedad-e16selk\" style=\"border-radius:50px\" target=\"_blank\" rel=\"noreferrer noopener\">Podcast audio<\/a><\/div>\n<\/div>\n<\/div>\n<\/div>\n<\/div>\n<\/div>\n<\/div><\/div>\n\n\n\n<div style=\"height:30px\" aria-hidden=\"true\" class=\"wp-block-spacer\"><\/div>\n\n\n\n<div class=\"wp-block-file aligncenter\"><a href=\"https:\/\/neuroid.uprrp.edu\/wp-content\/uploads\/2021\/09\/PRESENTACION-PODCAST.pptx.pdf\" target=\"_blank\" rel=\"noreferrer noopener\"><em>Un acercamiento no farmacol\u00f3gico para enfermedades de salud mental (depresi\u00f3n y ansiedad)<\/em><\/a><a href=\"https:\/\/neuroid.uprrp.edu\/wp-content\/uploads\/2021\/09\/PRESENTACION-PODCAST.pptx.pdf\" class=\"wp-block-file__button\" download>OPEN PRESENTATION<\/a><\/div>\n\n\n\n<div style=\"height:47px\" aria-hidden=\"true\" class=\"wp-block-spacer\"><\/div>\n\n\n\n<hr class=\"wp-block-separator\"\/>\n\n\n\n<div style=\"height:37px\" aria-hidden=\"true\" class=\"wp-block-spacer\"><\/div>\n\n\n\n<div class=\"wp-block-columns is-layout-flex wp-container-core-columns-is-layout-28f84493 wp-block-columns-is-layout-flex\">\n<div class=\"wp-block-column is-layout-flow wp-block-column-is-layout-flow\" style=\"flex-basis:15%\"><\/div>\n\n\n\n<div class=\"wp-block-column is-layout-flow wp-block-column-is-layout-flow\">\n<div class=\"wp-block-columns is-layout-flex wp-container-core-columns-is-layout-28f84493 wp-block-columns-is-layout-flex\">\n<div class=\"wp-block-column is-layout-flow wp-block-column-is-layout-flow\">\n<div class=\"wp-block-image\"><figure class=\"alignright size-large is-resized\"><img decoding=\"async\" src=\"https:\/\/neuroid.uprrp.edu\/wp-content\/uploads\/2021\/09\/Screen-Shot-2021-09-03-at-3.07.41-PM-edited.png\" alt=\"\" class=\"wp-image-6232\" width=\"300\" height=\"300\" srcset=\"https:\/\/neuroid.uprrp.edu\/wp-content\/uploads\/2021\/09\/Screen-Shot-2021-09-03-at-3.07.41-PM-edited.png 261w, https:\/\/neuroid.uprrp.edu\/wp-content\/uploads\/2021\/09\/Screen-Shot-2021-09-03-at-3.07.41-PM-edited-150x150.png 150w, https:\/\/neuroid.uprrp.edu\/wp-content\/uploads\/2021\/09\/Screen-Shot-2021-09-03-at-3.07.41-PM-edited-45x45.png 45w\" sizes=\"(max-width: 300px) 100vw, 300px\" \/><\/figure><\/div>\n<\/div>\n\n\n\n<div class=\"wp-block-column is-vertically-aligned-center is-layout-flow wp-block-column-is-layout-flow\">\n<p class=\"has-medium-font-size\">Francisco M. Mattei Portela<\/p>\n\n\n\n<p>University of Puerto Rico, Rio Piedras Campus<br>Faculty: Natural Science<br>Baccalaureate: Molecular Cell Biology<br>Year: 5th<\/p>\n<\/div>\n<\/div>\n<\/div>\n\n\n\n<div class=\"wp-block-column is-layout-flow wp-block-column-is-layout-flow\" style=\"flex-basis:15%\"><\/div>\n<\/div>\n\n\n\n<hr class=\"wp-block-separator\"\/>\n\n\n\n<div style=\"height:51px\" aria-hidden=\"true\" class=\"wp-block-spacer\"><\/div>\n\n\n\n<div class=\"wp-block-columns is-layout-flex wp-container-core-columns-is-layout-28f84493 wp-block-columns-is-layout-flex\">\n<div class=\"wp-block-column is-layout-flow wp-block-column-is-layout-flow\" style=\"flex-basis:25%\"><\/div>\n\n\n\n<div class=\"wp-block-column is-layout-flow wp-block-column-is-layout-flow\" style=\"flex-basis:50%\">\n<h1 class=\"wp-block-heading\" style=\"font-size:clamp(17.905px, 1.119rem + ((1vw - 3.2px) * 0.893), 28px);px\">Transcript (in spanish)<\/h1>\n\n\n\n<p>Buenas, mi nombre es Francisco Mattei y hoy estaremos hablando un poquito sobre un acercamiento no farmacol\u00f3gico para enfermedades mentales. En este caso especific\u00e1ndonos mas en la ansiedad y depresi\u00f3n.<\/p>\n\n\n\n<p>Sabemos que ante la situaci\u00f3n de la pandemia por el confinamiento, el aislamiento y la incertidumbre de cuando todo va a volver a alg\u00fan tipo de normalidad a habido un aumento significativo en enfermedades mentales como estas dos pero esto no solamente se debe a la pandemia sino que viene en un aumento bastante notable desde varios a\u00f1os atr\u00e1s.<\/p>\n\n\n\n<p>Seg\u00fan <em>WORLD HEALTH ORGANIZATION&nbsp;<\/em><\/p>\n\n\n\n<p>La depresi\u00f3n es una enfermedad frecuente en todo el mundo, y se calcula que afecta a m\u00e1s de 300&nbsp; millones de personas a nivel mundial.&nbsp;<\/p>\n\n\n\n<p>Claramente existen tratamientos eficaces comunes como los que conocemos de los f\u00e1rmacos pero m\u00e1s de la mitad de los afectados en todo el mundo y m\u00e1s del&nbsp;90% en muchos pa\u00edses, pa\u00edses mas pobres, no recibe esos tratamientos.<\/p>\n\n\n\n<p>En los pa\u00edses de ingresos bajos y medios, entre un 76% y un 85% de las personas con trastornos mentales graves no recibe tratamiento.<\/p>\n\n\n\n<p>En los pa\u00edses de ingreso un poco mas elevado entre un 35% y un 50% tampoco reciben tratamientos farmacol\u00f3gicos.<\/p>\n\n\n\n<p>Para ver un poquito mas las estad\u00edsticas vamos a irnos al a\u00f1o 2017 en Estados Unidos en Adultos 18 a\u00f1os o mas.<\/p>\n\n\n\n<p>Se estima que 17.3 millones de adultos en Estados Unidos tuvieron por lo menos un episodio depresivo. Lo que es el equivalente al 7.1% de todos los adultos en Estados Unidos.<\/p>\n\n\n\n<p>Hay una tendencia mayor hacia las mujeres que hacia los hombre y hacia las edades de 18-25 que contribuyen un 13.1%<\/p>\n\n\n\n<p>El 65 % de las personas con depresi\u00f3n fueron tratadas medicamente y atendidas por un profesional de la salud, lo que quiere decir que hay n 35% todav\u00eda que no recibi\u00f3 ning\u00fan tipo de tratamiento ni ayuda de ning\u00fan tipo de profesional de salud mental.<\/p>\n\n\n\n<p>Ante la alza de la pandemia un 90% de los j\u00f3venes han reportado en la ansiedad mental.<\/p>\n\n\n\n<p>Es por esto que la manera tradicional farmacol\u00f3gica de tratar estas enfermedades&nbsp; mentales no es suficiente y es necesario tener conocimiento sobre otras t\u00e9cnicas que se utilizan para tratar estas enfermedades. T\u00e9cnicas que son mas accesibles para todos sin importar el nivel econ\u00f3mico, son mas accesibles desde la comodidad de su hogar.&nbsp;<\/p>\n\n\n\n<p>Uno de los aspectos negativos de los f\u00e1rmacos es los efectos secundarios tales como; <\/p>\n\n\n\n<p>Aumento en apetito, aumento en peso, Fatiga, Insomnio, Estre\u00f1imiento, Mareo, entre otros. <\/p>\n\n\n\n<p>Ahora la t\u00e9cnica de la cual les estar\u00e9 hablando un poquito mas a fondo no tiene ninguno de estos efectos secundarios, que es otro beneficio adicional que conlleva. La misma se conoce como el mindfulness.<\/p>\n\n\n\n<p>El mindfulness es proviene del budismo, de una practica que busca intencionalmente la atenci\u00f3n pura, la recepci\u00f3n y la presencia del coraz\u00f3n. El termino fue traducido al ingles de la palabra SATI y fuel dado a conocer por Jon Kabat-Zinn quien fundo un programa de Reducci\u00f3n de Estr\u00e9s basado en mindfulness, tambi\u00e9n conocido por sus siglas MBSR.&nbsp;<\/p>\n\n\n\n<p>El prop\u00f3sito de esta t\u00e9cnica es a trav\u00e9s de la meditaci\u00f3n lograr un estado de atenci\u00f3n de manera intencional del momento, del presente, de una manera consciente. Es importante entender que para meditar solo necesitas un espacio, estar c\u00f3modo y los deseos. Mientras est\u00e9s meditando tendr\u00e1s pensamientos que son al azar, no tienen nada que ver el uno con el otro y estos no son obst\u00e1culos, sino que lo importante es que los aceptes y os dejes pasar. En el caso de que te desenvuelva en un pensamiento lo importante es darse cuenta, parar el pensamiento y volver al presente.&nbsp;<\/p>\n\n\n\n<p>Esta t\u00e9cnica a demostrado tener una gran variedad de beneficios, entre ellos;<\/p>\n\n\n\n<ol class=\"wp-block-list\"><li>Aumento calma y paz de la persona<\/li><li>Equilibrio emocional<\/li><li>Reconocimiento del cambio constante en tu cuerpo<\/li><li>Diferenciaci\u00f3n entre pensamiento y realidad<\/li><li>Aumento en la concentraci\u00f3n<\/li><li>Disminuci\u00f3n de estr\u00e9s, ansiedad y depresi\u00f3n <\/li><\/ol>\n\n\n\n<p>Seg\u00fan un articulo titulado Reducci\u00f3n del estr\u00e9s en trabajadores sanitarios mediante terapia cognitiva basada en mindfulness para la vida.<\/p>\n\n\n\n<p>Estudiaron 27 art\u00edculos en los cuales 10 de ellos hac\u00edan referencias tratamientos farmacol\u00f3gicos para tratar depresi\u00f3n o ansiedad. Dentro de los distintos f\u00e1rmacos que utilizaron se demostr\u00f3 solamente que el methilphenidate y el seratoline demostraron ser eficaces superiormente al grupo placebo o al grupo control.&nbsp;<\/p>\n\n\n\n<p>Por otro lado entre los 17 art\u00edculos que trataban temas de mindfulness, ayudas psicoterapias, consejer\u00eda por tel\u00e9fono, se demostr\u00f3 que ayudas psicoterapias, consejer\u00eda telef\u00f3nica y mindfulness based CBT fueron mas efectivas que el control.<\/p>\n\n\n\n<p>Al igual que este estudio existe una gran variedad donde se demuestra la efectividad de esta t\u00e9cnica. Mi prop\u00f3sito es darles a conocer un poquito sobre el mindfulness para que en sus respectivos hogares puedan ponerlo en practica, puedan aconsejar alguna persona que usted conozcan que quiz\u00e1s necesite ayuda que lo ponga en practica ya que a diferencia de los f\u00e1rmacos comunes te da una oportunidad de acceso a todas las personas, a todos el mundo y no traigo consigo alg\u00fan tipo de efectos secundarios.<\/p>\n\n\n\n<p>Muchas gracias.<\/p>\n<\/div>\n\n\n\n<div class=\"wp-block-column is-layout-flow wp-block-column-is-layout-flow\" style=\"flex-basis:25%\"><\/div>\n<\/div>\n","protected":false},"excerpt":{"rendered":"<p>Title: &#8220;Un acercamiento no farmacol\u00f3gico para enfermedades de salud mental (depresi\u00f3n y ansiedad)&#8221; By Francisco M. Mattei Portela Francisco M. Mattei Portela University of Puerto Rico, Rio Piedras CampusFaculty: Natural ScienceBaccalaureate: Molecular Cell BiologyYear: 5th Transcript (in spanish) Buenas, mi nombre es Francisco Mattei y hoy estaremos hablando un poquito sobre un acercamiento no farmacol\u00f3gico &hellip; <\/p>\n<p class=\"link-more\"><a href=\"https:\/\/neuroid.uprrp.edu\/index.php\/podcast-21-francisco-mattei\/\" class=\"more-link\">Read more<span class=\"screen-reader-text\"> &#8220;Podcast 21&#8221;<\/span><\/a><\/p>\n","protected":false},"author":5,"featured_media":0,"parent":0,"menu_order":0,"comment_status":"closed","ping_status":"closed","template":"","meta":{"footnotes":""},"class_list":["post-6230","page","type-page","status-publish","hentry"],"rttpg_featured_image_url":null,"rttpg_author":{"display_name":"admin","author_link":"https:\/\/neuroid.uprrp.edu\/index.php\/author\/admin\/"},"rttpg_comment":0,"rttpg_category":null,"rttpg_excerpt":"Title: &#8220;Un acercamiento no farmacol\u00f3gico para enfermedades de salud mental (depresi\u00f3n y ansiedad)&#8221; By Francisco M. Mattei Portela Francisco M. Mattei Portela University of Puerto Rico, Rio Piedras CampusFaculty: Natural ScienceBaccalaureate: Molecular Cell BiologyYear: 5th Transcript (in spanish) Buenas, mi nombre es Francisco Mattei y hoy estaremos hablando un poquito sobre un acercamiento no farmacol\u00f3gico&hellip;","_links":{"self":[{"href":"https:\/\/neuroid.uprrp.edu\/index.php\/wp-json\/wp\/v2\/pages\/6230","targetHints":{"allow":["GET"]}}],"collection":[{"href":"https:\/\/neuroid.uprrp.edu\/index.php\/wp-json\/wp\/v2\/pages"}],"about":[{"href":"https:\/\/neuroid.uprrp.edu\/index.php\/wp-json\/wp\/v2\/types\/page"}],"author":[{"embeddable":true,"href":"https:\/\/neuroid.uprrp.edu\/index.php\/wp-json\/wp\/v2\/users\/5"}],"replies":[{"embeddable":true,"href":"https:\/\/neuroid.uprrp.edu\/index.php\/wp-json\/wp\/v2\/comments?post=6230"}],"version-history":[{"count":3,"href":"https:\/\/neuroid.uprrp.edu\/index.php\/wp-json\/wp\/v2\/pages\/6230\/revisions"}],"predecessor-version":[{"id":6343,"href":"https:\/\/neuroid.uprrp.edu\/index.php\/wp-json\/wp\/v2\/pages\/6230\/revisions\/6343"}],"wp:attachment":[{"href":"https:\/\/neuroid.uprrp.edu\/index.php\/wp-json\/wp\/v2\/media?parent=6230"}],"curies":[{"name":"wp","href":"https:\/\/api.w.org\/{rel}","templated":true}]}}