{"id":6256,"date":"2021-09-03T16:09:20","date_gmt":"2021-09-03T20:09:20","guid":{"rendered":"https:\/\/neuroid.uprrp.edu\/?page_id=6256"},"modified":"2021-09-08T11:57:46","modified_gmt":"2021-09-08T15:57:46","slug":"podcast-23-mary-roman","status":"publish","type":"page","link":"https:\/\/neuroid.uprrp.edu\/index.php\/podcast-23-mary-roman\/","title":{"rendered":"Podcast 23"},"content":{"rendered":"\n<p style=\"font-size:clamp(15.747px, 0.984rem + ((1vw - 3.2px) * 0.73), 24px);px\">Title: &#8220;Ansiedad&#8221;<\/p>\n\n\n\n<p>By Mary A. Rom\u00e1n P\u00e9rez<\/p>\n\n\n\n<div style=\"height:25px\" aria-hidden=\"true\" class=\"wp-block-spacer\"><\/div>\n\n\n\n<div class=\"wp-block-cover alignwide has-background-dim-30 has-neve-link-color-background-color has-background-dim has-custom-content-position is-position-center-left is-position-center-center\" style=\"min-height:250px;aspect-ratio:unset;\"><img fetchpriority=\"high\" decoding=\"async\" width=\"2000\" height=\"1125\" class=\"wp-block-cover__image-background wp-image-5743\" alt=\"\" src=\"https:\/\/neuroid.uprrp.edu\/wp-content\/uploads\/2021\/07\/Podcastbackground.png\" style=\"object-position:7% 61%\" data-object-fit=\"cover\" data-object-position=\"7% 61%\" srcset=\"https:\/\/neuroid.uprrp.edu\/wp-content\/uploads\/2021\/07\/Podcastbackground.png 2000w, https:\/\/neuroid.uprrp.edu\/wp-content\/uploads\/2021\/07\/Podcastbackground-300x169.png 300w, https:\/\/neuroid.uprrp.edu\/wp-content\/uploads\/2021\/07\/Podcastbackground-1024x576.png 1024w, https:\/\/neuroid.uprrp.edu\/wp-content\/uploads\/2021\/07\/Podcastbackground-768x432.png 768w, https:\/\/neuroid.uprrp.edu\/wp-content\/uploads\/2021\/07\/Podcastbackground-1536x864.png 1536w\" sizes=\"(max-width: 2000px) 100vw, 2000px\" \/><div class=\"wp-block-cover__inner-container is-layout-flow wp-block-cover-is-layout-flow\">\n<div style=\"height:17px\" aria-hidden=\"true\" class=\"wp-block-spacer\"><\/div>\n\n\n\n<div class=\"wp-block-columns is-layout-flex wp-container-core-columns-is-layout-28f84493 wp-block-columns-is-layout-flex\">\n<div class=\"wp-block-column is-layout-flow wp-block-column-is-layout-flow\" style=\"flex-basis:35%\">\n<div style=\"height:57px\" aria-hidden=\"true\" class=\"wp-block-spacer\"><\/div>\n\n\n\n<div class=\"wp-block-image\"><figure class=\"aligncenter size-large is-resized\"><img decoding=\"async\" src=\"https:\/\/neuroid.uprrp.edu\/wp-content\/uploads\/2021\/09\/Screen-Shot-2021-09-03-at-4.02.06-PM-edited.png\" alt=\"\" class=\"wp-image-6259\" width=\"285\" height=\"285\" srcset=\"https:\/\/neuroid.uprrp.edu\/wp-content\/uploads\/2021\/09\/Screen-Shot-2021-09-03-at-4.02.06-PM-edited.png 566w, https:\/\/neuroid.uprrp.edu\/wp-content\/uploads\/2021\/09\/Screen-Shot-2021-09-03-at-4.02.06-PM-edited-300x300.png 300w, https:\/\/neuroid.uprrp.edu\/wp-content\/uploads\/2021\/09\/Screen-Shot-2021-09-03-at-4.02.06-PM-edited-150x150.png 150w, https:\/\/neuroid.uprrp.edu\/wp-content\/uploads\/2021\/09\/Screen-Shot-2021-09-03-at-4.02.06-PM-edited-45x45.png 45w\" sizes=\"(max-width: 285px) 100vw, 285px\" \/><\/figure><\/div>\n<\/div>\n\n\n\n<div class=\"wp-block-column is-layout-flow wp-block-column-is-layout-flow\" style=\"flex-basis:50%\">\n<div style=\"height:104px\" aria-hidden=\"true\" class=\"wp-block-spacer\"><\/div>\n\n\n\n<p class=\"has-nv-dark-bg-color has-text-color has-large-font-size\">Ansiedad<\/p>\n\n\n\n<div style=\"height:25px\" aria-hidden=\"true\" class=\"wp-block-spacer\"><\/div>\n\n\n\n<p class=\"has-nv-dark-bg-color has-text-color\"><em>Accesibilidad&nbsp;, Estigma&nbsp;, \u201ccoping mechanism\u201d&nbsp;, Recomendaci\u00f3n con respecto a las terapias&#8230;<\/em><\/p>\n\n\n\n<div style=\"height:15px\" aria-hidden=\"true\" class=\"wp-block-spacer\"><\/div>\n\n\n\n<div class=\"wp-block-columns is-layout-flex wp-container-core-columns-is-layout-28f84493 wp-block-columns-is-layout-flex\">\n<div class=\"wp-block-column is-layout-flow wp-block-column-is-layout-flow\">\n<div class=\"wp-block-buttons is-content-justification-center is-layout-flex wp-block-buttons-is-layout-flex\">\n<div class=\"wp-block-button\"><a class=\"wp-block-button__link has-neve-link-color-background-color has-background\" href=\"https:\/\/anchor.fm\/mary-roman7\/episodes\/Ansiedad-e10dj1j\" style=\"border-radius:50px\" target=\"_blank\" rel=\"noreferrer noopener\">Podcast audio<\/a><\/div>\n<\/div>\n<\/div>\n<\/div>\n<\/div>\n<\/div>\n<\/div><\/div>\n\n\n\n<div style=\"height:30px\" aria-hidden=\"true\" class=\"wp-block-spacer\"><\/div>\n\n\n\n<div class=\"wp-block-file aligncenter\"><a href=\"https:\/\/neuroid.uprrp.edu\/wp-content\/uploads\/2021\/09\/Presentacion-oral-ansiedad-Mary-Roman-.pptx.pdf\" target=\"_blank\" rel=\"noreferrer noopener\"><em>Ansiedad<\/em><\/a><a href=\"https:\/\/neuroid.uprrp.edu\/wp-content\/uploads\/2021\/09\/Presentacion-oral-ansiedad-Mary-Roman-.pptx.pdf\" class=\"wp-block-file__button\" download>OPEN PRESENTATION<\/a><\/div>\n\n\n\n<div style=\"height:47px\" aria-hidden=\"true\" class=\"wp-block-spacer\"><\/div>\n\n\n\n<hr class=\"wp-block-separator\"\/>\n\n\n\n<div style=\"height:37px\" aria-hidden=\"true\" class=\"wp-block-spacer\"><\/div>\n\n\n\n<div class=\"wp-block-columns is-layout-flex wp-container-core-columns-is-layout-28f84493 wp-block-columns-is-layout-flex\">\n<div class=\"wp-block-column is-layout-flow wp-block-column-is-layout-flow\" style=\"flex-basis:15%\"><\/div>\n\n\n\n<div class=\"wp-block-column is-layout-flow wp-block-column-is-layout-flow\">\n<div class=\"wp-block-columns is-layout-flex wp-container-core-columns-is-layout-28f84493 wp-block-columns-is-layout-flex\">\n<div class=\"wp-block-column is-layout-flow wp-block-column-is-layout-flow\">\n<div class=\"wp-block-image\"><figure class=\"alignright size-large is-resized\"><img decoding=\"async\" src=\"https:\/\/neuroid.uprrp.edu\/wp-content\/uploads\/2021\/09\/Screen-Shot-2021-09-03-at-3.58.55-PM-edited.png\" alt=\"\" class=\"wp-image-6261\" width=\"300\" height=\"300\" srcset=\"https:\/\/neuroid.uprrp.edu\/wp-content\/uploads\/2021\/09\/Screen-Shot-2021-09-03-at-3.58.55-PM-edited.png 374w, https:\/\/neuroid.uprrp.edu\/wp-content\/uploads\/2021\/09\/Screen-Shot-2021-09-03-at-3.58.55-PM-edited-300x300.png 300w, https:\/\/neuroid.uprrp.edu\/wp-content\/uploads\/2021\/09\/Screen-Shot-2021-09-03-at-3.58.55-PM-edited-150x150.png 150w, https:\/\/neuroid.uprrp.edu\/wp-content\/uploads\/2021\/09\/Screen-Shot-2021-09-03-at-3.58.55-PM-edited-45x45.png 45w\" sizes=\"(max-width: 300px) 100vw, 300px\" \/><\/figure><\/div>\n<\/div>\n\n\n\n<div class=\"wp-block-column is-vertically-aligned-center is-layout-flow wp-block-column-is-layout-flow\">\n<p class=\"has-medium-font-size\">Mary A. Rom\u00e1n P\u00e9rez<\/p>\n\n\n\n<p>University of Puerto Rico, Rio Piedras Campus<br>Faculty: Natural Science<br>Baccalaureate: Molecular Cell Biology<br>Year: 5th<\/p>\n<\/div>\n<\/div>\n<\/div>\n\n\n\n<div class=\"wp-block-column is-layout-flow wp-block-column-is-layout-flow\" style=\"flex-basis:15%\"><\/div>\n<\/div>\n\n\n\n<hr class=\"wp-block-separator\"\/>\n\n\n\n<div style=\"height:141px\" aria-hidden=\"true\" class=\"wp-block-spacer\"><\/div>\n","protected":false},"excerpt":{"rendered":"<p>Title: &#8220;Ansiedad&#8221; By Mary A. Rom\u00e1n P\u00e9rez Mary A. Rom\u00e1n P\u00e9rez University of Puerto Rico, Rio Piedras CampusFaculty: Natural ScienceBaccalaureate: Molecular Cell BiologyYear: 5th<\/p>\n","protected":false},"author":5,"featured_media":0,"parent":0,"menu_order":0,"comment_status":"closed","ping_status":"closed","template":"","meta":{"footnotes":""},"class_list":["post-6256","page","type-page","status-publish","hentry"],"rttpg_featured_image_url":null,"rttpg_author":{"display_name":"admin","author_link":"https:\/\/neuroid.uprrp.edu\/index.php\/author\/admin\/"},"rttpg_comment":0,"rttpg_category":null,"rttpg_excerpt":"Title: &#8220;Ansiedad&#8221; By Mary A. Rom\u00e1n P\u00e9rez Mary A. Rom\u00e1n P\u00e9rez University of Puerto Rico, Rio Piedras CampusFaculty: Natural ScienceBaccalaureate: Molecular Cell BiologyYear: 5th","_links":{"self":[{"href":"https:\/\/neuroid.uprrp.edu\/index.php\/wp-json\/wp\/v2\/pages\/6256","targetHints":{"allow":["GET"]}}],"collection":[{"href":"https:\/\/neuroid.uprrp.edu\/index.php\/wp-json\/wp\/v2\/pages"}],"about":[{"href":"https:\/\/neuroid.uprrp.edu\/index.php\/wp-json\/wp\/v2\/types\/page"}],"author":[{"embeddable":true,"href":"https:\/\/neuroid.uprrp.edu\/index.php\/wp-json\/wp\/v2\/users\/5"}],"replies":[{"embeddable":true,"href":"https:\/\/neuroid.uprrp.edu\/index.php\/wp-json\/wp\/v2\/comments?post=6256"}],"version-history":[{"count":5,"href":"https:\/\/neuroid.uprrp.edu\/index.php\/wp-json\/wp\/v2\/pages\/6256\/revisions"}],"predecessor-version":[{"id":6341,"href":"https:\/\/neuroid.uprrp.edu\/index.php\/wp-json\/wp\/v2\/pages\/6256\/revisions\/6341"}],"wp:attachment":[{"href":"https:\/\/neuroid.uprrp.edu\/index.php\/wp-json\/wp\/v2\/media?parent=6256"}],"curies":[{"name":"wp","href":"https:\/\/api.w.org\/{rel}","templated":true}]}}