{"id":6309,"date":"2021-09-08T11:30:32","date_gmt":"2021-09-08T15:30:32","guid":{"rendered":"https:\/\/neuroid.uprrp.edu\/?page_id=6309"},"modified":"2021-09-08T11:55:49","modified_gmt":"2021-09-08T15:55:49","slug":"podcast-27-natalia-babilonia","status":"publish","type":"page","link":"https:\/\/neuroid.uprrp.edu\/index.php\/podcast-27-natalia-babilonia\/","title":{"rendered":"Podcast 27"},"content":{"rendered":"\n<p style=\"font-size:clamp(15.747px, 0.984rem + ((1vw - 3.2px) * 0.73), 24px);px\">Title: &#8220;Psicoterapia asistida por MDMA&#8221;<\/p>\n\n\n\n<p>By Natalia Babilonia <\/p>\n\n\n\n<div style=\"height:25px\" aria-hidden=\"true\" class=\"wp-block-spacer\"><\/div>\n\n\n\n<div class=\"wp-block-cover alignwide has-background-dim-30 has-neve-link-color-background-color has-background-dim has-custom-content-position is-position-center-left is-position-center-center\" style=\"min-height:250px;aspect-ratio:unset;\"><img fetchpriority=\"high\" decoding=\"async\" width=\"2000\" height=\"1125\" class=\"wp-block-cover__image-background wp-image-5743\" alt=\"\" src=\"https:\/\/neuroid.uprrp.edu\/wp-content\/uploads\/2021\/07\/Podcastbackground.png\" style=\"object-position:7% 61%\" data-object-fit=\"cover\" data-object-position=\"7% 61%\" srcset=\"https:\/\/neuroid.uprrp.edu\/wp-content\/uploads\/2021\/07\/Podcastbackground.png 2000w, https:\/\/neuroid.uprrp.edu\/wp-content\/uploads\/2021\/07\/Podcastbackground-300x169.png 300w, https:\/\/neuroid.uprrp.edu\/wp-content\/uploads\/2021\/07\/Podcastbackground-1024x576.png 1024w, https:\/\/neuroid.uprrp.edu\/wp-content\/uploads\/2021\/07\/Podcastbackground-768x432.png 768w, https:\/\/neuroid.uprrp.edu\/wp-content\/uploads\/2021\/07\/Podcastbackground-1536x864.png 1536w\" sizes=\"(max-width: 2000px) 100vw, 2000px\" \/><div class=\"wp-block-cover__inner-container is-layout-flow wp-block-cover-is-layout-flow\">\n<div style=\"height:28px\" aria-hidden=\"true\" class=\"wp-block-spacer\"><\/div>\n\n\n\n<div class=\"wp-block-columns is-layout-flex wp-container-core-columns-is-layout-28f84493 wp-block-columns-is-layout-flex\">\n<div class=\"wp-block-column is-layout-flow wp-block-column-is-layout-flow\" style=\"flex-basis:35%\">\n<div style=\"height:57px\" aria-hidden=\"true\" class=\"wp-block-spacer\"><\/div>\n\n\n\n<div class=\"wp-block-image\"><figure class=\"aligncenter size-large is-resized\"><img decoding=\"async\" src=\"https:\/\/neuroid.uprrp.edu\/wp-content\/uploads\/2021\/09\/Screen-Shot-2021-09-08-at-11.14.58-AM-edited.png\" alt=\"\" class=\"wp-image-6318\" width=\"285\" height=\"285\" srcset=\"https:\/\/neuroid.uprrp.edu\/wp-content\/uploads\/2021\/09\/Screen-Shot-2021-09-08-at-11.14.58-AM-edited.png 358w, https:\/\/neuroid.uprrp.edu\/wp-content\/uploads\/2021\/09\/Screen-Shot-2021-09-08-at-11.14.58-AM-edited-300x300.png 300w, https:\/\/neuroid.uprrp.edu\/wp-content\/uploads\/2021\/09\/Screen-Shot-2021-09-08-at-11.14.58-AM-edited-150x150.png 150w, https:\/\/neuroid.uprrp.edu\/wp-content\/uploads\/2021\/09\/Screen-Shot-2021-09-08-at-11.14.58-AM-edited-45x45.png 45w\" sizes=\"(max-width: 285px) 100vw, 285px\" \/><\/figure><\/div>\n<\/div>\n\n\n\n<div class=\"wp-block-column is-layout-flow wp-block-column-is-layout-flow\" style=\"flex-basis:50%\">\n<div style=\"height:79px\" aria-hidden=\"true\" class=\"wp-block-spacer\"><\/div>\n\n\n\n<p class=\"has-nv-dark-bg-color has-text-color has-large-font-size\">Psicoterapia asistida<\/p>\n\n\n\n<p class=\"has-nv-dark-bg-color has-text-color has-large-font-size\">por MDMA<\/p>\n\n\n\n<p class=\"has-nv-dark-bg-color has-text-color\" style=\"font-size:clamp(14px, 0.875rem + ((1vw - 3.2px) * 0.088), 15px);px\"><em>\u00bfqu\u00e9 exactamente es MDMA? Es un derivado de la anfetamina&#8230;.<\/em><\/p>\n\n\n\n<div style=\"height:19px\" aria-hidden=\"true\" class=\"wp-block-spacer\"><\/div>\n\n\n\n<div class=\"wp-block-columns is-layout-flex wp-container-core-columns-is-layout-28f84493 wp-block-columns-is-layout-flex\">\n<div class=\"wp-block-column is-layout-flow wp-block-column-is-layout-flow\">\n<figure class=\"wp-block-audio aligncenter\"><audio controls src=\"https:\/\/d3ctxlq1ktw2nl.cloudfront.net\/staging\/2021-8-8\/217277519-44100-2-997b3d11acc54.m4a\"><\/audio><\/figure>\n\n\n\n<div style=\"height:17px\" aria-hidden=\"true\" class=\"wp-block-spacer\"><\/div>\n\n\n\n<div class=\"wp-block-buttons is-layout-flex wp-block-buttons-is-layout-flex\">\n<div class=\"wp-block-button\"><a class=\"wp-block-button__link has-neve-link-color-background-color has-background\" href=\"https:\/\/anchor.fm\/neuro-id-podcasts\/episodes\/Podcast-Psicoterapia-asistida-por-MDMA-e173376\" style=\"border-radius:50px\" target=\"_blank\" rel=\"noreferrer noopener\">Podcast audio<\/a><\/div>\n<\/div>\n<\/div>\n<\/div>\n<\/div>\n<\/div>\n<\/div><\/div>\n\n\n\n<div style=\"height:30px\" aria-hidden=\"true\" class=\"wp-block-spacer\"><\/div>\n\n\n\n<div class=\"wp-block-file aligncenter\"><a href=\"https:\/\/neuroid.uprrp.edu\/wp-content\/uploads\/2021\/09\/Podcast-Presentacion.pptx.pdf\" target=\"_blank\" rel=\"noreferrer noopener\">Psicoterapia asistida por MDMA<\/a><a href=\"https:\/\/neuroid.uprrp.edu\/wp-content\/uploads\/2021\/09\/Podcast-Presentacion.pptx.pdf\" class=\"wp-block-file__button\" download>OPEN PRESENTATION<\/a><\/div>\n\n\n\n<div style=\"height:47px\" aria-hidden=\"true\" class=\"wp-block-spacer\"><\/div>\n\n\n\n<hr class=\"wp-block-separator\"\/>\n\n\n\n<div class=\"wp-block-columns is-layout-flex wp-container-core-columns-is-layout-28f84493 wp-block-columns-is-layout-flex\">\n<div class=\"wp-block-column is-layout-flow wp-block-column-is-layout-flow\" style=\"flex-basis:15%\"><\/div>\n\n\n\n<div class=\"wp-block-column is-layout-flow wp-block-column-is-layout-flow\">\n<div class=\"wp-block-columns is-layout-flex wp-container-core-columns-is-layout-28f84493 wp-block-columns-is-layout-flex\">\n<div class=\"wp-block-column is-layout-flow wp-block-column-is-layout-flow\">\n<div class=\"wp-block-image\"><figure class=\"alignright size-large is-resized\"><img decoding=\"async\" src=\"https:\/\/neuroid.uprrp.edu\/wp-content\/uploads\/2021\/09\/Screen-Shot-2021-09-08-at-11.13.14-AM.png\" alt=\"\" class=\"wp-image-6314\" width=\"300\" height=\"300\" srcset=\"https:\/\/neuroid.uprrp.edu\/wp-content\/uploads\/2021\/09\/Screen-Shot-2021-09-08-at-11.13.14-AM.png 376w, https:\/\/neuroid.uprrp.edu\/wp-content\/uploads\/2021\/09\/Screen-Shot-2021-09-08-at-11.13.14-AM-300x300.png 300w, https:\/\/neuroid.uprrp.edu\/wp-content\/uploads\/2021\/09\/Screen-Shot-2021-09-08-at-11.13.14-AM-150x150.png 150w, https:\/\/neuroid.uprrp.edu\/wp-content\/uploads\/2021\/09\/Screen-Shot-2021-09-08-at-11.13.14-AM-45x45.png 45w\" sizes=\"(max-width: 300px) 100vw, 300px\" \/><\/figure><\/div>\n<\/div>\n\n\n\n<div class=\"wp-block-column is-vertically-aligned-center is-layout-flow wp-block-column-is-layout-flow\">\n<p class=\"has-medium-font-size\">Natalia S. Babilonia D\u00edaz<\/p>\n\n\n\n<p>University of Puerto Rico, Rio Piedras Campus<br>Faculty: Natural Science<br>Baccalaureate: Molecular Cell Biology <br>Year: 4th<\/p>\n<\/div>\n<\/div>\n<\/div>\n\n\n\n<div class=\"wp-block-column is-layout-flow wp-block-column-is-layout-flow\" style=\"flex-basis:15%\"><\/div>\n<\/div>\n\n\n\n<hr class=\"wp-block-separator\"\/>\n\n\n\n<div style=\"height:51px\" aria-hidden=\"true\" class=\"wp-block-spacer\"><\/div>\n\n\n\n<div class=\"wp-block-columns is-layout-flex wp-container-core-columns-is-layout-28f84493 wp-block-columns-is-layout-flex\">\n<div class=\"wp-block-column is-layout-flow wp-block-column-is-layout-flow\" style=\"flex-basis:25%\"><\/div>\n\n\n\n<div class=\"wp-block-column is-layout-flow wp-block-column-is-layout-flow\" style=\"flex-basis:50%\">\n<p style=\"font-size:clamp(18.434px, 1.152rem + ((1vw - 3.2px) * 0.935), 29px);px\">Transcript (spanish)<\/p>\n\n\n\n<p>\u201cHola gente, mi nombre es Natalia Babilonia, soy estudiante de Biolog\u00eda de la Universidad de Puerto Rico y hoy voy a estar hablando un poco sobre un posible tratamiento para algunos des\u00f3rdenes psiqui\u00e1tricos que incluyen ansiedad, depresi\u00f3n, PTSD y Autismo. Los des\u00f3rdenes mentales afectan a una gran parte de la poblaci\u00f3n mundial, como deben saber. Existen tratamientos cognitivos que ayudan a modificar el comportamiento, y tambi\u00e9n hay tratamientos farmacol\u00f3gicos que pueden ser efectivos en lograr el balance entre algunos neuroqu\u00edmicos, que pueden estar en desbalance y entonces as\u00ed mejorar la sintomatolog\u00eda. El uso combinado, es decir, cognitivo y farmacol\u00f3gico, de estos tratamientos tambi\u00e9n ha logrado mostrar efectividad en muchas personas. El problema est\u00e1 en que estos tratamientos pueden ser muy efectivos para algunos pacientes, pero no para otros. Y por esto es que, dentro de la neurociencia, junto a la farmacia, psiquiatr\u00eda y hasta la psicolog\u00eda se est\u00e1 constantemente buscando mejorar tratamientos ya existentes o desarrollar nuevos.\u201d<\/p>\n\n\n\n<p>\u201cEntonces, por esto, hoy voy a hablar un poco sobre MDMA, o por su nombre completo, 3,4-metilenodioxymethamfetamina o como probablemente lo conocen o han escuchado por su uso recreacional, \u201cecstasy\u201d o \u201cmolly\u201d. Este compuesto ha estado bajo investigaciones que intentan probar su efectividad como tratamientos farmacol\u00f3gicos para algunos des\u00f3rdenes mentales, como los que menciona horita. El m\u00e1s que se ha investigado es los efectos en pacientes con PTSD, pero tambi\u00e9n se entiende que puede tener efectos terap\u00e9uticos en condiciones como ansiedad, depresi\u00f3n y en autismo. Aunque estas investigaciones son limitadas, se observan varios datos que indican su potencial para una posible psicoterapia asistida.\u201d<\/p>\n\n\n\n<p><strong>Que es MDMA<\/strong><\/p>\n\n\n\n<p>\u201cAs\u00ed que, para comenzar, \u00bfqu\u00e9 exactamente es MDMA? Es un derivado de la anfetamina. La anfetamina, que deben haber escuchado, es un estimulante del sistema nervioso central que se usa com\u00fanmente para tratar el desorden de d\u00e9ficit de atenci\u00f3n e hiperactividad (ADHD). El MDMA, al igual que la anfetamina, es un estimulante y tambi\u00e9n un alucin\u00f3geno. Tambi\u00e9n se le clasifica como un \u201centact\u00f3geno\u201d o \u201cempat\u00f3geno\u201d por los efectos socioemocionales que tiene y de esta forma se difiere a los otros estimulantes. El MDMA tambi\u00e9n tiene una estructura qu\u00edmica parecida al alucin\u00f3geno mezcalina, la cual tiene efectos parecidos a los de dietilamida de \u00e1cido lis\u00e9rgico (LSD) y psilocibina, otros alucin\u00f3genos. Ya hay estudios que han reportado evidencia del uso de drogas psicod\u00e9licas como lo son LSD y psilocibina en tratamientos para depresi\u00f3n y ansiedad. Lo que se postula como psicoterapia asistida por MDMA tiene muchas similitudes con la terapia con los psicod\u00e9licos.\u201d<\/p>\n\n\n\n<p><strong>Historia&nbsp;<\/strong><\/p>\n\n\n\n<p>\u201cPara entender un poco m\u00e1s sobre el uso de MDMA en la medicina debemos entender un poco sobre su historia. MDMA fue sintetizada en el 1912 por la compa\u00f1\u00eda farmac\u00e9utica Alemana Merck, como intermediario en la s\u00edntesis del medicamento hidrastina o hidrastinina. En ese momento tuvo su primera patente por la misma compa\u00f1\u00eda, pero no fue hasta 1970 que se us\u00f3 en humanos por primera vez por unos psiquiatras y terapeutas de los Estados Unidos por las propiedades terap\u00e9uticas que se pensaba que ten\u00eda. La usaban para tratar desde angustia marital hasta la esquizofrenia. Despu\u00e9s para los 1980 se populariz\u00f3 como la droga conocida como \u201cecstasy\u201d o \u201cmolly\u201d y se moviliz\u00f3 al mercado de uso recreacional. Aqu\u00ed surge la preocupaci\u00f3n del potencial de abuso que ten\u00eda y en 1985 fue clasificada como una sustancia \u201cSchedule 1\u201d por la Administraci\u00f3n para el control de drogas o la DEA, por sus siglas, y as\u00ed se ha quedado hasta el d\u00eda de hoy. Esta clasificaci\u00f3n la hizo una droga il\u00edcita con alto potencial de abuso y ning\u00fan uso m\u00e9dico aceptado. Desde ese momento varios grupos que todav\u00eda quieren permitir el uso de terapia asistida por MDMA, lo que intentan explicar es que se debe distinguir la droga recreacional \u201cecstasy\u201d o \u201cmolly\u201d ya que esta puede contener diferentes compuestos psicoactivos y no psicoactivos adem\u00e1s de tener MDMA en diferentes cantidades o en diferentes proporciones. Y estas diferencias de dosis junto a los otros compuestos son las que pueden provocar ese da\u00f1o cerebral o neuronal que trae al usarse recreacionalmente, como tambi\u00e9n se ha demostrado en modelos animales. Aunque se ha quedado como una droga il\u00edcita, se han logrado hacer varios estudios cl\u00ednicos, incluyendo uno con voluntarios de una poblaci\u00f3n de personas sin ning\u00fan tipo de trastorno mental a los que se les ha administrado bajas dosis de MDMA, como lo que se propone que ser\u00eda su uso terap\u00e9utico y esto ha tra\u00eddo evidencia de la seguridad de su administraci\u00f3n bajo condiciones controladas y vigilancia m\u00e9dica. Estos resultados y los de otras investigaciones han logrado que se siga considerando como un posible tratamiento.\u201d<\/p>\n\n\n\n<p><strong>Mecanismo de acci\u00f3n&nbsp;<\/strong><\/p>\n\n\n\n<p>\u201cAhora vamos a hablar un poco sobre los mecanismos de acci\u00f3n y los efectos que tiene, \u00bfc\u00f3mo es que funciona este tratamiento? \u00bfQu\u00e9 es lo que hace MDMA dentro del sistema nervioso? Pues la verdad es que todav\u00eda no se entiende completamente c\u00f3mo es que esta act\u00faa para aliviar s\u00edntomas, pero si se conoce sobre donde act\u00faa dentro del sistema nervioso. Primero MDMA es una droga que se administra por boca, es decir de su ruta de administraci\u00f3n es de forma oral y luego es absorbida r\u00e1pidamente por el tracto gastrointestinal. MDMA estimula la liberaci\u00f3n de monoaminas, que incluyen serotonina, dopamina y norepinefrina, tambi\u00e9n aumenta los niveles de oxitocina, prolactina y adrenocorticotropic hormones, que estas entonces aumentan los niveles de cortisol. Pero su efecto m\u00e1s pronunciado en el el sistema seroton\u00e9rgico ya que el \u201ctarget\u201d principal de MDMA es el transportador de serotonina, funcionando como un agonista indirecto. Adem\u00e1s del transportador, tambi\u00e9n hay evidencia de que funciona como un agonista directo de receptores de serotonina espec\u00edficos. De forma aguda, MDMA causa que el \u201creuptake\u201d o el reciclaje de serotonina por el transportador funcione al rev\u00e9s, y esto causa que la serotonina salga al espacio sin\u00e1ptico en vez de ser reciclado por la c\u00e9lula presin\u00e1ptica. Esto causa que los efectos de serotonina en la membrana postsin\u00e1ptica aumenten. Tambi\u00e9n quer\u00eda hablar sobre unos polimorfismos del gen que codifica para el transportador de serotonina. Existen dos alelos, uno corto y uno largo. Se ha encontrado que las personas con alelo corto tienen menos densidad de transportadores de serotonina y menor capacidad para el reciclaje de la serotonina del espacio sin\u00e1ptico. Esto lo que hace es que a nivel general las personas tengan menos serotonina. Hay varios estudios que indican que las personas con ese alelo corto son m\u00e1s susceptibles a padecer de ansiedad luego de alg\u00fan evento de estr\u00e9s. Esto es otro indicador de que el sistema seroton\u00e9rgico est\u00e1 ligado a la ocurrencia de alguna sintomatolog\u00eda de ansiedad. Tambi\u00e9n se observan unos cambios en la actividad de algunas partes del cerebro tras el uso de MDMA; se reduce actividad en la am\u00edgdala y la \u00ednsula en respuesta a un est\u00edmulo emocional negativo, aumenta la actividad en la corteza frontal superior y aumenta la conectividad entre la am\u00edgdala y el hipocampo. Todas estas regiones se asocian al procesamiento y regulaci\u00f3n de emociones y el estado de \u00e1nimo.\u201d<\/p>\n<\/div>\n\n\n\n<div class=\"wp-block-column is-layout-flow wp-block-column-is-layout-flow\" style=\"flex-basis:25%\"><\/div>\n<\/div>\n\n\n\n<!--nextpage-->\n\n\n\n<div style=\"height:51px\" aria-hidden=\"true\" class=\"wp-block-spacer\"><\/div>\n\n\n\n<div class=\"wp-block-columns is-layout-flex wp-container-core-columns-is-layout-28f84493 wp-block-columns-is-layout-flex\">\n<div class=\"wp-block-column is-layout-flow wp-block-column-is-layout-flow\" style=\"flex-basis:25%\"><\/div>\n\n\n\n<div class=\"wp-block-column is-layout-flow wp-block-column-is-layout-flow\" style=\"flex-basis:50%\">\n<p><strong>Efectos y tratamiento<\/strong><\/p>\n\n\n\n<p>\u201cEntonces, \u00bfqu\u00e9 pasa despu\u00e9s que se le administra a una persona MDMA? La administraci\u00f3n de MDMA tiene varios efectos fisiol\u00f3gicos los cuales todav\u00eda siguen investigando. De forma aguda, MDMA aumenta la presi\u00f3n arterial, el ritmo cardiaco y la temperatura corporal. Por el lado terap\u00e9utico, MDMA resulta en cambios en el afecto, cognici\u00f3n e interacciones sociales, de esa forma se resumen sus efectos terap\u00e9uticos. Puede aumentar la autocompasi\u00f3n y el aprendizaje para extinguir el miedo, induce un estado de \u00e1nimo positivo, empat\u00eda, aumenta sentimientos y comportamientos prosociales. Puede aumentar la respuesta a emociones y el sentirse m\u00e1s cercano y amigable a otras personas. Estos son los efectos que hacen que las personas se sientan m\u00e1s prosociales. Aunque todos estos efectos parecen ser positivos, tambi\u00e9n se han reportado s\u00edntomas negativos como ansiedad transiente, desrealizaci\u00f3n, tensi\u00f3n, disforia y la p\u00e9rdida de control sobre ellos mismos. Sin embargo, esos efectos terap\u00e9uticos pueden ser muy beneficiosos para personas con condiciones como \u201cPost traumatic stress syndrome\u201d (PTSD), ansiedad general, depresi\u00f3n y autismo ya que puede ayudar en la parte social y del manejo de emociones. PTSD es la enfermedad m\u00e1s estudiada para el tratamiento asistido con MDMA, como ya mencion\u00e9. Estudios cl\u00ednicos fase 1 y fase 2 se han llevado a cabo desde el a\u00f1o 1994 para establecer la seguridad de este y ya para el 2014 m\u00e1s de 1133 personas hab\u00edan recibido dosis de MDMA para estas investigaciones cl\u00ednicas. El primer estudio fase 2 para el tratamiento de psicoterapia asistida por MDMA para PTSD cr\u00f3nico en pacientes resistentes a tratamientos fue para el 2011 y tuvo resultados prometedores. Otros estudios fase 2 para PTSD mostraron resultados prometedores tambi\u00e9n. Finalmente, ya hay investigaciones cl\u00ednicas fase 3 que se estar\u00e1n llevando a cabo con el prop\u00f3sito de ser aprobadas por la FDA y con su permiso. Estas investigaciones las est\u00e1 llevando a cabo la organizaci\u00f3n \u201cMultidisciplinary Association for Psychedelic Studies\u201d (MAPS). Si desean m\u00e1s informaci\u00f3n sobre sus trabajos pueden ir a su \u201cwebsite\u201d. Adem\u00e1s de estudios en pacientes con PTSD, tambi\u00e9n hay estudios que indican posibles beneficios de MDMA en adultos con autismo que tienen ansiedad social moderada o severa, ya que como mencion\u00e9 puede permitir que la persona se sienta m\u00e1s c\u00f3moda en ambientes sociales.\u201d<\/p>\n\n\n\n<p><strong>Riesgos y consideraciones&nbsp;<\/strong><\/p>\n\n\n\n<p>\u201cTambi\u00e9n se deben considerar los riesgos y consideraciones por su uso, porque como mencion\u00e9 horita el MDMA, espec\u00edficamente ecstasy, sigue siendo una droga il\u00edcita de \u201cSchedule 1\u201d, pero quer\u00eda reiterar, que MDMA puro, no es considerada una droga de dependencia como otras drogas de schedule 1. Aunque no es f\u00edsicamente adictiva, si ha habido casos de reacciones psicol\u00f3gicas agudas o cr\u00f3nicas en algunas personas mas vulnerables, pero esto ha sido en situaciones no controladas, conjunto al uso de otras drogas simult\u00e1neamente y en su mayor\u00eda relacionado a ecstasy o molly. El hecho de que todav\u00eda se categoriza como una droga il\u00edcita tambi\u00e9n aumenta las barreras para el desarrollo de sus tratamientos y de la investigaci\u00f3n. Pero tal vez esto puede provocar que su desarrollo como tratamiento sea mucho m\u00e1s cuidadoso dado ese estatus que ya tiene. Adem\u00e1s, se debe considerar los posibles efectos secundarios y adversos que puede tener este tratamiento como p\u00e9rdida de apetito, dolor de cabeza, baja concentraci\u00f3n, sudar, mareos, p\u00e9rdida de energ\u00eda y algunos otros que pueden variar de persona a persona y pueden ser m\u00e1s fuertes.\u201d<\/p>\n\n\n\n<p><strong>Conclusi\u00f3n<\/strong><\/p>\n\n\n\n<p>\u201cDespu\u00e9s de buscar en la literatura se puede entender que a\u00fan le falta bastante a la investigaci\u00f3n de este tratamiento dado que todav\u00eda surgen resultados conflictivos y datos inconclusos. Pero no hay duda de que este tiene altas posibilidades de salir pronto como un tratamiento adicional, al menos para personas con PTSD que no respondan a otros tratamientos. Como dije al principio, los des\u00f3rdenes mentales son muy prevalentes y merecen un poco m\u00e1s de atenci\u00f3n en cuanto a los tratamientos que hay disponibles. Por esto entiendo que es algo s\u00faper bueno el ver cient\u00edficos e investigadores buscando nuevas formas de mejorar la calidad de vida a pacientes ya sea intentando mejorar los tratamientos que ya existen o buscando nuevas formas, como ser\u00eda el tratamiento con MDMA. Los resultados de las investigaciones disponibles sobre MDMA como tratamiento han logrado demostrar que, en un futuro no tan lejano, podr\u00edan surgir nuevos tratamientos efectivos para des\u00f3rdenes mentales que lograr\u00edan devolverle un poco del control de la vida de los pacientes recipientes.\u201d<\/p>\n\n\n\n<p>\u201cCon esto los dejo y, \u00a1muchas gracias por tomar un poco de su tiempo para escuchar de este tema!\u201d<\/p>\n<\/div>\n\n\n\n<div class=\"wp-block-column is-layout-flow wp-block-column-is-layout-flow\" style=\"flex-basis:25%\"><\/div>\n<\/div>\n","protected":false},"excerpt":{"rendered":"<p>Title: &#8220;Psicoterapia asistida por MDMA&#8221; By Natalia Babilonia Natalia S. Babilonia D\u00edaz University of Puerto Rico, Rio Piedras CampusFaculty: Natural ScienceBaccalaureate: Molecular Cell Biology Year: 4th Transcript (spanish) \u201cHola gente, mi nombre es Natalia Babilonia, soy estudiante de Biolog\u00eda de la Universidad de Puerto Rico y hoy voy a estar hablando un poco sobre un &hellip; <\/p>\n<p class=\"link-more\"><a href=\"https:\/\/neuroid.uprrp.edu\/index.php\/podcast-27-natalia-babilonia\/\" class=\"more-link\">Read more<span class=\"screen-reader-text\"> &#8220;Podcast 27&#8221;<\/span><\/a><\/p>\n","protected":false},"author":5,"featured_media":0,"parent":0,"menu_order":0,"comment_status":"closed","ping_status":"closed","template":"","meta":{"footnotes":""},"class_list":["post-6309","page","type-page","status-publish","hentry"],"rttpg_featured_image_url":null,"rttpg_author":{"display_name":"admin","author_link":"https:\/\/neuroid.uprrp.edu\/index.php\/author\/admin\/"},"rttpg_comment":0,"rttpg_category":null,"rttpg_excerpt":"Title: &#8220;Psicoterapia asistida por MDMA&#8221; By Natalia Babilonia Natalia S. Babilonia D\u00edaz University of Puerto Rico, Rio Piedras CampusFaculty: Natural ScienceBaccalaureate: Molecular Cell Biology Year: 4th Transcript (spanish) \u201cHola gente, mi nombre es Natalia Babilonia, soy estudiante de Biolog\u00eda de la Universidad de Puerto Rico y hoy voy a estar hablando un poco sobre un&hellip;","_links":{"self":[{"href":"https:\/\/neuroid.uprrp.edu\/index.php\/wp-json\/wp\/v2\/pages\/6309","targetHints":{"allow":["GET"]}}],"collection":[{"href":"https:\/\/neuroid.uprrp.edu\/index.php\/wp-json\/wp\/v2\/pages"}],"about":[{"href":"https:\/\/neuroid.uprrp.edu\/index.php\/wp-json\/wp\/v2\/types\/page"}],"author":[{"embeddable":true,"href":"https:\/\/neuroid.uprrp.edu\/index.php\/wp-json\/wp\/v2\/users\/5"}],"replies":[{"embeddable":true,"href":"https:\/\/neuroid.uprrp.edu\/index.php\/wp-json\/wp\/v2\/comments?post=6309"}],"version-history":[{"count":3,"href":"https:\/\/neuroid.uprrp.edu\/index.php\/wp-json\/wp\/v2\/pages\/6309\/revisions"}],"predecessor-version":[{"id":6336,"href":"https:\/\/neuroid.uprrp.edu\/index.php\/wp-json\/wp\/v2\/pages\/6309\/revisions\/6336"}],"wp:attachment":[{"href":"https:\/\/neuroid.uprrp.edu\/index.php\/wp-json\/wp\/v2\/media?parent=6309"}],"curies":[{"name":"wp","href":"https:\/\/api.w.org\/{rel}","templated":true}]}}