{"id":6394,"date":"2021-09-08T16:10:24","date_gmt":"2021-09-08T20:10:24","guid":{"rendered":"https:\/\/neuroid.uprrp.edu\/?page_id=6394"},"modified":"2021-09-09T11:04:11","modified_gmt":"2021-09-09T15:04:11","slug":"podcast-32-gabriel-rodriguez","status":"publish","type":"page","link":"https:\/\/neuroid.uprrp.edu\/index.php\/podcast-32-gabriel-rodriguez\/","title":{"rendered":"Podcast 32"},"content":{"rendered":"\n<p style=\"font-size:clamp(15.747px, 0.984rem + ((1vw - 3.2px) * 0.73), 24px);px\">Title: &#8220;V\u00ednculo entre la depresi\u00f3n y el uso de las redes sociales&#8221;<\/p>\n\n\n\n<p>By Gabriel Rodr\u00edguez<\/p>\n\n\n\n<div style=\"height:25px\" aria-hidden=\"true\" class=\"wp-block-spacer\"><\/div>\n\n\n\n<div class=\"wp-block-cover alignwide has-background-dim-30 has-neve-link-color-background-color has-background-dim has-custom-content-position is-position-center-left is-position-center-center\" style=\"min-height:250px;aspect-ratio:unset;\"><img fetchpriority=\"high\" decoding=\"async\" width=\"2000\" height=\"1125\" class=\"wp-block-cover__image-background wp-image-5743\" alt=\"\" src=\"https:\/\/neuroid.uprrp.edu\/wp-content\/uploads\/2021\/07\/Podcastbackground.png\" style=\"object-position:7% 61%\" data-object-fit=\"cover\" data-object-position=\"7% 61%\" srcset=\"https:\/\/neuroid.uprrp.edu\/wp-content\/uploads\/2021\/07\/Podcastbackground.png 2000w, https:\/\/neuroid.uprrp.edu\/wp-content\/uploads\/2021\/07\/Podcastbackground-300x169.png 300w, https:\/\/neuroid.uprrp.edu\/wp-content\/uploads\/2021\/07\/Podcastbackground-1024x576.png 1024w, https:\/\/neuroid.uprrp.edu\/wp-content\/uploads\/2021\/07\/Podcastbackground-768x432.png 768w, https:\/\/neuroid.uprrp.edu\/wp-content\/uploads\/2021\/07\/Podcastbackground-1536x864.png 1536w\" sizes=\"(max-width: 2000px) 100vw, 2000px\" \/><div class=\"wp-block-cover__inner-container is-layout-flow wp-block-cover-is-layout-flow\">\n<div style=\"height:17px\" aria-hidden=\"true\" class=\"wp-block-spacer\"><\/div>\n\n\n\n<div class=\"wp-block-columns is-layout-flex wp-container-core-columns-is-layout-28f84493 wp-block-columns-is-layout-flex\">\n<div class=\"wp-block-column is-layout-flow wp-block-column-is-layout-flow\" style=\"flex-basis:35%\">\n<div style=\"height:57px\" aria-hidden=\"true\" class=\"wp-block-spacer\"><\/div>\n\n\n\n<div class=\"wp-block-image\"><figure class=\"aligncenter size-large is-resized\"><img decoding=\"async\" src=\"https:\/\/neuroid.uprrp.edu\/wp-content\/uploads\/2021\/09\/Screen-Shot-2021-09-08-at-4.06.47-PM.png\" alt=\"\" class=\"wp-image-6405\" width=\"285\" height=\"285\" srcset=\"https:\/\/neuroid.uprrp.edu\/wp-content\/uploads\/2021\/09\/Screen-Shot-2021-09-08-at-4.06.47-PM.png 425w, https:\/\/neuroid.uprrp.edu\/wp-content\/uploads\/2021\/09\/Screen-Shot-2021-09-08-at-4.06.47-PM-300x300.png 300w, https:\/\/neuroid.uprrp.edu\/wp-content\/uploads\/2021\/09\/Screen-Shot-2021-09-08-at-4.06.47-PM-150x150.png 150w, https:\/\/neuroid.uprrp.edu\/wp-content\/uploads\/2021\/09\/Screen-Shot-2021-09-08-at-4.06.47-PM-45x45.png 45w\" sizes=\"(max-width: 285px) 100vw, 285px\" \/><\/figure><\/div>\n<\/div>\n\n\n\n<div class=\"wp-block-column is-layout-flow wp-block-column-is-layout-flow\" style=\"flex-basis:50%\">\n<div style=\"height:57px\" aria-hidden=\"true\" class=\"wp-block-spacer\"><\/div>\n\n\n\n<p class=\"has-nv-dark-bg-color has-text-color\" style=\"font-size:clamp(20.515px, 1.282rem + ((1vw - 3.2px) * 1.105), 33px);px\">V\u00ednculo entre la depresi\u00f3n <\/p>\n\n\n\n<p class=\"has-nv-dark-bg-color has-text-color\" style=\"font-size:clamp(20.515px, 1.282rem + ((1vw - 3.2px) * 1.105), 33px);px\">y el uso de las redes sociales                            <\/p>\n\n\n\n<div style=\"height:24px\" aria-hidden=\"true\" class=\"wp-block-spacer\"><\/div>\n\n\n\n<p class=\"has-nv-dark-bg-color has-text-color\">Correlaci\u00f3n entre depresi\u00f3n y uso de las redes sociales | Ambiente y uso por encima de tiempo | Neurobiolog\u00eda alterada<\/p>\n\n\n\n<div class=\"wp-block-columns is-layout-flex wp-container-core-columns-is-layout-28f84493 wp-block-columns-is-layout-flex\">\n<div class=\"wp-block-column is-layout-flow wp-block-column-is-layout-flow\">\n<figure class=\"wp-block-audio aligncenter\"><audio controls src=\"https:\/\/d3ctxlq1ktw2nl.cloudfront.net\/staging\/2021-8-8\/71f9e398-0a4a-4d07-d2fa-f40732f51791.mp3\"><\/audio><\/figure>\n\n\n\n<div style=\"height:17px\" aria-hidden=\"true\" class=\"wp-block-spacer\"><\/div>\n\n\n\n<div class=\"wp-block-buttons is-layout-flex wp-block-buttons-is-layout-flex\">\n<div class=\"wp-block-button\"><a class=\"wp-block-button__link has-neve-link-color-background-color has-background\" href=\"https:\/\/anchor.fm\/neuro-id-podcasts\/episodes\/Podcast-Vnculo-entre-la-depresin-y-el-uso-de-las-redes-sociales-e173f8g\" style=\"border-radius:50px\" target=\"_blank\" rel=\"noreferrer noopener\">Podcast audio<\/a><\/div>\n<\/div>\n<\/div>\n<\/div>\n<\/div>\n<\/div>\n<\/div><\/div>\n\n\n\n<div style=\"height:30px\" aria-hidden=\"true\" class=\"wp-block-spacer\"><\/div>\n\n\n\n<div class=\"wp-block-file aligncenter\"><a href=\"https:\/\/neuroid.uprrp.edu\/wp-content\/uploads\/2021\/09\/Gabriel-Rodriguez-Podcast-1.pptx\" target=\"_blank\" rel=\"noreferrer noopener\">V\u00ednculo entre la depresi\u00f3n y el uso de las redes sociales<\/a><a href=\"https:\/\/neuroid.uprrp.edu\/wp-content\/uploads\/2021\/09\/Gabriel-Rodriguez-Podcast-1.pptx\" class=\"wp-block-file__button\" download>OPEN PRESENTATION<\/a><\/div>\n\n\n\n<div style=\"height:47px\" aria-hidden=\"true\" class=\"wp-block-spacer\"><\/div>\n\n\n\n<hr class=\"wp-block-separator\"\/>\n\n\n\n<div style=\"height:37px\" aria-hidden=\"true\" class=\"wp-block-spacer\"><\/div>\n\n\n\n<div class=\"wp-block-columns is-layout-flex wp-container-core-columns-is-layout-28f84493 wp-block-columns-is-layout-flex\">\n<div class=\"wp-block-column is-layout-flow wp-block-column-is-layout-flow\" style=\"flex-basis:15%\"><\/div>\n\n\n\n<div class=\"wp-block-column is-layout-flow wp-block-column-is-layout-flow\">\n<div class=\"wp-block-columns is-layout-flex wp-container-core-columns-is-layout-28f84493 wp-block-columns-is-layout-flex\">\n<div class=\"wp-block-column is-layout-flow wp-block-column-is-layout-flow\">\n<div class=\"wp-block-image\"><figure class=\"alignright size-large\"><img decoding=\"async\" width=\"301\" height=\"302\" src=\"https:\/\/neuroid.uprrp.edu\/wp-content\/uploads\/2021\/09\/Screen-Shot-2021-09-08-at-3.00.37-PM.png\" alt=\"\" class=\"wp-image-6395\" srcset=\"https:\/\/neuroid.uprrp.edu\/wp-content\/uploads\/2021\/09\/Screen-Shot-2021-09-08-at-3.00.37-PM.png 301w, https:\/\/neuroid.uprrp.edu\/wp-content\/uploads\/2021\/09\/Screen-Shot-2021-09-08-at-3.00.37-PM-300x300.png 300w, https:\/\/neuroid.uprrp.edu\/wp-content\/uploads\/2021\/09\/Screen-Shot-2021-09-08-at-3.00.37-PM-150x150.png 150w, https:\/\/neuroid.uprrp.edu\/wp-content\/uploads\/2021\/09\/Screen-Shot-2021-09-08-at-3.00.37-PM-45x45.png 45w\" sizes=\"(max-width: 301px) 100vw, 301px\" \/><\/figure><\/div>\n<\/div>\n\n\n\n<div class=\"wp-block-column is-vertically-aligned-center is-layout-flow wp-block-column-is-layout-flow\">\n<p class=\"has-medium-font-size\">Gabriel Rodr\u00edguez Cintr\u00f3n<\/p>\n\n\n\n<p>University of Puerto Rico, Rio Piedras Campus<br>Faculty: Natural Science<br>Baccalaureate: Biology<br>Year: 4th<\/p>\n<\/div>\n<\/div>\n<\/div>\n\n\n\n<div class=\"wp-block-column is-layout-flow wp-block-column-is-layout-flow\" style=\"flex-basis:15%\"><\/div>\n<\/div>\n\n\n\n<hr class=\"wp-block-separator\"\/>\n\n\n\n<div style=\"height:133px\" aria-hidden=\"true\" class=\"wp-block-spacer\"><\/div>\n\n\n\n<p><\/p>\n","protected":false},"excerpt":{"rendered":"<p>Title: &#8220;V\u00ednculo entre la depresi\u00f3n y el uso de las redes sociales&#8221; By Gabriel Rodr\u00edguez Gabriel Rodr\u00edguez Cintr\u00f3n University of Puerto Rico, Rio Piedras CampusFaculty: Natural ScienceBaccalaureate: BiologyYear: 4th<\/p>\n","protected":false},"author":5,"featured_media":0,"parent":0,"menu_order":0,"comment_status":"closed","ping_status":"closed","template":"","meta":{"footnotes":""},"class_list":["post-6394","page","type-page","status-publish","hentry"],"rttpg_featured_image_url":null,"rttpg_author":{"display_name":"admin","author_link":"https:\/\/neuroid.uprrp.edu\/index.php\/author\/admin\/"},"rttpg_comment":0,"rttpg_category":null,"rttpg_excerpt":"Title: &#8220;V\u00ednculo entre la depresi\u00f3n y el uso de las redes sociales&#8221; By Gabriel Rodr\u00edguez Gabriel Rodr\u00edguez Cintr\u00f3n University of Puerto Rico, Rio Piedras CampusFaculty: Natural ScienceBaccalaureate: BiologyYear: 4th","_links":{"self":[{"href":"https:\/\/neuroid.uprrp.edu\/index.php\/wp-json\/wp\/v2\/pages\/6394","targetHints":{"allow":["GET"]}}],"collection":[{"href":"https:\/\/neuroid.uprrp.edu\/index.php\/wp-json\/wp\/v2\/pages"}],"about":[{"href":"https:\/\/neuroid.uprrp.edu\/index.php\/wp-json\/wp\/v2\/types\/page"}],"author":[{"embeddable":true,"href":"https:\/\/neuroid.uprrp.edu\/index.php\/wp-json\/wp\/v2\/users\/5"}],"replies":[{"embeddable":true,"href":"https:\/\/neuroid.uprrp.edu\/index.php\/wp-json\/wp\/v2\/comments?post=6394"}],"version-history":[{"count":14,"href":"https:\/\/neuroid.uprrp.edu\/index.php\/wp-json\/wp\/v2\/pages\/6394\/revisions"}],"predecessor-version":[{"id":6458,"href":"https:\/\/neuroid.uprrp.edu\/index.php\/wp-json\/wp\/v2\/pages\/6394\/revisions\/6458"}],"wp:attachment":[{"href":"https:\/\/neuroid.uprrp.edu\/index.php\/wp-json\/wp\/v2\/media?parent=6394"}],"curies":[{"name":"wp","href":"https:\/\/api.w.org\/{rel}","templated":true}]}}