{"id":6412,"date":"2021-09-08T16:23:34","date_gmt":"2021-09-08T20:23:34","guid":{"rendered":"https:\/\/neuroid.uprrp.edu\/?page_id=6412"},"modified":"2021-09-08T16:23:34","modified_gmt":"2021-09-08T20:23:34","slug":"podcast-33-nicole-martinez","status":"publish","type":"page","link":"https:\/\/neuroid.uprrp.edu\/index.php\/podcast-33-nicole-martinez\/","title":{"rendered":"Podcast 33"},"content":{"rendered":"\n<p style=\"font-size:clamp(15.747px, 0.984rem + ((1vw - 3.2px) * 0.73), 24px);px\">Title: Generalized anxiety disorder<\/p>\n\n\n\n<p>By Nicole Mart\u00ednez<\/p>\n\n\n\n<div style=\"height:25px\" aria-hidden=\"true\" class=\"wp-block-spacer\"><\/div>\n\n\n\n<div class=\"wp-block-cover alignwide has-background-dim-30 has-neve-link-color-background-color has-background-dim has-custom-content-position is-position-center-left is-position-center-center\" style=\"min-height:250px;aspect-ratio:unset;\"><img fetchpriority=\"high\" decoding=\"async\" width=\"2000\" height=\"1125\" class=\"wp-block-cover__image-background wp-image-5743\" alt=\"\" src=\"https:\/\/neuroid.uprrp.edu\/wp-content\/uploads\/2021\/07\/Podcastbackground.png\" style=\"object-position:7% 61%\" data-object-fit=\"cover\" data-object-position=\"7% 61%\" srcset=\"https:\/\/neuroid.uprrp.edu\/wp-content\/uploads\/2021\/07\/Podcastbackground.png 2000w, https:\/\/neuroid.uprrp.edu\/wp-content\/uploads\/2021\/07\/Podcastbackground-300x169.png 300w, https:\/\/neuroid.uprrp.edu\/wp-content\/uploads\/2021\/07\/Podcastbackground-1024x576.png 1024w, https:\/\/neuroid.uprrp.edu\/wp-content\/uploads\/2021\/07\/Podcastbackground-768x432.png 768w, https:\/\/neuroid.uprrp.edu\/wp-content\/uploads\/2021\/07\/Podcastbackground-1536x864.png 1536w\" sizes=\"(max-width: 2000px) 100vw, 2000px\" \/><div class=\"wp-block-cover__inner-container is-layout-flow wp-block-cover-is-layout-flow\">\n<div style=\"height:17px\" aria-hidden=\"true\" class=\"wp-block-spacer\"><\/div>\n\n\n\n<div class=\"wp-block-columns is-layout-flex wp-container-core-columns-is-layout-28f84493 wp-block-columns-is-layout-flex\">\n<div class=\"wp-block-column is-layout-flow wp-block-column-is-layout-flow\" style=\"flex-basis:35%\">\n<div style=\"height:57px\" aria-hidden=\"true\" class=\"wp-block-spacer\"><\/div>\n\n\n\n<div class=\"wp-block-image\"><figure class=\"aligncenter size-large is-resized\"><img decoding=\"async\" src=\"https:\/\/neuroid.uprrp.edu\/wp-content\/uploads\/2021\/09\/Screen-Shot-2021-09-08-at-4.20.33-PM-edited.png\" alt=\"\" class=\"wp-image-6417\" width=\"285\" height=\"285\" srcset=\"https:\/\/neuroid.uprrp.edu\/wp-content\/uploads\/2021\/09\/Screen-Shot-2021-09-08-at-4.20.33-PM-edited.png 266w, https:\/\/neuroid.uprrp.edu\/wp-content\/uploads\/2021\/09\/Screen-Shot-2021-09-08-at-4.20.33-PM-edited-150x150.png 150w, https:\/\/neuroid.uprrp.edu\/wp-content\/uploads\/2021\/09\/Screen-Shot-2021-09-08-at-4.20.33-PM-edited-45x45.png 45w\" sizes=\"(max-width: 285px) 100vw, 285px\" \/><\/figure><\/div>\n<\/div>\n\n\n\n<div class=\"wp-block-column is-layout-flow wp-block-column-is-layout-flow\" style=\"flex-basis:50%\">\n<div style=\"height:89px\" aria-hidden=\"true\" class=\"wp-block-spacer\"><\/div>\n\n\n\n<p class=\"has-nv-dark-bg-color has-text-color\" style=\"font-size:clamp(20px, 1.25rem + ((1vw - 3.2px) * 1.062), 32px);px\">Generalized anxiety disorder<\/p>\n\n\n\n<div style=\"height:25px\" aria-hidden=\"true\" class=\"wp-block-spacer\"><\/div>\n\n\n\n<p class=\"has-nv-dark-bg-color has-text-color\" style=\"font-size:clamp(14px, 0.875rem + ((1vw - 3.2px) * 0.088), 15px);px\"><em>El desorden de ansiedad generalizada se define por el DSM-5 como ansiedad y preocupaci\u00f3n excesiva que ocurre constantemente por 6 meses&#8230;<\/em><\/p>\n\n\n\n<div style=\"height:21px\" aria-hidden=\"true\" class=\"wp-block-spacer\"><\/div>\n\n\n\n<div class=\"wp-block-columns are-vertically-aligned-top is-layout-flex wp-container-core-columns-is-layout-28f84493 wp-block-columns-is-layout-flex\">\n<div class=\"wp-block-column is-vertically-aligned-top is-layout-flow wp-block-column-is-layout-flow\">\n<div class=\"wp-block-buttons is-layout-flex wp-block-buttons-is-layout-flex\">\n<div class=\"wp-block-button\"><a class=\"wp-block-button__link has-neve-link-color-background-color has-background\" href=\"https:\/\/anchor.fm\/nicole-martinez65\/episodes\/Generalized-Anxiety-Disorder-e10kudr\" style=\"border-radius:50px\" target=\"_blank\" rel=\"noreferrer noopener\">Podcast audio<\/a><\/div>\n<\/div>\n<\/div>\n<\/div>\n<\/div>\n<\/div>\n<\/div><\/div>\n\n\n\n<div style=\"height:30px\" aria-hidden=\"true\" class=\"wp-block-spacer\"><\/div>\n\n\n\n<div class=\"wp-block-file aligncenter\"><a href=\"https:\/\/neuroid.uprrp.edu\/wp-content\/uploads\/2021\/09\/Generalized-Anxiety-Disorder.pptx.pdf\" target=\"_blank\" rel=\"noreferrer noopener\">Generalized anxiety disorder<\/a><a href=\"https:\/\/neuroid.uprrp.edu\/wp-content\/uploads\/2021\/09\/Generalized-Anxiety-Disorder.pptx.pdf\" class=\"wp-block-file__button\" download>OPEN PRESENTATION<\/a><\/div>\n\n\n\n<div style=\"height:47px\" aria-hidden=\"true\" class=\"wp-block-spacer\"><\/div>\n\n\n\n<hr class=\"wp-block-separator\"\/>\n\n\n\n<div style=\"height:37px\" aria-hidden=\"true\" class=\"wp-block-spacer\"><\/div>\n\n\n\n<div class=\"wp-block-columns is-layout-flex wp-container-core-columns-is-layout-28f84493 wp-block-columns-is-layout-flex\">\n<div class=\"wp-block-column is-layout-flow wp-block-column-is-layout-flow\" style=\"flex-basis:15%\"><\/div>\n\n\n\n<div class=\"wp-block-column is-layout-flow wp-block-column-is-layout-flow\">\n<div class=\"wp-block-columns is-layout-flex wp-container-core-columns-is-layout-28f84493 wp-block-columns-is-layout-flex\">\n<div class=\"wp-block-column is-layout-flow wp-block-column-is-layout-flow\">\n<div class=\"wp-block-image\"><figure class=\"alignright size-large is-resized\"><img decoding=\"async\" src=\"https:\/\/neuroid.uprrp.edu\/wp-content\/uploads\/2021\/09\/Screen-Shot-2021-09-08-at-4.14.32-PM-edited.png\" alt=\"\" class=\"wp-image-6415\" width=\"300\" height=\"300\" srcset=\"https:\/\/neuroid.uprrp.edu\/wp-content\/uploads\/2021\/09\/Screen-Shot-2021-09-08-at-4.14.32-PM-edited.png 341w, https:\/\/neuroid.uprrp.edu\/wp-content\/uploads\/2021\/09\/Screen-Shot-2021-09-08-at-4.14.32-PM-edited-300x300.png 300w, https:\/\/neuroid.uprrp.edu\/wp-content\/uploads\/2021\/09\/Screen-Shot-2021-09-08-at-4.14.32-PM-edited-150x150.png 150w, https:\/\/neuroid.uprrp.edu\/wp-content\/uploads\/2021\/09\/Screen-Shot-2021-09-08-at-4.14.32-PM-edited-45x45.png 45w\" sizes=\"(max-width: 300px) 100vw, 300px\" \/><\/figure><\/div>\n<\/div>\n\n\n\n<div class=\"wp-block-column is-vertically-aligned-center is-layout-flow wp-block-column-is-layout-flow\">\n<p class=\"has-medium-font-size\">Nicole Mart\u00ednez<\/p>\n\n\n\n<p>University of Puerto Rico, Rio Piedras Campus<br>Faculty: Natural Science<br>Baccalaureate: Molecular Cell Biology<br>Year: 6th<\/p>\n<\/div>\n<\/div>\n<\/div>\n\n\n\n<div class=\"wp-block-column is-layout-flow wp-block-column-is-layout-flow\" style=\"flex-basis:15%\"><\/div>\n<\/div>\n\n\n\n<hr class=\"wp-block-separator\"\/>\n\n\n\n<div style=\"height:51px\" aria-hidden=\"true\" class=\"wp-block-spacer\"><\/div>\n\n\n\n<div class=\"wp-block-columns is-layout-flex wp-container-core-columns-is-layout-28f84493 wp-block-columns-is-layout-flex\">\n<div class=\"wp-block-column is-layout-flow wp-block-column-is-layout-flow\" style=\"flex-basis:25%\"><\/div>\n\n\n\n<div class=\"wp-block-column is-layout-flow wp-block-column-is-layout-flow\" style=\"flex-basis:50%\">\n<h1 class=\"wp-block-heading\" style=\"font-size:clamp(17.905px, 1.119rem + ((1vw - 3.2px) * 0.893), 28px);px\">Transcript (in spanish)<\/h1>\n\n\n\n<p>Saludos y bienvenidos a mi post sobre el desorden de ansiedad generalizada.&nbsp;<\/p>\n\n\n\n<p>En este podcast voy a estar hablando sobre c\u00f3mo este desorden se fue caracterizando a trav\u00e9s de la historia y c\u00f3mo este afecta la vida cotidiana de los pacientes que lo tienen. El desorden de ansiedad generalizada se define por el DSM-5 como ansiedad y preocupaci\u00f3n excesiva que ocurre constantemente por 6 meses. Sabemos que ahora mismo todos estamos preocupados por las situaciones que est\u00e1n atravesando nuestra isla pero las personas que padecen de GAD se les hace m\u00e1s dif\u00edcil de lo normal controlar esa preocupaci\u00f3n. El desorden puede perjudicar significativamente la calidad de vida de los pacientes, sin embargo, el desorden no cuenta con el awareness que merece. Es bien com\u00fan en nuestra cultura escuchar frases desde\u00f1osa al comunicar nuestra ansiedad a alguna persona, cosas como \u201crel\u00e1jate\u201d, \u201cTodo va a estar bien\u201d, \u201cno te preocupes\u201d pueden llegar a ser frustrantes ya que no tenemos formas de controlar los s\u00edntomas a menos que sea con alg\u00fan medicamento obviamente recetado por un psiquiatra o por alg\u00fan tipo de ejercicio tambi\u00e9n recomendado por el psiquiatra y hay veces que ni esas cosas funcionan.&nbsp;<\/p>\n\n\n\n<p>Nada pues vamos a comenzar hablando poco sobre la historia del desorden de ansiedad generalizada. A este trastorno primero se le conoci\u00f3 de tres diferentes formas. Se le conoce como panofobia, neurastenia y neurosis de ansiedad. La panofobia, al principio se le conoc\u00eda de esa forma en los 1700 y \u201cpan\u201d significa \u201ctodo\u201d, \u201cfobia\u201d de \u201cmiedo\u201d pues equivale a \u201cmiedo a todo\u201d. Su definici\u00f3n exacta una condici\u00f3n en la cual el paciente le tiene miedo a todo donde la ansiedad en vez de estar fijada en un solo objeto, flota en un sue\u00f1o y se fija s\u00f3lo por un instante y brinca de un objeto el pr\u00f3ximo de acuerdo con situaciones al azar. El s\u00edntoma m\u00e1s prominente lo que Freud bautiz\u00f3 como expectativa ansiosa. Luego se pensaba que la panofobia era simplemente un s\u00edntoma de otra enfermedad llamada neurastenia, eso fue en el 1869, pero para el 1895 Freud hizo para separar la neurastenia de lo que \u00e9l llamar\u00eda neurosis de ansiedad y su teor\u00eda era que la neurosis de ansiedad era causada por una acumulaci\u00f3n de excitaci\u00f3n sexual que no era liberado mediante el coito, sin embargo teoria se desminti\u00f3 y tambi\u00e9n dijo que la expectativa ansiosa es un s\u00edntoma de neurosis de ansiedad lo cual es un criterio vital ahora en el DSM-5. Sin embargo, los s\u00edntomas de neurosis abarcan m\u00e1s que los de GAD. Los s\u00edntomas son irritabilidad,&nbsp; la expectativa ansiosa, ataques de ansiedad o cosas equivalentes, sudar, mucha hambre, tremor, v\u00e9rtigo y pavores nocturnos, fobias t\u00edpicas como como agorafobia y ataques de p\u00e1nico. No necesariamente todas esas est\u00e1n incluidas en el diagn\u00f3stico de desorden de ansiedad generalizada porque, por ejemplo, las fobias pues ya son una ansiedad aparte y los ataques de p\u00e1nico tambi\u00e9n.&nbsp;<\/p>\n\n\n\n<p>Para diagnosticar el desorden tenemos lo que se conoce como el GAD-7. Esto es una herramienta de diagn\u00f3stico que funciona como una escala de puntuaci\u00f3n y se compone de una lista de siete s\u00edntomas y el paciente tiene que determinar si ha experimentado ese s\u00edntoma casi todos los d\u00edas, m\u00e1s de la mitad de los d\u00edas, varios d\u00edas o nunca. Entonces los s\u00edntomas son el sentimiento de estar nervioso y ansioso, no poder controlar la preocupaci\u00f3n, preocuparse demasiado por diferentes cosas, le da trabajo relajarse, no puede quedarse quieto, se irrita de cualquier cosa y sentir que algo terrible va a pasar como que tener ese sentimiento de miedo de que algo terrible va a pasar. Obviamente pues a mayor puntuaci\u00f3n o sea, la puntuaci\u00f3n del 0 al 3 y a mayor puntuaci\u00f3n de que el paciente haya sentido esos s\u00edntomas, depende de cu\u00e1ntos d\u00edas, es la severidad del desorden de ansiedad. Obviamente en estos momentos si nos dejamos llevar por este sistema de GAD-7, todos tenemos ansiedad porque obviamente las clases online es una cosa que nos ha afectado de una forma, ha sido de gran impacto en nuestra vida. Ahora yo, por ejemplo, yo me preocupo mucho m\u00e1s por las clases y siempre estoy pensando en eso. Estoy tomando clases y estoy en mi casa. Cuando las clases eran presenciales, de alguna forma uno puede dejar la universidad en la universidad. Yo la dejaba ir en naturales a menos que tuvieras ex\u00e1menes o alguna tarea obvio pero ahora no porque ahora las clases son en tu cuarto o sea d\u00f3nde mismo t\u00fa duermes y donde ves series estas cogiendo clases. Ya no hay una barrera que separa las dos cosas. Por lo menos mi salud mental ha deca\u00eddo este \u00faltimo a\u00f1o y me imagino que ustedes tambi\u00e9n pero no nos podemos dejar llevar por este sistema de scoring porque esto lo tiene que hacer un psic\u00f3logo. No es como que todos vamos a ir ahora y vamos a medir nuestras severidad de la ansiedad as\u00ed porque s\u00ed y ya nos autodiagnosticamos. Obviamente esto lo tiene que hacer un profesional. Otra forma de diagnosticar la ansiedad generalizada es con el DSM-5. Se determina el diagn\u00f3stico con la presencia de 3 de los 6 s\u00edntomas que se listan en el DSM-5 y que est\u00e9n presente durante los \u00faltimos seis meses en adultos. Ya en ni\u00f1os s\u00f3lo se requiere la presencia de uno de estos 6 s\u00edntomas. Los s\u00edntomas son inquietud, la persona se cansa f\u00e1cilmente, dificultad en concentrarse o la mente y\u00e9ndose en blanco, irritabilidad, tensi\u00f3n muscular y problemas al dormir. Ya pues si la persona adulta presenta tres de esos s\u00edntomas se le puede considerar como un diagn\u00f3stico de ansiedad generalizada. Pero repito, al igual que como con el GAD-7 estos criterios tienen que ser evaluados estrictamente por un profesional de la Salud Mental. Porque si nos ponemos a ver Pues todos nos sentimos todos nos identificamos con me imagino que casi todos los s\u00edntomas.&nbsp;<\/p>\n\n\n\n<p>En relaci\u00f3n a los efectos en la vida cotidiana voy a estar mencionando por lo menos 3 aspectos, que ser\u00e1n nutrici\u00f3n, econom\u00eda y efecto de sue\u00f1o.&nbsp;<\/p>\n\n\n\n<p>Empezamos con nutrici\u00f3n y hay estudios que demuestran que la ansiedad tiene comorbilidad con des\u00f3rdenes alimenticios. Usualmente antes del onset de alg\u00fan desorden alimenticio hay des\u00f3rdenes de ansiedad. O sea que realmente la ansiedad crea una vulnerabilidad a tener un desorden alimenticio. Sin embargo, al menos en mi caso, cuando a m\u00ed me dan episodios de ansiedad por alg\u00fan evento espec\u00edfico, cuando sucede yo literalmente yo lo siento en el est\u00f3mago, como que obviamente estoy inquieta y todo eso y estoy preocupada todo el tiempo pero se me refleja el est\u00f3mago, yo no puedo comer, se me quita el apetito y es una cosa extra\u00f1a. Cuando me pas\u00f3 eso bien fuerte fue el 2016 y yo ya obviamente pues estaba con mi con mi psic\u00f3logo y eso nunca se me diagnostico un desorden alimenticio pero como quiera que sea yo no estaba comiendo bien, o sea que como quiera que sea se afect\u00f3 mi nutrici\u00f3n porque no era que yo pues yo por la ansiedad pues tambi\u00e9n desarrolle bulimia o anorexia o binge eating disorder, nada de eso. Fue como que literalmente se me quita el apetito y si tengo hambre pero s\u00ed trato de comer lo voy a devolver. Qu\u00e9 pues aunque no se haya desarrollado espec\u00edficamente un desorden alimenticio, como quiera que sea este se vio afectada mi nutrici\u00f3n y yo estaba bien bien flaquita para ese tiempo.&nbsp;<\/p>\n<\/div>\n\n\n\n<div class=\"wp-block-column is-layout-flow wp-block-column-is-layout-flow\" style=\"flex-basis:25%\"><\/div>\n<\/div>\n","protected":false},"excerpt":{"rendered":"<p>Title: Generalized anxiety disorder By Nicole Mart\u00ednez Nicole Mart\u00ednez University of Puerto Rico, Rio Piedras CampusFaculty: Natural ScienceBaccalaureate: Molecular Cell BiologyYear: 6th Transcript (in spanish) Saludos y bienvenidos a mi post sobre el desorden de ansiedad generalizada.&nbsp; En este podcast voy a estar hablando sobre c\u00f3mo este desorden se fue caracterizando a trav\u00e9s de la &hellip; <\/p>\n<p class=\"link-more\"><a href=\"https:\/\/neuroid.uprrp.edu\/index.php\/podcast-33-nicole-martinez\/\" class=\"more-link\">Read more<span class=\"screen-reader-text\"> &#8220;Podcast 33&#8221;<\/span><\/a><\/p>\n","protected":false},"author":5,"featured_media":0,"parent":0,"menu_order":0,"comment_status":"closed","ping_status":"closed","template":"","meta":{"footnotes":""},"class_list":["post-6412","page","type-page","status-publish","hentry"],"rttpg_featured_image_url":null,"rttpg_author":{"display_name":"admin","author_link":"https:\/\/neuroid.uprrp.edu\/index.php\/author\/admin\/"},"rttpg_comment":0,"rttpg_category":null,"rttpg_excerpt":"Title: Generalized anxiety disorder By Nicole Mart\u00ednez Nicole Mart\u00ednez University of Puerto Rico, Rio Piedras CampusFaculty: Natural ScienceBaccalaureate: Molecular Cell BiologyYear: 6th Transcript (in spanish) Saludos y bienvenidos a mi post sobre el desorden de ansiedad generalizada.&nbsp; En este podcast voy a estar hablando sobre c\u00f3mo este desorden se fue caracterizando a trav\u00e9s de la&hellip;","_links":{"self":[{"href":"https:\/\/neuroid.uprrp.edu\/index.php\/wp-json\/wp\/v2\/pages\/6412","targetHints":{"allow":["GET"]}}],"collection":[{"href":"https:\/\/neuroid.uprrp.edu\/index.php\/wp-json\/wp\/v2\/pages"}],"about":[{"href":"https:\/\/neuroid.uprrp.edu\/index.php\/wp-json\/wp\/v2\/types\/page"}],"author":[{"embeddable":true,"href":"https:\/\/neuroid.uprrp.edu\/index.php\/wp-json\/wp\/v2\/users\/5"}],"replies":[{"embeddable":true,"href":"https:\/\/neuroid.uprrp.edu\/index.php\/wp-json\/wp\/v2\/comments?post=6412"}],"version-history":[{"count":1,"href":"https:\/\/neuroid.uprrp.edu\/index.php\/wp-json\/wp\/v2\/pages\/6412\/revisions"}],"predecessor-version":[{"id":6419,"href":"https:\/\/neuroid.uprrp.edu\/index.php\/wp-json\/wp\/v2\/pages\/6412\/revisions\/6419"}],"wp:attachment":[{"href":"https:\/\/neuroid.uprrp.edu\/index.php\/wp-json\/wp\/v2\/media?parent=6412"}],"curies":[{"name":"wp","href":"https:\/\/api.w.org\/{rel}","templated":true}]}}