{"id":6421,"date":"2021-09-09T10:15:56","date_gmt":"2021-09-09T14:15:56","guid":{"rendered":"https:\/\/neuroid.uprrp.edu\/?page_id=6421"},"modified":"2021-09-09T10:15:57","modified_gmt":"2021-09-09T14:15:57","slug":"podcast-34-sebastian-martinez","status":"publish","type":"page","link":"https:\/\/neuroid.uprrp.edu\/index.php\/podcast-34-sebastian-martinez\/","title":{"rendered":"Podcast 34"},"content":{"rendered":"\n<p style=\"font-size:clamp(15.747px, 0.984rem + ((1vw - 3.2px) * 0.73), 24px);px\">Title: &#8220;Esquizofrenia epidemiolog\u00eda, factores de riesgo y tratamientos&#8221;<\/p>\n\n\n\n<p>By Sebastian Mart\u00ednez<\/p>\n\n\n\n<div style=\"height:25px\" aria-hidden=\"true\" class=\"wp-block-spacer\"><\/div>\n\n\n\n<div class=\"wp-block-cover alignwide has-background-dim-30 has-neve-link-color-background-color has-background-dim has-custom-content-position is-position-center-left is-position-center-center\" style=\"min-height:250px;aspect-ratio:unset;\"><img fetchpriority=\"high\" decoding=\"async\" width=\"2000\" height=\"1125\" class=\"wp-block-cover__image-background wp-image-5743\" alt=\"\" src=\"https:\/\/neuroid.uprrp.edu\/wp-content\/uploads\/2021\/07\/Podcastbackground.png\" style=\"object-position:7% 61%\" data-object-fit=\"cover\" data-object-position=\"7% 61%\" srcset=\"https:\/\/neuroid.uprrp.edu\/wp-content\/uploads\/2021\/07\/Podcastbackground.png 2000w, https:\/\/neuroid.uprrp.edu\/wp-content\/uploads\/2021\/07\/Podcastbackground-300x169.png 300w, https:\/\/neuroid.uprrp.edu\/wp-content\/uploads\/2021\/07\/Podcastbackground-1024x576.png 1024w, https:\/\/neuroid.uprrp.edu\/wp-content\/uploads\/2021\/07\/Podcastbackground-768x432.png 768w, https:\/\/neuroid.uprrp.edu\/wp-content\/uploads\/2021\/07\/Podcastbackground-1536x864.png 1536w\" sizes=\"(max-width: 2000px) 100vw, 2000px\" \/><div class=\"wp-block-cover__inner-container is-layout-flow wp-block-cover-is-layout-flow\">\n<div style=\"height:17px\" aria-hidden=\"true\" class=\"wp-block-spacer\"><\/div>\n\n\n\n<div class=\"wp-block-columns is-layout-flex wp-container-core-columns-is-layout-28f84493 wp-block-columns-is-layout-flex\">\n<div class=\"wp-block-column is-layout-flow wp-block-column-is-layout-flow\" style=\"flex-basis:35%\">\n<div style=\"height:57px\" aria-hidden=\"true\" class=\"wp-block-spacer\"><\/div>\n\n\n\n<div class=\"wp-block-image\"><figure class=\"aligncenter size-large is-resized\"><img decoding=\"async\" src=\"https:\/\/neuroid.uprrp.edu\/wp-content\/uploads\/2021\/09\/Screen-Shot-2021-09-08-at-4.30.55-PM-edited.png\" alt=\"\" class=\"wp-image-6424\" width=\"285\" height=\"285\" srcset=\"https:\/\/neuroid.uprrp.edu\/wp-content\/uploads\/2021\/09\/Screen-Shot-2021-09-08-at-4.30.55-PM-edited.png 479w, https:\/\/neuroid.uprrp.edu\/wp-content\/uploads\/2021\/09\/Screen-Shot-2021-09-08-at-4.30.55-PM-edited-300x300.png 300w, https:\/\/neuroid.uprrp.edu\/wp-content\/uploads\/2021\/09\/Screen-Shot-2021-09-08-at-4.30.55-PM-edited-150x150.png 150w, https:\/\/neuroid.uprrp.edu\/wp-content\/uploads\/2021\/09\/Screen-Shot-2021-09-08-at-4.30.55-PM-edited-45x45.png 45w\" sizes=\"(max-width: 285px) 100vw, 285px\" \/><\/figure><\/div>\n<\/div>\n\n\n\n<div class=\"wp-block-column is-layout-flow wp-block-column-is-layout-flow\" style=\"flex-basis:50%\">\n<div style=\"height:89px\" aria-hidden=\"true\" class=\"wp-block-spacer\"><\/div>\n\n\n\n<p class=\"has-nv-dark-bg-color has-text-color\" style=\"font-size:clamp(20px, 1.25rem + ((1vw - 3.2px) * 1.062), 32px);px\">Esquizofrenia epidemiolog\u00eda,<\/p>\n\n\n\n<p class=\"has-nv-dark-bg-color has-text-color\" style=\"font-size:clamp(20px, 1.25rem + ((1vw - 3.2px) * 1.062), 32px);px\">factores de riesgo y tratamientos<\/p>\n\n\n\n<div style=\"height:25px\" aria-hidden=\"true\" class=\"wp-block-spacer\"><\/div>\n\n\n\n<p class=\"has-nv-dark-bg-color has-text-color\" style=\"font-size:clamp(14px, 0.875rem + ((1vw - 3.2px) * 0.088), 15px);px\"><em>La esquizofrenia tiene un efecto incre\u00edble en las personas que la poseen y causa muchos cambios neurobiol\u00f3gicos&#8230;<\/em><\/p>\n\n\n\n<div style=\"height:21px\" aria-hidden=\"true\" class=\"wp-block-spacer\"><\/div>\n\n\n\n<figure class=\"wp-block-audio\"><audio controls src=\"https:\/\/d3ctxlq1ktw2nl.cloudfront.net\/staging\/2021-8-9\/a3f45567-d4be-e9c2-6024-fb6d2178f570.wav\"><\/audio><\/figure>\n\n\n\n<div style=\"height:19px\" aria-hidden=\"true\" class=\"wp-block-spacer\"><\/div>\n\n\n\n<div class=\"wp-block-columns are-vertically-aligned-top is-layout-flex wp-container-core-columns-is-layout-28f84493 wp-block-columns-is-layout-flex\">\n<div class=\"wp-block-column is-vertically-aligned-top is-layout-flow wp-block-column-is-layout-flow\">\n<div class=\"wp-block-buttons is-layout-flex wp-block-buttons-is-layout-flex\">\n<div class=\"wp-block-button\"><a class=\"wp-block-button__link has-neve-link-color-background-color has-background\" href=\"https:\/\/anchor.fm\/neuro-id-podcasts\/episodes\/Podcast-Esquizofrenia-epidemiologa--factores-de-riesgo-y-tratamientos-e174kd9\" style=\"border-radius:50px\" target=\"_blank\" rel=\"noreferrer noopener\">Podcast audio<\/a><\/div>\n<\/div>\n<\/div>\n<\/div>\n<\/div>\n<\/div>\n<\/div><\/div>\n\n\n\n<div style=\"height:30px\" aria-hidden=\"true\" class=\"wp-block-spacer\"><\/div>\n\n\n\n<div class=\"wp-block-file aligncenter\"><a href=\"https:\/\/neuroid.uprrp.edu\/wp-content\/uploads\/2021\/09\/presentacion-esquizofrenia.pptx.pdf\" target=\"_blank\" rel=\"noreferrer noopener\">Esquizofrenia<\/a><a href=\"https:\/\/neuroid.uprrp.edu\/wp-content\/uploads\/2021\/09\/presentacion-esquizofrenia.pptx.pdf\" class=\"wp-block-file__button\" download>OPEN PRESENTATION<\/a><\/div>\n\n\n\n<div style=\"height:47px\" aria-hidden=\"true\" class=\"wp-block-spacer\"><\/div>\n\n\n\n<hr class=\"wp-block-separator\"\/>\n\n\n\n<div style=\"height:37px\" aria-hidden=\"true\" class=\"wp-block-spacer\"><\/div>\n\n\n\n<div class=\"wp-block-columns is-layout-flex wp-container-core-columns-is-layout-28f84493 wp-block-columns-is-layout-flex\">\n<div class=\"wp-block-column is-layout-flow wp-block-column-is-layout-flow\" style=\"flex-basis:15%\"><\/div>\n\n\n\n<div class=\"wp-block-column is-layout-flow wp-block-column-is-layout-flow\">\n<div class=\"wp-block-columns is-layout-flex wp-container-core-columns-is-layout-28f84493 wp-block-columns-is-layout-flex\">\n<div class=\"wp-block-column is-layout-flow wp-block-column-is-layout-flow\">\n<div class=\"wp-block-image\"><figure class=\"alignright size-large is-resized\"><img decoding=\"async\" src=\"https:\/\/neuroid.uprrp.edu\/wp-content\/uploads\/2021\/09\/Screen-Shot-2021-09-08-at-4.26.59-PM.png\" alt=\"\" class=\"wp-image-6422\" width=\"300\" height=\"300\" srcset=\"https:\/\/neuroid.uprrp.edu\/wp-content\/uploads\/2021\/09\/Screen-Shot-2021-09-08-at-4.26.59-PM.png 318w, https:\/\/neuroid.uprrp.edu\/wp-content\/uploads\/2021\/09\/Screen-Shot-2021-09-08-at-4.26.59-PM-300x300.png 300w, https:\/\/neuroid.uprrp.edu\/wp-content\/uploads\/2021\/09\/Screen-Shot-2021-09-08-at-4.26.59-PM-150x150.png 150w, https:\/\/neuroid.uprrp.edu\/wp-content\/uploads\/2021\/09\/Screen-Shot-2021-09-08-at-4.26.59-PM-45x45.png 45w\" sizes=\"(max-width: 300px) 100vw, 300px\" \/><\/figure><\/div>\n<\/div>\n\n\n\n<div class=\"wp-block-column is-vertically-aligned-center is-layout-flow wp-block-column-is-layout-flow\">\n<p class=\"has-medium-font-size\">Sebastian Mart\u00ednez Carri\u00f3n<\/p>\n\n\n\n<p>University of Puerto Rico, Rio Piedras Campus<br>Faculty: Natural Science<br>Baccalaureate: Molecular Cell Biology<br>Year: 4th<\/p>\n<\/div>\n<\/div>\n<\/div>\n\n\n\n<div class=\"wp-block-column is-layout-flow wp-block-column-is-layout-flow\" style=\"flex-basis:15%\"><\/div>\n<\/div>\n\n\n\n<hr class=\"wp-block-separator\"\/>\n\n\n\n<div style=\"height:51px\" aria-hidden=\"true\" class=\"wp-block-spacer\"><\/div>\n\n\n\n<div class=\"wp-block-columns is-layout-flex wp-container-core-columns-is-layout-28f84493 wp-block-columns-is-layout-flex\">\n<div class=\"wp-block-column is-layout-flow wp-block-column-is-layout-flow\" style=\"flex-basis:25%\"><\/div>\n\n\n\n<div class=\"wp-block-column is-layout-flow wp-block-column-is-layout-flow\" style=\"flex-basis:50%\">\n<h1 class=\"wp-block-heading\" style=\"font-size:clamp(17.905px, 1.119rem + ((1vw - 3.2px) * 0.893), 28px);px\">Transcript (in spanish)<\/h1>\n\n\n\n<p>Saludos,&nbsp;Mi nombre es Sebasti\u00e1n Mart\u00ednez Carri\u00f3n y hoy estar\u00e9 hablando sobre la esquizofrenia con un \u00e9nfasis en (la epidemiolog\u00eda, los factores de riesgo y algunos tratamientos).&nbsp;&nbsp;<\/p>\n\n\n\n<p>La esquizofrenia es un desorden mental que afecta la capacidad de una persona en pensar, sentir, y comportarse de manera adecuada.&nbsp; Este desorden mental es uno que afecta a muchas personas mundialmente, pero es criticado por aquellas personas que no la conocen a su capacidad total. La esquizofrenia tiene un efecto incre\u00edble en las personas que la poseen y causa muchos cambios neurobiol\u00f3gicos.&nbsp; Tambi\u00e9n, hay que considerar que no todo caso es igual y hay muchos tipos de esquizofrenia.&nbsp; El origen o causa de este desorden mental no se sabe con exactitud, pero dice estar ligado a efectos ambientales y gen\u00e9ticos.&nbsp; Para poder ser diagnosticado con este desorden, el DSM-5 especifica que la persona debe mostrar al menos 2 de los siguientes s\u00edntomas la mayor cantidad del tiempo por un mes como son alucinaciones, delirios, habla y comportamiento desorganizado, comportamiento catat\u00f3nico, y\/o comportamiento bizarro o hiperactivo.&nbsp; Algunos pasos que toman los psiquiatras que trabajan con estos pacientes es hacerle examinaciones de sangre y orina para asegurarse que los s\u00edntomas no sean a causa de un abuso de alcohol o drogas.&nbsp; Tambi\u00e9n, se le lleva a cabo MRI\u2019s y CT scans para poder eliminar otras posibilidades como son los tumores cerebrales.&nbsp;<\/p>\n\n\n\n<p>Por otro lado, se conoce que hay 5 tipos de esquizofrenia diferentes que son: paranoide, desorganizado, catat\u00f3nica, no diferenciado y residual.&nbsp; La esquizofrenia paranoide se caracteriza por escuchar voces que persigue a dichos pacientes.&nbsp; Estos pacientes con esquizofrenia paranoide tambi\u00e9n pueden tener alucinaciones visuales, pero mayormente escuchan voces. La esquizofrenia desorganizada es aquella que demuestra una conducta err\u00e1tica, no tiene l\u00f3gica y lo que hablan los pacientes no tiene sentido.&nbsp; La esquizofrenia catat\u00f3nica se caracteriza por tener movimiento muy limitado, su movimiento puede ser como el de un robot, son muy tercos y tienen pensamientos negativos. Adem\u00e1s, la esquizofrenia residual se caracteriza por mantener los s\u00edntomas negativos que est\u00e1n asociados al aislamiento social y el \u00e1nimo en 0.&nbsp; Los s\u00edntomas positivos de la esquizofrenia residual disminuyen de tal manera que solo se ven los negativos. Por \u00faltimo, la esquizofrenia no diferenciada es aquella que posee una mezcla entre el desorganizado y el catat\u00f3nico.&nbsp;&nbsp;<\/p>\n\n\n\n<p>Algo muy importante que hay tomar que en consideraci\u00f3n es que, sin un tratamiento, los pacientes con esquizofrenia podr\u00edan sufrir de: ansiedad y miedo incontrolable, incapacidad de mantener u obtener un trabajo, uso de sustancia o adicci\u00f3n, comportamiento peligroso con la capacidad de hacerse da\u00f1o a s\u00ed mismo, pensamientos suicidas, aislamiento social, problemas en relaciones con otros, y paranoia que los consume a diario.&nbsp;&nbsp;&nbsp;<\/p>\n\n\n\n<p>Adem\u00e1s, los pacientes esquizofr\u00e9nicos tambi\u00e9n tienen cambios neurobiol\u00f3gicos que son caracter\u00edsticos para esta condici\u00f3n.&nbsp; Estos pacientes padecen de una reducci\u00f3n de volumen de materia gris del temporal medial, temporal superior, y \u00e1reas prefrontales. Mas especifico, podemos encontrar alteraciones en estos pacientes, como el agrandamiento de los ventr\u00edculos laterales y ventr\u00edculo tercero, y la reducci\u00f3n de volumen en un numero de estructuras, incluyendo el hipocampo, am\u00edgdala, y la corteza frontal y temporal.&nbsp;<\/p>\n\n\n\n<p>Bajo el aspecto epidemiol\u00f3gico, encontramos que la esquizofrenia es una enfermedad que usualmente est\u00e1 distribuida en la sociedad no equitativamente.&nbsp; Este desorden mental es m\u00e1s prevalente en grupos socioecon\u00f3micos m\u00e1s bajos. Tambi\u00e9n se dice que los hombres tienen un riesgo mayor de padecer de esta condici\u00f3n en comparaci\u00f3n a las mujeres.&nbsp; Esto dicho, se ha encontrado que la raz\u00f3n en la distribuci\u00f3n de esta condici\u00f3n entre los hombres y las mujeres es de 1.4 a 1 (1.4:1).&nbsp; En general, la prevalencia de toda la vida para esquizofrenia est\u00e1 en el rango entre 0.14 a 0.46% mundialmente, aunque en pa\u00edses europeos este porcentaje es un poco m\u00e1s elevado. Por otro lado, la incidencia de esquizofrenia mundialmente va desde 7.7 hasta 43 en una poblaci\u00f3n de 100,000 habitantes.&nbsp; Tambi\u00e9n, con respecto a la mortalidad, se dice que hay una brecha amplia entre la salud de personas con esquizofrenia y aquellos que no tienen este desorden.&nbsp; La esquizofrenia est\u00e1 relacionada a una disminuci\u00f3n en expectativa de vida.&nbsp; Una persona que padece de esta condici\u00f3n tiene aproximadamente una expectativa de vida de 15 a\u00f1os menos que la poblaci\u00f3n general y un riesgo a muerte por suicidio de un 5 a 10%.&nbsp;&nbsp;<\/p>\n\n\n\n<p>A pesar de que las causas para la esquizofrenia todav\u00eda siguen siendo desconocidas, estudios gen\u00e9ticos y epidemiol\u00f3gicos han revelado numerosos factores de riesgo gen\u00e9ticos y ambientales. Cuando nos enfocamos en el ambiente, podemos ver que hay una serie de factores ambientales como la urbanidad, migraci\u00f3n, uso de cannabis, situaciones traum\u00e1ticas en la ni\u00f1ez, agentes infecciosos, complicaciones obst\u00e9tricas y factores psicosociales son aquellos que est\u00e1n asociados al riesgo de desarrollar esquizofrenia.&nbsp; Seg\u00fan un estudio, se dice que la esquizofrenia usualmente afecta a personas que nacen a fin de invierno y principios de primavera. Tambi\u00e9n, se dice que personas nacidas en \u00e1reas urbanas tienen dos veces el riesgo de desarrollar este desorden mental.&nbsp; Mientras m\u00e1s alta sea la densidad de la poblaci\u00f3n, m\u00e1s alto es el riesgo de obtener esquizofrenia.&nbsp; Se asume que el estilo de vida urbano como el estr\u00e9s, el exceso de ruido, contaminaci\u00f3n, crimen y la disponibilidad de drogas ilegales y otros factores negativos pueden contribuir al desarrollo de esta condici\u00f3n.&nbsp; Adem\u00e1s, la exposici\u00f3n al sol puede ser un factor perjudicial que causa esquizofrenia.&nbsp; Los rayos del sol proveen al humano con el 90% de la vitamina D necesaria.&nbsp; En mujeres embarazadas, una falta de la vitamina puede resultar en insuficiencia en el factor de crecimiento del feto, teniendo un impacto negativo en el desarrollo del cerebro.&nbsp; Ambas bajas y altas concentraciones de vitamina D neonatal est\u00e1n asociadas con un aumento en riesgo de esquizofrenia.&nbsp; En adici\u00f3n, complicaciones en el embarazo y nacimiento parecen ser un factor de riesgo significativo para el desarrollo de esquizofrenia.&nbsp;<\/p>\n\n\n\n<p>Tambi\u00e9n, una infecci\u00f3n con el virus de la influenza durante el embarazo es un factor de riesgo conocido para abnormalidades del neurodesarrollo de los hijos y aumenta el riesgo de esquizofrenia.&nbsp; Adem\u00e1s, exponerse a sarampi\u00f3n temprano en el desarrollo prenatal puede ser un riesgo para el desarrollo de psicosis y esquizofrenia en la adultez.&nbsp;&nbsp;<\/p>\n\n\n\n<p>El abuso de drogas es una de las complicaciones m\u00e1s frecuentes de condiciones psic\u00f3ticas. Estas drogas incluyen LSD, metanfetamina, coca\u00edna, opioides, alcohol, tabaco, y cannabis. Las sustancias m\u00e1s abusadas es el cannabis, alcohol y tabaco.&nbsp; Se dice que el uso de cannabis en adolescentes es asociado con un aumento en el riesgo de desarrollar esquizofrenia.&nbsp; Por otro lado, muchos pacientes esquizofr\u00e9nicos crean dependencia con el tabaco.&nbsp; Los qu\u00edmicos del tabaco son capaces de suprimir numerosos s\u00edntomas que acompa\u00f1an la esquizofrenia.&nbsp; Impresionantemente y como dato curioso, la nicotina mejora la atenci\u00f3n, el procesamiento de informaci\u00f3n y la memoria del paciente esquizofr\u00e9nico.&nbsp;&nbsp;<\/p>\n\n\n\n<p>Otro factor de riesgo sumamente importante es el estr\u00e9s.&nbsp; El cuerpo humano est\u00e1 preparado para combatir el estr\u00e9s a corto plazo, pero una vez este se extiende, podr\u00eda causar da\u00f1os severos a la salud mental.&nbsp; Estos factores de estr\u00e9s incluyen trauma en la ni\u00f1ez, lesiones en la cabeza, muerte de un familiar y un ambiente familiar negativo. Se reporta que individuos nacidos de madres con un nivel de estr\u00e9s elevado durante el primer trimestre de su embarazo podr\u00eda tener probabilidad de desarrollar esquizofrenia.&nbsp; Se dice que el estr\u00e9s empeora el nivel de esquizofrenia aumentando la producci\u00f3n de cortisol, que causa un da\u00f1o en el hipocampo.&nbsp; Estudios sugieren que pacientes afectados por esquizofrenia tienen una disminuci\u00f3n del volumen de hipocampo y esto es a causa de la alta producci\u00f3n de cortisol.&nbsp;&nbsp;<\/p>\n\n\n\n<p>Por otro lado, la gen\u00e9tica puede ser un factor de riesgo sumamente importante para determinar si una persona podr\u00eda padecer de este desorden mental en el futuro.&nbsp; Se ha reportado que la heritabilidad de esquizofrenia puede llegar hasta a un 80%.&nbsp; Si un padre sufre de la condici\u00f3n, la probabilidad de que esto sea pasado hacia su descendencia es de 13%.&nbsp; Si la condici\u00f3n est\u00e1 presente en ambos padres, la probabilidad de padecer de esta condici\u00f3n aumenta a m\u00e1s de 20%.&nbsp; Pero otro caso, si esquizofrenia se desarrolla en un gemelo monocigotico, hay m\u00e1s de 50% de probabilidad de que el otro hijo gemelo padezca de la condici\u00f3n tambi\u00e9n.&nbsp;<\/p>\n\n\n\n<p>Por \u00faltimo, se conoce muy poco sobre la causa de la esquizofrenia y es por esto que el tratamiento, que en este caso ser\u00eda el uso de drogas antipsic\u00f3ticas, se enfoca mayormente en reducir los s\u00edntomas de la enfermedad.&nbsp; En t\u00e9rminos de farmacolog\u00eda, estas drogas en realidad on antagonistas de receptores de dopamina, aunque tambi\u00e9n tienen afinidad para receptores de serotonina y esto podr\u00eda tener un impacto en la eficacia cl\u00ednica.&nbsp; En general, el prop\u00f3sito del tratamiento es reducir el sufrimiento del paciente y mejorar el funcionamiento cognitivo y el \u00e1rea social.&nbsp; En muchos casos, tratamiento de por vida con drogas antipsic\u00f3ticas es necesario para poder disminuir el sufrimiento de los pacientes.&nbsp; El efecto que tienen estas drogas es mucho menor en s\u00edntomas negativos, que usualmente incluye el retiro social y la apat\u00eda.&nbsp; Por lo general, los pacientes sufriendo por esquizofrenia aguda usualmente responden mejor a tratamientos que aquellos con s\u00edntomas de enfermedades cr\u00f3nicas.&nbsp; El antagonismo de receptores dopaminergicos localizados en la ruta mesolimibica se cree que puede reducir los s\u00edntomas positivos de esquizofrenia.&nbsp; El aspecto negativo de utilizar drogas antipsic\u00f3ticas es que estas no distinguen entre receptores de dopamina de diferentes \u00e1reas del cerebro y pueden bloquear receptores de dopamina en otras \u00e1reas del sistema nervioso central.&nbsp; Como resultado de este efecto, drogas antipsic\u00f3ticas causan efectos motores no deseados, aumento en la secreci\u00f3n de prolactina, disminuci\u00f3n de placer, y empeoran los s\u00edntomas negativos de la condici\u00f3n.&nbsp;&nbsp;<\/p>\n\n\n\n<p>En conclusi\u00f3n, la esquizofrenia es un problema serio que vemos en nuestra sociedad y hay que prestarle atenci\u00f3n.&nbsp; La poblaci\u00f3n mundial debe saber la causa del desorden mental y tratar de evitar cualquier tipo de riesgo ambiental para no padecer de esta condici\u00f3n.&nbsp; Con el tiempo se ha visto las innovaciones que han ocurrido para poder tratar a las personas esquizofr\u00e9nicas, pero todav\u00eda hay espacio para el mejoramiento.&nbsp; Actualmente, no tenemos un medicamento que evite la condici\u00f3n completamente, pero se han hallado formas para ayudar combatir algunos de los s\u00edntomas caracter\u00edsticos del desorden mental.<\/p>\n\n\n\n<p>.&nbsp;<\/p>\n<\/div>\n\n\n\n<div class=\"wp-block-column is-layout-flow wp-block-column-is-layout-flow\" style=\"flex-basis:25%\"><\/div>\n<\/div>\n\n\n\n<p><\/p>\n","protected":false},"excerpt":{"rendered":"<p>Title: &#8220;Esquizofrenia epidemiolog\u00eda, factores de riesgo y tratamientos&#8221; By Sebastian Mart\u00ednez Sebastian Mart\u00ednez Carri\u00f3n University of Puerto Rico, Rio Piedras CampusFaculty: Natural ScienceBaccalaureate: Molecular Cell BiologyYear: 4th Transcript (in spanish) Saludos,&nbsp;Mi nombre es Sebasti\u00e1n Mart\u00ednez Carri\u00f3n y hoy estar\u00e9 hablando sobre la esquizofrenia con un \u00e9nfasis en (la epidemiolog\u00eda, los factores de riesgo y algunos &hellip; <\/p>\n<p class=\"link-more\"><a href=\"https:\/\/neuroid.uprrp.edu\/index.php\/podcast-34-sebastian-martinez\/\" class=\"more-link\">Read more<span class=\"screen-reader-text\"> &#8220;Podcast 34&#8221;<\/span><\/a><\/p>\n","protected":false},"author":2,"featured_media":0,"parent":0,"menu_order":0,"comment_status":"closed","ping_status":"closed","template":"","meta":{"footnotes":""},"class_list":["post-6421","page","type-page","status-publish","hentry"],"rttpg_featured_image_url":null,"rttpg_author":{"display_name":"NeuroID Program","author_link":"https:\/\/neuroid.uprrp.edu\/index.php\/author\/neuroid\/"},"rttpg_comment":0,"rttpg_category":null,"rttpg_excerpt":"Title: &#8220;Esquizofrenia epidemiolog\u00eda, factores de riesgo y tratamientos&#8221; By Sebastian Mart\u00ednez Sebastian Mart\u00ednez Carri\u00f3n University of Puerto Rico, Rio Piedras CampusFaculty: Natural ScienceBaccalaureate: Molecular Cell BiologyYear: 4th Transcript (in spanish) Saludos,&nbsp;Mi nombre es Sebasti\u00e1n Mart\u00ednez Carri\u00f3n y hoy estar\u00e9 hablando sobre la esquizofrenia con un \u00e9nfasis en (la epidemiolog\u00eda, los factores de riesgo y algunos&hellip;","_links":{"self":[{"href":"https:\/\/neuroid.uprrp.edu\/index.php\/wp-json\/wp\/v2\/pages\/6421","targetHints":{"allow":["GET"]}}],"collection":[{"href":"https:\/\/neuroid.uprrp.edu\/index.php\/wp-json\/wp\/v2\/pages"}],"about":[{"href":"https:\/\/neuroid.uprrp.edu\/index.php\/wp-json\/wp\/v2\/types\/page"}],"author":[{"embeddable":true,"href":"https:\/\/neuroid.uprrp.edu\/index.php\/wp-json\/wp\/v2\/users\/2"}],"replies":[{"embeddable":true,"href":"https:\/\/neuroid.uprrp.edu\/index.php\/wp-json\/wp\/v2\/comments?post=6421"}],"version-history":[{"count":3,"href":"https:\/\/neuroid.uprrp.edu\/index.php\/wp-json\/wp\/v2\/pages\/6421\/revisions"}],"predecessor-version":[{"id":6429,"href":"https:\/\/neuroid.uprrp.edu\/index.php\/wp-json\/wp\/v2\/pages\/6421\/revisions\/6429"}],"wp:attachment":[{"href":"https:\/\/neuroid.uprrp.edu\/index.php\/wp-json\/wp\/v2\/media?parent=6421"}],"curies":[{"name":"wp","href":"https:\/\/api.w.org\/{rel}","templated":true}]}}