{"id":740,"date":"2015-10-22T15:08:09","date_gmt":"2015-10-22T15:08:09","guid":{"rendered":"http:\/\/neuroid.uprrp.edu\/wp\/?page_id=740"},"modified":"2023-10-19T16:16:24","modified_gmt":"2023-10-19T20:16:24","slug":"class-2013-2015","status":"publish","type":"page","link":"https:\/\/neuroid.uprrp.edu\/index.php\/members\/students\/class-2013-2015\/","title":{"rendered":"Class 2013"},"content":{"rendered":"\n<div class=\"wp-block-group alignwide is-layout-flow wp-block-group-is-layout-flow\">\n<div class=\"wp-block-columns alignwide is-layout-flex wp-container-core-columns-is-layout-28f84493 wp-block-columns-is-layout-flex\">\n<div class=\"wp-block-column is-layout-flow wp-block-column-is-layout-flow\">\n<h3 class=\"wp-block-heading\">Claudia I. L\u00f3pez Lloreda<\/h3>\n\n\n\n<p>University of Puerto Rico, R\u00edo Piedras Campus<br>College of Natural Sciences<br>Cellular and Molecular Biology<\/p>\n\n\n\n<h3 class=\"wp-block-heading\">Yvis del Mar Ortiz V\u00e9lez<\/h3>\n\n\n\n<p>Universidad Interamericana, Bayam\u00f3n Campus<br>College of Natural Sciences<br>Biology<\/p>\n<\/div>\n\n\n\n<div class=\"wp-block-column is-layout-flow wp-block-column-is-layout-flow\">\n<h3 class=\"wp-block-heading\">Pablo A. Pag\u00e1n Rivera<\/h3>\n\n\n\n<p>Universidad del Sagrado Coraz\u00f3n<br>Interdisciplinary College of Humanistic and Social Studies<br>Phycology &amp; Education en Natural Sciences<\/p>\n\n\n\n<h3 class=\"wp-block-heading\">Stephanie Ortiz Domenech<\/h3>\n\n\n\n<p>University of Puerto Rico, R\u00edo Piedras Campus<br>College of&nbsp;Social Science<br>Phycology<\/p>\n<\/div>\n\n\n\n<div class=\"wp-block-column is-layout-flow wp-block-column-is-layout-flow\">\n<h3 class=\"wp-block-heading\">Rosana Pag\u00e1n Alem\u00e1n<\/h3>\n\n\n\n<p>University of Puerto Rico, R\u00edo Piedras Campus<br>College of&nbsp;Social Science<br>Phycology<\/p>\n\n\n\n<h3 class=\"wp-block-heading\">Karina V. Torres Tristani<\/h3>\n\n\n\n<p>University of Puerto Rico, R\u00edo Piedras Campus<br>College of Natural Sciences<br>Cellular and Molecular Biology<\/p>\n<\/div>\n<\/div>\n<\/div>\n\n\n\n<div style=\"height:100px\" aria-hidden=\"true\" class=\"wp-block-spacer\"><\/div>\n","protected":false},"excerpt":{"rendered":"<p>Claudia I. L\u00f3pez Lloreda University of Puerto Rico, R\u00edo Piedras CampusCollege of Natural SciencesCellular and Molecular Biology Yvis del Mar Ortiz V\u00e9lez Universidad Interamericana, Bayam\u00f3n CampusCollege of Natural SciencesBiology Pablo A. Pag\u00e1n Rivera Universidad del Sagrado Coraz\u00f3nInterdisciplinary College of Humanistic and Social StudiesPhycology &amp; Education en Natural Sciences Stephanie Ortiz Domenech University of Puerto Rico, &hellip; <\/p>\n<p class=\"link-more\"><a href=\"https:\/\/neuroid.uprrp.edu\/index.php\/members\/students\/class-2013-2015\/\" class=\"more-link\">Read more<span class=\"screen-reader-text\"> &#8220;Class 2013&#8221;<\/span><\/a><\/p>\n","protected":false},"author":2,"featured_media":0,"parent":259,"menu_order":0,"comment_status":"closed","ping_status":"closed","template":"","meta":{"footnotes":""},"class_list":["post-740","page","type-page","status-publish","hentry"],"rttpg_featured_image_url":null,"rttpg_author":{"display_name":"NeuroID Program","author_link":"https:\/\/neuroid.uprrp.edu\/index.php\/author\/neuroid\/"},"rttpg_comment":0,"rttpg_category":null,"rttpg_excerpt":"Claudia I. L\u00f3pez Lloreda University of Puerto Rico, R\u00edo Piedras CampusCollege of Natural SciencesCellular and Molecular Biology Yvis del Mar Ortiz V\u00e9lez Universidad Interamericana, Bayam\u00f3n CampusCollege of Natural SciencesBiology Pablo A. Pag\u00e1n Rivera Universidad del Sagrado Coraz\u00f3nInterdisciplinary College of Humanistic and Social StudiesPhycology &amp; Education en Natural Sciences Stephanie Ortiz Domenech University of Puerto Rico,&hellip;","_links":{"self":[{"href":"https:\/\/neuroid.uprrp.edu\/index.php\/wp-json\/wp\/v2\/pages\/740","targetHints":{"allow":["GET"]}}],"collection":[{"href":"https:\/\/neuroid.uprrp.edu\/index.php\/wp-json\/wp\/v2\/pages"}],"about":[{"href":"https:\/\/neuroid.uprrp.edu\/index.php\/wp-json\/wp\/v2\/types\/page"}],"author":[{"embeddable":true,"href":"https:\/\/neuroid.uprrp.edu\/index.php\/wp-json\/wp\/v2\/users\/2"}],"replies":[{"embeddable":true,"href":"https:\/\/neuroid.uprrp.edu\/index.php\/wp-json\/wp\/v2\/comments?post=740"}],"version-history":[{"count":21,"href":"https:\/\/neuroid.uprrp.edu\/index.php\/wp-json\/wp\/v2\/pages\/740\/revisions"}],"predecessor-version":[{"id":9015,"href":"https:\/\/neuroid.uprrp.edu\/index.php\/wp-json\/wp\/v2\/pages\/740\/revisions\/9015"}],"up":[{"embeddable":true,"href":"https:\/\/neuroid.uprrp.edu\/index.php\/wp-json\/wp\/v2\/pages\/259"}],"wp:attachment":[{"href":"https:\/\/neuroid.uprrp.edu\/index.php\/wp-json\/wp\/v2\/media?parent=740"}],"curies":[{"name":"wp","href":"https:\/\/api.w.org\/{rel}","templated":true}]}}