{"id":755,"date":"2015-10-23T14:09:09","date_gmt":"2015-10-23T14:09:09","guid":{"rendered":"http:\/\/neuroid.uprrp.edu\/wp\/?page_id=755"},"modified":"2023-10-19T16:16:40","modified_gmt":"2023-10-19T20:16:40","slug":"class-2012-2014","status":"publish","type":"page","link":"https:\/\/neuroid.uprrp.edu\/index.php\/members\/students\/class-2012-2014\/","title":{"rendered":"Class 2012"},"content":{"rendered":"\n<figure class=\"wp-block-image aligncenter size-large\"><img fetchpriority=\"high\" decoding=\"async\" width=\"1024\" height=\"428\" src=\"https:\/\/neuroid.uprrp.edu\/wp-content\/uploads\/2015\/10\/201207_neuroid_class-1024x428.jpg\" alt=\"\" class=\"wp-image-651\" srcset=\"https:\/\/neuroid.uprrp.edu\/wp-content\/uploads\/2015\/10\/201207_neuroid_class-1024x428.jpg 1024w, https:\/\/neuroid.uprrp.edu\/wp-content\/uploads\/2015\/10\/201207_neuroid_class-300x125.jpg 300w, https:\/\/neuroid.uprrp.edu\/wp-content\/uploads\/2015\/10\/201207_neuroid_class.jpg 1033w\" sizes=\"(max-width: 1024px) 100vw, 1024px\" \/><\/figure>\n\n\n\n<div style=\"height:11px\" aria-hidden=\"true\" class=\"wp-block-spacer\"><\/div>\n\n\n\n<div class=\"wp-block-columns is-layout-flex wp-container-core-columns-is-layout-28f84493 wp-block-columns-is-layout-flex\">\n<div class=\"wp-block-column is-layout-flow wp-block-column-is-layout-flow\">\n<div class=\"wp-block-columns is-layout-flex wp-container-core-columns-is-layout-28f84493 wp-block-columns-is-layout-flex\">\n<div class=\"wp-block-column is-layout-flow wp-block-column-is-layout-flow\">\n<h3 class=\"wp-block-heading has-text-align-left\">Ioannisely Berrios Torres<\/h3>\n\n\n\n<p>University of Puerto Rico, R\u00edo Piedras Campus<br>College of&nbsp;Social Science<br>Phycology<\/p>\n<\/div>\n\n\n\n<div class=\"wp-block-column is-layout-flow wp-block-column-is-layout-flow\">\n<h3 class=\"wp-block-heading\" id=\"block-4ebf5ee4-7f0a-44c6-9218-830f35cf35d3\">Rigo G. Cintr\u00f3n Col\u00f3n<\/h3>\n\n\n\n<p>Universidad del Sagrado Coraz\u00f3n<br>College of Natural Sciences<br>General Natural Sciences<\/p>\n<\/div>\n\n\n\n<div class=\"wp-block-column is-layout-flow wp-block-column-is-layout-flow\">\n<h3 class=\"wp-block-heading has-text-align-left\">M\u00f3nica Qui\u00f1ones Fri\u00e1s<\/h3>\n\n\n\n<p>University of Puerto Rico, R\u00edo Piedras Campus<br>College of Natural Sciences<br>Cellular and Molecular Biology<\/p>\n<\/div>\n<\/div>\n\n\n\n<div class=\"wp-block-columns is-layout-flex wp-container-core-columns-is-layout-28f84493 wp-block-columns-is-layout-flex\">\n<div class=\"wp-block-column is-layout-flow wp-block-column-is-layout-flow\">\n<h3 class=\"wp-block-heading has-text-align-left\">Stephanie Santiago Mej\u00edas<\/h3>\n\n\n\n<p>University of Puerto Rico, R\u00edo Piedras Campus<br>College of&nbsp;Social Science<br>Phycology<\/p>\n<\/div>\n\n\n\n<div class=\"wp-block-column is-layout-flow wp-block-column-is-layout-flow\">\n<h3 class=\"wp-block-heading has-text-align-left\">Celimar Negr\u00f3n Morales<\/h3>\n\n\n\n<p>Universidad Interamericana, Bayam\u00f3n Campus<br>College of&nbsp;Natural Sciences<br>Biotechnology<\/p>\n<\/div>\n\n\n\n<div class=\"wp-block-column is-layout-flow wp-block-column-is-layout-flow\">\n<h3 class=\"wp-block-heading has-text-align-left\">Alma R. C\u00e1tala Valent\u00edn<\/h3>\n\n\n\n<p>University of Puerto Rico, R\u00edo Piedras Campus<br>College of Natural Sciences<br>Cellular and Molecular Biology<\/p>\n<\/div>\n<\/div>\n<\/div>\n<\/div>\n\n\n\n<div style=\"height:45px\" aria-hidden=\"true\" class=\"wp-block-spacer\"><\/div>\n","protected":false},"excerpt":{"rendered":"<p>Ioannisely Berrios Torres University of Puerto Rico, R\u00edo Piedras CampusCollege of&nbsp;Social SciencePhycology Rigo G. Cintr\u00f3n Col\u00f3n Universidad del Sagrado Coraz\u00f3nCollege of Natural SciencesGeneral Natural Sciences M\u00f3nica Qui\u00f1ones Fri\u00e1s University of Puerto Rico, R\u00edo Piedras CampusCollege of Natural SciencesCellular and Molecular Biology Stephanie Santiago Mej\u00edas University of Puerto Rico, R\u00edo Piedras CampusCollege of&nbsp;Social SciencePhycology Celimar Negr\u00f3n &hellip; <\/p>\n<p class=\"link-more\"><a href=\"https:\/\/neuroid.uprrp.edu\/index.php\/members\/students\/class-2012-2014\/\" class=\"more-link\">Read more<span class=\"screen-reader-text\"> &#8220;Class 2012&#8221;<\/span><\/a><\/p>\n","protected":false},"author":2,"featured_media":0,"parent":259,"menu_order":0,"comment_status":"closed","ping_status":"closed","template":"","meta":{"footnotes":""},"class_list":["post-755","page","type-page","status-publish","hentry"],"rttpg_featured_image_url":null,"rttpg_author":{"display_name":"NeuroID Program","author_link":"https:\/\/neuroid.uprrp.edu\/index.php\/author\/neuroid\/"},"rttpg_comment":0,"rttpg_category":null,"rttpg_excerpt":"Ioannisely Berrios Torres University of Puerto Rico, R\u00edo Piedras CampusCollege of&nbsp;Social SciencePhycology Rigo G. Cintr\u00f3n Col\u00f3n Universidad del Sagrado Coraz\u00f3nCollege of Natural SciencesGeneral Natural Sciences M\u00f3nica Qui\u00f1ones Fri\u00e1s University of Puerto Rico, R\u00edo Piedras CampusCollege of Natural SciencesCellular and Molecular Biology Stephanie Santiago Mej\u00edas University of Puerto Rico, R\u00edo Piedras CampusCollege of&nbsp;Social SciencePhycology Celimar Negr\u00f3n&hellip;","_links":{"self":[{"href":"https:\/\/neuroid.uprrp.edu\/index.php\/wp-json\/wp\/v2\/pages\/755","targetHints":{"allow":["GET"]}}],"collection":[{"href":"https:\/\/neuroid.uprrp.edu\/index.php\/wp-json\/wp\/v2\/pages"}],"about":[{"href":"https:\/\/neuroid.uprrp.edu\/index.php\/wp-json\/wp\/v2\/types\/page"}],"author":[{"embeddable":true,"href":"https:\/\/neuroid.uprrp.edu\/index.php\/wp-json\/wp\/v2\/users\/2"}],"replies":[{"embeddable":true,"href":"https:\/\/neuroid.uprrp.edu\/index.php\/wp-json\/wp\/v2\/comments?post=755"}],"version-history":[{"count":16,"href":"https:\/\/neuroid.uprrp.edu\/index.php\/wp-json\/wp\/v2\/pages\/755\/revisions"}],"predecessor-version":[{"id":9016,"href":"https:\/\/neuroid.uprrp.edu\/index.php\/wp-json\/wp\/v2\/pages\/755\/revisions\/9016"}],"up":[{"embeddable":true,"href":"https:\/\/neuroid.uprrp.edu\/index.php\/wp-json\/wp\/v2\/pages\/259"}],"wp:attachment":[{"href":"https:\/\/neuroid.uprrp.edu\/index.php\/wp-json\/wp\/v2\/media?parent=755"}],"curies":[{"name":"wp","href":"https:\/\/api.w.org\/{rel}","templated":true}]}}