{"id":760,"date":"2015-10-23T14:17:36","date_gmt":"2015-10-23T14:17:36","guid":{"rendered":"http:\/\/neuroid.uprrp.edu\/wp\/?page_id=760"},"modified":"2023-10-19T16:17:32","modified_gmt":"2023-10-19T20:17:32","slug":"class-2011-2013","status":"publish","type":"page","link":"https:\/\/neuroid.uprrp.edu\/index.php\/members\/students\/class-2011-2013\/","title":{"rendered":"Class 2011"},"content":{"rendered":"\n<figure class=\"wp-block-image size-large\"><img fetchpriority=\"high\" decoding=\"async\" width=\"1024\" height=\"532\" src=\"https:\/\/neuroid.uprrp.edu\/wp-content\/uploads\/2015\/10\/201106_neuroid00-1024x532.jpg\" alt=\"\" class=\"wp-image-642\" srcset=\"https:\/\/neuroid.uprrp.edu\/wp-content\/uploads\/2015\/10\/201106_neuroid00-1024x532.jpg 1024w, https:\/\/neuroid.uprrp.edu\/wp-content\/uploads\/2015\/10\/201106_neuroid00-300x156.jpg 300w, https:\/\/neuroid.uprrp.edu\/wp-content\/uploads\/2015\/10\/201106_neuroid00.jpg 1325w\" sizes=\"(max-width: 1024px) 100vw, 1024px\" \/><\/figure>\n\n\n\n<div style=\"height:32px\" aria-hidden=\"true\" class=\"wp-block-spacer\"><\/div>\n\n\n\n<div class=\"wp-block-columns is-layout-flex wp-container-core-columns-is-layout-28f84493 wp-block-columns-is-layout-flex\">\n<div class=\"wp-block-column is-layout-flow wp-block-column-is-layout-flow\">\n<h3 class=\"wp-block-heading has-text-align-left\" style=\"font-size:clamp(14px, 0.875rem + ((1vw - 3.2px) * 0.354), 18px);\">Pablo J. Maldonado C\u00e1tala<\/h3>\n\n\n\n<p class=\"has-text-align-left\">Universidad Metropolitana de Cupey<br>College of Natural Sciences<br>Biology<\/p>\n<\/div>\n\n\n\n<div class=\"wp-block-column is-layout-flow wp-block-column-is-layout-flow\">\n<h3 class=\"wp-block-heading has-text-align-left\" style=\"font-size:clamp(14px, 0.875rem + ((1vw - 3.2px) * 0.354), 18px);\">Gabriel E. Marrero Rivera<\/h3>\n\n\n\n<p class=\"has-text-align-left\">University of Puerto Rico, R\u00edo Piedras Campus<br>College of Natural Sciences<br>Cellular and Molecular Biology<\/p>\n<\/div>\n\n\n\n<div class=\"wp-block-column is-layout-flow wp-block-column-is-layout-flow\">\n<h3 class=\"wp-block-heading has-text-align-left\" style=\"font-size:clamp(14px, 0.875rem + ((1vw - 3.2px) * 0.354), 18px);\">Andrea Silva Gotay<\/h3>\n\n\n\n<p class=\"has-text-align-left\">University of Puerto Rico, R\u00edo Piedras Campus<br>College of Natural Sciences<br>Chemistry<\/p>\n<\/div>\n\n\n\n<div class=\"wp-block-column is-layout-flow wp-block-column-is-layout-flow\">\n<h3 class=\"wp-block-heading has-text-align-left\" style=\"font-size:clamp(14px, 0.875rem + ((1vw - 3.2px) * 0.354), 18px);\">Edith Brignoni P\u00e9rez<\/h3>\n\n\n\n<p class=\"has-text-align-left\">University of Puerto Rico, R\u00edo Piedras Campus<br>College of&nbsp;Social Science<br>Phycology<\/p>\n<\/div>\n<\/div>\n\n\n\n<div class=\"wp-block-columns is-layout-flex wp-container-core-columns-is-layout-28f84493 wp-block-columns-is-layout-flex\">\n<div class=\"wp-block-column is-layout-flow wp-block-column-is-layout-flow\">\n<h3 class=\"wp-block-heading has-text-align-left\" style=\"font-size:clamp(14px, 0.875rem + ((1vw - 3.2px) * 0.354), 18px);\">Jaime III Vaquer Alicea<\/h3>\n\n\n\n<p class=\"has-text-align-left\">University of Puerto Rico, R\u00edo Piedras Campus<br>College of Natural Sciences<br>Biology<\/p>\n<\/div>\n\n\n\n<div class=\"wp-block-column is-layout-flow wp-block-column-is-layout-flow\">\n<h3 class=\"wp-block-heading has-text-align-left\" style=\"font-size:clamp(14px, 0.875rem + ((1vw - 3.2px) * 0.354), 18px);\">Lionel D. V\u00e1zquez Figueroa<\/h3>\n\n\n\n<p class=\"has-text-align-left\">University of Puerto Rico, R\u00edo Piedras Campus<br>College of Natural Sciences<br>Cellular and Molecular Biology<\/p>\n<\/div>\n\n\n\n<div class=\"wp-block-column is-layout-flow wp-block-column-is-layout-flow\">\n<h3 class=\"wp-block-heading has-text-align-left\" style=\"font-size:clamp(14px, 0.875rem + ((1vw - 3.2px) * 0.354), 18px);\">Raymond L. Quiles Vargas<\/h3>\n\n\n\n<p class=\"has-text-align-left\">Universidad Interamericana, Bayam\u00f3n Campus<br>College of&nbsp;Natural Sciences<br>Biology<\/p>\n<\/div>\n\n\n\n<div class=\"wp-block-column is-layout-flow wp-block-column-is-layout-flow\"><\/div>\n<\/div>\n\n\n\n<div style=\"height:50px\" aria-hidden=\"true\" class=\"wp-block-spacer\"><\/div>\n","protected":false},"excerpt":{"rendered":"<p>Pablo J. Maldonado C\u00e1tala Universidad Metropolitana de CupeyCollege of Natural SciencesBiology Gabriel E. Marrero Rivera University of Puerto Rico, R\u00edo Piedras CampusCollege of Natural SciencesCellular and Molecular Biology Andrea Silva Gotay University of Puerto Rico, R\u00edo Piedras CampusCollege of Natural SciencesChemistry Edith Brignoni P\u00e9rez University of Puerto Rico, R\u00edo Piedras CampusCollege of&nbsp;Social SciencePhycology Jaime III &hellip; <\/p>\n<p class=\"link-more\"><a href=\"https:\/\/neuroid.uprrp.edu\/index.php\/members\/students\/class-2011-2013\/\" class=\"more-link\">Read more<span class=\"screen-reader-text\"> &#8220;Class 2011&#8221;<\/span><\/a><\/p>\n","protected":false},"author":2,"featured_media":0,"parent":259,"menu_order":0,"comment_status":"closed","ping_status":"closed","template":"","meta":{"footnotes":""},"class_list":["post-760","page","type-page","status-publish","hentry"],"rttpg_featured_image_url":null,"rttpg_author":{"display_name":"NeuroID Program","author_link":"https:\/\/neuroid.uprrp.edu\/index.php\/author\/neuroid\/"},"rttpg_comment":0,"rttpg_category":null,"rttpg_excerpt":"Pablo J. Maldonado C\u00e1tala Universidad Metropolitana de CupeyCollege of Natural SciencesBiology Gabriel E. Marrero Rivera University of Puerto Rico, R\u00edo Piedras CampusCollege of Natural SciencesCellular and Molecular Biology Andrea Silva Gotay University of Puerto Rico, R\u00edo Piedras CampusCollege of Natural SciencesChemistry Edith Brignoni P\u00e9rez University of Puerto Rico, R\u00edo Piedras CampusCollege of&nbsp;Social SciencePhycology Jaime III&hellip;","_links":{"self":[{"href":"https:\/\/neuroid.uprrp.edu\/index.php\/wp-json\/wp\/v2\/pages\/760","targetHints":{"allow":["GET"]}}],"collection":[{"href":"https:\/\/neuroid.uprrp.edu\/index.php\/wp-json\/wp\/v2\/pages"}],"about":[{"href":"https:\/\/neuroid.uprrp.edu\/index.php\/wp-json\/wp\/v2\/types\/page"}],"author":[{"embeddable":true,"href":"https:\/\/neuroid.uprrp.edu\/index.php\/wp-json\/wp\/v2\/users\/2"}],"replies":[{"embeddable":true,"href":"https:\/\/neuroid.uprrp.edu\/index.php\/wp-json\/wp\/v2\/comments?post=760"}],"version-history":[{"count":20,"href":"https:\/\/neuroid.uprrp.edu\/index.php\/wp-json\/wp\/v2\/pages\/760\/revisions"}],"predecessor-version":[{"id":9018,"href":"https:\/\/neuroid.uprrp.edu\/index.php\/wp-json\/wp\/v2\/pages\/760\/revisions\/9018"}],"up":[{"embeddable":true,"href":"https:\/\/neuroid.uprrp.edu\/index.php\/wp-json\/wp\/v2\/pages\/259"}],"wp:attachment":[{"href":"https:\/\/neuroid.uprrp.edu\/index.php\/wp-json\/wp\/v2\/media?parent=760"}],"curies":[{"name":"wp","href":"https:\/\/api.w.org\/{rel}","templated":true}]}}