{"id":7635,"date":"2022-02-01T10:58:33","date_gmt":"2022-02-01T14:58:33","guid":{"rendered":"https:\/\/neuroid.uprrp.edu\/?page_id=7635"},"modified":"2023-10-19T11:58:53","modified_gmt":"2023-10-19T15:58:53","slug":"upr-rp-students-publish-studies-on-the-opioid-overdose-epidemic","status":"publish","type":"page","link":"https:\/\/neuroid.uprrp.edu\/index.php\/upr-rp-students-publish-studies-on-the-opioid-overdose-epidemic\/","title":{"rendered":"Opioid overdose epidemic"},"content":{"rendered":"\n<p><a href=\"https:\/\/neuroid.uprrp.edu\/index.php\/blogs\/\" data-type=\"page\" data-id=\"7411\">Go back<\/a><\/p>\n\n\n\n<div class=\"wp-block-columns is-layout-flex wp-container-core-columns-is-layout-28f84493 wp-block-columns-is-layout-flex\">\n<div class=\"wp-block-column is-layout-flow wp-block-column-is-layout-flow\" style=\"flex-basis:100%\">\n<p class=\"has-drop-cap has-normal-font-size\">In view of the alarming situation of opioid overdose deaths, the students of the course of Psychopharmacology of the Department of Biology of the Faculty of Natural Sciences dedicated their class investigation to this serious problem of public health in Puerto Rico and the world through the creation of blogs aimed at the general public. This course is offered by <a href=\"https:\/\/neuroid.uprrp.edu\/index.php\/dr-carmen-s-maldonado-vlaar\/\" data-type=\"page\" data-id=\"5285\">Dr. Carmen S. Maldonado-Vlaar<\/a>. Dr. Maldonado explained that \u201cRecientes estudios epidemiol\u00f3gicos indican que cada d\u00eda mas de 90 personas en los Estados Unidos mueren por una sobredosis de opi\u00e1ceos como la hero\u00edna o el fentanilo\u201d. Also that, \u201clos Centros para el control y prevenci\u00f3n de las enfermedades a nivel de Estados Unidos estiman que el impacto econ\u00f3mico y de salud del abuso de opi\u00e1ceos recetados es de $78.5 billones al a\u00f1o. La adicci\u00f3n a narc\u00f3ticos recetados se ha disparado debido al mercado il\u00edcito de ventas de estos medicamentos para uso recreacional\u201d.<\/p>\n\n\n\n<hr class=\"wp-block-separator has-css-opacity\"\/>\n\n\n\n<p><strong>The National Institute on Drug Abuse (NIDA) page informed that the opiate epidemic has generated the following statistics:<\/strong><\/p>\n\n\n\n<ol class=\"wp-block-list\">\n<li>About 21% to 29% of patients who are prescribed opioids to treat chronic pain use them inappropriately.<\/li>\n\n\n\n<li>Between 8% and 12% develop an opioid use disorder.<\/li>\n\n\n\n<li>An estimated 4 to 6 per cent of those who use prescription opiates inappropriately switch to heroin use<\/li>\n\n\n\n<li>About 80 per cent of people who use heroin abused opioids before prescription.<\/li>\n<\/ol>\n\n\n\n<hr class=\"wp-block-separator has-css-opacity\"\/>\n\n\n\n<p>\u201cNo es de extra\u00f1arse que este problema exista en Puerto Rico\u201d, Dra. Maldonado-Vlaar added. \u201cPor d\u00e9cadas, datos del Departamento de Salud de Puerto Rico indican que una de las drogas de mayor abuso en el pa\u00eds es la hero\u00edna. Recientemente, los casos de sobredosis con narc\u00f3ticos en la isla se han complicado con la entrada de mezclas de hero\u00edna y fentanilo lo cual pone en riesgo la vida de miles de j\u00f3venes que usan y abusan estas drogas\u201d.<\/p>\n\n\n\n<div style=\"height:36px\" aria-hidden=\"true\" class=\"wp-block-spacer\"><\/div>\n\n\n\n<p class=\"has-medium-font-size\"><strong>Students blogs:<\/strong><\/p>\n\n\n\n<div class=\"wp-block-columns is-layout-flex wp-container-core-columns-is-layout-28f84493 wp-block-columns-is-layout-flex\">\n<div class=\"wp-block-column is-layout-flow wp-block-column-is-layout-flow\">\n<figure class=\"wp-block-image aligncenter size-large is-style-rounded\"><a href=\"https:\/\/tratamientoparalasobredosisdeopioides.blogspot.com\/p\/introduccion.html\"><img fetchpriority=\"high\" decoding=\"async\" width=\"219\" height=\"283\" src=\"https:\/\/neuroid.uprrp.edu\/wp-content\/uploads\/2022\/02\/Captura-de-Pantalla-2022-02-01-a-las-11.00.37-a.-m..png\" alt=\"\" class=\"wp-image-7641\"\/><\/a><figcaption class=\"wp-element-caption\"><a href=\"https:\/\/tratamientoparalasobredosisdeopioides.blogspot.com\/p\/introduccion.html\" data-type=\"URL\" data-id=\"https:\/\/tratamientoparalasobredosisdeopioides.blogspot.com\/p\/introduccion.html\" target=\"_blank\" rel=\"noreferrer noopener\">Tratamiento para la sobredosis de opioides: Agudo y Cr\u00f3nico <\/a><\/figcaption><\/figure>\n<\/div>\n\n\n\n<div class=\"wp-block-column is-layout-flow wp-block-column-is-layout-flow\">\n<figure class=\"wp-block-image aligncenter size-large is-style-rounded\"><a href=\"http:\/\/receptoresopioides.blogspot.com\/search\/label\/inicio\"><img decoding=\"async\" width=\"219\" height=\"283\" src=\"https:\/\/neuroid.uprrp.edu\/wp-content\/uploads\/2022\/02\/Captura-de-Pantalla-2022-02-01-a-las-11.05.25-a.-m..png\" alt=\"\" class=\"wp-image-7642\"\/><\/a><figcaption class=\"wp-element-caption\"><a href=\"http:\/\/receptoresopioides.blogspot.com\/search\/label\/inicio\" target=\"_blank\" rel=\"noreferrer noopener\">Receptores Opioides<\/a><\/figcaption><\/figure>\n<\/div>\n\n\n\n<div class=\"wp-block-column is-layout-flow wp-block-column-is-layout-flow\">\n<figure class=\"wp-block-image aligncenter size-large is-style-rounded\"><a href=\"https:\/\/opioidesycomorbilidades.blogspot.com\"><img decoding=\"async\" width=\"219\" height=\"283\" src=\"https:\/\/neuroid.uprrp.edu\/wp-content\/uploads\/2022\/02\/Captura-de-Pantalla-2022-02-01-a-las-11.08.38-a.-m..png\" alt=\"\" class=\"wp-image-7643\"\/><\/a><figcaption class=\"wp-element-caption\"><a href=\"https:\/\/opioidesycomorbilidades.blogspot.com\" data-type=\"URL\" data-id=\"https:\/\/opioidesycomorbilidades.blogspot.com\" target=\"_blank\" rel=\"noreferrer noopener\">Dependencia de opioides y sus comorbilidades<\/a> <\/figcaption><\/figure>\n<\/div>\n\n\n\n<div class=\"wp-block-column is-layout-flow wp-block-column-is-layout-flow\">\n<figure class=\"wp-block-image aligncenter size-large is-style-rounded\"><a href=\"https:\/\/efectosdelamorfinayheroina.blogspot.com\"><img loading=\"lazy\" decoding=\"async\" width=\"219\" height=\"283\" src=\"https:\/\/neuroid.uprrp.edu\/wp-content\/uploads\/2022\/02\/Captura-de-Pantalla-2022-02-01-a-las-11.13.29-a.-m..png\" alt=\"\" class=\"wp-image-7644\"\/><\/a><figcaption class=\"wp-element-caption\"><a href=\"https:\/\/efectosdelamorfinayheroina.blogspot.com\" target=\"_blank\" rel=\"noreferrer noopener\">Efectos farmacol\u00f3gicos de la hero\u00edna y morfina: abuso, dependencia y tratamientos<\/a><\/figcaption><\/figure>\n<\/div>\n<\/div>\n\n\n\n<div class=\"wp-block-columns is-layout-flex wp-container-core-columns-is-layout-28f84493 wp-block-columns-is-layout-flex\">\n<div class=\"wp-block-column is-layout-flow wp-block-column-is-layout-flow\">\n<figure class=\"wp-block-image aligncenter size-large is-style-rounded\"><a href=\"https:\/\/retirada-opiodes.blogspot.com\/p\/contenido.html?m=1\"><img loading=\"lazy\" decoding=\"async\" width=\"219\" height=\"283\" src=\"https:\/\/neuroid.uprrp.edu\/wp-content\/uploads\/2022\/02\/Captura-de-Pantalla-2022-02-01-a-las-11.19.42-a.-m..png\" alt=\"\" class=\"wp-image-7645\"\/><\/a><figcaption class=\"wp-element-caption\"><a href=\"https:\/\/retirada-opiodes.blogspot.com\/p\/contenido.html?m=1\" data-type=\"URL\" data-id=\"https:\/\/retirada-opiodes.blogspot.com\/p\/contenido.html?m=1\" target=\"_blank\" rel=\"noreferrer noopener\">Retirada de opiodes: s\u00edntomas y retos terap\u00e9uticos<\/a><\/figcaption><\/figure>\n<\/div>\n\n\n\n<div class=\"wp-block-column is-layout-flow wp-block-column-is-layout-flow\">\n<figure class=\"wp-block-image aligncenter size-large is-style-rounded\"><img loading=\"lazy\" decoding=\"async\" width=\"219\" height=\"283\" src=\"https:\/\/neuroid.uprrp.edu\/wp-content\/uploads\/2022\/02\/Captura-de-Pantalla-2022-02-01-a-las-11.34.10-a.-m..png\" alt=\"\" class=\"wp-image-7646\"\/><figcaption class=\"wp-element-caption\"><a href=\"https:\/\/oxicodona.blogspot.com\" data-type=\"URL\" data-id=\"https:\/\/oxicodona.blogspot.com\" target=\"_blank\" rel=\"noreferrer noopener\">Efectos farmacol\u00f3gicos de oxicodona y otros analg\u00e9sicos<\/a><\/figcaption><\/figure>\n<\/div>\n\n\n\n<div class=\"wp-block-column is-layout-flow wp-block-column-is-layout-flow\">\n<figure class=\"wp-block-image aligncenter size-large is-style-rounded\"><a href=\"http:\/\/opioidstatistics.blogspot.com\/p\/home-page.html?m=1\"><img loading=\"lazy\" decoding=\"async\" width=\"219\" height=\"283\" src=\"https:\/\/neuroid.uprrp.edu\/wp-content\/uploads\/2022\/02\/Captura-de-Pantalla-2022-02-01-a-las-11.35.06-a.-m..png\" alt=\"\" class=\"wp-image-7647\"\/><\/a><figcaption class=\"wp-element-caption\"><a href=\"http:\/\/opioidstatistics.blogspot.com\/?m=1\" target=\"_blank\" rel=\"noreferrer noopener\">Usage Statistics: Opioids and their derivatives<\/a><\/figcaption><\/figure>\n<\/div>\n\n\n\n<div class=\"wp-block-column is-layout-flow wp-block-column-is-layout-flow\">\n<figure class=\"wp-block-image aligncenter size-large is-style-rounded\"><a href=\"https:\/\/sistemaopioideendogeno.blogspot.com\"><img loading=\"lazy\" decoding=\"async\" width=\"219\" height=\"283\" src=\"https:\/\/neuroid.uprrp.edu\/wp-content\/uploads\/2022\/02\/Captura-de-Pantalla-2022-02-01-a-las-11.38.19-a.-m..png\" alt=\"\" class=\"wp-image-7648\"\/><\/a><figcaption class=\"wp-element-caption\"><a href=\"https:\/\/sistemaopioideendogeno.blogspot.com\" target=\"_blank\" rel=\"noreferrer noopener\"><\/a><a href=\"https:\/\/sistemaopioideendogeno.blogspot.com\/\">Rol del sistema opioide en el CNS: placer y dolor<\/a><\/figcaption><\/figure>\n<\/div>\n<\/div>\n\n\n\n<p>Source: <br><em>Estudiantes de la UPR-RP publican estudios sobre la epidemia de sobredosis de opi\u00e1ceos<\/em>. (2019, 17 mayo). Facultad de Ciencias Naturales. <a href=\"https:\/\/natsci.uprrp.edu\/2019\/05\/17\/estudiantes-de-la-upr-rp-publican-estudios-sobre-la-epidemia-de-sobredosis-de-opiaceos\/\" target=\"_blank\" rel=\"noreferrer noopener\">https:\/\/natsci.uprrp.edu\/2019\/05\/17\/estudiantes-de-la-upr-rp-publican-estudios-sobre-la-epidemia-de-sobredosis-de-opiaceos\/<\/a><\/p>\n<\/div>\n<\/div>\n\n\n\n<p><\/p>\n","protected":false},"excerpt":{"rendered":"<p>Go back In view of the alarming situation of opioid overdose deaths, the students of the course of Psychopharmacology of the Department of Biology of the Faculty of Natural Sciences dedicated their class investigation to this serious problem of public health in Puerto Rico and the world through the creation of blogs aimed at the &hellip; <\/p>\n<p class=\"link-more\"><a href=\"https:\/\/neuroid.uprrp.edu\/index.php\/upr-rp-students-publish-studies-on-the-opioid-overdose-epidemic\/\" class=\"more-link\">Read more<span class=\"screen-reader-text\"> &#8220;Opioid overdose epidemic&#8221;<\/span><\/a><\/p>\n","protected":false},"author":5,"featured_media":0,"parent":0,"menu_order":0,"comment_status":"closed","ping_status":"closed","template":"","meta":{"footnotes":""},"class_list":["post-7635","page","type-page","status-publish","hentry"],"rttpg_featured_image_url":null,"rttpg_author":{"display_name":"admin","author_link":"https:\/\/neuroid.uprrp.edu\/index.php\/author\/admin\/"},"rttpg_comment":0,"rttpg_category":null,"rttpg_excerpt":"Go back In view of the alarming situation of opioid overdose deaths, the students of the course of Psychopharmacology of the Department of Biology of the Faculty of Natural Sciences dedicated their class investigation to this serious problem of public health in Puerto Rico and the world through the creation of blogs aimed at the&hellip;","_links":{"self":[{"href":"https:\/\/neuroid.uprrp.edu\/index.php\/wp-json\/wp\/v2\/pages\/7635","targetHints":{"allow":["GET"]}}],"collection":[{"href":"https:\/\/neuroid.uprrp.edu\/index.php\/wp-json\/wp\/v2\/pages"}],"about":[{"href":"https:\/\/neuroid.uprrp.edu\/index.php\/wp-json\/wp\/v2\/types\/page"}],"author":[{"embeddable":true,"href":"https:\/\/neuroid.uprrp.edu\/index.php\/wp-json\/wp\/v2\/users\/5"}],"replies":[{"embeddable":true,"href":"https:\/\/neuroid.uprrp.edu\/index.php\/wp-json\/wp\/v2\/comments?post=7635"}],"version-history":[{"count":6,"href":"https:\/\/neuroid.uprrp.edu\/index.php\/wp-json\/wp\/v2\/pages\/7635\/revisions"}],"predecessor-version":[{"id":8926,"href":"https:\/\/neuroid.uprrp.edu\/index.php\/wp-json\/wp\/v2\/pages\/7635\/revisions\/8926"}],"wp:attachment":[{"href":"https:\/\/neuroid.uprrp.edu\/index.php\/wp-json\/wp\/v2\/media?parent=7635"}],"curies":[{"name":"wp","href":"https:\/\/api.w.org\/{rel}","templated":true}]}}