{"id":7650,"date":"2022-02-01T12:28:43","date_gmt":"2022-02-01T16:28:43","guid":{"rendered":"https:\/\/neuroid.uprrp.edu\/?page_id=7650"},"modified":"2023-10-19T11:59:50","modified_gmt":"2023-10-19T15:59:50","slug":"neurodegenerative-diseases","status":"publish","type":"page","link":"https:\/\/neuroid.uprrp.edu\/index.php\/neurodegenerative-diseases\/","title":{"rendered":"Neurodegenerative Diseases"},"content":{"rendered":"\n<p><a href=\"https:\/\/neuroid.uprrp.edu\/index.php\/blogs\/\" data-type=\"page\" data-id=\"7411\">Go back<\/a><\/p>\n\n\n\n<div style=\"height:51px\" aria-hidden=\"true\" class=\"wp-block-spacer\"><\/div>\n\n\n\n<div class=\"wp-block-columns is-layout-flex wp-container-core-columns-is-layout-28f84493 wp-block-columns-is-layout-flex\">\n<div class=\"wp-block-column is-layout-flow wp-block-column-is-layout-flow\" style=\"flex-basis:100%\">\n<p class=\"has-medium-font-size\"><strong><em>Subgraduate students of Natural Science Faculty design blogs to Massively Educate on Neurodegenerative Diseases<\/em><\/strong><\/p>\n\n\n\n<p class=\"has-small-font-size\"><strong>Statement<\/strong> (In spanish):<\/p>\n\n\n\n<p class=\"has-small-font-size\">30 de mayo de 2020<br>Por: <a href=\"https:\/\/neuroid.uprrp.edu\/index.php\/dr-carmen-s-maldonado-vlaar\/\" data-type=\"page\" data-id=\"5285\">Carmen S. Maldonado-Vlaar, PhD<\/a><br>Catedr\u00e1tica<br>Departamento de Biolog\u00eda<br>Facultad de Ciencias Naturales<\/p>\n\n\n\n<div style=\"height:21px\" aria-hidden=\"true\" class=\"wp-block-spacer\"><\/div>\n\n\n\n<p style=\"font-size:14px\"><em>\u00bfCu\u00e1ndo recordar no pueda, donde mi recuerdo ir\u00e1?<br>Una cosa es el recuerdo y otra cosa recordar.<br>&#8211; Antonio Machado<\/em><\/p>\n\n\n\n<p style=\"font-size:14px\"><em>Cada uno de nosotros puede tener su propio Parkinson,<br>pero todos compartimos algo en com\u00fan: esperanza.<br>&#8211; Michael J. Fox<\/em><\/p>\n\n\n\n<p style=\"font-size:14px\"><em>Los cient\u00edficos dicen que estamos hechos de \u00e1tomos,<br>pero a mi un pajarito me cont\u00f3 que estamos hechos de historias.<br>&#8211; Eduardo Galeano<\/em><\/p>\n\n\n\n<p>&#8220;En la actualidad, las enfermedades degenerativas del sistema nervioso impactan considerablemente grandes sectores de la poblaci\u00f3n en Puerto Rico y el mundo. El costo de tratamiento m\u00e9dico de estas condiciones y su impacto en la salud p\u00fablica de los pa\u00edses son significativos. Las tres principales enfermedades neurodegenerativas a nivel mundial son la enfermedad del Alzheimer, la enfermedad del Parkinson y la enfermedad Esclerosis lateral amiotrofica o mejor conocida como la enfermedad de Lou Gerhig. Otras menos conocidas, pero igual de debilitantes incluyen: la enfermedad de Huntington, la esclerosis m\u00faltiple y las ataxias cerbelosas. Para todas estas enfermedades cabe destacar que no existe cura y las mismas no discrimina por raza, genero o etnia. La prevalencia y la incidencia de estas enfermedades aumentan dram\u00e1ticamente con la edad; por lo tanto, se espera que el n\u00famero de casos de estas condiciones incremente en el mundo en un futuro previsible a medida que la expectativa de vida en muchos pa\u00edses contin\u00fae aumentando.<\/p>\n\n\n\n<!--more-->\n\n\n\n<p>Estudios en la neurociencia han identificado varios factores gen\u00e9ticos y ambientales que causan estas enfermedades. En particular, investigaciones en epidemiolog\u00eda molecular han demostrado ser muy valiosos para alcanzar varios objetivos como: (1) mejorar los diagn\u00f3sticos de la enfermedad, (2) caracterizar los factores asociados a la prognosis de la enfermedad, (3) identificar los genes de alto riesgo de enfermedades neurodegenerativas familiares, (4) investigar las variantes gen\u00e9ticas comunes que pueden predecir la susceptibilidad a las formas no familiares de estas enfermedades y (5) calificar las exposiciones ambientales.<\/p>\n\n\n\n<p>La incorporaci\u00f3n de t\u00e9cnicas moleculares, que incluyen la gen\u00f3mica, la prote\u00f3mica y el estudio del rol de las toxinas a nivel ambiental en el desarrollo de las enfermedades neurodegenerativas ofrecen una promesa significativa para identificar los mecanismos de patog\u00e9nesis y factores de riesgo que indicen en sus respectivas etiolog\u00edas. Como parte del curso subgraduado del Departamento de Biolog\u00eda, BIOL3566-Biopsicolog\u00eda, estudiantes de la Facultad de Ciencias Naturales unieron esfuerzos, intelecto y creatividad para crear una serie de blogs&nbsp;dirigidos al p\u00fablico en general que presentan la realidad actual de estas enfermedades neurodegenerativas.<\/p>\n\n\n\n<p>Los\/as estudiantes trabajaron en grupos peque\u00f1os y a cada grupo se le asigno una de seis enfermedades neurodegenerativas. Los\/as estudiantes requirieron completar una revisi\u00f3n de literatura cient\u00edfica extensa y conocer en detalle los pormenores de cada enfermedad para as\u00ed preparar y organizar tem\u00e1ticamente el contenido del blog. La meta principal de esta actividad educativa fue involucrar a nuestro estudiantado en la difusi\u00f3n del conocimiento adquirido en el aula para as\u00ed alcanzar la atenci\u00f3n de otros sectores de la poblaci\u00f3n que potencialmente se beneficien de lo investigado por nuestros alumnos y futuros profesionales de la salud.<\/p>\n\n\n\n<p>Esta es la cuarta vez en la Facultad de Ciencias Naturales que estudiantes subgraduados\/as publican sus trabajos en formato de&nbsp;<em>blogs<\/em>&nbsp;y difunden de manera masiva temas alusivos a la salud que tanto impacta a nuestra sociedad a nivel mundial. Las mentes inquisidoras y altamente creativas de nuestros estudiantes denotan un gran compromiso con educar sobre el tema de las enfermedades neurodegenerativas. Adem\u00e1s, esta experiencia resalta el gran sentido de responsabilidad que habita en nuestros\/as estudiantes. Cada&nbsp;<em>blog<\/em>&nbsp;y sus respectivos dise\u00f1adores\/as se convierten a trav\u00e9s de esta labor investigativa en promotores de educaci\u00f3n en salud para su comunidad universitaria y el pa\u00eds.&#8221;<\/p>\n\n\n\n<hr class=\"wp-block-separator has-css-opacity\"\/>\n<\/div>\n<\/div>\n\n\n\n<div class=\"wp-block-columns is-layout-flex wp-container-core-columns-is-layout-28f84493 wp-block-columns-is-layout-flex\">\n<div class=\"wp-block-column is-layout-flow wp-block-column-is-layout-flow\" style=\"flex-basis:10%\"><\/div>\n\n\n\n<div class=\"wp-block-column is-layout-flow wp-block-column-is-layout-flow\" style=\"flex-basis:80%\">\n<p class=\"has-medium-font-size\"><strong>Blog project of the students on the study of six neurodegenerative diseases:<\/strong><\/p>\n\n\n\n<div class=\"wp-block-columns is-layout-flex wp-container-core-columns-is-layout-28f84493 wp-block-columns-is-layout-flex\">\n<div class=\"wp-block-column is-layout-flow wp-block-column-is-layout-flow\">\n<figure class=\"wp-block-image aligncenter size-large is-style-default\"><a href=\"https:\/\/esclerosismultiplems.wixsite.com\/blogms\"><img fetchpriority=\"high\" decoding=\"async\" width=\"219\" height=\"283\" src=\"https:\/\/neuroid.uprrp.edu\/wp-content\/uploads\/2022\/02\/Captura-de-Pantalla-2022-02-01-a-las-11.47.30-a.-m..png\" alt=\"\" class=\"wp-image-7651\"\/><\/a><figcaption class=\"wp-element-caption\"><a href=\"https:\/\/esclerosismultiplems.wixsite.com\/blogms\" data-type=\"URL\" data-id=\"https:\/\/esclerosismultiplems.wixsite.com\/blogms\">Escrerosis multiple<\/a><\/figcaption><\/figure>\n\n\n\n<p><\/p>\n<\/div>\n\n\n\n<div class=\"wp-block-column is-layout-flow wp-block-column-is-layout-flow\">\n<figure class=\"wp-block-image aligncenter size-large is-style-default\"><a href=\"https:\/\/alsbp.wordpress.com\"><img decoding=\"async\" width=\"219\" height=\"283\" src=\"https:\/\/neuroid.uprrp.edu\/wp-content\/uploads\/2022\/02\/Captura-de-Pantalla-2022-02-01-a-las-11.51.58-a.-m..png\" alt=\"\" class=\"wp-image-7652\"\/><\/a><figcaption class=\"wp-element-caption\"><a href=\"https:\/\/alsbp.wordpress.com\" data-type=\"URL\" data-id=\"https:\/\/alsbp.wordpress.com\" target=\"_blank\" rel=\"noreferrer noopener\">Esclerosis lateral amiotrofica<\/a><\/figcaption><\/figure>\n<\/div>\n\n\n\n<div class=\"wp-block-column is-layout-flow wp-block-column-is-layout-flow\">\n<figure class=\"wp-block-image aligncenter size-large is-style-default\"><a href=\"https:\/\/parkinsonbiopsychology.wordpress.com\"><img decoding=\"async\" width=\"219\" height=\"283\" src=\"https:\/\/neuroid.uprrp.edu\/wp-content\/uploads\/2022\/02\/Captura-de-Pantalla-2022-02-01-a-las-12.00.13-p.-m..png\" alt=\"\" class=\"wp-image-7658\"\/><\/a><figcaption class=\"wp-element-caption\"><a href=\"https:\/\/parkinsonbiopsychology.wordpress.com\" data-type=\"URL\" data-id=\"https:\/\/parkinsonbiopsychology.wordpress.com\" target=\"_blank\" rel=\"noreferrer noopener\">Biopsychology of Parkinson&#8217;s Disease<\/a><\/figcaption><\/figure>\n<\/div>\n\n\n\n<div class=\"wp-block-column is-layout-flow wp-block-column-is-layout-flow\">\n<figure class=\"wp-block-image aligncenter size-large is-resized is-style-default\"><a href=\"https:\/\/enfermedad-alzheimer.wixsite.com\/mysite\"><img loading=\"lazy\" decoding=\"async\" width=\"219\" height=\"283\" src=\"https:\/\/neuroid.uprrp.edu\/wp-content\/uploads\/2022\/02\/Captura-de-Pantalla-2022-02-01-a-las-12.02.06-p.-m..png\" alt=\"\" class=\"wp-image-7659\" style=\"width:219px;height:283px\"\/><\/a><figcaption class=\"wp-element-caption\"><a href=\"https:\/\/enfermedad-alzheimer.wixsite.com\/mysite\" data-type=\"URL\" data-id=\"https:\/\/enfermedad-alzheimer.wixsite.com\/mysite\" target=\"_blank\" rel=\"noreferrer noopener\">Enfermedad de Alzheimer<\/a><\/figcaption><\/figure>\n<\/div>\n<\/div>\n\n\n\n<div class=\"wp-block-columns is-layout-flex wp-container-core-columns-is-layout-28f84493 wp-block-columns-is-layout-flex\">\n<div class=\"wp-block-column is-layout-flow wp-block-column-is-layout-flow\"><\/div>\n\n\n\n<div class=\"wp-block-column is-layout-flow wp-block-column-is-layout-flow\">\n<figure class=\"wp-block-image aligncenter size-large is-style-default\"><a href=\"https:\/\/huntingwiki.wixsite.com\/website\"><img loading=\"lazy\" decoding=\"async\" width=\"219\" height=\"283\" src=\"https:\/\/neuroid.uprrp.edu\/wp-content\/uploads\/2022\/02\/Captura-de-Pantalla-2022-02-01-a-las-12.09.59-p.-m..png\" alt=\"\" class=\"wp-image-7660\"\/><\/a><figcaption class=\"wp-element-caption\"><a href=\"https:\/\/huntingwiki.wixsite.com\/website\" data-type=\"URL\" data-id=\"https:\/\/huntingwiki.wixsite.com\/website\" target=\"_blank\" rel=\"noreferrer noopener\">Enfermedad de Huntington<\/a><\/figcaption><\/figure>\n<\/div>\n\n\n\n<div class=\"wp-block-column is-layout-flow wp-block-column-is-layout-flow\">\n<figure class=\"wp-block-image aligncenter size-large is-style-default\"><a href=\"https:\/\/sites.google.com\/upr.edu\/ataxiacerebelosa\/ataxia-cerebelosa\"><img loading=\"lazy\" decoding=\"async\" width=\"219\" height=\"283\" src=\"https:\/\/neuroid.uprrp.edu\/wp-content\/uploads\/2022\/02\/Captura-de-Pantalla-2022-02-01-a-las-12.15.16-p.-m..png\" alt=\"\" class=\"wp-image-7661\"\/><\/a><figcaption class=\"wp-element-caption\"><a href=\"https:\/\/sites.google.com\/upr.edu\/ataxiacerebelosa\/ataxia-cerebelosa\" data-type=\"URL\" data-id=\"https:\/\/sites.google.com\/upr.edu\/ataxiacerebelosa\/ataxia-cerebelosa\" target=\"_blank\" rel=\"noreferrer noopener\">Enfermedad de Ataxias cerebelosas<\/a><\/figcaption><\/figure>\n<\/div>\n\n\n\n<div class=\"wp-block-column is-layout-flow wp-block-column-is-layout-flow\"><\/div>\n<\/div>\n\n\n\n<p>Source: <br><em>Estudiantes Subgraduados de Ciencias Naturales dise\u00f1an blogs para educar masivamente sobre enfermedades neurodegenerativas<\/em>. (2020, 5 junio). Facultad de Ciencias Naturales. <a rel=\"noreferrer noopener\" href=\"https:\/\/natsci.uprrp.edu\/2019\/05\/17\/estudiantes-de-la-upr-rp-publican-estudios-sobre-la-epidemia-de-sobredosis-de-opiaceos\/\" target=\"_blank\">https:\/\/natsci.uprrp.edu\/2020\/06\/05\/estudiantes-subgraduados-de-ciencias-naturales-disenan-blogs-para-la-educar-sobre-enfermedades-neurodegenerativas\/<\/a><\/p>\n<\/div>\n\n\n\n<div class=\"wp-block-column is-layout-flow wp-block-column-is-layout-flow\" style=\"flex-basis:10%\"><\/div>\n<\/div>\n","protected":false},"excerpt":{"rendered":"<p>Go back Subgraduate students of Natural Science Faculty design blogs to Massively Educate on Neurodegenerative Diseases Statement (In spanish): 30 de mayo de 2020Por: Carmen S. Maldonado-Vlaar, PhDCatedr\u00e1ticaDepartamento de Biolog\u00edaFacultad de Ciencias Naturales \u00bfCu\u00e1ndo recordar no pueda, donde mi recuerdo ir\u00e1?Una cosa es el recuerdo y otra cosa recordar.&#8211; Antonio Machado Cada uno de nosotros &hellip; <\/p>\n<p class=\"link-more\"><a href=\"https:\/\/neuroid.uprrp.edu\/index.php\/neurodegenerative-diseases\/\" class=\"more-link\">Read more<span class=\"screen-reader-text\"> &#8220;Neurodegenerative Diseases&#8221;<\/span><\/a><\/p>\n","protected":false},"author":2,"featured_media":0,"parent":0,"menu_order":0,"comment_status":"closed","ping_status":"closed","template":"","meta":{"footnotes":""},"class_list":["post-7650","page","type-page","status-publish","hentry"],"rttpg_featured_image_url":null,"rttpg_author":{"display_name":"NeuroID Program","author_link":"https:\/\/neuroid.uprrp.edu\/index.php\/author\/neuroid\/"},"rttpg_comment":0,"rttpg_category":null,"rttpg_excerpt":"Go back Subgraduate students of Natural Science Faculty design blogs to Massively Educate on Neurodegenerative Diseases Statement (In spanish): 30 de mayo de 2020Por: Carmen S. Maldonado-Vlaar, PhDCatedr\u00e1ticaDepartamento de Biolog\u00edaFacultad de Ciencias Naturales \u00bfCu\u00e1ndo recordar no pueda, donde mi recuerdo ir\u00e1?Una cosa es el recuerdo y otra cosa recordar.&#8211; Antonio Machado Cada uno de nosotros&hellip;","_links":{"self":[{"href":"https:\/\/neuroid.uprrp.edu\/index.php\/wp-json\/wp\/v2\/pages\/7650","targetHints":{"allow":["GET"]}}],"collection":[{"href":"https:\/\/neuroid.uprrp.edu\/index.php\/wp-json\/wp\/v2\/pages"}],"about":[{"href":"https:\/\/neuroid.uprrp.edu\/index.php\/wp-json\/wp\/v2\/types\/page"}],"author":[{"embeddable":true,"href":"https:\/\/neuroid.uprrp.edu\/index.php\/wp-json\/wp\/v2\/users\/2"}],"replies":[{"embeddable":true,"href":"https:\/\/neuroid.uprrp.edu\/index.php\/wp-json\/wp\/v2\/comments?post=7650"}],"version-history":[{"count":12,"href":"https:\/\/neuroid.uprrp.edu\/index.php\/wp-json\/wp\/v2\/pages\/7650\/revisions"}],"predecessor-version":[{"id":8927,"href":"https:\/\/neuroid.uprrp.edu\/index.php\/wp-json\/wp\/v2\/pages\/7650\/revisions\/8927"}],"wp:attachment":[{"href":"https:\/\/neuroid.uprrp.edu\/index.php\/wp-json\/wp\/v2\/media?parent=7650"}],"curies":[{"name":"wp","href":"https:\/\/api.w.org\/{rel}","templated":true}]}}