{"id":8212,"date":"2022-11-11T15:43:25","date_gmt":"2022-11-11T19:43:25","guid":{"rendered":"https:\/\/neuroid.uprrp.edu\/?page_id=8212"},"modified":"2023-10-19T16:13:03","modified_gmt":"2023-10-19T20:13:03","slug":"class-2022","status":"publish","type":"page","link":"https:\/\/neuroid.uprrp.edu\/index.php\/class-2022\/","title":{"rendered":"Class 2022"},"content":{"rendered":"\n<div class=\"wp-block-columns is-layout-flex wp-container-core-columns-is-layout-28f84493 wp-block-columns-is-layout-flex\">\n<div class=\"wp-block-column is-layout-flow wp-block-column-is-layout-flow\">\n<div class=\"wp-block-columns is-layout-flex wp-container-core-columns-is-layout-28f84493 wp-block-columns-is-layout-flex\">\n<div class=\"wp-block-column is-layout-flow wp-block-column-is-layout-flow\">\n<figure class=\"wp-block-image aligncenter size-large is-style-default\"><img fetchpriority=\"high\" decoding=\"async\" width=\"800\" height=\"800\" src=\"https:\/\/neuroid.uprrp.edu\/wp-content\/uploads\/2022\/11\/Black-and-White-Minimalist-LinkedIn-Profile-Picture-2.jpg\" alt=\"\" class=\"wp-image-8223\" srcset=\"https:\/\/neuroid.uprrp.edu\/wp-content\/uploads\/2022\/11\/Black-and-White-Minimalist-LinkedIn-Profile-Picture-2.jpg 800w, https:\/\/neuroid.uprrp.edu\/wp-content\/uploads\/2022\/11\/Black-and-White-Minimalist-LinkedIn-Profile-Picture-2-300x300.jpg 300w, https:\/\/neuroid.uprrp.edu\/wp-content\/uploads\/2022\/11\/Black-and-White-Minimalist-LinkedIn-Profile-Picture-2-150x150.jpg 150w, https:\/\/neuroid.uprrp.edu\/wp-content\/uploads\/2022\/11\/Black-and-White-Minimalist-LinkedIn-Profile-Picture-2-768x768.jpg 768w, https:\/\/neuroid.uprrp.edu\/wp-content\/uploads\/2022\/11\/Black-and-White-Minimalist-LinkedIn-Profile-Picture-2-45x45.jpg 45w\" sizes=\"(max-width: 800px) 100vw, 800px\" \/><\/figure>\n\n\n\n<h3 class=\"wp-block-heading has-text-align-center has-medium-font-size\"><a href=\"https:\/\/neuroid.uprrp.edu\/index.php\/alexander-acevedo\/\" data-type=\"URL\" data-id=\"https:\/\/neuroid.uprrp.edu\/index.php\/alexander-acevedo\/\">Alexander Acevedo<\/a><\/h3>\n\n\n\n<p><\/p>\n<\/div>\n\n\n\n<div class=\"wp-block-column is-layout-flow wp-block-column-is-layout-flow\">\n<figure class=\"wp-block-image aligncenter size-large is-style-default\"><img decoding=\"async\" width=\"800\" height=\"800\" src=\"https:\/\/neuroid.uprrp.edu\/wp-content\/uploads\/2022\/11\/Black-and-White-Minimalist-LinkedIn-Profile-Picture-6.jpg\" alt=\"\" class=\"wp-image-8232\" srcset=\"https:\/\/neuroid.uprrp.edu\/wp-content\/uploads\/2022\/11\/Black-and-White-Minimalist-LinkedIn-Profile-Picture-6.jpg 800w, https:\/\/neuroid.uprrp.edu\/wp-content\/uploads\/2022\/11\/Black-and-White-Minimalist-LinkedIn-Profile-Picture-6-300x300.jpg 300w, https:\/\/neuroid.uprrp.edu\/wp-content\/uploads\/2022\/11\/Black-and-White-Minimalist-LinkedIn-Profile-Picture-6-150x150.jpg 150w, https:\/\/neuroid.uprrp.edu\/wp-content\/uploads\/2022\/11\/Black-and-White-Minimalist-LinkedIn-Profile-Picture-6-768x768.jpg 768w, https:\/\/neuroid.uprrp.edu\/wp-content\/uploads\/2022\/11\/Black-and-White-Minimalist-LinkedIn-Profile-Picture-6-45x45.jpg 45w\" sizes=\"(max-width: 800px) 100vw, 800px\" \/><\/figure>\n\n\n\n<h3 class=\"wp-block-heading has-text-align-center has-medium-font-size\"><a href=\"https:\/\/neuroid.uprrp.edu\/index.php\/andrea-i-corretjer\/\" data-type=\"page\" data-id=\"8274\">Andrea Corretjer<\/a><\/h3>\n\n\n\n<p><\/p>\n<\/div>\n\n\n\n<div class=\"wp-block-column is-layout-flow wp-block-column-is-layout-flow\">\n<figure class=\"wp-block-image aligncenter size-large is-style-default\"><img decoding=\"async\" width=\"800\" height=\"800\" src=\"https:\/\/neuroid.uprrp.edu\/wp-content\/uploads\/2022\/11\/Black-and-White-Minimalist-LinkedIn-Profile-Picture-4.jpg\" alt=\"\" class=\"wp-image-8231\" srcset=\"https:\/\/neuroid.uprrp.edu\/wp-content\/uploads\/2022\/11\/Black-and-White-Minimalist-LinkedIn-Profile-Picture-4.jpg 800w, https:\/\/neuroid.uprrp.edu\/wp-content\/uploads\/2022\/11\/Black-and-White-Minimalist-LinkedIn-Profile-Picture-4-300x300.jpg 300w, https:\/\/neuroid.uprrp.edu\/wp-content\/uploads\/2022\/11\/Black-and-White-Minimalist-LinkedIn-Profile-Picture-4-150x150.jpg 150w, https:\/\/neuroid.uprrp.edu\/wp-content\/uploads\/2022\/11\/Black-and-White-Minimalist-LinkedIn-Profile-Picture-4-768x768.jpg 768w, https:\/\/neuroid.uprrp.edu\/wp-content\/uploads\/2022\/11\/Black-and-White-Minimalist-LinkedIn-Profile-Picture-4-45x45.jpg 45w\" sizes=\"(max-width: 800px) 100vw, 800px\" \/><\/figure>\n\n\n\n<h3 class=\"wp-block-heading has-text-align-center has-medium-font-size\"><a href=\"https:\/\/neuroid.uprrp.edu\/index.php\/amanda-rodriguez\/\">Amanda Rodr\u00edguez<\/a><\/h3>\n<\/div>\n\n\n\n<div class=\"wp-block-column is-layout-flow wp-block-column-is-layout-flow\">\n<figure class=\"wp-block-image aligncenter size-large is-style-default\"><img loading=\"lazy\" decoding=\"async\" width=\"800\" height=\"800\" src=\"https:\/\/neuroid.uprrp.edu\/wp-content\/uploads\/2022\/11\/Black-and-White-Minimalist-LinkedIn-Profile-Picture-9.jpg\" alt=\"\" class=\"wp-image-8230\" srcset=\"https:\/\/neuroid.uprrp.edu\/wp-content\/uploads\/2022\/11\/Black-and-White-Minimalist-LinkedIn-Profile-Picture-9.jpg 800w, https:\/\/neuroid.uprrp.edu\/wp-content\/uploads\/2022\/11\/Black-and-White-Minimalist-LinkedIn-Profile-Picture-9-300x300.jpg 300w, https:\/\/neuroid.uprrp.edu\/wp-content\/uploads\/2022\/11\/Black-and-White-Minimalist-LinkedIn-Profile-Picture-9-150x150.jpg 150w, https:\/\/neuroid.uprrp.edu\/wp-content\/uploads\/2022\/11\/Black-and-White-Minimalist-LinkedIn-Profile-Picture-9-768x768.jpg 768w, https:\/\/neuroid.uprrp.edu\/wp-content\/uploads\/2022\/11\/Black-and-White-Minimalist-LinkedIn-Profile-Picture-9-45x45.jpg 45w\" sizes=\"(max-width: 800px) 100vw, 800px\" \/><\/figure>\n\n\n\n<h3 class=\"wp-block-heading has-text-align-center has-medium-font-size\"><a href=\"https:\/\/neuroid.uprrp.edu\/index.php\/angelys-rivera\/\" data-type=\"page\" data-id=\"8287\">Angelys Rivera<\/a><\/h3>\n\n\n\n<p><\/p>\n<\/div>\n<\/div>\n\n\n\n<div class=\"wp-block-columns is-layout-flex wp-container-core-columns-is-layout-28f84493 wp-block-columns-is-layout-flex\">\n<div class=\"wp-block-column is-layout-flow wp-block-column-is-layout-flow\">\n<figure class=\"wp-block-image aligncenter size-large is-style-default\"><img loading=\"lazy\" decoding=\"async\" width=\"800\" height=\"800\" src=\"https:\/\/neuroid.uprrp.edu\/wp-content\/uploads\/2022\/11\/Black-and-White-Minimalist-LinkedIn-Profile-Picture-5.jpg\" alt=\"\" class=\"wp-image-8229\" srcset=\"https:\/\/neuroid.uprrp.edu\/wp-content\/uploads\/2022\/11\/Black-and-White-Minimalist-LinkedIn-Profile-Picture-5.jpg 800w, https:\/\/neuroid.uprrp.edu\/wp-content\/uploads\/2022\/11\/Black-and-White-Minimalist-LinkedIn-Profile-Picture-5-300x300.jpg 300w, https:\/\/neuroid.uprrp.edu\/wp-content\/uploads\/2022\/11\/Black-and-White-Minimalist-LinkedIn-Profile-Picture-5-150x150.jpg 150w, https:\/\/neuroid.uprrp.edu\/wp-content\/uploads\/2022\/11\/Black-and-White-Minimalist-LinkedIn-Profile-Picture-5-768x768.jpg 768w, https:\/\/neuroid.uprrp.edu\/wp-content\/uploads\/2022\/11\/Black-and-White-Minimalist-LinkedIn-Profile-Picture-5-45x45.jpg 45w\" sizes=\"(max-width: 800px) 100vw, 800px\" \/><\/figure>\n\n\n\n<h3 class=\"wp-block-heading has-text-align-center has-medium-font-size\"><a href=\"https:\/\/neuroid.uprrp.edu\/index.php\/cristal-torres-rodriguez\/\" data-type=\"URL\" data-id=\"https:\/\/neuroid.uprrp.edu\/index.php\/cristal-torres-rodriguez\/\">Cristal Torres<\/a><\/h3>\n<\/div>\n\n\n\n<div class=\"wp-block-column is-layout-flow wp-block-column-is-layout-flow\">\n<figure class=\"wp-block-image size-large\"><img loading=\"lazy\" decoding=\"async\" width=\"800\" height=\"800\" src=\"https:\/\/neuroid.uprrp.edu\/wp-content\/uploads\/2022\/11\/Black-and-White-Minimalist-LinkedIn-Profile-Picture-10.jpg\" alt=\"\" class=\"wp-image-8228\" srcset=\"https:\/\/neuroid.uprrp.edu\/wp-content\/uploads\/2022\/11\/Black-and-White-Minimalist-LinkedIn-Profile-Picture-10.jpg 800w, https:\/\/neuroid.uprrp.edu\/wp-content\/uploads\/2022\/11\/Black-and-White-Minimalist-LinkedIn-Profile-Picture-10-300x300.jpg 300w, https:\/\/neuroid.uprrp.edu\/wp-content\/uploads\/2022\/11\/Black-and-White-Minimalist-LinkedIn-Profile-Picture-10-150x150.jpg 150w, https:\/\/neuroid.uprrp.edu\/wp-content\/uploads\/2022\/11\/Black-and-White-Minimalist-LinkedIn-Profile-Picture-10-768x768.jpg 768w, https:\/\/neuroid.uprrp.edu\/wp-content\/uploads\/2022\/11\/Black-and-White-Minimalist-LinkedIn-Profile-Picture-10-45x45.jpg 45w\" sizes=\"(max-width: 800px) 100vw, 800px\" \/><\/figure>\n\n\n\n<p class=\"has-text-align-center has-medium-font-size\"><strong><a href=\"https:\/\/neuroid.uprrp.edu\/index.php\/juan-padilla-la-llave\/\" data-type=\"page\" data-id=\"8295\">Juan Padilla<\/a><\/strong><\/p>\n<\/div>\n\n\n\n<div class=\"wp-block-column is-layout-flow wp-block-column-is-layout-flow\">\n<figure class=\"wp-block-image aligncenter size-large is-style-default\"><img loading=\"lazy\" decoding=\"async\" width=\"800\" height=\"800\" src=\"https:\/\/neuroid.uprrp.edu\/wp-content\/uploads\/2022\/11\/Black-and-White-Minimalist-LinkedIn-Profile-Picture-8.jpg\" alt=\"\" class=\"wp-image-8227\" srcset=\"https:\/\/neuroid.uprrp.edu\/wp-content\/uploads\/2022\/11\/Black-and-White-Minimalist-LinkedIn-Profile-Picture-8.jpg 800w, https:\/\/neuroid.uprrp.edu\/wp-content\/uploads\/2022\/11\/Black-and-White-Minimalist-LinkedIn-Profile-Picture-8-300x300.jpg 300w, https:\/\/neuroid.uprrp.edu\/wp-content\/uploads\/2022\/11\/Black-and-White-Minimalist-LinkedIn-Profile-Picture-8-150x150.jpg 150w, https:\/\/neuroid.uprrp.edu\/wp-content\/uploads\/2022\/11\/Black-and-White-Minimalist-LinkedIn-Profile-Picture-8-768x768.jpg 768w, https:\/\/neuroid.uprrp.edu\/wp-content\/uploads\/2022\/11\/Black-and-White-Minimalist-LinkedIn-Profile-Picture-8-45x45.jpg 45w\" sizes=\"(max-width: 800px) 100vw, 800px\" \/><\/figure>\n\n\n\n<h3 class=\"wp-block-heading has-text-align-center has-medium-font-size\"><a href=\"https:\/\/neuroid.uprrp.edu\/index.php\/julieann-colon-sarriera\/\" data-type=\"page\" data-id=\"8299\">Julieann Col\u00f3n<\/a><\/h3>\n\n\n\n<p><\/p>\n<\/div>\n\n\n\n<div class=\"wp-block-column is-layout-flow wp-block-column-is-layout-flow\">\n<figure class=\"wp-block-image aligncenter size-large is-style-default\"><img loading=\"lazy\" decoding=\"async\" width=\"800\" height=\"800\" src=\"https:\/\/neuroid.uprrp.edu\/wp-content\/uploads\/2022\/11\/Black-and-White-Minimalist-LinkedIn-Profile-Picture.jpg\" alt=\"\" class=\"wp-image-8226\" srcset=\"https:\/\/neuroid.uprrp.edu\/wp-content\/uploads\/2022\/11\/Black-and-White-Minimalist-LinkedIn-Profile-Picture.jpg 800w, https:\/\/neuroid.uprrp.edu\/wp-content\/uploads\/2022\/11\/Black-and-White-Minimalist-LinkedIn-Profile-Picture-300x300.jpg 300w, https:\/\/neuroid.uprrp.edu\/wp-content\/uploads\/2022\/11\/Black-and-White-Minimalist-LinkedIn-Profile-Picture-150x150.jpg 150w, https:\/\/neuroid.uprrp.edu\/wp-content\/uploads\/2022\/11\/Black-and-White-Minimalist-LinkedIn-Profile-Picture-768x768.jpg 768w, https:\/\/neuroid.uprrp.edu\/wp-content\/uploads\/2022\/11\/Black-and-White-Minimalist-LinkedIn-Profile-Picture-45x45.jpg 45w\" sizes=\"(max-width: 800px) 100vw, 800px\" \/><\/figure>\n\n\n\n<h3 class=\"wp-block-heading has-text-align-center has-medium-font-size\"><a href=\"https:\/\/neuroid.uprrp.edu\/index.php\/stephanie-ortiz\/\" data-type=\"page\" data-id=\"8302\">Stephanie Ort\u00edz<\/a><\/h3>\n<\/div>\n<\/div>\n<\/div>\n<\/div>\n\n\n\n<div style=\"height:15px\" aria-hidden=\"true\" class=\"wp-block-spacer\"><\/div>\n\n\n\n<div class=\"wp-block-columns is-layout-flex wp-container-core-columns-is-layout-28f84493 wp-block-columns-is-layout-flex\">\n<div class=\"wp-block-column is-layout-flow wp-block-column-is-layout-flow\">\n<div class=\"wp-block-columns is-layout-flex wp-container-core-columns-is-layout-28f84493 wp-block-columns-is-layout-flex\">\n<div class=\"wp-block-column is-layout-flow wp-block-column-is-layout-flow\">\n<h3 class=\"wp-block-heading has-text-align-center has-medium-font-size\"><\/h3>\n<\/div>\n\n\n\n<div class=\"wp-block-column is-layout-flow wp-block-column-is-layout-flow\">\n<figure class=\"wp-block-image size-large\"><img loading=\"lazy\" decoding=\"async\" width=\"800\" height=\"800\" src=\"https:\/\/neuroid.uprrp.edu\/wp-content\/uploads\/2022\/11\/Black-and-White-Minimalist-LinkedIn-Profile-Picture-7.jpg\" alt=\"\" class=\"wp-image-8224\" srcset=\"https:\/\/neuroid.uprrp.edu\/wp-content\/uploads\/2022\/11\/Black-and-White-Minimalist-LinkedIn-Profile-Picture-7.jpg 800w, https:\/\/neuroid.uprrp.edu\/wp-content\/uploads\/2022\/11\/Black-and-White-Minimalist-LinkedIn-Profile-Picture-7-300x300.jpg 300w, https:\/\/neuroid.uprrp.edu\/wp-content\/uploads\/2022\/11\/Black-and-White-Minimalist-LinkedIn-Profile-Picture-7-150x150.jpg 150w, https:\/\/neuroid.uprrp.edu\/wp-content\/uploads\/2022\/11\/Black-and-White-Minimalist-LinkedIn-Profile-Picture-7-768x768.jpg 768w, https:\/\/neuroid.uprrp.edu\/wp-content\/uploads\/2022\/11\/Black-and-White-Minimalist-LinkedIn-Profile-Picture-7-45x45.jpg 45w\" sizes=\"(max-width: 800px) 100vw, 800px\" \/><\/figure>\n\n\n\n<p class=\"has-text-align-center has-medium-font-size\"><strong><a href=\"https:\/\/neuroid.uprrp.edu\/index.php\/glen-wickersham-garcia\/\" data-type=\"page\" data-id=\"8306\">Glen Wickersham<\/a><\/strong><\/p>\n<\/div>\n\n\n\n<div class=\"wp-block-column is-layout-flow wp-block-column-is-layout-flow\">\n<figure class=\"wp-block-image aligncenter size-large is-style-default\"><img loading=\"lazy\" decoding=\"async\" width=\"800\" height=\"800\" src=\"https:\/\/neuroid.uprrp.edu\/wp-content\/uploads\/2022\/11\/Black-and-White-Minimalist-LinkedIn-Profile-Picture-3.jpg\" alt=\"\" class=\"wp-image-8225\" srcset=\"https:\/\/neuroid.uprrp.edu\/wp-content\/uploads\/2022\/11\/Black-and-White-Minimalist-LinkedIn-Profile-Picture-3.jpg 800w, https:\/\/neuroid.uprrp.edu\/wp-content\/uploads\/2022\/11\/Black-and-White-Minimalist-LinkedIn-Profile-Picture-3-300x300.jpg 300w, https:\/\/neuroid.uprrp.edu\/wp-content\/uploads\/2022\/11\/Black-and-White-Minimalist-LinkedIn-Profile-Picture-3-150x150.jpg 150w, https:\/\/neuroid.uprrp.edu\/wp-content\/uploads\/2022\/11\/Black-and-White-Minimalist-LinkedIn-Profile-Picture-3-768x768.jpg 768w, https:\/\/neuroid.uprrp.edu\/wp-content\/uploads\/2022\/11\/Black-and-White-Minimalist-LinkedIn-Profile-Picture-3-45x45.jpg 45w\" sizes=\"(max-width: 800px) 100vw, 800px\" \/><\/figure>\n\n\n\n<h3 class=\"wp-block-heading has-text-align-center has-medium-font-size\"><a href=\"https:\/\/neuroid.uprrp.edu\/index.php\/taliana-salcedo\/\" data-type=\"page\" data-id=\"8309\">Taliana Salcedo<\/a><\/h3>\n<\/div>\n\n\n\n<div class=\"wp-block-column is-layout-flow wp-block-column-is-layout-flow\">\n<h3 class=\"wp-block-heading has-text-align-center has-medium-font-size\"><\/h3>\n<\/div>\n<\/div>\n<\/div>\n<\/div>\n","protected":false},"excerpt":{"rendered":"<p>Alexander Acevedo Andrea Corretjer Amanda Rodr\u00edguez Angelys Rivera Cristal Torres Juan Padilla Julieann Col\u00f3n Stephanie Ort\u00edz Glen Wickersham Taliana Salcedo<\/p>\n","protected":false},"author":2,"featured_media":0,"parent":0,"menu_order":0,"comment_status":"closed","ping_status":"closed","template":"","meta":{"footnotes":""},"class_list":["post-8212","page","type-page","status-publish","hentry"],"rttpg_featured_image_url":null,"rttpg_author":{"display_name":"NeuroID Program","author_link":"https:\/\/neuroid.uprrp.edu\/index.php\/author\/neuroid\/"},"rttpg_comment":0,"rttpg_category":null,"rttpg_excerpt":"Alexander Acevedo Andrea Corretjer Amanda Rodr\u00edguez Angelys Rivera Cristal Torres Juan Padilla Julieann Col\u00f3n Stephanie Ort\u00edz Glen Wickersham Taliana Salcedo","_links":{"self":[{"href":"https:\/\/neuroid.uprrp.edu\/index.php\/wp-json\/wp\/v2\/pages\/8212","targetHints":{"allow":["GET"]}}],"collection":[{"href":"https:\/\/neuroid.uprrp.edu\/index.php\/wp-json\/wp\/v2\/pages"}],"about":[{"href":"https:\/\/neuroid.uprrp.edu\/index.php\/wp-json\/wp\/v2\/types\/page"}],"author":[{"embeddable":true,"href":"https:\/\/neuroid.uprrp.edu\/index.php\/wp-json\/wp\/v2\/users\/2"}],"replies":[{"embeddable":true,"href":"https:\/\/neuroid.uprrp.edu\/index.php\/wp-json\/wp\/v2\/comments?post=8212"}],"version-history":[{"count":9,"href":"https:\/\/neuroid.uprrp.edu\/index.php\/wp-json\/wp\/v2\/pages\/8212\/revisions"}],"predecessor-version":[{"id":9003,"href":"https:\/\/neuroid.uprrp.edu\/index.php\/wp-json\/wp\/v2\/pages\/8212\/revisions\/9003"}],"wp:attachment":[{"href":"https:\/\/neuroid.uprrp.edu\/index.php\/wp-json\/wp\/v2\/media?parent=8212"}],"curies":[{"name":"wp","href":"https:\/\/api.w.org\/{rel}","templated":true}]}}