{"id":8280,"date":"2022-11-11T16:24:17","date_gmt":"2022-11-11T20:24:17","guid":{"rendered":"https:\/\/neuroid.uprrp.edu\/?page_id=8280"},"modified":"2023-11-09T11:58:37","modified_gmt":"2023-11-09T15:58:37","slug":"amanda-rodriguez","status":"publish","type":"page","link":"https:\/\/neuroid.uprrp.edu\/index.php\/amanda-rodriguez\/","title":{"rendered":"Amanda Rodr\u00edguez"},"content":{"rendered":"\n<div class=\"wp-block-columns is-layout-flex wp-container-core-columns-is-layout-28f84493 wp-block-columns-is-layout-flex\">\n<div class=\"wp-block-column is-layout-flow wp-block-column-is-layout-flow\" style=\"flex-basis:5%\"><\/div>\n\n\n\n<div class=\"wp-block-column is-layout-flow wp-block-column-is-layout-flow\" style=\"flex-basis:25%\">\n<figure class=\"wp-block-image aligncenter size-large is-resized is-style-default\"><img fetchpriority=\"high\" decoding=\"async\" width=\"800\" height=\"800\" src=\"https:\/\/neuroid.uprrp.edu\/wp-content\/uploads\/2022\/11\/Black-and-White-Minimalist-LinkedIn-Profile-Picture-4.jpg\" alt=\"\" class=\"wp-image-8231\" style=\"width:300px;height:300px\" srcset=\"https:\/\/neuroid.uprrp.edu\/wp-content\/uploads\/2022\/11\/Black-and-White-Minimalist-LinkedIn-Profile-Picture-4.jpg 800w, https:\/\/neuroid.uprrp.edu\/wp-content\/uploads\/2022\/11\/Black-and-White-Minimalist-LinkedIn-Profile-Picture-4-300x300.jpg 300w, https:\/\/neuroid.uprrp.edu\/wp-content\/uploads\/2022\/11\/Black-and-White-Minimalist-LinkedIn-Profile-Picture-4-150x150.jpg 150w, https:\/\/neuroid.uprrp.edu\/wp-content\/uploads\/2022\/11\/Black-and-White-Minimalist-LinkedIn-Profile-Picture-4-768x768.jpg 768w, https:\/\/neuroid.uprrp.edu\/wp-content\/uploads\/2022\/11\/Black-and-White-Minimalist-LinkedIn-Profile-Picture-4-45x45.jpg 45w\" sizes=\"(max-width: 800px) 100vw, 800px\" \/><\/figure>\n\n\n\n<p><strong>Amanda Rodr\u00edguez Le\u00f3n<\/strong><br>Undergraduate Student<br>Faculty of Natural Sciences<br>Dept. of Chemistry<br>University of Puerto Rico<br>R\u00edo Piedras Campus <\/p>\n<\/div>\n\n\n\n<div class=\"wp-block-column is-layout-flow wp-block-column-is-layout-flow\">\n<div style=\"height:31px\" aria-hidden=\"true\" class=\"wp-block-spacer\"><\/div>\n\n\n\n<p><span style=\"background-color:rgba(0, 0, 0, 0)\" class=\"has-inline-color has-vivid-cyan-blue-color\"><strong>Home Research<\/strong><\/span><\/p>\n\n\n\n<p><strong>Mentor:<\/strong> Carmen S. Maldonado Vlaar, PhD<\/p>\n\n\n\n<p><strong>Project:\u00a0<\/strong>Effects of endocannabinoid system activation through exercise on sociability in adolescent rats<\/p>\n\n\n\n<p><strong>Project <strong>Objectives<\/strong>:<\/strong>\u00a01) Investigate the relationship between the endocannabinoid system and sociability in adolescent rats. 2) Observe the correlation between the endocannabinoid system and exercise. 3) Observe the upregulation of CB1 receptors through exercise in adolescent rats. 4) Discover if there is a correlation between exercise, sociability, and the endocannabinoid<br>system in adolescent rats.<\/p>\n\n\n\n<hr class=\"wp-block-separator has-css-opacity\"\/>\n\n\n\n<p><span style=\"background-color:rgba(0, 0, 0, 0)\" class=\"has-inline-color has-vivid-cyan-blue-color\"><strong>Summer Research 2022<\/strong><\/span><\/p>\n\n\n\n<p><strong>Institution: <\/strong>NYU Langone Health<\/p>\n\n\n\n<p><strong>Mentor:<\/strong> Pending<\/p>\n\n\n\n<p><strong>Project:&nbsp;<\/strong>Pending<\/p>\n\n\n\n<p><strong>Project <strong>Description<\/strong>:<\/strong>&nbsp;Pending<\/p>\n<\/div>\n\n\n\n<div class=\"wp-block-column is-layout-flow wp-block-column-is-layout-flow\" style=\"flex-basis:10%\"><\/div>\n<\/div>\n","protected":false},"excerpt":{"rendered":"<p>Amanda Rodr\u00edguez Le\u00f3nUndergraduate StudentFaculty of Natural SciencesDept. of ChemistryUniversity of Puerto RicoR\u00edo Piedras Campus Home Research Mentor: Carmen S. Maldonado Vlaar, PhD Project:\u00a0Effects of endocannabinoid system activation through exercise on sociability in adolescent rats Project Objectives:\u00a01) Investigate the relationship between the endocannabinoid system and sociability in adolescent rats. 2) Observe the correlation between the endocannabinoid &hellip; <\/p>\n<p class=\"link-more\"><a href=\"https:\/\/neuroid.uprrp.edu\/index.php\/amanda-rodriguez\/\" class=\"more-link\">Read more<span class=\"screen-reader-text\"> &#8220;Amanda Rodr\u00edguez&#8221;<\/span><\/a><\/p>\n","protected":false},"author":2,"featured_media":0,"parent":0,"menu_order":0,"comment_status":"closed","ping_status":"closed","template":"","meta":{"footnotes":""},"class_list":["post-8280","page","type-page","status-publish","hentry"],"rttpg_featured_image_url":null,"rttpg_author":{"display_name":"NeuroID Program","author_link":"https:\/\/neuroid.uprrp.edu\/index.php\/author\/neuroid\/"},"rttpg_comment":0,"rttpg_category":null,"rttpg_excerpt":"Amanda Rodr\u00edguez Le\u00f3nUndergraduate StudentFaculty of Natural SciencesDept. of ChemistryUniversity of Puerto RicoR\u00edo Piedras Campus Home Research Mentor: Carmen S. Maldonado Vlaar, PhD Project:\u00a0Effects of endocannabinoid system activation through exercise on sociability in adolescent rats Project Objectives:\u00a01) Investigate the relationship between the endocannabinoid system and sociability in adolescent rats. 2) Observe the correlation between the endocannabinoid&hellip;","_links":{"self":[{"href":"https:\/\/neuroid.uprrp.edu\/index.php\/wp-json\/wp\/v2\/pages\/8280","targetHints":{"allow":["GET"]}}],"collection":[{"href":"https:\/\/neuroid.uprrp.edu\/index.php\/wp-json\/wp\/v2\/pages"}],"about":[{"href":"https:\/\/neuroid.uprrp.edu\/index.php\/wp-json\/wp\/v2\/types\/page"}],"author":[{"embeddable":true,"href":"https:\/\/neuroid.uprrp.edu\/index.php\/wp-json\/wp\/v2\/users\/2"}],"replies":[{"embeddable":true,"href":"https:\/\/neuroid.uprrp.edu\/index.php\/wp-json\/wp\/v2\/comments?post=8280"}],"version-history":[{"count":4,"href":"https:\/\/neuroid.uprrp.edu\/index.php\/wp-json\/wp\/v2\/pages\/8280\/revisions"}],"predecessor-version":[{"id":9055,"href":"https:\/\/neuroid.uprrp.edu\/index.php\/wp-json\/wp\/v2\/pages\/8280\/revisions\/9055"}],"wp:attachment":[{"href":"https:\/\/neuroid.uprrp.edu\/index.php\/wp-json\/wp\/v2\/media?parent=8280"}],"curies":[{"name":"wp","href":"https:\/\/api.w.org\/{rel}","templated":true}]}}