{"id":8704,"date":"2023-09-19T11:36:54","date_gmt":"2023-09-19T15:36:54","guid":{"rendered":"https:\/\/neuroid.uprrp.edu\/?page_id=8704"},"modified":"2023-10-19T11:00:59","modified_gmt":"2023-10-19T15:00:59","slug":"podcast-mi-ultima-neuronan","status":"publish","type":"page","link":"https:\/\/neuroid.uprrp.edu\/index.php\/podcast-mi-ultima-neuronan\/","title":{"rendered":"Podcast: Mi \u00faltima Neurona"},"content":{"rendered":"\n<div class=\"wp-block-columns is-layout-flex wp-container-core-columns-is-layout-28f84493 wp-block-columns-is-layout-flex\">\n<div class=\"wp-block-column is-layout-flow wp-block-column-is-layout-flow\" style=\"flex-basis:100%\">\n<h4 class=\"wp-block-heading\">Autora:&nbsp;<strong>Jessica Chomik-Morales<\/strong><\/h4>\n\n\n\n<p class=\"has-text-align-left\">&#8220;El prop\u00f3sito de este podcast es llevar informaci\u00f3n gratuita y valiosa a la comunidad hispana, que tiene acceso limitado al complejo mundo de la neurociencia debido a las barreras del idioma y la subrepresentaci\u00f3n en las ciencias. Tambi\u00e9n pretende inspirar a la pr\u00f3xima generaci\u00f3n de neurocient\u00edficos hispanos. Jessica Chomik, la host y productora del podcast, es una investigadora en el Instituto Tecnol\u00f3gico de Massachusetts, o mejor conocido como MIT. Ella trabaja en los laboratorios de la Dra. Nancy Kanwisher y la Dra. Laura Schulz.&#8221;  <em>&#8211; Jessica Chomik<\/em><\/p>\n\n\n\n<p class=\"has-text-align-center\">Escucha el podcast entero de &#8220;Mi \u00faltima Neurona&#8221;:  <a href=\"https:\/\/rss.com\/podcasts\/miultimaneurona\/\">https:\/\/rss.com\/podcasts\/miultimaneurona\/<\/a><\/p>\n\n\n\n<p>En la segunda temporada de esta serie de podcast, tres mentores del programa, Dr. Jos\u00e9 E. Garc\u00eda Arr\u00e1ras, Dra. Carmen Maldonado-Vlaar y el Dr. Christian Bravo-Rivera participaron. A continuaci\u00f3n sus episodios:<\/p>\n\n\n\n<div style=\"height:36px\" aria-hidden=\"true\" class=\"wp-block-spacer\"><\/div>\n\n\n\n<div class=\"wp-block-columns is-layout-flex wp-container-core-columns-is-layout-28f84493 wp-block-columns-is-layout-flex\">\n<div class=\"wp-block-column is-vertically-aligned-top is-layout-flow wp-block-column-is-layout-flow\" style=\"flex-basis:50%\">\n<h4 class=\"wp-block-heading has-text-align-left\">Dra. Carmen Maldonado | S02 E02 <\/h4>\n\n\n\n<iframe src=\"https:\/\/player.rss.com\/miultimaneurona\/586983?theme=dark\" style=\"width: 100%\" title=\"rss embed thingy\" frameborder=\"0\" allow=\"accelerometer; autoplay; clipboard-write; encrypted-media; gyroscope; picture-in-picture\" allowfullscreen><a href=\"https:\/\/rss.com\/podcasts\/miultimaneurona\/586983\/\">Dra. Carmen Maldonado  | RSS.com<\/a><\/iframe>\n\n\n\n<p>Date: Aug. 17 2022 <\/p>\n<\/div>\n\n\n\n<div class=\"wp-block-column is-vertically-aligned-top is-layout-flow wp-block-column-is-layout-flow\" style=\"flex-basis:50%\">\n<h5 class=\"wp-block-heading\">Episode notes<\/h5>\n\n\n\n<p>&#8220;En este episodio hablo con la Dra. Carmen Maldonado, quien es neurocient\u00edfica y mentora. Discutimos su trayectoria acad\u00e9mica, sus experiencias siendo una mujer hispana en la ciencia, sus investigaciones sobre la neurobiolog\u00eda de la adicci\u00f3n y consejos pr\u00e1cticos para personas que quieran seguir su camino. Ella es la co-directora de Neuro ID, un programa de capacitaci\u00f3n de neurociencias a estudiantes subgraduados en PR. Tambi\u00e9n dirige el Centro de Recursos de Investigaci\u00f3n y Aprendizaje Subgraduado (o mejor conocido como CRIIAS) en la universidad de PR que permite a j\u00f3venes explorar la investigaci\u00f3n en distintos campos de la ciencia.&#8221;<\/p>\n<\/div>\n<\/div>\n\n\n\n<hr class=\"wp-block-separator has-alpha-channel-opacity\"\/>\n\n\n\n<div style=\"height:21px\" aria-hidden=\"true\" class=\"wp-block-spacer\"><\/div>\n\n\n\n<div class=\"wp-block-columns is-layout-flex wp-container-core-columns-is-layout-28f84493 wp-block-columns-is-layout-flex\">\n<div class=\"wp-block-column is-vertically-aligned-top is-layout-flow wp-block-column-is-layout-flow\" style=\"flex-basis:50%\">\n<h4 class=\"wp-block-heading has-text-align-left\"><strong>Dr. Christian Rivera-Bravo<\/strong> | S02 E03 <\/h4>\n\n\n\n<iframe src=\"https:\/\/player.rss.com\/miultimaneurona\/601984?theme=dark\" style=\"width: 100%\" title=\"rss embed thingy\" frameborder=\"0\" allow=\"accelerometer; autoplay; clipboard-write; encrypted-media; gyroscope; picture-in-picture\" allowfullscreen><a href=\"https:\/\/rss.com\/podcasts\/miultimaneurona\/601984\/\">Dr. Christian Bravo-Rivera  | RSS.com<\/a><\/iframe>\n\n\n\n<p>Date: Aug. 31, 2022 <\/p>\n<\/div>\n\n\n\n<div class=\"wp-block-column is-vertically-aligned-top is-layout-flow wp-block-column-is-layout-flow\" style=\"flex-basis:50%\">\n<h5 class=\"wp-block-heading\">Episode notes<\/h5>\n\n\n\n<p>&#8220;En este episodio, converso con el Dr. Christian Bravo-Rivera, un investigador de la Universidad de Puerto Rico recinto de ciencias m\u00e9dicas que aloja el hospital m\u00e1s importante de Puerto Rico. En su laboratorio, el Dr. Bravo-Rivera est\u00e1 tratando de entender el miedo y qu\u00e9 \u00e1reas del cerebro est\u00e1n asociadas a esta conducta, para as\u00ed evitar tenerla en momentos que no nos hace falta. Tambi\u00e9n es fundador de Neuroboricuas, una iniciativa educativa que expone a j\u00f3venes puertorrique\u00f1os a la neurociencia a una edad temprana para que puedan encontrar soluciones creativas a los problemas de su comunidad.&#8221;<\/p>\n<\/div>\n<\/div>\n\n\n\n<hr class=\"wp-block-separator has-alpha-channel-opacity\"\/>\n\n\n\n<div class=\"wp-block-columns is-layout-flex wp-container-core-columns-is-layout-28f84493 wp-block-columns-is-layout-flex\">\n<div class=\"wp-block-column is-vertically-aligned-top is-layout-flow wp-block-column-is-layout-flow\" style=\"flex-basis:50%\">\n<h4 class=\"wp-block-heading has-text-align-left\"><strong>Dr. Jose Garcia Arrar\u00e1s<\/strong> | S02 E03 <\/h4>\n\n\n\n<iframe src=\"https:\/\/player.rss.com\/miultimaneurona\/618180?theme=dark\" style=\"width: 100%\" title=\"rss embed thingy\" frameborder=\"0\" allow=\"accelerometer; autoplay; clipboard-write; encrypted-media; gyroscope; picture-in-picture\" allowfullscreen><a href=\"https:\/\/rss.com\/podcasts\/miultimaneurona\/618180\/\">Dr. Jose Garcia Arraras  | RSS.com<\/a><\/iframe>\n\n\n\n<p>Date: Sept. 14 2022 <\/p>\n<\/div>\n\n\n\n<div class=\"wp-block-column is-vertically-aligned-top is-layout-flow wp-block-column-is-layout-flow\" style=\"flex-basis:50%\">\n<h5 class=\"wp-block-heading\">Episode notes<\/h5>\n\n\n\n<p>&#8220;En este episodio convers\u00f3 con el Dr. Jose Garcia Arraras, profesor del Departamento de Biolog\u00eda de la Universidad de Puerto Rico en R\u00edo Piedras. Nos cuenta c\u00f3mo la ciencia en ocasiones nos lleva a estudiar modelos animales y como las preguntas de los cient\u00edficos evolucionan a trav\u00e9s de la carrera. Tambi\u00e9n hablamos sobre c\u00f3mo la ciencia nos puede llevar a viajar a diversas partes del mundo para enriquecernos profesional y personalmente. Por \u00faltimo, hablamos sobre oportunidades de investigaci\u00f3n durante el pregrado (bachillerato) que est\u00e1n disponibles en los veranos para que estudiantes puedan aumentar sus conocimientos en el laboratorio. Y as\u00ed, determinar si una carrera graduada es lo que desean y hasta qu\u00e9 \u00e1reas son de mayor inter\u00e9s.&#8221;<\/p>\n<\/div>\n<\/div>\n\n\n\n<div style=\"height:56px\" aria-hidden=\"true\" class=\"wp-block-spacer\"><\/div>\n<\/div>\n<\/div>\n","protected":false},"excerpt":{"rendered":"<p>Autora:&nbsp;Jessica Chomik-Morales &#8220;El prop\u00f3sito de este podcast es llevar informaci\u00f3n gratuita y valiosa a la comunidad hispana, que tiene acceso limitado al complejo mundo de la neurociencia debido a las barreras del idioma y la subrepresentaci\u00f3n en las ciencias. Tambi\u00e9n pretende inspirar a la pr\u00f3xima generaci\u00f3n de neurocient\u00edficos hispanos. Jessica Chomik, la host y productora &hellip; <\/p>\n<p class=\"link-more\"><a href=\"https:\/\/neuroid.uprrp.edu\/index.php\/podcast-mi-ultima-neuronan\/\" class=\"more-link\">Read more<span class=\"screen-reader-text\"> &#8220;Podcast: Mi \u00faltima Neurona&#8221;<\/span><\/a><\/p>\n","protected":false},"author":2,"featured_media":0,"parent":0,"menu_order":0,"comment_status":"closed","ping_status":"closed","template":"","meta":{"footnotes":""},"class_list":["post-8704","page","type-page","status-publish","hentry"],"rttpg_featured_image_url":null,"rttpg_author":{"display_name":"NeuroID Program","author_link":"https:\/\/neuroid.uprrp.edu\/index.php\/author\/neuroid\/"},"rttpg_comment":0,"rttpg_category":null,"rttpg_excerpt":"Autora:&nbsp;Jessica Chomik-Morales &#8220;El prop\u00f3sito de este podcast es llevar informaci\u00f3n gratuita y valiosa a la comunidad hispana, que tiene acceso limitado al complejo mundo de la neurociencia debido a las barreras del idioma y la subrepresentaci\u00f3n en las ciencias. Tambi\u00e9n pretende inspirar a la pr\u00f3xima generaci\u00f3n de neurocient\u00edficos hispanos. Jessica Chomik, la host y productora&hellip;","_links":{"self":[{"href":"https:\/\/neuroid.uprrp.edu\/index.php\/wp-json\/wp\/v2\/pages\/8704","targetHints":{"allow":["GET"]}}],"collection":[{"href":"https:\/\/neuroid.uprrp.edu\/index.php\/wp-json\/wp\/v2\/pages"}],"about":[{"href":"https:\/\/neuroid.uprrp.edu\/index.php\/wp-json\/wp\/v2\/types\/page"}],"author":[{"embeddable":true,"href":"https:\/\/neuroid.uprrp.edu\/index.php\/wp-json\/wp\/v2\/users\/2"}],"replies":[{"embeddable":true,"href":"https:\/\/neuroid.uprrp.edu\/index.php\/wp-json\/wp\/v2\/comments?post=8704"}],"version-history":[{"count":24,"href":"https:\/\/neuroid.uprrp.edu\/index.php\/wp-json\/wp\/v2\/pages\/8704\/revisions"}],"predecessor-version":[{"id":8901,"href":"https:\/\/neuroid.uprrp.edu\/index.php\/wp-json\/wp\/v2\/pages\/8704\/revisions\/8901"}],"wp:attachment":[{"href":"https:\/\/neuroid.uprrp.edu\/index.php\/wp-json\/wp\/v2\/media?parent=8704"}],"curies":[{"name":"wp","href":"https:\/\/api.w.org\/{rel}","templated":true}]}}