{"id":9028,"date":"2023-10-20T13:38:10","date_gmt":"2023-10-20T17:38:10","guid":{"rendered":"https:\/\/neuroid.uprrp.edu\/?page_id=9028"},"modified":"2023-10-20T13:55:53","modified_gmt":"2023-10-20T17:55:53","slug":"contact-us","status":"publish","type":"page","link":"https:\/\/neuroid.uprrp.edu\/index.php\/contact-us\/","title":{"rendered":"Contact Us"},"content":{"rendered":"\n<p class=\"has-luminous-vivid-orange-color has-text-color has-medium-font-size\"><strong>Let&#8217;s Connect!<\/strong><\/p>\n\n\n\n<h2 class=\"wp-block-heading has-max-48-font-size\">Ready to start your research experience?<\/h2>\n\n\n\n<div class=\"wp-block-group has-global-padding is-layout-constrained wp-block-group-is-layout-constrained\">\n<div class=\"wp-block-group is-layout-flow wp-block-group-is-layout-flow\">\n<div class=\"wp-block-columns is-layout-flex wp-container-core-columns-is-layout-28f84493 wp-block-columns-is-layout-flex\">\n<div class=\"wp-block-column is-vertically-aligned-center is-layout-flow wp-block-column-is-layout-flow\">\n<script type=\"text\/javascript\" src=\"https:\/\/form.jotform.com\/jsform\/232924775980873\"><\/script>\n<\/div>\n<\/div>\n\n\n\n<div style=\"height:37px\" aria-hidden=\"true\" class=\"wp-block-spacer\"><\/div>\n<\/div>\n<\/div>\n\n\n\n<div class=\"wp-block-group alignfull has-global-padding is-layout-constrained wp-block-group-is-layout-constrained\">\n<div class=\"wp-block-columns alignfull are-vertically-aligned-center has-light-background-background-color has-background is-layout-flex wp-container-core-columns-is-layout-d7d455e7 wp-block-columns-is-layout-flex\" style=\"padding-top:0;padding-right:0;padding-bottom:0;padding-left:0\">\n<div class=\"wp-block-column is-vertically-aligned-center map-grayscale is-layout-flow wp-block-column-is-layout-flow\" style=\"flex-basis:50%\">\n<figure class=\"wp-block-image alignright size-large is-resized\"><img fetchpriority=\"high\" decoding=\"async\" width=\"1024\" height=\"683\" src=\"https:\/\/neuroid.uprrp.edu\/wp-content\/uploads\/2023\/10\/Blue-Green-Watercolor-Linktree-Background-4-1024x683.jpg\" alt=\"\" class=\"wp-image-9032\" style=\"aspect-ratio:1.499267935578331;width:654px;height:auto\" srcset=\"https:\/\/neuroid.uprrp.edu\/wp-content\/uploads\/2023\/10\/Blue-Green-Watercolor-Linktree-Background-4-1024x683.jpg 1024w, https:\/\/neuroid.uprrp.edu\/wp-content\/uploads\/2023\/10\/Blue-Green-Watercolor-Linktree-Background-4-300x200.jpg 300w, https:\/\/neuroid.uprrp.edu\/wp-content\/uploads\/2023\/10\/Blue-Green-Watercolor-Linktree-Background-4-768x512.jpg 768w, https:\/\/neuroid.uprrp.edu\/wp-content\/uploads\/2023\/10\/Blue-Green-Watercolor-Linktree-Background-4-1536x1024.jpg 1536w, https:\/\/neuroid.uprrp.edu\/wp-content\/uploads\/2023\/10\/Blue-Green-Watercolor-Linktree-Background-4.jpg 1920w\" sizes=\"(max-width: 1024px) 100vw, 1024px\" \/><\/figure>\n<\/div>\n\n\n\n<div class=\"wp-block-column is-vertically-aligned-center is-layout-flow wp-block-column-is-layout-flow\" style=\"padding-top:var(--wp--preset--spacing--small);padding-right:var(--wp--preset--spacing--small);padding-bottom:var(--wp--preset--spacing--small);padding-left:2%;flex-basis:50%\">\n<h3 class=\"wp-block-heading\"><strong>Address<\/strong><\/h3>\n\n\n\n<p>University of Puerto Rico<br>R\u00edo Piedras Campus<br>Julio Garc\u00eda D\u00edaz Building<br>Office 118<br>San Juan, Puerto Rico<\/p>\n\n\n\n<h3 class=\"wp-block-heading\"><strong>Email<\/strong><\/h3>\n\n\n\n<p>neuro.id@upr.edu \/ marimar.velazquez1@upr.edu<\/p>\n\n\n\n<h3 class=\"wp-block-heading\"><strong>Phone<\/strong><\/h3>\n\n\n\n<p>787-764-0000 X. 88179 \/ 88111<\/p>\n<\/div>\n<\/div>\n<\/div>\n\n\n\n<div style=\"height:45px\" aria-hidden=\"true\" class=\"wp-block-spacer\"><\/div>\n\n\n\n<div class=\"wp-block-columns is-layout-flex wp-container-core-columns-is-layout-4ed999c3 wp-block-columns-is-layout-flex\" style=\"padding-top:var(--wp--preset--spacing--60);padding-bottom:var(--wp--preset--spacing--60);padding-left:0\">\n<div class=\"wp-block-column is-vertically-aligned-center has-global-padding is-content-justification-left is-layout-constrained wp-container-core-column-is-layout-12dd3699 wp-block-column-is-layout-constrained\" style=\"flex-basis:66.66%\">\n<h2 class=\"wp-block-heading\">Don\u2019t know in what area of neuroscience do a research experience?<\/h2>\n\n\n\n<p>Check out our mentor and their project.<\/p>\n<\/div>\n\n\n\n<div class=\"wp-block-column is-layout-flow wp-block-column-is-layout-flow\" style=\"flex-basis:33.33%\">\n<div class=\"wp-block-buttons is-content-justification-left is-layout-flex wp-container-core-buttons-is-layout-fc4fd283 wp-block-buttons-is-layout-flex\">\n<div class=\"wp-block-button\"><a class=\"wp-block-button__link has-luminous-vivid-orange-background-color has-background wp-element-button\" href=\"https:\/\/neuroid.uprrp.edu\/index.php\/projects-2\/mentor-projects\/\" style=\"border-radius:4px\">VIEW MENTORS<\/a><\/div>\n<\/div>\n<\/div>\n<\/div>\n\n\n\n<div style=\"height:139px\" aria-hidden=\"true\" class=\"wp-block-spacer\"><\/div>\n","protected":false},"excerpt":{"rendered":"<p>Let&#8217;s Connect! Ready to start your research experience? Address University of Puerto RicoR\u00edo Piedras CampusJulio Garc\u00eda D\u00edaz BuildingOffice 118San Juan, Puerto Rico Email neuro.id@upr.edu \/ marimar.velazquez1@upr.edu Phone 787-764-0000 X. 88179 \/ 88111 Don\u2019t know in what area of neuroscience do a research experience? Check out our mentor and their project.<\/p>\n","protected":false},"author":2,"featured_media":0,"parent":0,"menu_order":0,"comment_status":"closed","ping_status":"closed","template":"","meta":{"footnotes":""},"class_list":["post-9028","page","type-page","status-publish","hentry"],"rttpg_featured_image_url":null,"rttpg_author":{"display_name":"NeuroID Program","author_link":"https:\/\/neuroid.uprrp.edu\/index.php\/author\/neuroid\/"},"rttpg_comment":0,"rttpg_category":null,"rttpg_excerpt":"Let&#8217;s Connect! Ready to start your research experience? Address University of Puerto RicoR\u00edo Piedras CampusJulio Garc\u00eda D\u00edaz BuildingOffice 118San Juan, Puerto Rico Email neuro.id@upr.edu \/ marimar.velazquez1@upr.edu Phone 787-764-0000 X. 88179 \/ 88111 Don\u2019t know in what area of neuroscience do a research experience? Check out our mentor and their project.","_links":{"self":[{"href":"https:\/\/neuroid.uprrp.edu\/index.php\/wp-json\/wp\/v2\/pages\/9028","targetHints":{"allow":["GET"]}}],"collection":[{"href":"https:\/\/neuroid.uprrp.edu\/index.php\/wp-json\/wp\/v2\/pages"}],"about":[{"href":"https:\/\/neuroid.uprrp.edu\/index.php\/wp-json\/wp\/v2\/types\/page"}],"author":[{"embeddable":true,"href":"https:\/\/neuroid.uprrp.edu\/index.php\/wp-json\/wp\/v2\/users\/2"}],"replies":[{"embeddable":true,"href":"https:\/\/neuroid.uprrp.edu\/index.php\/wp-json\/wp\/v2\/comments?post=9028"}],"version-history":[{"count":12,"href":"https:\/\/neuroid.uprrp.edu\/index.php\/wp-json\/wp\/v2\/pages\/9028\/revisions"}],"predecessor-version":[{"id":9043,"href":"https:\/\/neuroid.uprrp.edu\/index.php\/wp-json\/wp\/v2\/pages\/9028\/revisions\/9043"}],"wp:attachment":[{"href":"https:\/\/neuroid.uprrp.edu\/index.php\/wp-json\/wp\/v2\/media?parent=9028"}],"curies":[{"name":"wp","href":"https:\/\/api.w.org\/{rel}","templated":true}]}}