{"id":9805,"date":"2025-03-13T14:44:32","date_gmt":"2025-03-13T18:44:32","guid":{"rendered":"https:\/\/neuroid.uprrp.edu\/?page_id=9805"},"modified":"2025-11-13T10:57:16","modified_gmt":"2025-11-13T14:57:16","slug":"eduardo-a-rivera-velez-2024-2026","status":"publish","type":"page","link":"https:\/\/neuroid.uprrp.edu\/index.php\/eduardo-a-rivera-velez-2024-2026\/","title":{"rendered":"Eduardo A. Rivera Velez (2024-2026)"},"content":{"rendered":"\t\t<div data-elementor-type=\"wp-page\" data-elementor-id=\"9805\" class=\"elementor elementor-9805\">\n\t\t\t\t\t\t<section class=\"elementor-section elementor-top-section elementor-element elementor-element-d71929c elementor-section-boxed elementor-section-height-default elementor-section-height-default\" data-id=\"d71929c\" data-element_type=\"section\">\n\t\t\t\t\t\t<div class=\"elementor-container elementor-column-gap-default\">\n\t\t\t\t\t<div class=\"elementor-column elementor-col-33 elementor-top-column elementor-element elementor-element-54c7645\" data-id=\"54c7645\" data-element_type=\"column\">\n\t\t\t<div class=\"elementor-widget-wrap elementor-element-populated\">\n\t\t\t\t\t\t<div class=\"elementor-element elementor-element-9da7863 elementor-invisible elementor-widget elementor-widget-image\" data-id=\"9da7863\" data-element_type=\"widget\" data-settings=\"{&quot;_animation&quot;:&quot;fadeInLeft&quot;}\" data-widget_type=\"image.default\">\n\t\t\t\t<div class=\"elementor-widget-container\">\n\t\t\t\t\t\t\t\t\t\t\t\t\t\t\t<img fetchpriority=\"high\" decoding=\"async\" width=\"768\" height=\"1024\" src=\"https:\/\/neuroid.uprrp.edu\/wp-content\/uploads\/2025\/03\/Eduardo-Rivera.1-768x1024.jpeg\" class=\"attachment-large size-large wp-image-9787\" alt=\"\" srcset=\"https:\/\/neuroid.uprrp.edu\/wp-content\/uploads\/2025\/03\/Eduardo-Rivera.1-768x1024.jpeg 768w, https:\/\/neuroid.uprrp.edu\/wp-content\/uploads\/2025\/03\/Eduardo-Rivera.1-225x300.jpeg 225w, https:\/\/neuroid.uprrp.edu\/wp-content\/uploads\/2025\/03\/Eduardo-Rivera.1-2000x2667.jpeg 2000w, https:\/\/neuroid.uprrp.edu\/wp-content\/uploads\/2025\/03\/Eduardo-Rivera.1-scaled-1152x1536.jpeg 1152w, https:\/\/neuroid.uprrp.edu\/wp-content\/uploads\/2025\/03\/Eduardo-Rivera.1-scaled-1536x2048.jpeg 1536w, https:\/\/neuroid.uprrp.edu\/wp-content\/uploads\/2025\/03\/Eduardo-Rivera.1-scaled.jpeg 1920w\" sizes=\"100vw\" \/>\t\t\t\t\t\t\t\t\t\t\t\t\t\t\t<\/div>\n\t\t\t\t<\/div>\n\t\t\t\t<div class=\"elementor-element elementor-element-d7ee9c3 elementor-widget elementor-widget-spacer\" data-id=\"d7ee9c3\" data-element_type=\"widget\" data-widget_type=\"spacer.default\">\n\t\t\t\t<div class=\"elementor-widget-container\">\n\t\t\t\t\t\t\t<div class=\"elementor-spacer\">\n\t\t\t<div class=\"elementor-spacer-inner\"><\/div>\n\t\t<\/div>\n\t\t\t\t\t\t<\/div>\n\t\t\t\t<\/div>\n\t\t\t\t\t<\/div>\n\t\t<\/div>\n\t\t\t\t<div class=\"elementor-column elementor-col-66 elementor-top-column elementor-element elementor-element-5f51382\" data-id=\"5f51382\" data-element_type=\"column\">\n\t\t\t<div class=\"elementor-widget-wrap elementor-element-populated\">\n\t\t\t\t\t\t<div class=\"elementor-element elementor-element-3abc0d6 section-title-style-style1 elementor-widget elementor-widget-tpg-section-title\" data-id=\"3abc0d6\" data-element_type=\"widget\" data-widget_type=\"tpg-section-title.default\">\n\t\t\t\t<div class=\"elementor-widget-container\">\n\t\t\t\t\t\t\t<div class=\"rt-container-fluid rt-tpg-container tpg-el-main-wrapper clearfix  section-title-style-style1\">\n\t\t\t<div class='tpg-header-wrapper'>\n        <div class=\"tpg-widget-heading-wrapper rt-clear heading-style1 \">\n            <span class=\"tpg-widget-heading-line line-left\"><\/span>\n\t\t\t<h2 class='tpg-widget-heading'>\n\t\t\t\n\t\t\t\t                    <span>\n\t\t\t\t\t\tHome Research\t\t\t\t\t<\/span>\n\t\t\t\t\t\n\t\t\t\t\t\t\t<\/h2>            <span class=\"tpg-widget-heading-line line-right\"><\/span>\n\n\t\t\t\n        <\/div>\n\n\t\t\n\t\t<\/div>\t\t<\/div>\n\t\t\t\t\t\t<\/div>\n\t\t\t\t<\/div>\n\t\t\t\t<section class=\"elementor-section elementor-inner-section elementor-element elementor-element-ab1b019 elementor-section-boxed elementor-section-height-default elementor-section-height-default\" data-id=\"ab1b019\" data-element_type=\"section\">\n\t\t\t\t\t\t<div class=\"elementor-container elementor-column-gap-default\">\n\t\t\t\t\t<div class=\"elementor-column elementor-col-50 elementor-inner-column elementor-element elementor-element-11a08f0\" data-id=\"11a08f0\" data-element_type=\"column\">\n\t\t\t<div class=\"elementor-widget-wrap elementor-element-populated\">\n\t\t\t\t\t\t<div class=\"elementor-element elementor-element-b17abe1 elementor-widget elementor-widget-text-editor\" data-id=\"b17abe1\" data-element_type=\"widget\" data-widget_type=\"text-editor.default\">\n\t\t\t\t<div class=\"elementor-widget-container\">\n\t\t\t\t\t\t\t\t\t<p><span class=\"TextRun SCXW180979578 BCX0\" lang=\"EN-US\" xml:lang=\"EN-US\" data-contrast=\"none\"><span class=\"NormalTextRun SCXW180979578 BCX0\">Mentor\/s:<\/span><\/span><span class=\"EOP SCXW180979578 BCX0\" data-ccp-props=\"{&quot;134233117&quot;:false,&quot;134233118&quot;:false,&quot;335551550&quot;:1,&quot;335551620&quot;:1,&quot;335559738&quot;:0,&quot;335559739&quot;:0}\">\u00a0<\/span><\/p>\t\t\t\t\t\t\t\t<\/div>\n\t\t\t\t<\/div>\n\t\t\t\t\t<\/div>\n\t\t<\/div>\n\t\t\t\t<div class=\"elementor-column elementor-col-50 elementor-inner-column elementor-element elementor-element-5f0ac5f\" data-id=\"5f0ac5f\" data-element_type=\"column\">\n\t\t\t<div class=\"elementor-widget-wrap elementor-element-populated\">\n\t\t\t\t\t\t<div class=\"elementor-element elementor-element-93c0ecf elementor-widget elementor-widget-text-editor\" data-id=\"93c0ecf\" data-element_type=\"widget\" data-widget_type=\"text-editor.default\">\n\t\t\t\t<div class=\"elementor-widget-container\">\n\t\t\t\t\t\t\t\t\t<p><span class=\"TextRun SCXW206722720 BCX0\" lang=\"ES\" xml:lang=\"ES\" data-contrast=\"none\"><span class=\"NormalTextRun SCXW206722720 BCX0\"><em>Demetrio Sierra Mercado, Ph.D, Osmarie Mart\u00ednez Guzm\u00e1n, Ph.D, <span class=\"TextRun SCXW206722720 BCX0\" lang=\"EN-US\" xml:lang=\"EN-US\" data-contrast=\"none\">Laura M\u00e9ndez<\/span><\/em><span class=\"LineBreakBlob BlobObject DragDrop SCXW206722720 BCX0\"><em><span class=\"SCXW206722720 BCX0\">\u00a0<\/span><\/em><br class=\"SCXW206722720 BCX0\" \/><\/span><\/span><\/span><\/p>\t\t\t\t\t\t\t\t<\/div>\n\t\t\t\t<\/div>\n\t\t\t\t\t<\/div>\n\t\t<\/div>\n\t\t\t\t\t<\/div>\n\t\t<\/section>\n\t\t\t\t<section class=\"elementor-section elementor-inner-section elementor-element elementor-element-49f7870 elementor-section-boxed elementor-section-height-default elementor-section-height-default\" data-id=\"49f7870\" data-element_type=\"section\">\n\t\t\t\t\t\t<div class=\"elementor-container elementor-column-gap-default\">\n\t\t\t\t\t<div class=\"elementor-column elementor-col-50 elementor-inner-column elementor-element elementor-element-f38e605\" data-id=\"f38e605\" data-element_type=\"column\">\n\t\t\t<div class=\"elementor-widget-wrap elementor-element-populated\">\n\t\t\t\t\t\t<div class=\"elementor-element elementor-element-c7550ef elementor-widget elementor-widget-text-editor\" data-id=\"c7550ef\" data-element_type=\"widget\" data-widget_type=\"text-editor.default\">\n\t\t\t\t<div class=\"elementor-widget-container\">\n\t\t\t\t\t\t\t\t\t<p><span class=\"TextRun SCXW95188795 BCX0\" lang=\"EN-US\" xml:lang=\"EN-US\" data-contrast=\"none\"><span class=\"NormalTextRun SCXW95188795 BCX0\">Project Title:<\/span><\/span><span class=\"EOP SCXW95188795 BCX0\" data-ccp-props=\"{&quot;134233117&quot;:false,&quot;134233118&quot;:false,&quot;335551550&quot;:1,&quot;335551620&quot;:1,&quot;335559738&quot;:0,&quot;335559739&quot;:0}\">\u00a0<\/span><\/p>\t\t\t\t\t\t\t\t<\/div>\n\t\t\t\t<\/div>\n\t\t\t\t\t<\/div>\n\t\t<\/div>\n\t\t\t\t<div class=\"elementor-column elementor-col-50 elementor-inner-column elementor-element elementor-element-0d337a7\" data-id=\"0d337a7\" data-element_type=\"column\">\n\t\t\t<div class=\"elementor-widget-wrap elementor-element-populated\">\n\t\t\t\t\t\t<div class=\"elementor-element elementor-element-9aee6aa elementor-widget elementor-widget-text-editor\" data-id=\"9aee6aa\" data-element_type=\"widget\" data-widget_type=\"text-editor.default\">\n\t\t\t\t<div class=\"elementor-widget-container\">\n\t\t\t\t\t\t\t\t\t<p><em><span class=\"TextRun SCXW109292454 BCX0\" lang=\"EN-US\" xml:lang=\"EN-US\" data-contrast=\"auto\"><span class=\"NormalTextRun SCXW109292454 BCX0\">The effects of antibiotics on ultrasonic vocalizations and fear-related behaviors in male rats<\/span><\/span><\/em><span class=\"EOP SCXW109292454 BCX0\" data-ccp-props=\"{&quot;134233117&quot;:false,&quot;134233118&quot;:false,&quot;335551550&quot;:1,&quot;335551620&quot;:1,&quot;335559738&quot;:0,&quot;335559739&quot;:0}\">\u00a0<\/span><\/p>\t\t\t\t\t\t\t\t<\/div>\n\t\t\t\t<\/div>\n\t\t\t\t\t<\/div>\n\t\t<\/div>\n\t\t\t\t\t<\/div>\n\t\t<\/section>\n\t\t\t\t<section class=\"elementor-section elementor-inner-section elementor-element elementor-element-255c256 elementor-section-boxed elementor-section-height-default elementor-section-height-default\" data-id=\"255c256\" data-element_type=\"section\">\n\t\t\t\t\t\t<div class=\"elementor-container elementor-column-gap-default\">\n\t\t\t\t\t<div class=\"elementor-column elementor-col-50 elementor-inner-column elementor-element elementor-element-d9e154c\" data-id=\"d9e154c\" data-element_type=\"column\">\n\t\t\t<div class=\"elementor-widget-wrap elementor-element-populated\">\n\t\t\t\t\t\t<div class=\"elementor-element elementor-element-283d6fa elementor-widget elementor-widget-text-editor\" data-id=\"283d6fa\" data-element_type=\"widget\" data-widget_type=\"text-editor.default\">\n\t\t\t\t<div class=\"elementor-widget-container\">\n\t\t\t\t\t\t\t\t\t<p><span class=\"TextRun SCXW139769249 BCX0\" lang=\"EN-US\" xml:lang=\"EN-US\" data-contrast=\"none\"><span class=\"NormalTextRun SCXW139769249 BCX0\">Project Description:<\/span><\/span><span class=\"EOP SCXW139769249 BCX0\" data-ccp-props=\"{&quot;134233117&quot;:false,&quot;134233118&quot;:false,&quot;335551550&quot;:1,&quot;335551620&quot;:1,&quot;335559738&quot;:0,&quot;335559739&quot;:0}\">\u00a0<\/span><\/p>\t\t\t\t\t\t\t\t<\/div>\n\t\t\t\t<\/div>\n\t\t\t\t\t<\/div>\n\t\t<\/div>\n\t\t\t\t<div class=\"elementor-column elementor-col-50 elementor-inner-column elementor-element elementor-element-a2ca2aa\" data-id=\"a2ca2aa\" data-element_type=\"column\">\n\t\t\t<div class=\"elementor-widget-wrap elementor-element-populated\">\n\t\t\t\t\t\t<div class=\"elementor-element elementor-element-2ab3db4 elementor-widget elementor-widget-text-editor\" data-id=\"2ab3db4\" data-element_type=\"widget\" data-widget_type=\"text-editor.default\">\n\t\t\t\t<div class=\"elementor-widget-container\">\n\t\t\t\t\t\t\t\t\t<p><span class=\"EOP SCXW203408671 BCX0\" data-ccp-props=\"{&quot;134233117&quot;:false,&quot;134233118&quot;:false,&quot;335559738&quot;:0,&quot;335559739&quot;:0}\"><span class=\"TextRun SCXW38193490 BCX0\" lang=\"EN-US\" xml:lang=\"EN-US\" data-contrast=\"none\"><span class=\"NormalTextRun SCXW38193490 BCX0\"> <span class=\"TextRun SCXW93175317 BCX0\" lang=\"EN-US\" xml:lang=\"EN-US\" data-contrast=\"auto\"><span class=\"NormalTextRun SCXW93175317 BCX0\">My research project investigates how broad-spectrum antibiotics influence ultrasonic vocalizations and fear-related behaviors in male rats, potentially affecting their <\/span><span class=\"NormalTextRun SCXW93175317 BCX0\">perception<\/span><span class=\"NormalTextRun SCXW93175317 BCX0\"> of threats and communication. By analyzing behavioral responses and neural activity, this study explores how antibiotics may alter neural processes related to fear <\/span><span class=\"NormalTextRun SCXW93175317 BCX0\">perception<\/span><span class=\"NormalTextRun SCXW93175317 BCX0\"> and social signaling.<\/span><\/span><span class=\"EOP SCXW93175317 BCX0\" data-ccp-props=\"{&quot;134233117&quot;:false,&quot;134233118&quot;:false,&quot;335551550&quot;:1,&quot;335551620&quot;:1,&quot;335559738&quot;:0,&quot;335559739&quot;:0}\">\u00a0<\/span><\/span><\/span><\/span><\/p>\t\t\t\t\t\t\t\t<\/div>\n\t\t\t\t<\/div>\n\t\t\t\t\t<\/div>\n\t\t<\/div>\n\t\t\t\t\t<\/div>\n\t\t<\/section>\n\t\t\t\t\t<\/div>\n\t\t<\/div>\n\t\t\t\t\t<\/div>\n\t\t<\/section>\n\t\t\t\t<section class=\"elementor-section elementor-top-section elementor-element elementor-element-1564ffd elementor-section-boxed elementor-section-height-default elementor-section-height-default\" data-id=\"1564ffd\" data-element_type=\"section\">\n\t\t\t\t\t\t<div class=\"elementor-container elementor-column-gap-default\">\n\t\t\t\t\t<div class=\"elementor-column elementor-col-66 elementor-top-column elementor-element elementor-element-d985c97\" data-id=\"d985c97\" data-element_type=\"column\">\n\t\t\t<div class=\"elementor-widget-wrap elementor-element-populated\">\n\t\t\t\t\t\t<div class=\"elementor-element elementor-element-595d160 section-title-style-style1 elementor-widget elementor-widget-tpg-section-title\" data-id=\"595d160\" data-element_type=\"widget\" data-widget_type=\"tpg-section-title.default\">\n\t\t\t\t<div class=\"elementor-widget-container\">\n\t\t\t\t\t\t\t<div class=\"rt-container-fluid rt-tpg-container tpg-el-main-wrapper clearfix  section-title-style-style1\">\n\t\t\t<div class='tpg-header-wrapper'>\n        <div class=\"tpg-widget-heading-wrapper rt-clear heading-style1 \">\n            <span class=\"tpg-widget-heading-line line-left\"><\/span>\n\t\t\t<h2 class='tpg-widget-heading'>\n\t\t\t\n\t\t\t\t                    <span>\n\t\t\t\t\t\tSummer Research\t\t\t\t\t<\/span>\n\t\t\t\t\t\n\t\t\t\t\t\t\t<\/h2>            <span class=\"tpg-widget-heading-line line-right\"><\/span>\n\n\t\t\t\n        <\/div>\n\n\t\t\n\t\t<\/div>\t\t<\/div>\n\t\t\t\t\t\t<\/div>\n\t\t\t\t<\/div>\n\t\t\t\t<section class=\"elementor-section elementor-inner-section elementor-element elementor-element-d8abf0b elementor-section-boxed elementor-section-height-default elementor-section-height-default\" data-id=\"d8abf0b\" data-element_type=\"section\">\n\t\t\t\t\t\t<div class=\"elementor-container elementor-column-gap-default\">\n\t\t\t\t\t<div class=\"elementor-column elementor-col-50 elementor-inner-column elementor-element elementor-element-7f1945f\" data-id=\"7f1945f\" data-element_type=\"column\">\n\t\t\t<div class=\"elementor-widget-wrap elementor-element-populated\">\n\t\t\t\t\t\t<div class=\"elementor-element elementor-element-d677a0e elementor-widget elementor-widget-text-editor\" data-id=\"d677a0e\" data-element_type=\"widget\" data-widget_type=\"text-editor.default\">\n\t\t\t\t<div class=\"elementor-widget-container\">\n\t\t\t\t\t\t\t\t\t<p><span class=\"TextRun SCXW180979578 BCX0\" lang=\"EN-US\" xml:lang=\"EN-US\" data-contrast=\"none\"><span class=\"NormalTextRun SCXW180979578 BCX0\">Mentor\/s:<\/span><\/span><span class=\"EOP SCXW180979578 BCX0\" data-ccp-props=\"{&quot;134233117&quot;:false,&quot;134233118&quot;:false,&quot;335551550&quot;:1,&quot;335551620&quot;:1,&quot;335559738&quot;:0,&quot;335559739&quot;:0}\">\u00a0<\/span><\/p>\t\t\t\t\t\t\t\t<\/div>\n\t\t\t\t<\/div>\n\t\t\t\t\t<\/div>\n\t\t<\/div>\n\t\t\t\t<div class=\"elementor-column elementor-col-50 elementor-inner-column elementor-element elementor-element-0a65074\" data-id=\"0a65074\" data-element_type=\"column\">\n\t\t\t<div class=\"elementor-widget-wrap elementor-element-populated\">\n\t\t\t\t\t\t<div class=\"elementor-element elementor-element-ea0db26 elementor-widget elementor-widget-text-editor\" data-id=\"ea0db26\" data-element_type=\"widget\" data-widget_type=\"text-editor.default\">\n\t\t\t\t<div class=\"elementor-widget-container\">\n\t\t\t\t\t\t\t\t\t<p>Daniel Schultz, PhD<\/p>\t\t\t\t\t\t\t\t<\/div>\n\t\t\t\t<\/div>\n\t\t\t\t\t<\/div>\n\t\t<\/div>\n\t\t\t\t\t<\/div>\n\t\t<\/section>\n\t\t\t\t<section class=\"elementor-section elementor-inner-section elementor-element elementor-element-41af774 elementor-section-boxed elementor-section-height-default elementor-section-height-default\" data-id=\"41af774\" data-element_type=\"section\">\n\t\t\t\t\t\t<div class=\"elementor-container elementor-column-gap-default\">\n\t\t\t\t\t<div class=\"elementor-column elementor-col-50 elementor-inner-column elementor-element elementor-element-a8188c0\" data-id=\"a8188c0\" data-element_type=\"column\">\n\t\t\t<div class=\"elementor-widget-wrap elementor-element-populated\">\n\t\t\t\t\t\t<div class=\"elementor-element elementor-element-13599df elementor-widget elementor-widget-text-editor\" data-id=\"13599df\" data-element_type=\"widget\" data-widget_type=\"text-editor.default\">\n\t\t\t\t<div class=\"elementor-widget-container\">\n\t\t\t\t\t\t\t\t\t<p><span class=\"TextRun SCXW95188795 BCX0\" lang=\"EN-US\" xml:lang=\"EN-US\" data-contrast=\"none\"><span class=\"NormalTextRun SCXW95188795 BCX0\">Project Title:<\/span><\/span><span class=\"EOP SCXW95188795 BCX0\" data-ccp-props=\"{&quot;134233117&quot;:false,&quot;134233118&quot;:false,&quot;335551550&quot;:1,&quot;335551620&quot;:1,&quot;335559738&quot;:0,&quot;335559739&quot;:0}\">\u00a0<\/span><\/p>\t\t\t\t\t\t\t\t<\/div>\n\t\t\t\t<\/div>\n\t\t\t\t\t<\/div>\n\t\t<\/div>\n\t\t\t\t<div class=\"elementor-column elementor-col-50 elementor-inner-column elementor-element elementor-element-c0fae4f\" data-id=\"c0fae4f\" data-element_type=\"column\">\n\t\t\t<div class=\"elementor-widget-wrap elementor-element-populated\">\n\t\t\t\t\t\t<div class=\"elementor-element elementor-element-fe49ce5 elementor-widget elementor-widget-text-editor\" data-id=\"fe49ce5\" data-element_type=\"widget\" data-widget_type=\"text-editor.default\">\n\t\t\t\t<div class=\"elementor-widget-container\">\n\t\t\t\t\t\t\t\t\t<p><em>\u201cResponse Dynamics\u201d assay to measure the rate of recovery from antibiotic exposures in a collection of Pseudomonas aeruginosa isolates<\/em><\/p>\t\t\t\t\t\t\t\t<\/div>\n\t\t\t\t<\/div>\n\t\t\t\t\t<\/div>\n\t\t<\/div>\n\t\t\t\t\t<\/div>\n\t\t<\/section>\n\t\t\t\t<section class=\"elementor-section elementor-inner-section elementor-element elementor-element-67a788b elementor-section-boxed elementor-section-height-default elementor-section-height-default\" data-id=\"67a788b\" data-element_type=\"section\">\n\t\t\t\t\t\t<div class=\"elementor-container elementor-column-gap-default\">\n\t\t\t\t\t<div class=\"elementor-column elementor-col-50 elementor-inner-column elementor-element elementor-element-1365d91\" data-id=\"1365d91\" data-element_type=\"column\">\n\t\t\t<div class=\"elementor-widget-wrap elementor-element-populated\">\n\t\t\t\t\t\t<div class=\"elementor-element elementor-element-6bf10e3 elementor-widget elementor-widget-text-editor\" data-id=\"6bf10e3\" data-element_type=\"widget\" data-widget_type=\"text-editor.default\">\n\t\t\t\t<div class=\"elementor-widget-container\">\n\t\t\t\t\t\t\t\t\t<p><span class=\"TextRun SCXW139769249 BCX0\" lang=\"EN-US\" xml:lang=\"EN-US\" data-contrast=\"none\"><span class=\"NormalTextRun SCXW139769249 BCX0\">Project Description:<\/span><\/span><span class=\"EOP SCXW139769249 BCX0\" data-ccp-props=\"{&quot;134233117&quot;:false,&quot;134233118&quot;:false,&quot;335551550&quot;:1,&quot;335551620&quot;:1,&quot;335559738&quot;:0,&quot;335559739&quot;:0}\">\u00a0<\/span><\/p>\t\t\t\t\t\t\t\t<\/div>\n\t\t\t\t<\/div>\n\t\t\t\t\t<\/div>\n\t\t<\/div>\n\t\t\t\t<div class=\"elementor-column elementor-col-50 elementor-inner-column elementor-element elementor-element-2ec522a\" data-id=\"2ec522a\" data-element_type=\"column\">\n\t\t\t<div class=\"elementor-widget-wrap elementor-element-populated\">\n\t\t\t\t\t\t<div class=\"elementor-element elementor-element-15d246a elementor-widget elementor-widget-text-editor\" data-id=\"15d246a\" data-element_type=\"widget\" data-widget_type=\"text-editor.default\">\n\t\t\t\t<div class=\"elementor-widget-container\">\n\t\t\t\t\t\t\t\t\t<p><span class=\"TextRun SCXW206722720 BCX0\" lang=\"ES\" xml:lang=\"ES\" data-contrast=\"none\"><span class=\"NormalTextRun SCXW206722720 BCX0\"><span class=\"LineBreakBlob BlobObject DragDrop SCXW206722720 BCX0\"><em><span class=\"SCXW206722720 BCX0\">PENDING\u00a0<\/span><\/em><\/span><\/span><\/span><\/p>\t\t\t\t\t\t\t\t<\/div>\n\t\t\t\t<\/div>\n\t\t\t\t\t<\/div>\n\t\t<\/div>\n\t\t\t\t\t<\/div>\n\t\t<\/section>\n\t\t\t\t\t<\/div>\n\t\t<\/div>\n\t\t\t\t<div class=\"elementor-column elementor-col-33 elementor-top-column elementor-element elementor-element-32177d2\" data-id=\"32177d2\" data-element_type=\"column\">\n\t\t\t<div class=\"elementor-widget-wrap elementor-element-populated\">\n\t\t\t\t\t\t<div class=\"elementor-element elementor-element-e308c58 elementor-invisible elementor-widget elementor-widget-image\" data-id=\"e308c58\" data-element_type=\"widget\" data-settings=\"{&quot;_animation&quot;:&quot;fadeInLeft&quot;}\" data-widget_type=\"image.default\">\n\t\t\t\t<div class=\"elementor-widget-container\">\n\t\t\t\t\t\t\t\t\t\t\t\t\t\t\t<img decoding=\"async\" width=\"817\" height=\"1024\" src=\"https:\/\/neuroid.uprrp.edu\/wp-content\/uploads\/2025\/05\/WhatsApp-Image-2025-05-01-at-11.18.10-AM-5-e1746113989960-817x1024.jpeg\" class=\"attachment-large size-large wp-image-10511\" alt=\"\" srcset=\"https:\/\/neuroid.uprrp.edu\/wp-content\/uploads\/2025\/05\/WhatsApp-Image-2025-05-01-at-11.18.10-AM-5-e1746113989960-817x1024.jpeg 817w, https:\/\/neuroid.uprrp.edu\/wp-content\/uploads\/2025\/05\/WhatsApp-Image-2025-05-01-at-11.18.10-AM-5-e1746113989960-239x300.jpeg 239w, https:\/\/neuroid.uprrp.edu\/wp-content\/uploads\/2025\/05\/WhatsApp-Image-2025-05-01-at-11.18.10-AM-5-e1746113989960-768x963.jpeg 768w, https:\/\/neuroid.uprrp.edu\/wp-content\/uploads\/2025\/05\/WhatsApp-Image-2025-05-01-at-11.18.10-AM-5-e1746113989960.jpeg 900w\" sizes=\"100vw\" \/>\t\t\t\t\t\t\t\t\t\t\t\t\t\t\t<\/div>\n\t\t\t\t<\/div>\n\t\t\t\t<div class=\"elementor-element elementor-element-858d5ea elementor-widget elementor-widget-spacer\" data-id=\"858d5ea\" data-element_type=\"widget\" data-widget_type=\"spacer.default\">\n\t\t\t\t<div class=\"elementor-widget-container\">\n\t\t\t\t\t\t\t<div class=\"elementor-spacer\">\n\t\t\t<div class=\"elementor-spacer-inner\"><\/div>\n\t\t<\/div>\n\t\t\t\t\t\t<\/div>\n\t\t\t\t<\/div>\n\t\t\t\t\t<\/div>\n\t\t<\/div>\n\t\t\t\t\t<\/div>\n\t\t<\/section>\n\t\t\t\t<\/div>\n\t\t","protected":false},"excerpt":{"rendered":"<p>Home Research Mentor\/s:\u00a0 Demetrio Sierra Mercado, Ph.D, Osmarie Mart\u00ednez Guzm\u00e1n, Ph.D, Laura M\u00e9ndez\u00a0 Project Title:\u00a0 The effects of antibiotics on ultrasonic vocalizations and fear-related behaviors in male rats\u00a0 Project Description:\u00a0 My research project investigates how broad-spectrum antibiotics influence ultrasonic vocalizations and fear-related behaviors in male rats, potentially affecting their perception of threats and communication. By &hellip; <\/p>\n<p class=\"link-more\"><a href=\"https:\/\/neuroid.uprrp.edu\/index.php\/eduardo-a-rivera-velez-2024-2026\/\" class=\"more-link\">Read more<span class=\"screen-reader-text\"> &#8220;Eduardo A. Rivera Velez (2024-2026)&#8221;<\/span><\/a><\/p>\n","protected":false},"author":2,"featured_media":0,"parent":0,"menu_order":0,"comment_status":"closed","ping_status":"closed","template":"","meta":{"footnotes":""},"class_list":["post-9805","page","type-page","status-publish","hentry"],"rttpg_featured_image_url":null,"rttpg_author":{"display_name":"NeuroID Program","author_link":"https:\/\/neuroid.uprrp.edu\/index.php\/author\/neuroid\/"},"rttpg_comment":0,"rttpg_category":null,"rttpg_excerpt":"Home Research Mentor\/s:\u00a0 Demetrio Sierra Mercado, Ph.D, Osmarie Mart\u00ednez Guzm\u00e1n, Ph.D, Laura M\u00e9ndez\u00a0 Project Title:\u00a0 The effects of antibiotics on ultrasonic vocalizations and fear-related behaviors in male rats\u00a0 Project Description:\u00a0 My research project investigates how broad-spectrum antibiotics influence ultrasonic vocalizations and fear-related behaviors in male rats, potentially affecting their perception of threats and communication. By&hellip;","_links":{"self":[{"href":"https:\/\/neuroid.uprrp.edu\/index.php\/wp-json\/wp\/v2\/pages\/9805","targetHints":{"allow":["GET"]}}],"collection":[{"href":"https:\/\/neuroid.uprrp.edu\/index.php\/wp-json\/wp\/v2\/pages"}],"about":[{"href":"https:\/\/neuroid.uprrp.edu\/index.php\/wp-json\/wp\/v2\/types\/page"}],"author":[{"embeddable":true,"href":"https:\/\/neuroid.uprrp.edu\/index.php\/wp-json\/wp\/v2\/users\/2"}],"replies":[{"embeddable":true,"href":"https:\/\/neuroid.uprrp.edu\/index.php\/wp-json\/wp\/v2\/comments?post=9805"}],"version-history":[{"count":10,"href":"https:\/\/neuroid.uprrp.edu\/index.php\/wp-json\/wp\/v2\/pages\/9805\/revisions"}],"predecessor-version":[{"id":11276,"href":"https:\/\/neuroid.uprrp.edu\/index.php\/wp-json\/wp\/v2\/pages\/9805\/revisions\/11276"}],"wp:attachment":[{"href":"https:\/\/neuroid.uprrp.edu\/index.php\/wp-json\/wp\/v2\/media?parent=9805"}],"curies":[{"name":"wp","href":"https:\/\/api.w.org\/{rel}","templated":true}]}}