{"id":9853,"date":"2025-03-25T10:30:42","date_gmt":"2025-03-25T14:30:42","guid":{"rendered":"https:\/\/neuroid.uprrp.edu\/?page_id=9853"},"modified":"2025-07-03T13:17:39","modified_gmt":"2025-07-03T17:17:39","slug":"desorden-de-evitacion-restriccion-de-la-ingesta-de-alimentos-arfid","status":"publish","type":"page","link":"https:\/\/neuroid.uprrp.edu\/index.php\/desorden-de-evitacion-restriccion-de-la-ingesta-de-alimentos-arfid\/","title":{"rendered":"Desorden de Evitaci\u00f3n\/Restricci\u00f3n de la Ingesta de Alimentos (ARFID)"},"content":{"rendered":"\t\t<div data-elementor-type=\"wp-page\" data-elementor-id=\"9853\" class=\"elementor elementor-9853\">\n\t\t\t\t\t\t<section class=\"elementor-section elementor-top-section elementor-element elementor-element-a384ce2 elementor-section-boxed elementor-section-height-default elementor-section-height-default\" data-id=\"a384ce2\" data-element_type=\"section\">\n\t\t\t\t\t\t<div class=\"elementor-container elementor-column-gap-default\">\n\t\t\t\t\t<div class=\"elementor-column elementor-col-100 elementor-top-column elementor-element elementor-element-f0d6d68\" data-id=\"f0d6d68\" data-element_type=\"column\">\n\t\t\t<div class=\"elementor-widget-wrap elementor-element-populated\">\n\t\t\t\t\t\t<section class=\"elementor-section elementor-inner-section elementor-element elementor-element-5d871ab elementor-section-boxed elementor-section-height-default elementor-section-height-default\" data-id=\"5d871ab\" data-element_type=\"section\">\n\t\t\t\t\t\t<div class=\"elementor-container elementor-column-gap-default\">\n\t\t\t\t\t<div class=\"elementor-column elementor-col-100 elementor-inner-column elementor-element elementor-element-053fe94\" data-id=\"053fe94\" data-element_type=\"column\">\n\t\t\t<div class=\"elementor-widget-wrap elementor-element-populated\">\n\t\t\t\t\t\t<div class=\"elementor-element elementor-element-d123572 elementor-widget elementor-widget-text-editor\" data-id=\"d123572\" data-element_type=\"widget\" data-widget_type=\"text-editor.default\">\n\t\t\t\t<div class=\"elementor-widget-container\">\n\t\t\t\t\t\t\t\t\t<p>Author: Alejandra Hern\u00e1ndez Ortiz<\/p>\t\t\t\t\t\t\t\t<\/div>\n\t\t\t\t<\/div>\n\t\t\t\t\t<\/div>\n\t\t<\/div>\n\t\t\t\t\t<\/div>\n\t\t<\/section>\n\t\t\t\t\t<\/div>\n\t\t<\/div>\n\t\t\t\t\t<\/div>\n\t\t<\/section>\n\t\t\t\t<section class=\"elementor-section elementor-top-section elementor-element elementor-element-b598e85 elementor-section-boxed elementor-section-height-default elementor-section-height-default\" data-id=\"b598e85\" data-element_type=\"section\">\n\t\t\t\t\t\t<div class=\"elementor-container elementor-column-gap-default\">\n\t\t\t\t\t<div class=\"elementor-column elementor-col-100 elementor-top-column elementor-element elementor-element-86cb468\" data-id=\"86cb468\" data-element_type=\"column\">\n\t\t\t<div class=\"elementor-widget-wrap elementor-element-populated\">\n\t\t\t\t\t\t<section class=\"elementor-section elementor-inner-section elementor-element elementor-element-9212887 elementor-section-boxed elementor-section-height-default elementor-section-height-default\" data-id=\"9212887\" data-element_type=\"section\">\n\t\t\t\t\t\t<div class=\"elementor-container elementor-column-gap-default\">\n\t\t\t\t\t<div class=\"elementor-column elementor-col-33 elementor-inner-column elementor-element elementor-element-779dcb6\" data-id=\"779dcb6\" data-element_type=\"column\">\n\t\t\t<div class=\"elementor-widget-wrap elementor-element-populated\">\n\t\t\t\t\t\t<div class=\"elementor-element elementor-element-c9af1c6 elementor-arrows-position-inside elementor-pagination-position-outside elementor-widget elementor-widget-image-carousel\" data-id=\"c9af1c6\" data-element_type=\"widget\" data-settings=\"{&quot;slides_to_show&quot;:&quot;1&quot;,&quot;navigation&quot;:&quot;both&quot;,&quot;autoplay&quot;:&quot;yes&quot;,&quot;pause_on_hover&quot;:&quot;yes&quot;,&quot;pause_on_interaction&quot;:&quot;yes&quot;,&quot;autoplay_speed&quot;:5000,&quot;infinite&quot;:&quot;yes&quot;,&quot;effect&quot;:&quot;slide&quot;,&quot;speed&quot;:500}\" data-widget_type=\"image-carousel.default\">\n\t\t\t\t<div class=\"elementor-widget-container\">\n\t\t\t\t\t\t\t<div class=\"elementor-image-carousel-wrapper swiper\" role=\"region\" aria-roledescription=\"carousel\" aria-label=\"Image Carousel\" dir=\"ltr\">\n\t\t\t<div class=\"elementor-image-carousel swiper-wrapper\" aria-live=\"off\">\n\t\t\t\t\t\t\t\t<div class=\"swiper-slide\" role=\"group\" aria-roledescription=\"slide\" aria-label=\"1 of 5\"><figure class=\"swiper-slide-inner\"><img decoding=\"async\" class=\"swiper-slide-image\" src=\"https:\/\/neuroid.uprrp.edu\/wp-content\/uploads\/2025\/03\/Alejandra-Hernandez-ppt_page-0002-1024x576.jpg\" alt=\"Alejandra Hernandez ppt_page-0002\" \/><\/figure><\/div><div class=\"swiper-slide\" role=\"group\" aria-roledescription=\"slide\" aria-label=\"2 of 5\"><figure class=\"swiper-slide-inner\"><img decoding=\"async\" class=\"swiper-slide-image\" src=\"https:\/\/neuroid.uprrp.edu\/wp-content\/uploads\/2025\/03\/Alejandra-Hernandez-ppt_page-0003-1024x576.jpg\" alt=\"Alejandra Hernandez ppt_page-0003\" \/><\/figure><\/div><div class=\"swiper-slide\" role=\"group\" aria-roledescription=\"slide\" aria-label=\"3 of 5\"><figure class=\"swiper-slide-inner\"><img decoding=\"async\" class=\"swiper-slide-image\" src=\"https:\/\/neuroid.uprrp.edu\/wp-content\/uploads\/2025\/03\/Alejandra-Hernandez-ppt_page-0004-1024x576.jpg\" alt=\"Alejandra Hernandez ppt_page-0004\" \/><\/figure><\/div><div class=\"swiper-slide\" role=\"group\" aria-roledescription=\"slide\" aria-label=\"4 of 5\"><figure class=\"swiper-slide-inner\"><img decoding=\"async\" class=\"swiper-slide-image\" src=\"https:\/\/neuroid.uprrp.edu\/wp-content\/uploads\/2025\/03\/Alejandra-Hernandez-ppt_page-0005-1024x576.jpg\" alt=\"Alejandra Hernandez ppt_page-0005\" \/><\/figure><\/div><div class=\"swiper-slide\" role=\"group\" aria-roledescription=\"slide\" aria-label=\"5 of 5\"><figure class=\"swiper-slide-inner\"><img decoding=\"async\" class=\"swiper-slide-image\" src=\"https:\/\/neuroid.uprrp.edu\/wp-content\/uploads\/2025\/03\/Alejandra-Hernandez-ppt_page-0001-1024x576.jpg\" alt=\"Alejandra Hernandez ppt_page-0001\" \/><\/figure><\/div>\t\t\t<\/div>\n\t\t\t\t\t\t\t\t\t\t\t\t<div class=\"elementor-swiper-button elementor-swiper-button-prev\" role=\"button\" tabindex=\"0\">\n\t\t\t\t\t\t<i aria-hidden=\"true\" class=\"eicon-chevron-left\"><\/i>\t\t\t\t\t<\/div>\n\t\t\t\t\t<div class=\"elementor-swiper-button elementor-swiper-button-next\" role=\"button\" tabindex=\"0\">\n\t\t\t\t\t\t<i aria-hidden=\"true\" class=\"eicon-chevron-right\"><\/i>\t\t\t\t\t<\/div>\n\t\t\t\t\n\t\t\t\t\t\t\t\t\t<div class=\"swiper-pagination\"><\/div>\n\t\t\t\t\t\t\t\t\t<\/div>\n\t\t\t\t\t\t<\/div>\n\t\t\t\t<\/div>\n\t\t\t\t\t<\/div>\n\t\t<\/div>\n\t\t\t\t<div class=\"elementor-column elementor-col-33 elementor-inner-column elementor-element elementor-element-562ea3a\" data-id=\"562ea3a\" data-element_type=\"column\">\n\t\t\t<div class=\"elementor-widget-wrap\">\n\t\t\t\t\t\t\t<\/div>\n\t\t<\/div>\n\t\t\t\t<div class=\"elementor-column elementor-col-33 elementor-inner-column elementor-element elementor-element-f07b44e\" data-id=\"f07b44e\" data-element_type=\"column\" data-settings=\"{&quot;background_background&quot;:&quot;classic&quot;}\">\n\t\t\t<div class=\"elementor-widget-wrap elementor-element-populated\">\n\t\t\t\t\t\t<div class=\"elementor-element elementor-element-4931fc4 elementor-widget elementor-widget-image\" data-id=\"4931fc4\" data-element_type=\"widget\" data-widget_type=\"image.default\">\n\t\t\t\t<div class=\"elementor-widget-container\">\n\t\t\t\t\t\t\t\t\t\t\t\t\t\t\t<img fetchpriority=\"high\" decoding=\"async\" width=\"258\" height=\"300\" src=\"https:\/\/neuroid.uprrp.edu\/wp-content\/uploads\/2025\/03\/IMG_4903-258x300.jpg\" class=\"attachment-medium size-medium wp-image-9855\" alt=\"\" srcset=\"https:\/\/neuroid.uprrp.edu\/wp-content\/uploads\/2025\/03\/IMG_4903-258x300.jpg 258w, https:\/\/neuroid.uprrp.edu\/wp-content\/uploads\/2025\/03\/IMG_4903.jpg 580w\" sizes=\"100vw\" \/>\t\t\t\t\t\t\t\t\t\t\t\t\t\t\t<\/div>\n\t\t\t\t<\/div>\n\t\t\t\t<div class=\"elementor-element elementor-element-b2658a8 elementor-widget elementor-widget-text-editor\" data-id=\"b2658a8\" data-element_type=\"widget\" data-widget_type=\"text-editor.default\">\n\t\t\t\t<div class=\"elementor-widget-container\">\n\t\t\t\t\t\t\t\t\t<p>Alejandra Hern\u00e1ndez Ortiz<\/p>\t\t\t\t\t\t\t\t<\/div>\n\t\t\t\t<\/div>\n\t\t\t\t<div class=\"elementor-element elementor-element-339ec2e elementor-widget__width-initial elementor-widget elementor-widget-text-editor\" data-id=\"339ec2e\" data-element_type=\"widget\" data-widget_type=\"text-editor.default\">\n\t\t\t\t<div class=\"elementor-widget-container\">\n\t\t\t\t\t\t\t\t\t<p>University of Puerto Rico, Rio Piedras Campus<br \/>Faculty: Natural Science<br \/>Baccalaureate: Cellular Molecular Biology<br \/>Minor: Nutrition and Dietetics<br \/>Year: 5<\/p>\t\t\t\t\t\t\t\t<\/div>\n\t\t\t\t<\/div>\n\t\t\t\t\t<\/div>\n\t\t<\/div>\n\t\t\t\t\t<\/div>\n\t\t<\/section>\n\t\t\t\t<section class=\"elementor-section elementor-inner-section elementor-element elementor-element-9066e84 elementor-section-boxed elementor-section-height-default elementor-section-height-default\" data-id=\"9066e84\" data-element_type=\"section\">\n\t\t\t\t\t\t<div class=\"elementor-container elementor-column-gap-default\">\n\t\t\t\t\t<div class=\"elementor-column elementor-col-100 elementor-inner-column elementor-element elementor-element-7f03d05\" data-id=\"7f03d05\" data-element_type=\"column\">\n\t\t\t<div class=\"elementor-widget-wrap elementor-element-populated\">\n\t\t\t\t\t\t<div class=\"elementor-element elementor-element-9ef6380 elementor-widget elementor-widget-text-editor\" data-id=\"9ef6380\" data-element_type=\"widget\" data-widget_type=\"text-editor.default\">\n\t\t\t\t<div class=\"elementor-widget-container\">\n\t\t\t\t\t\t\t\t\t<p>El ARFID, introducido en el DSM-5 en 2013, es un desorden alimentario basado en la evitaci\u00f3n o restricci\u00f3n de alimentos, debido a caracter\u00edsticas sensoriales, falta de inter\u00e9s en la comida o miedo a consecuencias adversas al comer, como asfixia o v\u00f3mitos. Esto puede llevar a deficiencias nutricionales, dependencia de suplementos, p\u00e9rdida de peso o dificultades en el funcionamiento psicosocial. A diferencia de otros trastornos alimentarios, no est\u00e1 relacionado con preocupaciones sobre la imagen corporal. Para el diagn\u00f3stico, debe presentarse la evitaci\u00f3n de alimentos, deficiencias nutricionales, p\u00e9rdida de peso significativa e impactos en la vida psicosocial de la persona. Entre los subtipos de ARFID, se destaca la sensibilidad sensorial que provoca el rechazo de alimentos basado en textura, sabor o apariencia, el desinter\u00e9s por la alimentaci\u00f3n que conlleva a la baja ingesta de alimentos, y el miedo a consecuencias adversas por causa de eventos negativos asociados a alg\u00fan alimento.<\/p><p>\u00a0\u00a0<\/p><p>Adicionalmente, este desorden alimentario tiene comorbilidades con varios des\u00f3rdenes mentales, como la ansiedad, depresi\u00f3n y autismo. Adem\u00e1s, en estos pacientes se presentan deficiencias nutricionales, al igual que problemas gastrointestinales, como la constipaci\u00f3n y la gastroparesis. Por otro lado, la evidencia cient\u00edfica sobre el componente gen\u00e9tico del ARFID es limitada, pero se sugiere que este es significativo. Mientras que, estudios de neuroimagen muestran diferencias en la activaci\u00f3n cerebral asociadas a la sensibilidad sensorial, como en la \u00ednsula y la corteza orbitofrontal. Entre los tratamientos disponibles se destaca la terapia cognitivo-conductual (CBT), la terapia familiar, telemedicina, y en casos graves la hospitalizaci\u00f3n.<\/p>\t\t\t\t\t\t\t\t<\/div>\n\t\t\t\t<\/div>\n\t\t\t\t<div class=\"elementor-element elementor-element-3786af3 elementor-widget__width-initial elementor-widget elementor-widget-text-editor\" data-id=\"3786af3\" data-element_type=\"widget\" data-widget_type=\"text-editor.default\">\n\t\t\t\t<div class=\"elementor-widget-container\">\n\t\t\t\t\t\t\t\t\t<p>Por consiguiente, el ARFID es un desorden alimentario complejo, cuyo tratamiento debe ser multidisciplinario. Adem\u00e1s, este se debe visibilizar para mejorar el diagn\u00f3stico, prevenir las deficiencias nutricionales y desarrollar tratamientos personalizados, de forma que se le brinde la mejor calidad de vida al paciente.<\/p>\t\t\t\t\t\t\t\t<\/div>\n\t\t\t\t<\/div>\n\t\t\t\t\t<\/div>\n\t\t<\/div>\n\t\t\t\t\t<\/div>\n\t\t<\/section>\n\t\t\t\t\t<\/div>\n\t\t<\/div>\n\t\t\t\t\t<\/div>\n\t\t<\/section>\n\t\t\t\t<section class=\"elementor-section elementor-top-section elementor-element elementor-element-ff26756 elementor-section-boxed elementor-section-height-default elementor-section-height-default\" data-id=\"ff26756\" data-element_type=\"section\">\n\t\t\t\t\t\t<div class=\"elementor-container elementor-column-gap-default\">\n\t\t\t\t\t<div class=\"elementor-column elementor-col-100 elementor-top-column elementor-element elementor-element-4b4810e\" data-id=\"4b4810e\" data-element_type=\"column\">\n\t\t\t<div class=\"elementor-widget-wrap\">\n\t\t\t\t\t\t\t<\/div>\n\t\t<\/div>\n\t\t\t\t\t<\/div>\n\t\t<\/section>\n\t\t\t\t<\/div>\n\t\t","protected":false},"excerpt":{"rendered":"<p>Author: Alejandra Hern\u00e1ndez Ortiz Alejandra Hern\u00e1ndez Ortiz University of Puerto Rico, Rio Piedras CampusFaculty: Natural ScienceBaccalaureate: Cellular Molecular BiologyMinor: Nutrition and DieteticsYear: 5 El ARFID, introducido en el DSM-5 en 2013, es un desorden alimentario basado en la evitaci\u00f3n o restricci\u00f3n de alimentos, debido a caracter\u00edsticas sensoriales, falta de inter\u00e9s en la comida o miedo &hellip; <\/p>\n<p class=\"link-more\"><a href=\"https:\/\/neuroid.uprrp.edu\/index.php\/desorden-de-evitacion-restriccion-de-la-ingesta-de-alimentos-arfid\/\" class=\"more-link\">Read more<span class=\"screen-reader-text\"> &#8220;Desorden de Evitaci\u00f3n\/Restricci\u00f3n de la Ingesta de Alimentos (ARFID)&#8221;<\/span><\/a><\/p>\n","protected":false},"author":2,"featured_media":0,"parent":0,"menu_order":0,"comment_status":"closed","ping_status":"closed","template":"","meta":{"footnotes":""},"class_list":["post-9853","page","type-page","status-publish","hentry"],"rttpg_featured_image_url":null,"rttpg_author":{"display_name":"NeuroID Program","author_link":"https:\/\/neuroid.uprrp.edu\/index.php\/author\/neuroid\/"},"rttpg_comment":0,"rttpg_category":null,"rttpg_excerpt":"Author: Alejandra Hern\u00e1ndez Ortiz Alejandra Hern\u00e1ndez Ortiz University of Puerto Rico, Rio Piedras CampusFaculty: Natural ScienceBaccalaureate: Cellular Molecular BiologyMinor: Nutrition and DieteticsYear: 5 El ARFID, introducido en el DSM-5 en 2013, es un desorden alimentario basado en la evitaci\u00f3n o restricci\u00f3n de alimentos, debido a caracter\u00edsticas sensoriales, falta de inter\u00e9s en la comida o miedo&hellip;","_links":{"self":[{"href":"https:\/\/neuroid.uprrp.edu\/index.php\/wp-json\/wp\/v2\/pages\/9853","targetHints":{"allow":["GET"]}}],"collection":[{"href":"https:\/\/neuroid.uprrp.edu\/index.php\/wp-json\/wp\/v2\/pages"}],"about":[{"href":"https:\/\/neuroid.uprrp.edu\/index.php\/wp-json\/wp\/v2\/types\/page"}],"author":[{"embeddable":true,"href":"https:\/\/neuroid.uprrp.edu\/index.php\/wp-json\/wp\/v2\/users\/2"}],"replies":[{"embeddable":true,"href":"https:\/\/neuroid.uprrp.edu\/index.php\/wp-json\/wp\/v2\/comments?post=9853"}],"version-history":[{"count":45,"href":"https:\/\/neuroid.uprrp.edu\/index.php\/wp-json\/wp\/v2\/pages\/9853\/revisions"}],"predecessor-version":[{"id":10997,"href":"https:\/\/neuroid.uprrp.edu\/index.php\/wp-json\/wp\/v2\/pages\/9853\/revisions\/10997"}],"wp:attachment":[{"href":"https:\/\/neuroid.uprrp.edu\/index.php\/wp-json\/wp\/v2\/media?parent=9853"}],"curies":[{"name":"wp","href":"https:\/\/api.w.org\/{rel}","templated":true}]}}