{"id":9964,"date":"2025-04-03T10:16:09","date_gmt":"2025-04-03T14:16:09","guid":{"rendered":"https:\/\/neuroid.uprrp.edu\/?page_id=9964"},"modified":"2025-07-03T11:06:26","modified_gmt":"2025-07-03T15:06:26","slug":"psicodelicos-y-su-potencial-en-el-tratamiento-de-enfermedades-mentales","status":"publish","type":"page","link":"https:\/\/neuroid.uprrp.edu\/index.php\/psicodelicos-y-su-potencial-en-el-tratamiento-de-enfermedades-mentales\/","title":{"rendered":"Psicod\u00e9licos y su potencial en el tratamiento de enfermedades mentales"},"content":{"rendered":"\t\t<div data-elementor-type=\"wp-page\" data-elementor-id=\"9964\" class=\"elementor elementor-9964\">\n\t\t\t\t\t\t<section class=\"elementor-section elementor-top-section elementor-element elementor-element-c4e8a47 elementor-section-boxed elementor-section-height-default elementor-section-height-default\" data-id=\"c4e8a47\" data-element_type=\"section\">\n\t\t\t\t\t\t<div class=\"elementor-container elementor-column-gap-default\">\n\t\t\t\t\t<div class=\"elementor-column elementor-col-100 elementor-top-column elementor-element elementor-element-d2a456a\" data-id=\"d2a456a\" data-element_type=\"column\">\n\t\t\t<div class=\"elementor-widget-wrap elementor-element-populated\">\n\t\t\t\t\t\t<div class=\"elementor-element elementor-element-d3e4478 elementor-widget elementor-widget-text-editor\" data-id=\"d3e4478\" data-element_type=\"widget\" data-widget_type=\"text-editor.default\">\n\t\t\t\t<div class=\"elementor-widget-container\">\n\t\t\t\t\t\t\t\t\t<p>Author: <span style=\"font-weight: 400;\">Alfredo F. Frontera Del Valle<\/span><\/p>\t\t\t\t\t\t\t\t<\/div>\n\t\t\t\t<\/div>\n\t\t\t\t\t<\/div>\n\t\t<\/div>\n\t\t\t\t\t<\/div>\n\t\t<\/section>\n\t\t\t\t<section class=\"elementor-section elementor-top-section elementor-element elementor-element-d391b60 elementor-section-boxed elementor-section-height-default elementor-section-height-default\" data-id=\"d391b60\" data-element_type=\"section\">\n\t\t\t\t\t\t<div class=\"elementor-container elementor-column-gap-default\">\n\t\t\t\t\t<div class=\"elementor-column elementor-col-100 elementor-top-column elementor-element elementor-element-a30d54e\" data-id=\"a30d54e\" data-element_type=\"column\">\n\t\t\t<div class=\"elementor-widget-wrap elementor-element-populated\">\n\t\t\t\t\t\t<div class=\"elementor-element elementor-element-5ff60c6 elementor-widget elementor-widget-heading\" data-id=\"5ff60c6\" data-element_type=\"widget\" data-widget_type=\"heading.default\">\n\t\t\t\t<div class=\"elementor-widget-container\">\n\t\t\t\t\t<h2 class=\"elementor-heading-title elementor-size-default\">Presentation<\/h2>\t\t\t\t<\/div>\n\t\t\t\t<\/div>\n\t\t\t\t\t<\/div>\n\t\t<\/div>\n\t\t\t\t\t<\/div>\n\t\t<\/section>\n\t\t\t\t<section class=\"elementor-section elementor-top-section elementor-element elementor-element-cc830a4 elementor-section-boxed elementor-section-height-default elementor-section-height-default\" data-id=\"cc830a4\" data-element_type=\"section\">\n\t\t\t\t\t\t<div class=\"elementor-container elementor-column-gap-default\">\n\t\t\t\t\t<div class=\"elementor-column elementor-col-100 elementor-top-column elementor-element elementor-element-f162191\" data-id=\"f162191\" data-element_type=\"column\">\n\t\t\t<div class=\"elementor-widget-wrap elementor-element-populated\">\n\t\t\t\t\t\t<section class=\"elementor-section elementor-inner-section elementor-element elementor-element-23e102a elementor-section-boxed elementor-section-height-default elementor-section-height-default\" data-id=\"23e102a\" data-element_type=\"section\">\n\t\t\t\t\t\t<div class=\"elementor-container elementor-column-gap-default\">\n\t\t\t\t\t<div class=\"elementor-column elementor-col-33 elementor-inner-column elementor-element elementor-element-0f4b4d1\" data-id=\"0f4b4d1\" data-element_type=\"column\">\n\t\t\t<div class=\"elementor-widget-wrap elementor-element-populated\">\n\t\t\t\t\t\t<div class=\"elementor-element elementor-element-9531eaa elementor-arrows-position-inside elementor-pagination-position-outside elementor-widget elementor-widget-image-carousel\" data-id=\"9531eaa\" data-element_type=\"widget\" data-settings=\"{&quot;slides_to_show&quot;:&quot;1&quot;,&quot;navigation&quot;:&quot;both&quot;,&quot;autoplay&quot;:&quot;yes&quot;,&quot;pause_on_hover&quot;:&quot;yes&quot;,&quot;pause_on_interaction&quot;:&quot;yes&quot;,&quot;autoplay_speed&quot;:5000,&quot;infinite&quot;:&quot;yes&quot;,&quot;effect&quot;:&quot;slide&quot;,&quot;speed&quot;:500}\" data-widget_type=\"image-carousel.default\">\n\t\t\t\t<div class=\"elementor-widget-container\">\n\t\t\t\t\t\t\t<div class=\"elementor-image-carousel-wrapper swiper\" role=\"region\" aria-roledescription=\"carousel\" aria-label=\"Image Carousel\" dir=\"ltr\">\n\t\t\t<div class=\"elementor-image-carousel swiper-wrapper swiper-image-stretch\" aria-live=\"off\">\n\t\t\t\t\t\t\t\t<div class=\"swiper-slide\" role=\"group\" aria-roledescription=\"slide\" aria-label=\"1 of 5\"><figure class=\"swiper-slide-inner\"><img decoding=\"async\" class=\"swiper-slide-image\" src=\"https:\/\/neuroid.uprrp.edu\/wp-content\/uploads\/2025\/04\/Psicodelicos.pptx_page-0001-1024x576.jpg\" alt=\"Psicodelicos.pptx_page-0001\" \/><\/figure><\/div><div class=\"swiper-slide\" role=\"group\" aria-roledescription=\"slide\" aria-label=\"2 of 5\"><figure class=\"swiper-slide-inner\"><img decoding=\"async\" class=\"swiper-slide-image\" src=\"https:\/\/neuroid.uprrp.edu\/wp-content\/uploads\/2025\/04\/Psicodelicos.pptx_page-0002-1024x576.jpg\" alt=\"Psicodelicos.pptx_page-0002\" \/><\/figure><\/div><div class=\"swiper-slide\" role=\"group\" aria-roledescription=\"slide\" aria-label=\"3 of 5\"><figure class=\"swiper-slide-inner\"><img decoding=\"async\" class=\"swiper-slide-image\" src=\"https:\/\/neuroid.uprrp.edu\/wp-content\/uploads\/2025\/04\/Psicodelicos.pptx_page-0003-1024x576.jpg\" alt=\"Psicodelicos.pptx_page-0003\" \/><\/figure><\/div><div class=\"swiper-slide\" role=\"group\" aria-roledescription=\"slide\" aria-label=\"4 of 5\"><figure class=\"swiper-slide-inner\"><img decoding=\"async\" class=\"swiper-slide-image\" src=\"https:\/\/neuroid.uprrp.edu\/wp-content\/uploads\/2025\/04\/Psicodelicos.pptx_page-0004-1024x576.jpg\" alt=\"Psicodelicos.pptx_page-0004\" \/><\/figure><\/div><div class=\"swiper-slide\" role=\"group\" aria-roledescription=\"slide\" aria-label=\"5 of 5\"><figure class=\"swiper-slide-inner\"><img decoding=\"async\" class=\"swiper-slide-image\" src=\"https:\/\/neuroid.uprrp.edu\/wp-content\/uploads\/2025\/04\/Psicodelicos.pptx_page-0005-1024x576.jpg\" alt=\"Psicodelicos.pptx_page-0005\" \/><\/figure><\/div>\t\t\t<\/div>\n\t\t\t\t\t\t\t\t\t\t\t\t<div class=\"elementor-swiper-button elementor-swiper-button-prev\" role=\"button\" tabindex=\"0\">\n\t\t\t\t\t\t<i aria-hidden=\"true\" class=\"eicon-chevron-left\"><\/i>\t\t\t\t\t<\/div>\n\t\t\t\t\t<div class=\"elementor-swiper-button elementor-swiper-button-next\" role=\"button\" tabindex=\"0\">\n\t\t\t\t\t\t<i aria-hidden=\"true\" class=\"eicon-chevron-right\"><\/i>\t\t\t\t\t<\/div>\n\t\t\t\t\n\t\t\t\t\t\t\t\t\t<div class=\"swiper-pagination\"><\/div>\n\t\t\t\t\t\t\t\t\t<\/div>\n\t\t\t\t\t\t<\/div>\n\t\t\t\t<\/div>\n\t\t\t\t\t<\/div>\n\t\t<\/div>\n\t\t\t\t<div class=\"elementor-column elementor-col-33 elementor-inner-column elementor-element elementor-element-4f5df64\" data-id=\"4f5df64\" data-element_type=\"column\">\n\t\t\t<div class=\"elementor-widget-wrap\">\n\t\t\t\t\t\t\t<\/div>\n\t\t<\/div>\n\t\t\t\t<div class=\"elementor-column elementor-col-33 elementor-inner-column elementor-element elementor-element-04ee7a5\" data-id=\"04ee7a5\" data-element_type=\"column\" data-settings=\"{&quot;background_background&quot;:&quot;classic&quot;}\">\n\t\t\t<div class=\"elementor-widget-wrap elementor-element-populated\">\n\t\t\t\t\t\t<div class=\"elementor-element elementor-element-9b39178 elementor-widget elementor-widget-image\" data-id=\"9b39178\" data-element_type=\"widget\" data-widget_type=\"image.default\">\n\t\t\t\t<div class=\"elementor-widget-container\">\n\t\t\t\t\t\t\t\t\t\t\t\t\t\t\t<img fetchpriority=\"high\" decoding=\"async\" width=\"201\" height=\"300\" src=\"https:\/\/neuroid.uprrp.edu\/wp-content\/uploads\/2025\/03\/Alfredo-Frontera-201x300.png\" class=\"attachment-medium size-medium wp-image-9966\" alt=\"\" srcset=\"https:\/\/neuroid.uprrp.edu\/wp-content\/uploads\/2025\/03\/Alfredo-Frontera-201x300.png 201w, https:\/\/neuroid.uprrp.edu\/wp-content\/uploads\/2025\/03\/Alfredo-Frontera.png 279w\" sizes=\"100vw\" \/>\t\t\t\t\t\t\t\t\t\t\t\t\t\t\t<\/div>\n\t\t\t\t<\/div>\n\t\t\t\t<div class=\"elementor-element elementor-element-6d15a55 elementor-widget elementor-widget-text-editor\" data-id=\"6d15a55\" data-element_type=\"widget\" data-widget_type=\"text-editor.default\">\n\t\t\t\t<div class=\"elementor-widget-container\">\n\t\t\t\t\t\t\t\t\t<p>Alejandra Hern\u00e1ndez Ortiz<\/p>\t\t\t\t\t\t\t\t<\/div>\n\t\t\t\t<\/div>\n\t\t\t\t<div class=\"elementor-element elementor-element-ff821a1 elementor-widget__width-initial elementor-widget elementor-widget-text-editor\" data-id=\"ff821a1\" data-element_type=\"widget\" data-widget_type=\"text-editor.default\">\n\t\t\t\t<div class=\"elementor-widget-container\">\n\t\t\t\t\t\t\t\t\t<p>University of Puerto Rico, Rio Piedras Campus<br \/>Faculty: Natural Science<br \/>Baccalaureate: Cellular Molecular Biology<\/p><p>Minor: Computating<br \/>Year: 4<\/p>\t\t\t\t\t\t\t\t<\/div>\n\t\t\t\t<\/div>\n\t\t\t\t\t<\/div>\n\t\t<\/div>\n\t\t\t\t\t<\/div>\n\t\t<\/section>\n\t\t\t\t\t<\/div>\n\t\t<\/div>\n\t\t\t\t\t<\/div>\n\t\t<\/section>\n\t\t\t\t<section class=\"elementor-section elementor-top-section elementor-element elementor-element-da9fdf1 elementor-section-boxed elementor-section-height-default elementor-section-height-default\" data-id=\"da9fdf1\" data-element_type=\"section\">\n\t\t\t\t\t\t<div class=\"elementor-container elementor-column-gap-default\">\n\t\t\t\t\t<div class=\"elementor-column elementor-col-100 elementor-top-column elementor-element elementor-element-1f5d83d\" data-id=\"1f5d83d\" data-element_type=\"column\">\n\t\t\t<div class=\"elementor-widget-wrap elementor-element-populated\">\n\t\t\t\t\t\t<div class=\"elementor-element elementor-element-d65a920 elementor-widget elementor-widget-heading\" data-id=\"d65a920\" data-element_type=\"widget\" data-widget_type=\"heading.default\">\n\t\t\t\t<div class=\"elementor-widget-container\">\n\t\t\t\t\t<h2 class=\"elementor-heading-title elementor-size-default\">Short bio<\/h2>\t\t\t\t<\/div>\n\t\t\t\t<\/div>\n\t\t\t\t\t<\/div>\n\t\t<\/div>\n\t\t\t\t\t<\/div>\n\t\t<\/section>\n\t\t\t\t<section class=\"elementor-section elementor-top-section elementor-element elementor-element-0cbcf82 elementor-section-boxed elementor-section-height-default elementor-section-height-default\" data-id=\"0cbcf82\" data-element_type=\"section\">\n\t\t\t\t\t\t<div class=\"elementor-container elementor-column-gap-default\">\n\t\t\t\t\t<div class=\"elementor-column elementor-col-100 elementor-top-column elementor-element elementor-element-b2ab12d\" data-id=\"b2ab12d\" data-element_type=\"column\">\n\t\t\t<div class=\"elementor-widget-wrap elementor-element-populated\">\n\t\t\t\t\t\t<div class=\"elementor-element elementor-element-00a15a5 elementor-widget elementor-widget-text-editor\" data-id=\"00a15a5\" data-element_type=\"widget\" data-widget_type=\"text-editor.default\">\n\t\t\t\t<div class=\"elementor-widget-container\">\n\t\t\t\t\t\t\t\t\t<p><span style=\"font-weight: 400;\">Soy Alfredo Frontera Del Valle, estudiante de cuarto a\u00f1o con concentraci\u00f3n en Biolog\u00eda Celular y Molecular y una concentraci\u00f3n menor en Computaci\u00f3n. Mis intereses acad\u00e9micos futuros se centran en la inteligencia artificial (IA) y el aprendizaje autom\u00e1tico (Machine Learning) aplicados a la neurociencia, espec\u00edficamente en el estudio del aprendizaje, la memoria y la inteligencia. Aspiro a realizar estudios graduados que integren estas disciplinas para innovar en la investigaci\u00f3n cient\u00edfica y desarrollar soluciones que aporten al avance del conocimiento en neurociencia y sus aplicaciones pr\u00e1cticas.<\/span><\/p>\t\t\t\t\t\t\t\t<\/div>\n\t\t\t\t<\/div>\n\t\t\t\t\t<\/div>\n\t\t<\/div>\n\t\t\t\t\t<\/div>\n\t\t<\/section>\n\t\t\t\t<\/div>\n\t\t","protected":false},"excerpt":{"rendered":"<p>Author: Alfredo F. Frontera Del Valle Presentation Alejandra Hern\u00e1ndez Ortiz University of Puerto Rico, Rio Piedras CampusFaculty: Natural ScienceBaccalaureate: Cellular Molecular Biology Minor: ComputatingYear: 4 Short bio Soy Alfredo Frontera Del Valle, estudiante de cuarto a\u00f1o con concentraci\u00f3n en Biolog\u00eda Celular y Molecular y una concentraci\u00f3n menor en Computaci\u00f3n. Mis intereses acad\u00e9micos futuros se centran &hellip; <\/p>\n<p class=\"link-more\"><a href=\"https:\/\/neuroid.uprrp.edu\/index.php\/psicodelicos-y-su-potencial-en-el-tratamiento-de-enfermedades-mentales\/\" class=\"more-link\">Read more<span class=\"screen-reader-text\"> &#8220;Psicod\u00e9licos y su potencial en el tratamiento de enfermedades mentales&#8221;<\/span><\/a><\/p>\n","protected":false},"author":2,"featured_media":0,"parent":0,"menu_order":0,"comment_status":"closed","ping_status":"closed","template":"","meta":{"footnotes":""},"class_list":["post-9964","page","type-page","status-publish","hentry"],"rttpg_featured_image_url":null,"rttpg_author":{"display_name":"NeuroID Program","author_link":"https:\/\/neuroid.uprrp.edu\/index.php\/author\/neuroid\/"},"rttpg_comment":0,"rttpg_category":null,"rttpg_excerpt":"Author: Alfredo F. Frontera Del Valle Presentation Alejandra Hern\u00e1ndez Ortiz University of Puerto Rico, Rio Piedras CampusFaculty: Natural ScienceBaccalaureate: Cellular Molecular Biology Minor: ComputatingYear: 4 Short bio Soy Alfredo Frontera Del Valle, estudiante de cuarto a\u00f1o con concentraci\u00f3n en Biolog\u00eda Celular y Molecular y una concentraci\u00f3n menor en Computaci\u00f3n. Mis intereses acad\u00e9micos futuros se centran&hellip;","_links":{"self":[{"href":"https:\/\/neuroid.uprrp.edu\/index.php\/wp-json\/wp\/v2\/pages\/9964","targetHints":{"allow":["GET"]}}],"collection":[{"href":"https:\/\/neuroid.uprrp.edu\/index.php\/wp-json\/wp\/v2\/pages"}],"about":[{"href":"https:\/\/neuroid.uprrp.edu\/index.php\/wp-json\/wp\/v2\/types\/page"}],"author":[{"embeddable":true,"href":"https:\/\/neuroid.uprrp.edu\/index.php\/wp-json\/wp\/v2\/users\/2"}],"replies":[{"embeddable":true,"href":"https:\/\/neuroid.uprrp.edu\/index.php\/wp-json\/wp\/v2\/comments?post=9964"}],"version-history":[{"count":10,"href":"https:\/\/neuroid.uprrp.edu\/index.php\/wp-json\/wp\/v2\/pages\/9964\/revisions"}],"predecessor-version":[{"id":10860,"href":"https:\/\/neuroid.uprrp.edu\/index.php\/wp-json\/wp\/v2\/pages\/9964\/revisions\/10860"}],"wp:attachment":[{"href":"https:\/\/neuroid.uprrp.edu\/index.php\/wp-json\/wp\/v2\/media?parent=9964"}],"curies":[{"name":"wp","href":"https:\/\/api.w.org\/{rel}","templated":true}]}}